{"id":44,"date":"2024-03-19T09:15:57","date_gmt":"2024-03-19T08:15:57","guid":{"rendered":"https:\/\/coolbluefuture.org\/?page_id=44"},"modified":"2024-09-22T12:43:28","modified_gmt":"2024-09-22T10:43:28","slug":"country-facilitators","status":"publish","type":"page","link":"https:\/\/coolbluefuture.org\/da\/country-facilitators\/","title":{"rendered":"Lokale facilitatorer"},"content":{"rendered":"<h1>\n\t\tLokale facilitatorer\n\t<\/h1>\n\t<p>Cool Blue Future er et netv\u00e6rk af nationale facilitatorer i ni nordeurop\u00e6iske lande, der sammen og hver for sig arbejder p\u00e5 at bane vejen for regenerativ havdyrkning baseret p\u00e5 principperne i Manifest for regenerativ havdyrkning.<\/p>\n\t\t\t<a href=\"https:\/\/coolbluefuture.org\/da\/facilitator\/f-havhost\/\" target=\"_self\" rel=\"noopener\">\n\t\t\t\t\t\t\tDanmark: Havh\u00f8st\n\t\t\t\t\t<\/a>\n\t\t\t<a href=\"https:\/\/coolbluefuture.org\/da\/facilitator\/f-eesti-mereinstituut-tartu-ulikool\/\" target=\"_self\" rel=\"noopener\">\n\t\t\t\t\t\t\tEstland: University of Tartu, Estonian Marine Institute\n\t\t\t\t\t<\/a>\n\t\t\t<a href=\"https:\/\/coolbluefuture.org\/da\/facilitator\/f-aktion-osterbotten\/\" target=\"_self\" rel=\"noopener\">\n\t\t\t\t\t\t\tFinland: Aktion \u00d6sterbotten\n\t\t\t\t\t<\/a>\n\t\t\t<a href=\"https:\/\/coolbluefuture.org\/da\/facilitator\/f-le-paysan-marin\/\" target=\"_self\" rel=\"noopener\">\n\t\t\t\t\t\t\tFrance: Le Paysan Marin\n\t\t\t\t\t<\/a>\n\t\t\t<a href=\"https:\/\/coolbluefuture.org\/da\/facilitator\/f-eucc-die-kusten-union-deutschland\/\" target=\"_self\" rel=\"noopener\">\n\t\t\t\t\t\t\tTyskland: EUCC Deutschland\n\t\t\t\t\t<\/a>\n\t\t\t<a href=\"https:\/\/coolbluefuture.org\/da\/facilitator\/f-latvijas-hidroekologijas-instituts\/\" target=\"_self\" rel=\"noopener\">\n\t\t\t\t\t\t\tLetland: Latvian Institute of Aquatic Ecology\n\t\t\t\t\t<\/a>\n\t\t\t<a href=\"https:\/\/coolbluefuture.org\/da\/facilitator\/f-klaipedos-mokslo-ir-technologiju-parkas-2\/\" target=\"_self\" rel=\"noopener\">\n\t\t\t\t\t\t\tLitauen: Klaipeda Science and Technology Park\n\t\t\t\t\t<\/a>\n\t\t\t<a href=\"https:\/\/coolbluefuture.org\/da\/facilitator\/f-marinreparatorene\/\" target=\"_self\" rel=\"noopener\">\n\t\t\t\t\t\t\tNorge: Marinreparat\u00f8rene\n\t\t\t\t\t<\/a>\n\t\t\t<a href=\"https:\/\/coolbluefuture.org\/da\/facilitator\/f-uniwersytet-morski-w-gdyni\/\" target=\"_self\" rel=\"noopener\">\n\t\t\t\t\t\t\tPolen: Gdynia Maritime University\n\t\t\t\t\t<\/a>\n\t\t\t<a href=\"https:\/\/coolbluefuture.org\/da\/facilitator\/f-centrum-for-hav-och-samhalle-goteborgs-universitet\/\" target=\"_self\" rel=\"noopener\">\n\t\t\t\t\t\t\tSverige: Centre for Sea and Society, University of Gothenburg\n\t\t\t\t\t<\/a>\n\t<p>Landefacilitatorerne er en forskelligartet flok, men de fungerer hver is\u00e6r som kontaktpunkter for alt, der har med regenerativ havdyrkning at g\u00f8re i deres respektive lande, f.eks. ved at st\u00f8tte:<\/p>\n<ul>\n<li>- Etablering af maritime nyttehaver<\/li>\n<li>- Kystfiskere, der er nysgerrige p\u00e5 havdyrkning som en ny indt\u00e6gtskilde<\/li>\n<li>- Nye v\u00e6rdik\u00e6der baseret p\u00e5 regenerative afgr\u00f8der<\/li>\n<li>- Uddannelsesaktiviteter relateret til regenerativ havdyrkning<\/li>\n<li>Events, pr og kommunikation<\/li>\n<li>Lobbyisme og samarbejde med myndigheder<\/li>\n<li>Milj\u00f8vurderinger<\/li>\n<li>- Netv\u00e6rk af relevante interessenter<\/li>\n<\/ul>\n<h3>\n\t\tEr dit land ikke p\u00e5 listen?\n\t<\/h3>\n\t<p>Er du nysgerrig efter at vide, hvordan din organisation kan blive Cool Blue Future-facilitator? Hvis du vil vide mere om at blive en del af Cool Blue Future, kan du downloade og l\u00e6se vores guide. Og giv os gerne et praj, hvis du repr\u00e6senterer en organisation i et land, hvor Cool Blue endnu ikke er til stede.<\/p>\n<p><a href=\"https:\/\/coolbluefuture.org\/wp-content\/uploads\/2024\/06\/Facilitator.pdf\">Download guide (PDF)<\/a><\/p>","protected":false},"excerpt":{"rendered":"<p>Country facilitators Cool Blue Future is based on a network of country facilitators across Northern Europe working individually and together to pave the way for regenerative ocean cultivation based on the principles outlined in the Manifesto for regenerative ocean farming. Denmark: Havh\u00f8st Estonia: University of Tartu, Estonian Marine Institute Finland: Aktion \u00d6sterbotten France: Le Paysan&hellip;<\/p>","protected":false},"author":2,"featured_media":0,"parent":0,"menu_order":0,"comment_status":"closed","ping_status":"closed","template":"","meta":{"_acf_changed":false,"footnotes":""},"class_list":["post-44","page","type-page","status-publish","hentry"],"acf":[],"yoast_head":"<!-- This site is optimized with the Yoast SEO plugin v27.4 - https:\/\/yoast.com\/product\/yoast-seo-wordpress\/ -->\n<title>Country facilitators - Cool Blue Future<\/title>\n<meta name=\"robots\" content=\"index, follow, max-snippet:-1, max-image-preview:large, max-video-preview:-1\" \/>\n<link rel=\"canonical\" href=\"https:\/\/coolbluefuture.org\/da\/country-facilitators\/\" \/>\n<meta property=\"og:locale\" content=\"da_DK\" \/>\n<meta property=\"og:type\" content=\"article\" \/>\n<meta property=\"og:title\" content=\"Country facilitators - Cool Blue Future\" \/>\n<meta property=\"og:description\" content=\"Country facilitators Cool Blue Future is based on a network of country facilitators across Northern Europe working individually and together to pave the way for regenerative ocean cultivation based on the principles outlined in the Manifesto for regenerative ocean farming. Denmark: Havh\u00f8st Estonia: University of Tartu, Estonian Marine Institute Finland: Aktion \u00d6sterbotten France: Le Paysan&hellip;\" \/>\n<meta property=\"og:url\" content=\"https:\/\/coolbluefuture.org\/da\/country-facilitators\/\" \/>\n<meta property=\"og:site_name\" content=\"Cool Blue Future\" \/>\n<meta property=\"article:modified_time\" content=\"2024-09-22T10:43:28+00:00\" \/>\n<meta property=\"og:image\" content=\"https:\/\/coolbluefuture.org\/wp-content\/uploads\/2024\/06\/cbf-social-share.jpg\" \/>\n\t<meta property=\"og:image:width\" content=\"1200\" \/>\n\t<meta property=\"og:image:height\" content=\"675\" \/>\n\t<meta property=\"og:image:type\" content=\"image\/jpeg\" \/>\n<meta name=\"twitter:card\" content=\"summary_large_image\" \/>\n<meta name=\"twitter:label1\" content=\"Estimeret l\u00e6setid\" \/>\n\t<meta name=\"twitter:data1\" content=\"1 minut\" \/>\n<script type=\"application\/ld+json\" class=\"yoast-schema-graph\">{\"@context\":\"https:\\\/\\\/schema.org\",\"@graph\":[{\"@type\":\"WebPage\",\"@id\":\"https:\\\/\\\/coolbluefuture.org\\\/country-facilitators\\\/\",\"url\":\"https:\\\/\\\/coolbluefuture.org\\\/country-facilitators\\\/\",\"name\":\"Country facilitators - Cool Blue Future\",\"isPartOf\":{\"@id\":\"https:\\\/\\\/coolbluefuture.org\\\/#website\"},\"datePublished\":\"2024-03-19T08:15:57+00:00\",\"dateModified\":\"2024-09-22T10:43:28+00:00\",\"breadcrumb\":{\"@id\":\"https:\\\/\\\/coolbluefuture.org\\\/country-facilitators\\\/#breadcrumb\"},\"inLanguage\":\"da-DK\",\"potentialAction\":[{\"@type\":\"ReadAction\",\"target\":[\"https:\\\/\\\/coolbluefuture.org\\\/country-facilitators\\\/\"]}]},{\"@type\":\"BreadcrumbList\",\"@id\":\"https:\\\/\\\/coolbluefuture.org\\\/country-facilitators\\\/#breadcrumb\",\"itemListElement\":[{\"@type\":\"ListItem\",\"position\":1,\"name\":\"Home\",\"item\":\"https:\\\/\\\/coolbluefuture.org\\\/\"},{\"@type\":\"ListItem\",\"position\":2,\"name\":\"Country facilitators\"}]},{\"@type\":\"WebSite\",\"@id\":\"https:\\\/\\\/coolbluefuture.org\\\/#website\",\"url\":\"https:\\\/\\\/coolbluefuture.org\\\/\",\"name\":\"Cool Blue Future\",\"description\":\"A platform for blue community enterprise\",\"potentialAction\":[{\"@type\":\"SearchAction\",\"target\":{\"@type\":\"EntryPoint\",\"urlTemplate\":\"https:\\\/\\\/coolbluefuture.org\\\/?s={search_term_string}\"},\"query-input\":{\"@type\":\"PropertyValueSpecification\",\"valueRequired\":true,\"valueName\":\"search_term_string\"}}],\"inLanguage\":\"da-DK\"}]}<\/script>\n<!-- \/ Yoast SEO plugin. -->","yoast_head_json":{"title":"Country facilitators - Cool Blue Future","robots":{"index":"index","follow":"follow","max-snippet":"max-snippet:-1","max-image-preview":"max-image-preview:large","max-video-preview":"max-video-preview:-1"},"canonical":"https:\/\/coolbluefuture.org\/da\/country-facilitators\/","og_locale":"da_DK","og_type":"article","og_title":"Country facilitators - Cool Blue Future","og_description":"Country facilitators Cool Blue Future is based on a network of country facilitators across Northern Europe working individually and together to pave the way for regenerative ocean cultivation based on the principles outlined in the Manifesto for regenerative ocean farming. Denmark: Havh\u00f8st Estonia: University of Tartu, Estonian Marine Institute Finland: Aktion \u00d6sterbotten France: Le Paysan&hellip;","og_url":"https:\/\/coolbluefuture.org\/da\/country-facilitators\/","og_site_name":"Cool Blue Future","article_modified_time":"2024-09-22T10:43:28+00:00","og_image":[{"width":1200,"height":675,"url":"https:\/\/coolbluefuture.org\/wp-content\/uploads\/2024\/06\/cbf-social-share.jpg","type":"image\/jpeg"}],"twitter_card":"summary_large_image","twitter_misc":{"Estimeret l\u00e6setid":"1 minut"},"schema":{"@context":"https:\/\/schema.org","@graph":[{"@type":"WebPage","@id":"https:\/\/coolbluefuture.org\/country-facilitators\/","url":"https:\/\/coolbluefuture.org\/country-facilitators\/","name":"Country facilitators - Cool Blue Future","isPartOf":{"@id":"https:\/\/coolbluefuture.org\/#website"},"datePublished":"2024-03-19T08:15:57+00:00","dateModified":"2024-09-22T10:43:28+00:00","breadcrumb":{"@id":"https:\/\/coolbluefuture.org\/country-facilitators\/#breadcrumb"},"inLanguage":"da-DK","potentialAction":[{"@type":"ReadAction","target":["https:\/\/coolbluefuture.org\/country-facilitators\/"]}]},{"@type":"BreadcrumbList","@id":"https:\/\/coolbluefuture.org\/country-facilitators\/#breadcrumb","itemListElement":[{"@type":"ListItem","position":1,"name":"Home","item":"https:\/\/coolbluefuture.org\/"},{"@type":"ListItem","position":2,"name":"Country facilitators"}]},{"@type":"WebSite","@id":"https:\/\/coolbluefuture.org\/#website","url":"https:\/\/coolbluefuture.org\/","name":"Cool Blue Future","description":"A platform for blue community enterprise","potentialAction":[{"@type":"SearchAction","target":{"@type":"EntryPoint","urlTemplate":"https:\/\/coolbluefuture.org\/?s={search_term_string}"},"query-input":{"@type":"PropertyValueSpecification","valueRequired":true,"valueName":"search_term_string"}}],"inLanguage":"da-DK"}]}},"_links":{"self":[{"href":"https:\/\/coolbluefuture.org\/da\/wp-json\/wp\/v2\/pages\/44","targetHints":{"allow":["GET"]}}],"collection":[{"href":"https:\/\/coolbluefuture.org\/da\/wp-json\/wp\/v2\/pages"}],"about":[{"href":"https:\/\/coolbluefuture.org\/da\/wp-json\/wp\/v2\/types\/page"}],"author":[{"embeddable":true,"href":"https:\/\/coolbluefuture.org\/da\/wp-json\/wp\/v2\/users\/2"}],"replies":[{"embeddable":true,"href":"https:\/\/coolbluefuture.org\/da\/wp-json\/wp\/v2\/comments?post=44"}],"version-history":[{"count":0,"href":"https:\/\/coolbluefuture.org\/da\/wp-json\/wp\/v2\/pages\/44\/revisions"}],"wp:attachment":[{"href":"https:\/\/coolbluefuture.org\/da\/wp-json\/wp\/v2\/media?parent=44"}],"curies":[{"name":"wp","href":"https:\/\/api.w.org\/{rel}","templated":true}]}}