{"id":6,"date":"2024-02-25T13:07:37","date_gmt":"2024-02-25T12:07:37","guid":{"rendered":"https:\/\/coolbluefuture.wpenginepowered.com\/?page_id=6"},"modified":"2025-11-10T10:04:08","modified_gmt":"2025-11-10T09:04:08","slug":"home","status":"publish","type":"page","link":"https:\/\/coolbluefuture.org\/da\/","title":{"rendered":"Home"},"content":{"rendered":"<h4  data-animation-delay=\"1\" data-animation-duration=\"2\">\n\t\t<a href=\"https:\/\/coolbluefuture.org\/da\/manifesto\/\" title=\"- Read the manifesto of regenerative ocean farming\"  target=\"_self\">\n\t\t\t&#8211; Read the manifesto of regenerative ocean farming\t\t<\/a>\n\t<\/h4>\n<h4  data-animation-delay=\"0\" data-animation-duration=\"2\">\n\t\t\tNegativ p\u00e5virkning er ikke l\u00e6ngere acceptabel. Ingen p\u00e5virkning er ikke l\u00e6ngere tilstr\u00e6kkeligt.\t<\/h4>\n<h1  data-animation-delay=\"0\" data-animation-duration=\"2\">\n\t\t\tIt&#8217;s time for a Cool Blue Future\t<\/h1>\n\t\n\n\n\n\n\n\n\n\n\n<div class=\"fl-builder-content fl-builder-content-843 fl-builder-template fl-builder-module-template fl-builder-global-templates-locked\" data-post-id=\"843\"><div class=\"fl-module fl-module-pp-video fl-node-j2u9q7kwxl83\" data-node=\"j2u9q7kwxl83\">\n\t<div class=\"fl-module-content fl-node-content\">\n\t\t\n<div class=\"pp-video-wrapper pp-video-source-youtube pp-aspect-ratio-169\">\n\t\t<div class=\"pp-fit-aspect-ratio\">\n\t<iframe class=\"pp-video-iframe\" allowfullscreen allow=\"autoplay\" data-src=\"https:\/\/www.youtube-nocookie.com\/embed\/F7ebrZIUQuM?feature=oembed&amp;start&amp;end&amp;wmode=opaque&amp;loop=0&amp;controls=1&amp;mute=0&amp;rel=0&amp;modestbranding=1\"><\/iframe>\t\t<div class=\"pp-video-image-overlay\" style=\"background-image: url(https:\/\/coolbluefuture.org\/wp-content\/uploads\/2025\/08\/Untitled-design-10.jpg);\">\n\t\t\t\t\t\t\t\t\t\t<div class=\"pp-video-play-icon\" role=\"button\" tabindex=\"0\">\n\t\t\t\t\t<svg version=\"1.1\" xmlns=\"http:\/\/www.w3.org\/2000\/svg\" xmlns:xlink=\"http:\/\/www.w3.org\/1999\/xlink\" x=\"0px\" y=\"0px\"\r\n\t viewbox=\"0 0 415.346 415.346\" xml:space=\"preserve\" aria-hidden=\"true\">\r\n\t<g>\r\n\t\t<path d=\"M41.712,415.346c-11.763,0-21.3-9.537-21.3-21.3V21.299C20.412,9.536,29.949,0,41.712,0l346.122,191.697\t\t\tc0,0,15.975,15.975,0,31.951C371.859,239.622,41.712,415.346,41.712,415.346z\"\/>\r\n\t<\/g>\r\n<\/svg>\r\n\t\t\t\t\t<span class=\"pp-screen-only\">Play Video<\/span>\n\t\t\t\t<\/div>\n\t\t\t\t\t<\/div>\n\t\t<\/div>\n<\/div>\n\n\t<\/div>\n<\/div>\n<\/div>\n\n\n\t<p><a href=\"https:\/\/coolbluefuture.org\/da\/manifesto\/\">L\u00e6s hele manifestet<\/a><\/p>\n<h4  data-animation-delay=\"0\" data-animation-duration=\"2\">\n\t\t\tExplore the initiatives in the Baltic &#038; North Seas\t<\/h4>\n<h2  data-animation-delay=\"0\" data-animation-duration=\"2\">\n\t\t\tKort over bev\u00e6gelsen\t<\/h2>\n\t\t\t<img decoding=\"async\" src=\"https:\/\/coolbluefuture.org\/wp-content\/uploads\/2024\/09\/map-of-the-movement-home02.jpg\" alt=\"\"\/>\n\t\t\t\t\t\t\t\t\t<a href=\"https:\/\/coolbluefuture.org\/da\/map-of-the-movement\/\" target=\"_self\">\n\t\t\t\t\t\t\t\t\t\tDanmark\n\t\t\t\t\t\t\t\t\t<\/a>\n\t\t\t\t\t\t\t\t\t\t\t\t\t\t<p>Danmark<\/p>\t\t\t\t\t\t\t\t\t\t\t\t\t\n\t\t\t\t\t\t\t\t\t<a href=\"https:\/\/coolbluefuture.org\/da\/map-of-the-movement\/\" target=\"_self\">\n\t\t\t\t\t\t\t\t\t\tTyskland\n\t\t\t\t\t\t\t\t\t<\/a>\n\t\t\t\t\t\t\t\t\t\t\t\t\t\t<p>Tyskland<\/p>\t\t\t\t\t\t\t\t\t\t\t\t\t\n\t\t\t\t\t\t\t\t\t<a href=\"https:\/\/coolbluefuture.org\/da\/map-of-the-movement\/\" target=\"_self\">\n\t\t\t\t\t\t\t\t\t\tNorge\n\t\t\t\t\t\t\t\t\t<\/a>\n\t\t\t\t\t\t\t\t\t\t\t\t\t\t<p>Norge<\/p>\t\t\t\t\t\t\t\t\t\t\t\t\t\n\t\t\t\t\t\t\t\t\t<a href=\"https:\/\/coolbluefuture.org\/da\/map-of-the-movement\/\" target=\"_self\">\n\t\t\t\t\t\t\t\t\t\tSverige\n\t\t\t\t\t\t\t\t\t<\/a>\n\t\t\t\t\t\t\t\t\t\t\t\t\t\t<p>Sverige<\/p>\t\t\t\t\t\t\t\t\t\t\t\t\t\n\t\t\t\t\t\t\t\t\t<a href=\"https:\/\/coolbluefuture.org\/da\/map-of-the-movement\/\" target=\"_self\">\n\t\t\t\t\t\t\t\t\t\tFinland\n\t\t\t\t\t\t\t\t\t<\/a>\n\t\t\t\t\t\t\t\t\t\t\t\t\t\t<p>Finland<\/p>\t\t\t\t\t\t\t\t\t\t\t\t\t\n\t\t\t\t\t\t\t\t\t<a href=\"https:\/\/coolbluefuture.org\/da\/map-of-the-movement\/\" target=\"_self\">\n\t\t\t\t\t\t\t\t\t\tEstland\n\t\t\t\t\t\t\t\t\t<\/a>\n\t\t\t\t\t\t\t\t\t\t\t\t\t\t<p>Estland<\/p>\t\t\t\t\t\t\t\t\t\t\t\t\t\n\t\t\t\t\t\t\t\t\t<a href=\"https:\/\/coolbluefuture.org\/da\/map-of-the-movement\/\" target=\"_self\">\n\t\t\t\t\t\t\t\t\t\tLetland\n\t\t\t\t\t\t\t\t\t<\/a>\n\t\t\t\t\t\t\t\t\t\t\t\t\t\t<p>Letland<\/p>\t\t\t\t\t\t\t\t\t\t\t\t\t\n\t\t\t\t\t\t\t\t\t<a href=\"https:\/\/coolbluefuture.org\/da\/map-of-the-movement\/\" target=\"_self\">\n\t\t\t\t\t\t\t\t\t\tLitauen\n\t\t\t\t\t\t\t\t\t<\/a>\n\t\t\t\t\t\t\t\t\t\t\t\t\t\t<p>Litauen<\/p>\t\t\t\t\t\t\t\t\t\t\t\t\t\n\t\t\t\t\t\t\t\t\t<a href=\"https:\/\/coolbluefuture.org\/da\/map-of-the-movement\/\" target=\"_self\">\n\t\t\t\t\t\t\t\t\t\tPolen\n\t\t\t\t\t\t\t\t\t<\/a>\n\t\t\t\t\t\t\t\t\t\t\t\t\t\t<p>Polen<\/p>\t\t\t\t\t\t\t\t\t\t\t\t\t\n\t\t\t\t\t\t\t\t\t<a href=\"https:\/\/coolbluefuture.org\/da\/map-of-the-movement\/\" target=\"_self\">\n\t\t\t\t\t\t\t\t\t\tFrankrig\n\t\t\t\t\t\t\t\t\t<\/a>\n\t\t\t\t\t\t\t\t\t\t\t\t\t\t<p>Frankrig<\/p>\t\t\t\t\t\t\t\t\t\t\t\t\t\n<h2  data-animation-delay=\"0\" data-animation-duration=\"2\">\n\t\t\tKan vi hj\u00e6lpe dig videre?\t<\/h2>\n\t<p>I alle de lande, der er med i Cool Blue Future, st\u00e5r en organisation klar til at hj\u00e6lpe dig videre med regenerativ havdyrkning - om din interesse er kommerciel dyrkning, undervisning eller havdyrkning i foreningsregi, s\u00e5 er hj\u00e6lpen n\u00e6r.<\/p>\n<p><a href=\"https:\/\/coolbluefuture.org\/da\/expression-of-interest\/\">Kontakt mig gerne<\/a><\/p>\n<h2  data-animation-delay=\"0\" data-animation-duration=\"2\">\n\t\t<a href=\"https:\/\/coolbluefuture.org\/da\/pledge\/\" title=\"Afgiv dit l\u00f8fte til havet\"  target=\"_self\">\n\t\t\tAfgiv dit l\u00f8fte til havet\t\t<\/a>\n\t<\/h2>\n\t<p>Udforsk <a href=\"https:\/\/coolbluefuture.org\/da\/pledges\/\">l\u00f8fter, der allerede er afgivet,<\/a> og vis din st\u00f8tte til Manifest for regenerativ havdyrkning ved at afgive <a href=\"https:\/\/coolbluefuture.org\/da\/pledge\/\">dit eget l\u00f8fte<\/a> til havet.<\/p>\n<h4  data-animation-delay=\"\" data-animation-duration=\"2\">\n\t\t\tCool Blue Future-netv\u00e6rket\t<\/h4>\n\t<p>Cool Blue Future er et netv\u00e6rk af nationale facilitatorer i ni nordeurop\u00e6iske lande, der sammen og hver for sig arbejder p\u00e5 at bane vejen for regenerativ havdyrkning baseret p\u00e5 principperne i Manifest for regenerativ havdyrkning.<\/p>\n<h4  data-animation-delay=\"0\" data-animation-duration=\"2\">\n\t\t\tUdvalgte lektioner\t<\/h4>\n<h2  data-animation-delay=\"0\" data-animation-duration=\"2\">\n\t\t\tGuide til regenerativ havdyrkning\t<\/h2>\n\t<a href=\"\" target=\"_self\" role=\"button\" aria-label=\"Lektioner er tilg\u00e6ngelige p\u00e5 engelsk og dansk\">\n\t\t\t\t\t\tLessons are currently available in English &#038; Danish\n\t\t\t\t\t<\/a>\n\t\t\t\t<img decoding=\"async\" src=\"https:\/\/coolbluefuture.org\/wp-content\/uploads\/2024\/06\/lesson-1.jpg\" alt=\"lesson-1\" itemprop=\"image\" height=\"800\" width=\"1200\" title=\"lesson-1\" onerror=\"this.style.display='none'\" loading=\"lazy\" \/>\n<h4  data-animation-delay=\"0\" data-animation-duration=\"2\">\n\t\t\tLektion 1: Intro til regenerativ havdyrkning\t<\/h4>\n\t<p>In this lesson, you will learn the basics of regenerative ocean farming. Where does it come from and why is it a good idea? And just as importantly: How and why it&#8217;s an idea worth turning into a career path.<\/p>\n<p><a href=\"https:\/\/coolbluefuture.org\/da\/guides-and-tools\/lesson-1\/\">G\u00e5 til lektion 1<\/a><\/p>\n\t\t\t\t<img decoding=\"async\" src=\"https:\/\/coolbluefuture.org\/wp-content\/uploads\/2024\/06\/lesson-2.jpg\" alt=\"lesson-2\" itemprop=\"image\" height=\"800\" width=\"1200\" title=\"lesson-2\" onerror=\"this.style.display='none'\" loading=\"lazy\" \/>\n<h4  data-animation-delay=\"0\" data-animation-duration=\"2\">\n\t\t\tLektion 2: Den rigtige placering\t<\/h4>\n\t<p>Denne lektion hj\u00e6lper dig med at finde den bedste placering for din kommende havmark. Du skal bruge et sted, hvor dine afgr\u00f8der vil trives, men du skal ogs\u00e5 gerne kunne komme til og fra din havmark s\u00e5 let som muligt og have opbakning fra de mennesker, der bor i dit omr\u00e5de og bruger havet.<\/p>\n<p><a href=\"https:\/\/coolbluefuture.org\/da\/guides-and-tools\/lesson-2\/\">G\u00e5 til lektion 2<\/a><\/p>\n\t\t\t\t<img decoding=\"async\" src=\"https:\/\/coolbluefuture.org\/wp-content\/uploads\/2024\/06\/lesson-3.jpg\" alt=\"lesson-3\" itemprop=\"image\" height=\"800\" width=\"1200\" title=\"lesson-3\" onerror=\"this.style.display='none'\" loading=\"lazy\" \/>\n<h4  data-animation-delay=\"0\" data-animation-duration=\"2\">\n\t\t\tLektion 3: Ops\u00e6tning af en havmark\t<\/h4>\n\t<p>Det gode ved at dyrke i havet er, at designet af en havmark er modul\u00e6rt, skalerbart og nemt kan tilpasses, s\u00e5 det passer til din lokalitet. Selv om de fleste havmarker har de samme grundelementer til f\u00e6lles, vil alle havmarker v\u00e6re forskellige, fordi alle placeringer og alle havb\u00f8nder er noget helt for sig selv.<\/p>\n<p><a href=\"https:\/\/coolbluefuture.org\/da\/guides-and-tools\/lesson-3\/\">G\u00e5 til lektion 3<\/a><\/p>\n\t<a href=\"https:\/\/coolbluefuture.org\/da\/guide-to-regenerative-ocean-farming\/\" target=\"_self\" role=\"button\" aria-label=\"Guide til regenerativ havdyrkning\">\n\t\t\t\t\t\tGuide til regenerativ havdyrkning\n\t\t\t\t\t<\/a>","protected":false},"excerpt":{"rendered":"<p>&#8211; Read the manifesto of regenerative ocean farming Negative impact is no longer acceptable. Zero impact is no longer sufficient It&#8217;s time for a Cool Blue Future Read the full Manifesto Explore the initiatives in the Baltic &#038; North Seas Map of the movement Denmark Denmark Germany Germany Norway Norway Sweden Sweden Finland Finland Estonia&hellip;<\/p>","protected":false},"author":1,"featured_media":0,"parent":0,"menu_order":0,"comment_status":"closed","ping_status":"closed","template":"","meta":{"_acf_changed":false,"footnotes":""},"class_list":["post-6","page","type-page","status-publish","hentry"],"acf":[],"yoast_head":"<!-- This site is optimized with the Yoast SEO plugin v27.4 - https:\/\/yoast.com\/product\/yoast-seo-wordpress\/ -->\n<title>Cool Blue Future<\/title>\n<meta name=\"description\" content=\"Cool Blue Future promotes community-led regenerative ocean farming focusing on low-trophic cultivation &amp; ecosystem restoration.\" \/>\n<meta name=\"robots\" content=\"index, follow, max-snippet:-1, max-image-preview:large, max-video-preview:-1\" \/>\n<link rel=\"canonical\" href=\"https:\/\/coolbluefuture.org\/da\/\" \/>\n<meta property=\"og:locale\" content=\"da_DK\" \/>\n<meta property=\"og:type\" content=\"article\" \/>\n<meta property=\"og:title\" content=\"Cool Blue Future\" \/>\n<meta property=\"og:description\" content=\"Cool Blue Future promotes community-led regenerative ocean farming focusing on low-trophic cultivation &amp; ecosystem restoration.\" \/>\n<meta property=\"og:url\" content=\"https:\/\/coolbluefuture.org\/da\/\" \/>\n<meta property=\"og:site_name\" content=\"Cool Blue Future\" \/>\n<meta property=\"article:modified_time\" content=\"2025-11-10T09:04:08+00:00\" \/>\n<meta property=\"og:image\" content=\"https:\/\/coolbluefuture.org\/wp-content\/uploads\/2024\/06\/cbf-social-share.jpg\" \/>\n\t<meta property=\"og:image:width\" content=\"1200\" \/>\n\t<meta property=\"og:image:height\" content=\"675\" \/>\n\t<meta property=\"og:image:type\" content=\"image\/jpeg\" \/>\n<meta name=\"twitter:card\" content=\"summary_large_image\" \/>\n<meta name=\"twitter:label1\" content=\"Estimeret l\u00e6setid\" \/>\n\t<meta name=\"twitter:data1\" content=\"3 minutter\" \/>\n<script type=\"application\/ld+json\" class=\"yoast-schema-graph\">{\"@context\":\"https:\\\/\\\/schema.org\",\"@graph\":[{\"@type\":\"WebPage\",\"@id\":\"https:\\\/\\\/coolbluefuture.org\\\/\",\"url\":\"https:\\\/\\\/coolbluefuture.org\\\/\",\"name\":\"Cool Blue Future\",\"isPartOf\":{\"@id\":\"https:\\\/\\\/coolbluefuture.org\\\/#website\"},\"primaryImageOfPage\":{\"@id\":\"https:\\\/\\\/coolbluefuture.org\\\/#primaryimage\"},\"image\":{\"@id\":\"https:\\\/\\\/coolbluefuture.org\\\/#primaryimage\"},\"thumbnailUrl\":\"https:\\\/\\\/coolbluefuture.org\\\/wp-content\\\/uploads\\\/2024\\\/09\\\/map-of-the-movement-home02.jpg\",\"datePublished\":\"2024-02-25T12:07:37+00:00\",\"dateModified\":\"2025-11-10T09:04:08+00:00\",\"description\":\"Cool Blue Future promotes community-led regenerative ocean farming focusing on low-trophic cultivation & ecosystem restoration.\",\"breadcrumb\":{\"@id\":\"https:\\\/\\\/coolbluefuture.org\\\/#breadcrumb\"},\"inLanguage\":\"da-DK\",\"potentialAction\":[{\"@type\":\"ReadAction\",\"target\":[\"https:\\\/\\\/coolbluefuture.org\\\/\"]}]},{\"@type\":\"ImageObject\",\"inLanguage\":\"da-DK\",\"@id\":\"https:\\\/\\\/coolbluefuture.org\\\/#primaryimage\",\"url\":\"https:\\\/\\\/coolbluefuture.org\\\/wp-content\\\/uploads\\\/2024\\\/09\\\/map-of-the-movement-home02.jpg\",\"contentUrl\":\"https:\\\/\\\/coolbluefuture.org\\\/wp-content\\\/uploads\\\/2024\\\/09\\\/map-of-the-movement-home02.jpg\"},{\"@type\":\"BreadcrumbList\",\"@id\":\"https:\\\/\\\/coolbluefuture.org\\\/#breadcrumb\",\"itemListElement\":[{\"@type\":\"ListItem\",\"position\":1,\"name\":\"Home\",\"item\":\"https:\\\/\\\/coolbluefuture.org\\\/\"},{\"@type\":\"ListItem\",\"position\":2,\"name\":\"Home\"}]},{\"@type\":\"WebSite\",\"@id\":\"https:\\\/\\\/coolbluefuture.org\\\/#website\",\"url\":\"https:\\\/\\\/coolbluefuture.org\\\/\",\"name\":\"Cool Blue Future\",\"description\":\"A platform for blue community enterprise\",\"potentialAction\":[{\"@type\":\"SearchAction\",\"target\":{\"@type\":\"EntryPoint\",\"urlTemplate\":\"https:\\\/\\\/coolbluefuture.org\\\/?s={search_term_string}\"},\"query-input\":{\"@type\":\"PropertyValueSpecification\",\"valueRequired\":true,\"valueName\":\"search_term_string\"}}],\"inLanguage\":\"da-DK\"}]}<\/script>\n<!-- \/ Yoast SEO plugin. -->","yoast_head_json":{"title":"Cool Blue Future","description":"Cool Blue Future promotes community-led regenerative ocean farming focusing on low-trophic cultivation & ecosystem restoration.","robots":{"index":"index","follow":"follow","max-snippet":"max-snippet:-1","max-image-preview":"max-image-preview:large","max-video-preview":"max-video-preview:-1"},"canonical":"https:\/\/coolbluefuture.org\/da\/","og_locale":"da_DK","og_type":"article","og_title":"Cool Blue Future","og_description":"Cool Blue Future promotes community-led regenerative ocean farming focusing on low-trophic cultivation & ecosystem restoration.","og_url":"https:\/\/coolbluefuture.org\/da\/","og_site_name":"Cool Blue Future","article_modified_time":"2025-11-10T09:04:08+00:00","og_image":[{"width":1200,"height":675,"url":"https:\/\/coolbluefuture.org\/wp-content\/uploads\/2024\/06\/cbf-social-share.jpg","type":"image\/jpeg"}],"twitter_card":"summary_large_image","twitter_misc":{"Estimeret l\u00e6setid":"3 minutter"},"schema":{"@context":"https:\/\/schema.org","@graph":[{"@type":"WebPage","@id":"https:\/\/coolbluefuture.org\/","url":"https:\/\/coolbluefuture.org\/","name":"Cool Blue Future","isPartOf":{"@id":"https:\/\/coolbluefuture.org\/#website"},"primaryImageOfPage":{"@id":"https:\/\/coolbluefuture.org\/#primaryimage"},"image":{"@id":"https:\/\/coolbluefuture.org\/#primaryimage"},"thumbnailUrl":"https:\/\/coolbluefuture.org\/wp-content\/uploads\/2024\/09\/map-of-the-movement-home02.jpg","datePublished":"2024-02-25T12:07:37+00:00","dateModified":"2025-11-10T09:04:08+00:00","description":"Cool Blue Future promotes community-led regenerative ocean farming focusing on low-trophic cultivation & ecosystem restoration.","breadcrumb":{"@id":"https:\/\/coolbluefuture.org\/#breadcrumb"},"inLanguage":"da-DK","potentialAction":[{"@type":"ReadAction","target":["https:\/\/coolbluefuture.org\/"]}]},{"@type":"ImageObject","inLanguage":"da-DK","@id":"https:\/\/coolbluefuture.org\/#primaryimage","url":"https:\/\/coolbluefuture.org\/wp-content\/uploads\/2024\/09\/map-of-the-movement-home02.jpg","contentUrl":"https:\/\/coolbluefuture.org\/wp-content\/uploads\/2024\/09\/map-of-the-movement-home02.jpg"},{"@type":"BreadcrumbList","@id":"https:\/\/coolbluefuture.org\/#breadcrumb","itemListElement":[{"@type":"ListItem","position":1,"name":"Home","item":"https:\/\/coolbluefuture.org\/"},{"@type":"ListItem","position":2,"name":"Home"}]},{"@type":"WebSite","@id":"https:\/\/coolbluefuture.org\/#website","url":"https:\/\/coolbluefuture.org\/","name":"Cool Blue Future","description":"A platform for blue community enterprise","potentialAction":[{"@type":"SearchAction","target":{"@type":"EntryPoint","urlTemplate":"https:\/\/coolbluefuture.org\/?s={search_term_string}"},"query-input":{"@type":"PropertyValueSpecification","valueRequired":true,"valueName":"search_term_string"}}],"inLanguage":"da-DK"}]}},"_links":{"self":[{"href":"https:\/\/coolbluefuture.org\/da\/wp-json\/wp\/v2\/pages\/6","targetHints":{"allow":["GET"]}}],"collection":[{"href":"https:\/\/coolbluefuture.org\/da\/wp-json\/wp\/v2\/pages"}],"about":[{"href":"https:\/\/coolbluefuture.org\/da\/wp-json\/wp\/v2\/types\/page"}],"author":[{"embeddable":true,"href":"https:\/\/coolbluefuture.org\/da\/wp-json\/wp\/v2\/users\/1"}],"replies":[{"embeddable":true,"href":"https:\/\/coolbluefuture.org\/da\/wp-json\/wp\/v2\/comments?post=6"}],"version-history":[{"count":0,"href":"https:\/\/coolbluefuture.org\/da\/wp-json\/wp\/v2\/pages\/6\/revisions"}],"wp:attachment":[{"href":"https:\/\/coolbluefuture.org\/da\/wp-json\/wp\/v2\/media?parent=6"}],"curies":[{"name":"wp","href":"https:\/\/api.w.org\/{rel}","templated":true}]}}