{"id":125,"date":"2024-05-10T18:56:13","date_gmt":"2024-05-10T16:56:13","guid":{"rendered":"https:\/\/coolbluefuture.org\/?page_id=125"},"modified":"2024-06-06T23:09:39","modified_gmt":"2024-06-06T21:09:39","slug":"pledge","status":"publish","type":"page","link":"https:\/\/coolbluefuture.org\/de\/pledge\/","title":{"rendered":"Pledge"},"content":{"rendered":"<h1>\n\t\tEin Versprechen an den Ozean abgeben\n\t<\/h1>\n\t<p class=\"translation-block\">Mit dem <a href=\"\/\/coolbluefuture.org\/de\/manifesto\/\u201c\/\" target=\"\u201e_self\u201c\">Manifest der regenerativen Meereslandwirtschaft<\/a> hoffen wir, ein Bewusstsein f\u00fcr einen regenerativen Ansatz in der maritimen Nahrungsmittelproduktion zu schaffen und zu inspirieren. Das Manifest ist jedoch eher eine Vision als ein formales Rezept. Eine Vision, an der sich Unternehmen und Organisationen, die mit dem Ozean verbunden sind, orientieren k\u00f6nnen - und vielleicht einige der Prinzipien in die Art und Weise einbauen, wie sie heute direkt oder indirekt mit dem Ozean umgehen.<\/p>\n<h3>\n\t\tIst Ihre Organisation bereits an regenerativen Praktiken beteiligt?\n\t<\/h3>\n\t<p>Wir m\u00f6chten Ihre Geschichte h\u00f6ren, also erz\u00e4hlen Sie uns, was Sie tun! Lassen sich die Grunds\u00e4tze der Regeneration in die bestehenden Aktivit\u00e4ten Ihrer Organisation integrieren? Sagen Sie uns, wie! W\u00e4re es m\u00f6glich, ganz neue Aktivit\u00e4ten einzuf\u00fchren, um regenerative Praktiken zu f\u00f6rdern? Teilen Sie sie mit uns und inspirieren Sie uns!<\/p>\n<p>Ihre Zusage wird an die Cool Blue Future Facilitator Organisation in Ihrem Land geschickt, die sie durchlesen und zur Ver\u00f6ffentlichung auf der Cool Blue Future Website freigeben wird.<\/p>\n\t\n\t\n\tNotice: JavaScript is required for this content.\n        <!-- That data is being printed as a workaround to page builders reordering the order of the scripts loaded-->","protected":false},"excerpt":{"rendered":"<p>Make a pledge to the ocean With the Manifesto of regenerative ocean farming, we hope to inspire and create awareness around a regenerative approach to marine food production. But the manifesto is more of a vision than a formal recipe. A vision, which businesses and organisations that are connected to the ocean, can use to&hellip;<\/p>","protected":false},"author":2,"featured_media":0,"parent":0,"menu_order":0,"comment_status":"closed","ping_status":"closed","template":"","meta":{"_acf_changed":false,"footnotes":""},"class_list":["post-125","page","type-page","status-publish","hentry"],"acf":[],"yoast_head":"<!-- This site is optimized with the Yoast SEO plugin v27.4 - https:\/\/yoast.com\/product\/yoast-seo-wordpress\/ -->\n<title>Pledge - Cool Blue Future<\/title>\n<meta name=\"robots\" content=\"index, follow, max-snippet:-1, max-image-preview:large, max-video-preview:-1\" \/>\n<link rel=\"canonical\" href=\"https:\/\/coolbluefuture.org\/de\/pledge\/\" \/>\n<meta property=\"og:locale\" content=\"de_DE\" \/>\n<meta property=\"og:type\" content=\"article\" \/>\n<meta property=\"og:title\" content=\"Pledge - Cool Blue Future\" \/>\n<meta property=\"og:description\" content=\"Make a pledge to the ocean With the Manifesto of regenerative ocean farming, we hope to inspire and create awareness around a regenerative approach to marine food production. But the manifesto is more of a vision than a formal recipe. A vision, which businesses and organisations that are connected to the ocean, can use to&hellip;\" \/>\n<meta property=\"og:url\" content=\"https:\/\/coolbluefuture.org\/de\/pledge\/\" \/>\n<meta property=\"og:site_name\" content=\"Cool Blue Future\" \/>\n<meta property=\"article:modified_time\" content=\"2024-06-06T21:09:39+00:00\" \/>\n<meta property=\"og:image\" content=\"https:\/\/coolbluefuture.org\/wp-content\/uploads\/2024\/06\/cbf-social-share.jpg\" \/>\n\t<meta property=\"og:image:width\" content=\"1200\" \/>\n\t<meta property=\"og:image:height\" content=\"675\" \/>\n\t<meta property=\"og:image:type\" content=\"image\/jpeg\" \/>\n<meta name=\"twitter:card\" content=\"summary_large_image\" \/>\n<meta name=\"twitter:label1\" content=\"Gesch\u00e4tzte Lesezeit\" \/>\n\t<meta name=\"twitter:data1\" content=\"1 Minute\" \/>\n<script type=\"application\/ld+json\" class=\"yoast-schema-graph\">{\"@context\":\"https:\\\/\\\/schema.org\",\"@graph\":[{\"@type\":\"WebPage\",\"@id\":\"https:\\\/\\\/coolbluefuture.org\\\/pledge\\\/\",\"url\":\"https:\\\/\\\/coolbluefuture.org\\\/pledge\\\/\",\"name\":\"Pledge - Cool Blue Future\",\"isPartOf\":{\"@id\":\"https:\\\/\\\/coolbluefuture.org\\\/#website\"},\"datePublished\":\"2024-05-10T16:56:13+00:00\",\"dateModified\":\"2024-06-06T21:09:39+00:00\",\"breadcrumb\":{\"@id\":\"https:\\\/\\\/coolbluefuture.org\\\/pledge\\\/#breadcrumb\"},\"inLanguage\":\"de-DE\",\"potentialAction\":[{\"@type\":\"ReadAction\",\"target\":[\"https:\\\/\\\/coolbluefuture.org\\\/pledge\\\/\"]}]},{\"@type\":\"BreadcrumbList\",\"@id\":\"https:\\\/\\\/coolbluefuture.org\\\/pledge\\\/#breadcrumb\",\"itemListElement\":[{\"@type\":\"ListItem\",\"position\":1,\"name\":\"Home\",\"item\":\"https:\\\/\\\/coolbluefuture.org\\\/\"},{\"@type\":\"ListItem\",\"position\":2,\"name\":\"Pledge\"}]},{\"@type\":\"WebSite\",\"@id\":\"https:\\\/\\\/coolbluefuture.org\\\/#website\",\"url\":\"https:\\\/\\\/coolbluefuture.org\\\/\",\"name\":\"Cool Blue Future\",\"description\":\"A platform for blue community enterprise\",\"potentialAction\":[{\"@type\":\"SearchAction\",\"target\":{\"@type\":\"EntryPoint\",\"urlTemplate\":\"https:\\\/\\\/coolbluefuture.org\\\/?s={search_term_string}\"},\"query-input\":{\"@type\":\"PropertyValueSpecification\",\"valueRequired\":true,\"valueName\":\"search_term_string\"}}],\"inLanguage\":\"de-DE\"}]}<\/script>\n<!-- \/ Yoast SEO plugin. -->","yoast_head_json":{"title":"Pledge - Cool Blue Future","robots":{"index":"index","follow":"follow","max-snippet":"max-snippet:-1","max-image-preview":"max-image-preview:large","max-video-preview":"max-video-preview:-1"},"canonical":"https:\/\/coolbluefuture.org\/de\/pledge\/","og_locale":"de_DE","og_type":"article","og_title":"Pledge - Cool Blue Future","og_description":"Make a pledge to the ocean With the Manifesto of regenerative ocean farming, we hope to inspire and create awareness around a regenerative approach to marine food production. But the manifesto is more of a vision than a formal recipe. A vision, which businesses and organisations that are connected to the ocean, can use to&hellip;","og_url":"https:\/\/coolbluefuture.org\/de\/pledge\/","og_site_name":"Cool Blue Future","article_modified_time":"2024-06-06T21:09:39+00:00","og_image":[{"width":1200,"height":675,"url":"https:\/\/coolbluefuture.org\/wp-content\/uploads\/2024\/06\/cbf-social-share.jpg","type":"image\/jpeg"}],"twitter_card":"summary_large_image","twitter_misc":{"Gesch\u00e4tzte Lesezeit":"1 Minute"},"schema":{"@context":"https:\/\/schema.org","@graph":[{"@type":"WebPage","@id":"https:\/\/coolbluefuture.org\/pledge\/","url":"https:\/\/coolbluefuture.org\/pledge\/","name":"Pledge - Cool Blue Future","isPartOf":{"@id":"https:\/\/coolbluefuture.org\/#website"},"datePublished":"2024-05-10T16:56:13+00:00","dateModified":"2024-06-06T21:09:39+00:00","breadcrumb":{"@id":"https:\/\/coolbluefuture.org\/pledge\/#breadcrumb"},"inLanguage":"de-DE","potentialAction":[{"@type":"ReadAction","target":["https:\/\/coolbluefuture.org\/pledge\/"]}]},{"@type":"BreadcrumbList","@id":"https:\/\/coolbluefuture.org\/pledge\/#breadcrumb","itemListElement":[{"@type":"ListItem","position":1,"name":"Home","item":"https:\/\/coolbluefuture.org\/"},{"@type":"ListItem","position":2,"name":"Pledge"}]},{"@type":"WebSite","@id":"https:\/\/coolbluefuture.org\/#website","url":"https:\/\/coolbluefuture.org\/","name":"Cool Blue Future","description":"A platform for blue community enterprise","potentialAction":[{"@type":"SearchAction","target":{"@type":"EntryPoint","urlTemplate":"https:\/\/coolbluefuture.org\/?s={search_term_string}"},"query-input":{"@type":"PropertyValueSpecification","valueRequired":true,"valueName":"search_term_string"}}],"inLanguage":"de-DE"}]}},"_links":{"self":[{"href":"https:\/\/coolbluefuture.org\/de\/wp-json\/wp\/v2\/pages\/125","targetHints":{"allow":["GET"]}}],"collection":[{"href":"https:\/\/coolbluefuture.org\/de\/wp-json\/wp\/v2\/pages"}],"about":[{"href":"https:\/\/coolbluefuture.org\/de\/wp-json\/wp\/v2\/types\/page"}],"author":[{"embeddable":true,"href":"https:\/\/coolbluefuture.org\/de\/wp-json\/wp\/v2\/users\/2"}],"replies":[{"embeddable":true,"href":"https:\/\/coolbluefuture.org\/de\/wp-json\/wp\/v2\/comments?post=125"}],"version-history":[{"count":0,"href":"https:\/\/coolbluefuture.org\/de\/wp-json\/wp\/v2\/pages\/125\/revisions"}],"wp:attachment":[{"href":"https:\/\/coolbluefuture.org\/de\/wp-json\/wp\/v2\/media?parent=125"}],"curies":[{"name":"wp","href":"https:\/\/api.w.org\/{rel}","templated":true}]}}