{"id":41,"date":"2024-03-19T09:15:27","date_gmt":"2024-03-19T08:15:27","guid":{"rendered":"https:\/\/coolbluefuture.org\/?page_id=41"},"modified":"2024-11-05T14:45:19","modified_gmt":"2024-11-05T13:45:19","slug":"manifesto","status":"publish","type":"page","link":"https:\/\/coolbluefuture.org\/de\/manifesto\/","title":{"rendered":"Manifesto"},"content":{"rendered":"<h1>\n\t\tManifest der regenerativen Meeresbewirtschaftung\n\t<\/h1>\n\t\t\t\t\t\t\t<h3>1. Wir produzieren Lebensmittel<\/h3>\n\t\t\t\t\t\t\t<p>Wir haben es uns zur Hauptaufgabe gemacht, die Produktion von Lebensmitteln im Meer mit der aktiven Regeneration der Meeresumwelt zu verbinden. W\u00e4hrend des Wachstums erbringen unsere Meeresfr\u00fcchte (Muscheln und Algen) \u00d6kosystemleistungen, wie z. B. die Aufnahme von N\u00e4hrstoffen, die Erh\u00f6hung der Artenvielfalt, die Bindung von Kohlendioxid und andere Formen der Abschw\u00e4chung von durch den Menschen verursachten Umweltsch\u00e4den, aber f\u00fcr uns stehen diese Leistungen immer in direktem Zusammenhang mit dem Anbau von Nahrungsmitteln sowie den zahlreichen anderen praktischen Verwendungen unserer geernteten Meeresfr\u00fcchte.<\/p>\t\t\t\t\t\t\t\t\t\t\t\t\t\n\t\t\t\t\t\t\t<h3>2. We cultivate on the ecosystems&#8217; own terms<\/h3>\n\t\t\t\t\t\t\t<p>Unser Anbau basiert auf den vorhandenen Ressourcen, die in unseren Anbaugebieten heimisch sind. Wir verwenden keine D\u00fcngemittel, keine Arzneimittel und keine k\u00fcnstlichen Methoden zur Unkraut- oder Sch\u00e4dlingsbek\u00e4mpfung. Wir f\u00fcgen der Meeresumwelt nichts hinzu, abgesehen von den f\u00fcr das Wachstum unserer Meeresfr\u00fcchte erforderlichen Anbauger\u00e4ten, und wir bauen ausschlie\u00dflich einheimische Arten an, um die lokale genetische Vielfalt zu f\u00f6rdern.<\/p>\t\t\t\t\t\t\t\t\t\t\t\t\t\n\t\t\t\t\t\t\t<h3>3. Wir betreiben multitrophischen Anbau<\/h3>\n\t\t\t\t\t\t\t<p>Unser Ziel ist die gleichzeitige Kultivierung verschiedener Arten, die sich gegenseitig beg\u00fcnstigen. Mit dem multitrophischen Anbau wollen wir der Monokultur entgegenwirken und aktiv zur F\u00f6rderung eines gesunden Meeres mit reicher biologischer Vielfalt beitragen. Unser Ansatz betont die Verflechtung verschiedener Arten und trophischer Ebenen, um nachhaltigere und widerstandsf\u00e4higere marine \u00d6kosysteme zu schaffen.<\/p>\t\t\t\t\t\t\t\t\t\t\t\t\t\n\t\t\t\t\t\t\t<h3>4. Wir wirken dem Klimawandel entgegen<\/h3>\n\t\t\t\t\t\t\t<p>Unser Anbau unterst\u00fctzt die Dekarbonisierung der Nahrungsmittelsysteme, indem wir den Verbrauchern qualitativ hochwertige, klimafreundliche Zutaten zur Verf\u00fcgung stellen und auf diese Weise Lebensmittel mit einem hohen Kohlenstoff-Fu\u00dfabdruck durch weniger emissionsintensive Alternativen ersetzen. Wir setzen uns daf\u00fcr ein, dass alle Teile unseres Produktionszyklus\u2018 nach einem emissionsarmen Ziel geplant werden und streben an, so viel wie m\u00f6glich auf lokalen Wegen zu verkaufen.<\/p>\t\t\t\t\t\t\t\t\t\t\t\t\t\n\t\t\t\t\t\t\t<h3>5. Wir schaffen robuste Gesch\u00e4ftsmodelle<\/h3>\n\t\t\t\t\t\t\t<p>Wir kombinieren, wo immer m\u00f6glich, unseren regenerativen Anbau mit anderen einkommensschaffenden Aktivit\u00e4ten wie schonender Fischerei, Verarbeitung, Verbreitung, Bildung und regenerativem Tourismus. Dieser Ansatz erm\u00f6glicht robustere Gesch\u00e4ftsmodelle, erh\u00f6ht die lokale Wertsch\u00f6pfung und tr\u00e4gt dazu bei, lokale Arbeitspl\u00e4tze und damit die Zukunft unserer K\u00fcstengemeinden zu sichern.<\/p>\t\t\t\t\t\t\t\t\t\t\t\t\t\n\t\t\t\t\t\t\t<h3>6. Wir beteiligen uns aktiv an unseren Gemeinschaften<\/h3>\n\t\t\t\t\t\t\t<p>Wir legen Wert darauf, fest in den Gemeinden um unseren Anbau herum verwurzelt zu sein. Wir streben einen m\u00f6glichst gro\u00dfen lokalen Markt f\u00fcr unsere Produkte an und sind bestrebt, mit den Anwohnenden, Unternehmen, Schulen und der allgemeinen \u00d6ffentlichkeit zusammenzuarbeiten, von ihnen zu lernen und zum Aufbau von Wissen beizutragen. Wir engagieren uns aktiv in unseren Gemeinden und f\u00f6rdern das Wissen \u00fcber die Ozeane und das regenerative Denken in Gebieten, in denen es noch nicht so weit verbreitet ist.<\/p>\t\t\t\t\t\t\t\t\t\t\t\t\t\n\t\t\t\t\t\t\t<h3>7. Wir bauen nicht auf, sondern um<\/h3>\n\t\t\t\t\t\t\t<p>Aus R\u00fccksicht auf die Meeresumwelt und aufgrund unseres Bestrebens, eine lokale Wertsch\u00f6pfung zu gew\u00e4hrleisten, streben wir die Einrichtung kleiner Anbaufl\u00e4chen in gro\u00dfer Zahl an und vermeiden so den gro\u00dffl\u00e4chigen Anbau und die damit m\u00f6glicherweise verbundenen, negativen Auswirkungen auf die lokale Meeresumwelt. Unser Entwicklungspfad orientiert sich an einem Umbau der Meeresbewirtschaftung, d. h. wir arbeiten daran, durch die gemeinsame Nutzung der Infrastruktur und die Kombination von Biomasse Gr\u00f6\u00dfenvorteile zu erzielen, um Kosten zu senken und neue M\u00e4rkte zu erschlie\u00dfen.<\/p>\t\t\t\t\t\t\t\t\t\t\t\t\t\n\t\t\t\t\t\t\t<h3>8. Wir bauen auf Wissen<\/h3>\n\t\t\t\t\t\t\t<p>Unser Verst\u00e4ndnis der Meeresumwelt und ihrer Ressourcen basiert auf Wissen und wissenschaftlichen Ans\u00e4tzen zur Datenerfassung und Entscheidungsfindung. Daher arbeiten wir gerne mit Forschungseinrichtungen zusammen, die uns helfen k\u00f6nnen, die Meeresumwelt zu \u00fcberwachen, unseren Kurs kontinuierlich anzupassen und die richtigen Entscheidungen zu treffen. Wir geben unsere Erkenntnisse gern weiter, damit sich der regenerative Ansatz in den lokalen Gemeinschaften und in der ganzen Welt, deren Teil wir sind und f\u00fcr die wir ein Vorbild sein wollen, weiter verbreiten kann.<\/p>\t\t\t\t\t\t\t\t\t\t\t\t\t\n\t<a href=\"https:\/\/coolbluefuture.org\/de\/pledge\/\" target=\"_self\" role=\"button\" aria-label=\"Ein Versprechen an den Ozean abgeben\" rel=\"noopener\">\n\t\t\t\t\t\tEin Versprechen an den Ozean abgeben\n\t\t\t\t\t<\/a>\n\t\t\t\t<img loading=\"lazy\" decoding=\"async\" src=\"https:\/\/coolbluefuture.org\/wp-content\/uploads\/2024\/02\/cool-blue-future-ocean-underwater-01.jpg\" alt=\"cool-blue-future-ocean-underwater-01\" itemprop=\"image\" height=\"1366\" width=\"2048\" title=\"cool-blue-future-ocean-underwater-01\" onerror=\"this.style.display='none'\"  \/>\n\t<a href=\"https:\/\/coolbluefuture.org\/wp-content\/uploads\/2024\/06\/Manifest_DE.pdf\" target=\"_self\" role=\"button\" download=\"Manifest_EN.pdf\" aria-label=\"Manifest herunterladen\" rel=\"noopener\">\n\t\t\t\t\t\tManifest herunterladen\n\t\t\t<\/a>\n<h2>\n\t\tDer Hintergrund des Manifests\n\t<\/h2>\n<h3>\n\t\tDer Hintergrund des Manifests\n\t<\/h3>\n\t<p>Umfangreiche Belastungen durch den Menschen, wie z. B. die Einleitung von N\u00e4hrstoffen, die Zerst\u00f6rung von Lebensr\u00e4umen, die Versauerung der Ozeane und die \u00dcberfischung der Wildfischbest\u00e4nde, dauern schon viel zu lange an. Die Zukunft erfordert eine marine Nahrungsmittelproduktion, die mit einer aktiven Wiederherstellung gesch\u00e4digter Meeres\u00f6kosysteme einhergeht und davon ausgeht, dass der Mensch als Teil der Natur in einem unentwirrbaren und komplexen Beziehungsgeflecht existiert. Wir sind weit \u00fcber den Punkt hinaus, an dem es ausreicht, so wenig Schaden wie m\u00f6glich anzurichten. Die eigentliche Logik der marinen Nahrungsmittelproduktion muss umgekehrt werden. Negative Auswirkungen sind nicht l\u00e4nger akzeptabel. Eine Nullbelastung ist nicht mehr ausreichend.<\/p>\n<h3>\n\t\tUnsere Vision f\u00fcr die Zukunft der marinen Lebensmittelproduktion\n\t<\/h3>\n\t<p>Wir sind blaue Gemeinschaftsg\u00e4rten, maritime Unternehmer, lokale Unternehmen, Universit\u00e4ten, Fischer und Interessenverb\u00e4nde mit einem gemeinsamen Leitbild und einer verbindenden Vision f\u00fcr die Zukunft, in der wir durch unsere Produktion auf See der marinen Natur jederzeit mehr zur\u00fcckgeben als wir ihr nehmen. In diesem Sinne haben wir acht gemeinsame transformative Grunds\u00e4tze f\u00fcr den k\u00fcnftigen regenerativen Anbau und die Ernte von Meeresfr\u00fcchten bzw. Anbauprodukten aus dem Meer (z.B. Algen, Muscheln) formuliert. Die Prinzipien orientieren sich an den UN-Zielen f\u00fcr nachhaltige Entwicklung, was bedeutet, dass jede regenerative Anbauma\u00dfnahme ein Gleichgewicht zwischen \u00f6kologischer und sozialer Nachhaltigkeit im Rahmen einer gesunden Wirtschaft herstellen muss.<\/p>\n<h3>\n\t\tUnsere Definition von regenerativer Meeresbewirtschaftung\n\t<\/h3>\n\t<p>Unter regenerativer Meeresbewirtschaftung verstehen wir die Kultivierung essbarer aquatischer Arten in einer Weise, die sich insgesamt positiv auf die umliegenden Meeres\u00f6kosysteme auswirkt.<\/p>\n\t<a href=\"https:\/\/coolbluefuture.org\/de\/pledge\/\" target=\"_self\" role=\"button\" aria-label=\"Ein Versprechen an den Ozean abgeben\" rel=\"noopener\">\n\t\t\t\t\t\tEin Versprechen an den Ozean abgeben\n\t\t\t\t\t<\/a>\n<h3>\n\t\tEin Rahmen f\u00fcr regeneratives Ocean Farming\n\t<\/h3>\n\t<p>Our friends at C-Faarer have put together a coherent framework to help us all better understand what lies at the core of regenerative ocean farming. Here you will find &#8211; among other exciting stuff &#8211; an overview over the benefits of regenerative ocean farming and regenerative methods.<\/p>\n<p><a href=\"https:\/\/www.c-faarer.eu\/news-and-blog\/conceptual-framework\" target=\"_blank\" rel=\"noopener\">Lesen Sie mehr und laden Sie das vollst\u00e4ndige Dokument hier herunter<\/a><\/p>","protected":false},"excerpt":{"rendered":"<p>Manifesto of regenerative ocean farming 1. We produce food We have given ourselves the primary task of combining aquatic food production with active regeneration of the marine environment. As they grow our crops offer ecosystem services, such as nutrient absorption, increased biodiversity, binding of carbon dioxide, and other forms of mitigation against human-induced environmental harm,&hellip;<\/p>","protected":false},"author":2,"featured_media":0,"parent":0,"menu_order":0,"comment_status":"closed","ping_status":"closed","template":"","meta":{"_acf_changed":false,"footnotes":""},"class_list":["post-41","page","type-page","status-publish","hentry"],"acf":[],"yoast_head":"<!-- This site is optimized with the Yoast SEO plugin v27.4 - https:\/\/yoast.com\/product\/yoast-seo-wordpress\/ -->\n<title>Manifesto - Cool Blue Future<\/title>\n<meta name=\"robots\" content=\"index, follow, max-snippet:-1, max-image-preview:large, max-video-preview:-1\" \/>\n<link rel=\"canonical\" href=\"https:\/\/coolbluefuture.org\/de\/manifesto\/\" \/>\n<meta property=\"og:locale\" content=\"de_DE\" \/>\n<meta property=\"og:type\" content=\"article\" \/>\n<meta property=\"og:title\" content=\"Manifesto - Cool Blue Future\" \/>\n<meta property=\"og:description\" content=\"Manifesto of regenerative ocean farming 1. We produce food We have given ourselves the primary task of combining aquatic food production with active regeneration of the marine environment. As they grow our crops offer ecosystem services, such as nutrient absorption, increased biodiversity, binding of carbon dioxide, and other forms of mitigation against human-induced environmental harm,&hellip;\" \/>\n<meta property=\"og:url\" content=\"https:\/\/coolbluefuture.org\/de\/manifesto\/\" \/>\n<meta property=\"og:site_name\" content=\"Cool Blue Future\" \/>\n<meta property=\"article:modified_time\" content=\"2024-11-05T13:45:19+00:00\" \/>\n<meta property=\"og:image\" content=\"https:\/\/coolbluefuture.org\/wp-content\/uploads\/2024\/02\/cool-blue-future-ocean-underwater-01.jpg\" \/>\n<meta name=\"twitter:card\" content=\"summary_large_image\" \/>\n<meta name=\"twitter:label1\" content=\"Gesch\u00e4tzte Lesezeit\" \/>\n\t<meta name=\"twitter:data1\" content=\"5 Minuten\" \/>\n<script type=\"application\/ld+json\" class=\"yoast-schema-graph\">{\"@context\":\"https:\\\/\\\/schema.org\",\"@graph\":[{\"@type\":\"WebPage\",\"@id\":\"https:\\\/\\\/coolbluefuture.org\\\/manifesto\\\/\",\"url\":\"https:\\\/\\\/coolbluefuture.org\\\/manifesto\\\/\",\"name\":\"Manifesto - Cool Blue Future\",\"isPartOf\":{\"@id\":\"https:\\\/\\\/coolbluefuture.org\\\/#website\"},\"primaryImageOfPage\":{\"@id\":\"https:\\\/\\\/coolbluefuture.org\\\/manifesto\\\/#primaryimage\"},\"image\":{\"@id\":\"https:\\\/\\\/coolbluefuture.org\\\/manifesto\\\/#primaryimage\"},\"thumbnailUrl\":\"https:\\\/\\\/coolbluefuture.org\\\/wp-content\\\/uploads\\\/2024\\\/02\\\/cool-blue-future-ocean-underwater-01.jpg\",\"datePublished\":\"2024-03-19T08:15:27+00:00\",\"dateModified\":\"2024-11-05T13:45:19+00:00\",\"breadcrumb\":{\"@id\":\"https:\\\/\\\/coolbluefuture.org\\\/manifesto\\\/#breadcrumb\"},\"inLanguage\":\"de-DE\",\"potentialAction\":[{\"@type\":\"ReadAction\",\"target\":[\"https:\\\/\\\/coolbluefuture.org\\\/manifesto\\\/\"]}]},{\"@type\":\"ImageObject\",\"inLanguage\":\"de-DE\",\"@id\":\"https:\\\/\\\/coolbluefuture.org\\\/manifesto\\\/#primaryimage\",\"url\":\"https:\\\/\\\/coolbluefuture.org\\\/wp-content\\\/uploads\\\/2024\\\/02\\\/cool-blue-future-ocean-underwater-01.jpg\",\"contentUrl\":\"https:\\\/\\\/coolbluefuture.org\\\/wp-content\\\/uploads\\\/2024\\\/02\\\/cool-blue-future-ocean-underwater-01.jpg\"},{\"@type\":\"BreadcrumbList\",\"@id\":\"https:\\\/\\\/coolbluefuture.org\\\/manifesto\\\/#breadcrumb\",\"itemListElement\":[{\"@type\":\"ListItem\",\"position\":1,\"name\":\"Home\",\"item\":\"https:\\\/\\\/coolbluefuture.org\\\/\"},{\"@type\":\"ListItem\",\"position\":2,\"name\":\"Manifesto\"}]},{\"@type\":\"WebSite\",\"@id\":\"https:\\\/\\\/coolbluefuture.org\\\/#website\",\"url\":\"https:\\\/\\\/coolbluefuture.org\\\/\",\"name\":\"Cool Blue Future\",\"description\":\"A platform for blue community enterprise\",\"potentialAction\":[{\"@type\":\"SearchAction\",\"target\":{\"@type\":\"EntryPoint\",\"urlTemplate\":\"https:\\\/\\\/coolbluefuture.org\\\/?s={search_term_string}\"},\"query-input\":{\"@type\":\"PropertyValueSpecification\",\"valueRequired\":true,\"valueName\":\"search_term_string\"}}],\"inLanguage\":\"de-DE\"}]}<\/script>\n<!-- \/ Yoast SEO plugin. -->","yoast_head_json":{"title":"Manifesto - Cool Blue Future","robots":{"index":"index","follow":"follow","max-snippet":"max-snippet:-1","max-image-preview":"max-image-preview:large","max-video-preview":"max-video-preview:-1"},"canonical":"https:\/\/coolbluefuture.org\/de\/manifesto\/","og_locale":"de_DE","og_type":"article","og_title":"Manifesto - Cool Blue Future","og_description":"Manifesto of regenerative ocean farming 1. We produce food We have given ourselves the primary task of combining aquatic food production with active regeneration of the marine environment. As they grow our crops offer ecosystem services, such as nutrient absorption, increased biodiversity, binding of carbon dioxide, and other forms of mitigation against human-induced environmental harm,&hellip;","og_url":"https:\/\/coolbluefuture.org\/de\/manifesto\/","og_site_name":"Cool Blue Future","article_modified_time":"2024-11-05T13:45:19+00:00","og_image":[{"url":"https:\/\/coolbluefuture.org\/wp-content\/uploads\/2024\/02\/cool-blue-future-ocean-underwater-01.jpg","type":"","width":"","height":""}],"twitter_card":"summary_large_image","twitter_misc":{"Gesch\u00e4tzte Lesezeit":"5 Minuten"},"schema":{"@context":"https:\/\/schema.org","@graph":[{"@type":"WebPage","@id":"https:\/\/coolbluefuture.org\/manifesto\/","url":"https:\/\/coolbluefuture.org\/manifesto\/","name":"Manifesto - Cool Blue Future","isPartOf":{"@id":"https:\/\/coolbluefuture.org\/#website"},"primaryImageOfPage":{"@id":"https:\/\/coolbluefuture.org\/manifesto\/#primaryimage"},"image":{"@id":"https:\/\/coolbluefuture.org\/manifesto\/#primaryimage"},"thumbnailUrl":"https:\/\/coolbluefuture.org\/wp-content\/uploads\/2024\/02\/cool-blue-future-ocean-underwater-01.jpg","datePublished":"2024-03-19T08:15:27+00:00","dateModified":"2024-11-05T13:45:19+00:00","breadcrumb":{"@id":"https:\/\/coolbluefuture.org\/manifesto\/#breadcrumb"},"inLanguage":"de-DE","potentialAction":[{"@type":"ReadAction","target":["https:\/\/coolbluefuture.org\/manifesto\/"]}]},{"@type":"ImageObject","inLanguage":"de-DE","@id":"https:\/\/coolbluefuture.org\/manifesto\/#primaryimage","url":"https:\/\/coolbluefuture.org\/wp-content\/uploads\/2024\/02\/cool-blue-future-ocean-underwater-01.jpg","contentUrl":"https:\/\/coolbluefuture.org\/wp-content\/uploads\/2024\/02\/cool-blue-future-ocean-underwater-01.jpg"},{"@type":"BreadcrumbList","@id":"https:\/\/coolbluefuture.org\/manifesto\/#breadcrumb","itemListElement":[{"@type":"ListItem","position":1,"name":"Home","item":"https:\/\/coolbluefuture.org\/"},{"@type":"ListItem","position":2,"name":"Manifesto"}]},{"@type":"WebSite","@id":"https:\/\/coolbluefuture.org\/#website","url":"https:\/\/coolbluefuture.org\/","name":"Cool Blue Future","description":"A platform for blue community enterprise","potentialAction":[{"@type":"SearchAction","target":{"@type":"EntryPoint","urlTemplate":"https:\/\/coolbluefuture.org\/?s={search_term_string}"},"query-input":{"@type":"PropertyValueSpecification","valueRequired":true,"valueName":"search_term_string"}}],"inLanguage":"de-DE"}]}},"_links":{"self":[{"href":"https:\/\/coolbluefuture.org\/de\/wp-json\/wp\/v2\/pages\/41","targetHints":{"allow":["GET"]}}],"collection":[{"href":"https:\/\/coolbluefuture.org\/de\/wp-json\/wp\/v2\/pages"}],"about":[{"href":"https:\/\/coolbluefuture.org\/de\/wp-json\/wp\/v2\/types\/page"}],"author":[{"embeddable":true,"href":"https:\/\/coolbluefuture.org\/de\/wp-json\/wp\/v2\/users\/2"}],"replies":[{"embeddable":true,"href":"https:\/\/coolbluefuture.org\/de\/wp-json\/wp\/v2\/comments?post=41"}],"version-history":[{"count":0,"href":"https:\/\/coolbluefuture.org\/de\/wp-json\/wp\/v2\/pages\/41\/revisions"}],"wp:attachment":[{"href":"https:\/\/coolbluefuture.org\/de\/wp-json\/wp\/v2\/media?parent=41"}],"curies":[{"name":"wp","href":"https:\/\/api.w.org\/{rel}","templated":true}]}}