{"id":41,"date":"2024-03-19T09:15:27","date_gmt":"2024-03-19T08:15:27","guid":{"rendered":"https:\/\/coolbluefuture.org\/?page_id=41"},"modified":"2024-11-05T14:45:19","modified_gmt":"2024-11-05T13:45:19","slug":"manifesto","status":"publish","type":"page","link":"https:\/\/coolbluefuture.org\/et\/manifesto\/","title":{"rendered":"Manifesto"},"content":{"rendered":"<h1>\n\t\telupaiku taastava merevesiviljeluse manifest.\n\t<\/h1>\n\t\t\t\t\t\t\t<h3>1. Me toodame toitu<\/h3>\n\t\t\t\t\t\t\t<p>Oleme seadnud endale esmaseks \u00fclesandeks \u00fchendada merelist p\u00e4ritolu toidu tootmine merekeskkonna aktiivse taastamisega. Meie kasvatatavad kultuurid pakuvad \u00f6kos\u00fcsteemi teenuseid, nagu toitainete imendumine, bioloogilise mitmekesisuse suurendamine, s\u00fcsinikdioksiidi sidumine ja muud leevendused seoses inimtegevusest p\u00f5hjustatud keskkonnakahjudega. Meie jaoks on need teenused alati otseselt seotud nii toidu kasvatamisega kui ka meie koristatud kultuuride arvukate muude praktiliste kasutusv\u00f5imalustega.<\/p>\t\t\t\t\t\t\t\t\t\t\t\t\t\n\t\t\t\t\t\t\t<h3>2. We cultivate on the ecosystems&#8217; own terms<\/h3>\n\t\t\t\t\t\t\t<p>Meie arendatav elupaiku taastav merevesiviljelus p\u00f5hineb olemasolevatel ressurssidel, mis on meie piirkondadele omased. Me ei kasuta umbrohu- ega kahjurit\u00f5rjeks v\u00e4etisi, ravimeid ega kunstlikke meetodeid. Me ei lisa merekeskkonnale midagi peale oma kultuuride kasvatamiseks vajalike seadmete ning me kasvatame ainult kohalikke liike, et toetada kohalikku geneetilist mitmekesisust.<\/p>\t\t\t\t\t\t\t\t\t\t\t\t\t\n\t\t\t\t\t\t\t<h3>3. Me tegeleme multitroofse merevesiviljelusega<\/h3>\n\t\t\t\t\t\t\t<p>Meie eesm\u00e4rk on kasvatada samal ajal paljusid erinevaid liike, mis \u00fcksteist vastastikku toetavad. Multitroofse merevesiviljeluse kui ideaaliga p\u00fc\u00fcame v\u00f5idelda monokultuurse vesiviljeluse vastu ning aidata aktiivselt kaasa terve ja bioloogiliselt mitmekesise merekeskkonna edendamisele. Meie l\u00e4henemisviis r\u00f5hutab eri liikide ja troofiliste tasandite seotust, et luua kestlikumad ja vastupidavamad mere\u00f6kos\u00fcsteemid.<\/p>\t\t\t\t\t\t\t\t\t\t\t\t\t\n\t\t\t\t\t\t\t<h3>4. Me v\u00f5itleme kliimamuutusega<\/h3>\n\t\t\t\t\t\t\t<p>Elupaiku taastav merevesiviljelus toetab toidus\u00fcsteemide CO2 heite v\u00e4hendamist, tehes tarbijatele k\u00e4ttesaadavaks kvaliteetsed ja kliimas\u00f5bralikud koostisosad ning asendades sel viisil suure CO2 jalaj\u00e4ljega toidukaubad v\u00e4hem heiteid tekitavate alternatiividega. T\u00f6\u00f6tame selle nimel, et k\u00f5ik meie tootmists\u00fckli osad oleksid v\u00e4ikese heitega ja kohalikud.<\/p>\t\t\t\t\t\t\t\t\t\t\t\t\t\n\t\t\t\t\t\t\t<h3>5. Me loome tugevad \u00e4rimudelid<\/h3>\n\t\t\t\t\t\t\t<p>V\u00f5imaluse korral seome elupaiku taastava merevesiviljeluse teiste tulutoovate tegevustega, nagu v\u00e4hese m\u00f5juga kalap\u00fc\u00fck, tooraine t\u00f6\u00f6tlemine, teavitustegevused, haridus ja taastav turism. Selline l\u00e4henemisviis v\u00f5imaldab kindlamaid \u00e4rimudeleid, suurendab kohaliku v\u00e4\u00e4rtuse loomist ning aitab tagada kohalikku t\u00f6\u00f6h\u00f5ivet ja seega meie rannikukogukondade eluj\u00f5ulisust.<\/p>\t\t\t\t\t\t\t\t\t\t\t\t\t\n\t\t\t\t\t\t\t<h3>6. Me osaleme aktiivselt kogukonna elus<\/h3>\n\t\t\t\t\t\t\t<p>R\u00f5hutame, et osaleme aktiivselt meid \u00fcmbritsevate kogukondade tegevuses. Meie eesm\u00e4rk on suunata v\u00f5imalikult suur osa oma toodangust kohalikule turule. Me p\u00fc\u00fcame teha koost\u00f6\u00f6d kohalike elanike, ettev\u00f5tete, koolide ja kodaniku\u00fchiskonnaga laiemalt, \u00f5ppida ning luua uusi teadmisi. Suhtleme aktiivselt kogukondadega ning edendame teadlikkust merendusest ja elupaiku taastatava suunitlusega suhtumist piirkondades, kus see ei ole veel laialdaselt levinud.<\/p>\t\t\t\t\t\t\t\t\t\t\t\t\t\n\t\t\t\t\t\t\t<h3>7. Me pigem v\u00e4hendame kui suurendame<\/h3>\n\t\t\t\t\t\t\t<p>Kuna arvestame merekeskkonnaga ja p\u00fc\u00fcame tagada kohaliku v\u00e4\u00e4rtusloome, t\u00f6\u00f6tame selle nimel, et rajada rohkem v\u00e4ikeseid kasvatuskohti, v\u00e4ltides suuremahulist kasvatamist ning sellega kaasnevat negatiivset m\u00f5ju kohalikule merekeskkonnale. Meie suund on v\u00e4ikesed kasvatused ning seep\u00e4rast j\u00e4tkame tegevust mastaabis\u00e4\u00e4stu saavutamiseks, jagades taristut ja kombineerides biomassi, et v\u00e4hendada kulusid ja leida uusi turge.<\/p>\t\t\t\t\t\t\t\t\t\t\t\t\t\n\t\t\t\t\t\t\t<h3>8. Me toetume teadmistele<\/h3>\n\t\t\t\t\t\t\t<p>Meie arusaam merekeskkonnast ja selle ressurssidest p\u00f5hineb kogemustel ja teaduslikel l\u00e4henemisviisidel andmete kogumiseks ja otsuste tegemiseks. Seep\u00e4rast teeme hea meelega koost\u00f6\u00f6d teadmisp\u00f5histe asutustega, kes aitavad meil merekeskkonda j\u00e4lgida, tegevusi kohandada ja \u00f5igeid valikuid teha. Me jagame lahkesti oma teadmisi, et elupaiku taastava merevesiviljeluse l\u00e4henemisviis saaks veelgi rohkem levida kohalikes kogukondades ja kogu maailmas, mille osa me oleme ja mille eeskujuks me tahame olla.<\/p>\t\t\t\t\t\t\t\t\t\t\t\t\t\n\t<a href=\"https:\/\/coolbluefuture.org\/et\/pledge\/\" target=\"_self\" role=\"button\" aria-label=\"Andke lubadus merele\" rel=\"noopener\">\n\t\t\t\t\t\tAndke lubadus merele\n\t\t\t\t\t<\/a>\n\t\t\t\t<img loading=\"lazy\" decoding=\"async\" src=\"https:\/\/coolbluefuture.org\/wp-content\/uploads\/2024\/02\/cool-blue-future-ocean-underwater-01.jpg\" alt=\"cool-blue-future-ocean-underwater-01\" itemprop=\"image\" height=\"1366\" width=\"2048\" title=\"cool-blue-future-ocean-underwater-01\" onerror=\"this.style.display='none'\"  \/>\n\t<a href=\"https:\/\/coolbluefuture.org\/wp-content\/uploads\/2024\/06\/Manifest_ET.pdf\" target=\"_self\" role=\"button\" download=\"Manifest_EN.pdf\" aria-label=\"Manifesti allalaadimine\" rel=\"noopener\">\n\t\t\t\t\t\tManifesti allalaadimine\n\t\t\t<\/a>\n<h2>\n\t\tTaust\n\t<\/h2>\n<h3>\n\t\tTaust\n\t<\/h3>\n\t<p>Liiga kaua on kestnud merele ulatuslik inimsurve, nagu toitainete laskmine keskkonda, elupaikade h\u00e4vitamine, ookeanide hapestumine ja \u00fclep\u00fc\u00fck. Tulevik n\u00f5uab merelist p\u00e4ritolu toidu tootmist, mis k\u00e4ib k\u00e4sik\u00e4es kahjustatud mere\u00f6kos\u00fcsteemide aktiivse taastamisega ja l\u00e4htub sellest, et inimene on lahutamatu osa looduse keerulisest suhtev\u00f5rgustikust. Me oleme \u00fcletanud piiri, kus piisab v\u00f5imalikult v\u00e4heste kahjude tekitamisest. Merelist p\u00e4ritolu toidu tootmise loogika tuleb \u00fcmber p\u00f6\u00f6rata. Negatiivne m\u00f5ju ei ole enam vastuv\u00f5etav. Nullm\u00f5ju ei ole enam piisav.<\/p>\n<h3>\n\t\tMeie visioon merelist p\u00e4ritolu toidu tootmise tulevikust\n\t<\/h3>\n\t<p>Me oleme sinised kogukonnaaiad, merendusettev\u00f5tjad, kohalikud ettev\u00f5tted, \u00fclikoolid, kalurid ja sidusr\u00fchmade organisatsioonid. Meil on \u00fchine tulevikuvisioon, mille alusel anname merel toimuva esmatootmise kaudu merele alati rohkem tagasi, kui sealt v\u00f5tame. Seda silmas pidades oleme s\u00f5nastanud kaheksa p\u00f5him\u00f5tet, mis toetavad elupaiku taastavat merevesiviljelust ja saagikorjet. Need p\u00f5him\u00f5tted on koosk\u00f5las \u00dchinenud Rahvaste Organisatsiooni s\u00e4\u00e4stva arengu eesm\u00e4rkidega, mis t\u00e4hendab, et iga elupaiku taastava merevesiviljeluse algatus peab tasakaalustama keskkondliku ja sotsiaalse j\u00e4tkusuutlikkuse kaalutlusi terve ja toimiva majanduse kontekstis.<\/p>\n<h3>\n\t\tElupaiku taastav merevesiviljelus\n\t<\/h3>\n\t<p>Elupaiku taastav merevesiviljelus t\u00e4hendab vees elavate s\u00f6\u00f6davate liikide kasvatamist nii, et sellel on \u00fcmbritsevatele mere\u00f6kos\u00fcsteemidele \u00fcldine positiivne netom\u00f5ju.<\/p>\n\t<a href=\"https:\/\/coolbluefuture.org\/et\/pledge\/\" target=\"_self\" role=\"button\" aria-label=\"Andke lubadus merele\" rel=\"noopener\">\n\t\t\t\t\t\tAndke lubadus merele\n\t\t\t\t\t<\/a>\n<h3>\n\t\tRegeneratiivse ookeanikasvatuse raamistik\n\t<\/h3>\n\t<p>Our friends at C-Faarer have put together a coherent framework to help us all better understand what lies at the core of regenerative ocean farming. Here you will find &#8211; among other exciting stuff &#8211; an overview over the benefits of regenerative ocean farming and regenerative methods.<\/p>\n<p><a href=\"https:\/\/www.c-faarer.eu\/news-and-blog\/conceptual-framework\" target=\"_blank\" rel=\"noopener\">Loe l\u00e4hemalt ja lae kogu dokument alla siit<\/a><\/p>","protected":false},"excerpt":{"rendered":"<p>Manifesto of regenerative ocean farming 1. We produce food We have given ourselves the primary task of combining aquatic food production with active regeneration of the marine environment. As they grow our crops offer ecosystem services, such as nutrient absorption, increased biodiversity, binding of carbon dioxide, and other forms of mitigation against human-induced environmental harm,&hellip;<\/p>","protected":false},"author":2,"featured_media":0,"parent":0,"menu_order":0,"comment_status":"closed","ping_status":"closed","template":"","meta":{"_acf_changed":false,"footnotes":""},"class_list":["post-41","page","type-page","status-publish","hentry"],"acf":[],"yoast_head":"<!-- This site is optimized with the Yoast SEO plugin v27.2 - https:\/\/yoast.com\/product\/yoast-seo-wordpress\/ -->\n<title>Manifesto - Cool Blue Future<\/title>\n<meta name=\"robots\" content=\"index, follow, max-snippet:-1, max-image-preview:large, max-video-preview:-1\" \/>\n<link rel=\"canonical\" href=\"https:\/\/coolbluefuture.org\/et\/manifesto\/\" \/>\n<meta property=\"og:locale\" content=\"et_EE\" \/>\n<meta property=\"og:type\" content=\"article\" \/>\n<meta property=\"og:title\" content=\"Manifesto - Cool Blue Future\" \/>\n<meta property=\"og:description\" content=\"Manifesto of regenerative ocean farming 1. We produce food We have given ourselves the primary task of combining aquatic food production with active regeneration of the marine environment. As they grow our crops offer ecosystem services, such as nutrient absorption, increased biodiversity, binding of carbon dioxide, and other forms of mitigation against human-induced environmental harm,&hellip;\" \/>\n<meta property=\"og:url\" content=\"https:\/\/coolbluefuture.org\/et\/manifesto\/\" \/>\n<meta property=\"og:site_name\" content=\"Cool Blue Future\" \/>\n<meta property=\"article:modified_time\" content=\"2024-11-05T13:45:19+00:00\" \/>\n<meta property=\"og:image\" content=\"https:\/\/coolbluefuture.org\/wp-content\/uploads\/2024\/02\/cool-blue-future-ocean-underwater-01.jpg\" \/>\n<meta name=\"twitter:card\" content=\"summary_large_image\" \/>\n<meta name=\"twitter:label1\" content=\"Est. reading time\" \/>\n\t<meta name=\"twitter:data1\" content=\"5 minutit\" \/>\n<script type=\"application\/ld+json\" class=\"yoast-schema-graph\">{\"@context\":\"https:\/\/schema.org\",\"@graph\":[{\"@type\":\"WebPage\",\"@id\":\"https:\/\/coolbluefuture.org\/manifesto\/\",\"url\":\"https:\/\/coolbluefuture.org\/manifesto\/\",\"name\":\"Manifesto - Cool Blue Future\",\"isPartOf\":{\"@id\":\"https:\/\/coolbluefuture.org\/#website\"},\"primaryImageOfPage\":{\"@id\":\"https:\/\/coolbluefuture.org\/manifesto\/#primaryimage\"},\"image\":{\"@id\":\"https:\/\/coolbluefuture.org\/manifesto\/#primaryimage\"},\"thumbnailUrl\":\"https:\/\/coolbluefuture.org\/wp-content\/uploads\/2024\/02\/cool-blue-future-ocean-underwater-01.jpg\",\"datePublished\":\"2024-03-19T08:15:27+00:00\",\"dateModified\":\"2024-11-05T13:45:19+00:00\",\"breadcrumb\":{\"@id\":\"https:\/\/coolbluefuture.org\/manifesto\/#breadcrumb\"},\"inLanguage\":\"et\",\"potentialAction\":[{\"@type\":\"ReadAction\",\"target\":[\"https:\/\/coolbluefuture.org\/manifesto\/\"]}]},{\"@type\":\"ImageObject\",\"inLanguage\":\"et\",\"@id\":\"https:\/\/coolbluefuture.org\/manifesto\/#primaryimage\",\"url\":\"https:\/\/coolbluefuture.org\/wp-content\/uploads\/2024\/02\/cool-blue-future-ocean-underwater-01.jpg\",\"contentUrl\":\"https:\/\/coolbluefuture.org\/wp-content\/uploads\/2024\/02\/cool-blue-future-ocean-underwater-01.jpg\"},{\"@type\":\"BreadcrumbList\",\"@id\":\"https:\/\/coolbluefuture.org\/manifesto\/#breadcrumb\",\"itemListElement\":[{\"@type\":\"ListItem\",\"position\":1,\"name\":\"Home\",\"item\":\"https:\/\/coolbluefuture.org\/\"},{\"@type\":\"ListItem\",\"position\":2,\"name\":\"Manifesto\"}]},{\"@type\":\"WebSite\",\"@id\":\"https:\/\/coolbluefuture.org\/#website\",\"url\":\"https:\/\/coolbluefuture.org\/\",\"name\":\"Cool Blue Future\",\"description\":\"A platform for blue community enterprise\",\"potentialAction\":[{\"@type\":\"SearchAction\",\"target\":{\"@type\":\"EntryPoint\",\"urlTemplate\":\"https:\/\/coolbluefuture.org\/?s={search_term_string}\"},\"query-input\":{\"@type\":\"PropertyValueSpecification\",\"valueRequired\":true,\"valueName\":\"search_term_string\"}}],\"inLanguage\":\"et\"}]}<\/script>\n<!-- \/ Yoast SEO plugin. -->","yoast_head_json":{"title":"Manifesto - Cool Blue Future","robots":{"index":"index","follow":"follow","max-snippet":"max-snippet:-1","max-image-preview":"max-image-preview:large","max-video-preview":"max-video-preview:-1"},"canonical":"https:\/\/coolbluefuture.org\/et\/manifesto\/","og_locale":"et_EE","og_type":"article","og_title":"Manifesto - Cool Blue Future","og_description":"Manifesto of regenerative ocean farming 1. We produce food We have given ourselves the primary task of combining aquatic food production with active regeneration of the marine environment. As they grow our crops offer ecosystem services, such as nutrient absorption, increased biodiversity, binding of carbon dioxide, and other forms of mitigation against human-induced environmental harm,&hellip;","og_url":"https:\/\/coolbluefuture.org\/et\/manifesto\/","og_site_name":"Cool Blue Future","article_modified_time":"2024-11-05T13:45:19+00:00","og_image":[{"url":"https:\/\/coolbluefuture.org\/wp-content\/uploads\/2024\/02\/cool-blue-future-ocean-underwater-01.jpg","type":"","width":"","height":""}],"twitter_card":"summary_large_image","twitter_misc":{"Est. reading time":"5 minutit"},"schema":{"@context":"https:\/\/schema.org","@graph":[{"@type":"WebPage","@id":"https:\/\/coolbluefuture.org\/manifesto\/","url":"https:\/\/coolbluefuture.org\/manifesto\/","name":"Manifesto - Cool Blue Future","isPartOf":{"@id":"https:\/\/coolbluefuture.org\/#website"},"primaryImageOfPage":{"@id":"https:\/\/coolbluefuture.org\/manifesto\/#primaryimage"},"image":{"@id":"https:\/\/coolbluefuture.org\/manifesto\/#primaryimage"},"thumbnailUrl":"https:\/\/coolbluefuture.org\/wp-content\/uploads\/2024\/02\/cool-blue-future-ocean-underwater-01.jpg","datePublished":"2024-03-19T08:15:27+00:00","dateModified":"2024-11-05T13:45:19+00:00","breadcrumb":{"@id":"https:\/\/coolbluefuture.org\/manifesto\/#breadcrumb"},"inLanguage":"et","potentialAction":[{"@type":"ReadAction","target":["https:\/\/coolbluefuture.org\/manifesto\/"]}]},{"@type":"ImageObject","inLanguage":"et","@id":"https:\/\/coolbluefuture.org\/manifesto\/#primaryimage","url":"https:\/\/coolbluefuture.org\/wp-content\/uploads\/2024\/02\/cool-blue-future-ocean-underwater-01.jpg","contentUrl":"https:\/\/coolbluefuture.org\/wp-content\/uploads\/2024\/02\/cool-blue-future-ocean-underwater-01.jpg"},{"@type":"BreadcrumbList","@id":"https:\/\/coolbluefuture.org\/manifesto\/#breadcrumb","itemListElement":[{"@type":"ListItem","position":1,"name":"Home","item":"https:\/\/coolbluefuture.org\/"},{"@type":"ListItem","position":2,"name":"Manifesto"}]},{"@type":"WebSite","@id":"https:\/\/coolbluefuture.org\/#website","url":"https:\/\/coolbluefuture.org\/","name":"Cool Blue Future","description":"A platform for blue community enterprise","potentialAction":[{"@type":"SearchAction","target":{"@type":"EntryPoint","urlTemplate":"https:\/\/coolbluefuture.org\/?s={search_term_string}"},"query-input":{"@type":"PropertyValueSpecification","valueRequired":true,"valueName":"search_term_string"}}],"inLanguage":"et"}]}},"_links":{"self":[{"href":"https:\/\/coolbluefuture.org\/et\/wp-json\/wp\/v2\/pages\/41","targetHints":{"allow":["GET"]}}],"collection":[{"href":"https:\/\/coolbluefuture.org\/et\/wp-json\/wp\/v2\/pages"}],"about":[{"href":"https:\/\/coolbluefuture.org\/et\/wp-json\/wp\/v2\/types\/page"}],"author":[{"embeddable":true,"href":"https:\/\/coolbluefuture.org\/et\/wp-json\/wp\/v2\/users\/2"}],"replies":[{"embeddable":true,"href":"https:\/\/coolbluefuture.org\/et\/wp-json\/wp\/v2\/comments?post=41"}],"version-history":[{"count":0,"href":"https:\/\/coolbluefuture.org\/et\/wp-json\/wp\/v2\/pages\/41\/revisions"}],"wp:attachment":[{"href":"https:\/\/coolbluefuture.org\/et\/wp-json\/wp\/v2\/media?parent=41"}],"curies":[{"name":"wp","href":"https:\/\/api.w.org\/{rel}","templated":true}]}}