{"id":6,"date":"2024-02-25T13:07:37","date_gmt":"2024-02-25T12:07:37","guid":{"rendered":"https:\/\/coolbluefuture.wpenginepowered.com\/?page_id=6"},"modified":"2025-11-10T10:04:08","modified_gmt":"2025-11-10T09:04:08","slug":"home","status":"publish","type":"page","link":"https:\/\/coolbluefuture.org\/et\/","title":{"rendered":"Home"},"content":{"rendered":"<h4  data-animation-delay=\"1\" data-animation-duration=\"2\">\n\t\t<a href=\"https:\/\/coolbluefuture.org\/et\/manifesto\/\" title=\"- Read the manifesto of regenerative ocean farming\"  target=\"_self\">\n\t\t\t&#8211; Read the manifesto of regenerative ocean farming\t\t<\/a>\n\t<\/h4>\n<h4  data-animation-delay=\"0\" data-animation-duration=\"2\">\n\t\t\tNegatiivne m\u00f5ju ei ole enam vastuv\u00f5etav. Nullm\u00f5ju ei ole enam piisav.\t<\/h4>\n<h1  data-animation-delay=\"0\" data-animation-duration=\"2\">\n\t\t\tIt&#8217;s time for a Cool Blue Future\t<\/h1>\n\t\n\n\n\n\n\n\n\n<div class=\"fl-builder-content fl-builder-content-847 fl-builder-template fl-builder-module-template fl-builder-global-templates-locked\" data-post-id=\"847\"><div class=\"fl-module fl-module-pp-video fl-node-mwxhor93v2ns\" data-node=\"mwxhor93v2ns\">\n\t<div class=\"fl-module-content fl-node-content\">\n\t\t\n<div class=\"pp-video-wrapper pp-video-source-youtube pp-aspect-ratio-169\">\n\t\t<div class=\"pp-fit-aspect-ratio\">\n\t<iframe class=\"pp-video-iframe\" allowfullscreen allow=\"autoplay\" data-src=\"https:\/\/www.youtube-nocookie.com\/embed\/TU3wnaVErMs?feature=oembed&amp;start&amp;end&amp;wmode=opaque&amp;loop=0&amp;controls=1&amp;mute=0&amp;rel=0&amp;modestbranding=1\"><\/iframe>\t\t<div class=\"pp-video-image-overlay\" style=\"background-image: url(https:\/\/coolbluefuture.org\/wp-content\/uploads\/2025\/08\/Untitled-design-10.jpg);\">\n\t\t\t\t\t\t\t\t\t\t<div class=\"pp-video-play-icon\" role=\"button\" tabindex=\"0\">\n\t\t\t\t\t<svg version=\"1.1\" xmlns=\"http:\/\/www.w3.org\/2000\/svg\" xmlns:xlink=\"http:\/\/www.w3.org\/1999\/xlink\" x=\"0px\" y=\"0px\"\r\n\t viewbox=\"0 0 415.346 415.346\" xml:space=\"preserve\" aria-hidden=\"true\">\r\n\t<g>\r\n\t\t<path d=\"M41.712,415.346c-11.763,0-21.3-9.537-21.3-21.3V21.299C20.412,9.536,29.949,0,41.712,0l346.122,191.697\t\t\tc0,0,15.975,15.975,0,31.951C371.859,239.622,41.712,415.346,41.712,415.346z\"\/>\r\n\t<\/g>\r\n<\/svg>\r\n\t\t\t\t\t<span class=\"pp-screen-only\">Play Video<\/span>\n\t\t\t\t<\/div>\n\t\t\t\t\t<\/div>\n\t\t<\/div>\n<\/div>\n\n\t<\/div>\n<\/div>\n<\/div>\n\n\n\n\n\t<p><a href=\"https:\/\/coolbluefuture.org\/et\/manifesto\/\">Lugege kogu manifesti<\/a><\/p>\n<h4  data-animation-delay=\"0\" data-animation-duration=\"2\">\n\t\t\tExplore the initiatives in the Baltic &#038; North Seas\t<\/h4>\n<h2  data-animation-delay=\"0\" data-animation-duration=\"2\">\n\t\t\tToetavate tegevuste kaart\t<\/h2>\n\t\t\t<img decoding=\"async\" src=\"https:\/\/coolbluefuture.org\/wp-content\/uploads\/2024\/09\/map-of-the-movement-home02.jpg\" alt=\"\"\/>\n\t\t\t\t\t\t\t\t\t<a href=\"https:\/\/coolbluefuture.org\/et\/map-of-the-movement\/\" target=\"_self\">\n\t\t\t\t\t\t\t\t\t\tTaani\n\t\t\t\t\t\t\t\t\t<\/a>\n\t\t\t\t\t\t\t\t\t\t\t\t\t\t<p>Taani<\/p>\t\t\t\t\t\t\t\t\t\t\t\t\t\n\t\t\t\t\t\t\t\t\t<a href=\"https:\/\/coolbluefuture.org\/et\/map-of-the-movement\/\" target=\"_self\">\n\t\t\t\t\t\t\t\t\t\tSaksamaa\n\t\t\t\t\t\t\t\t\t<\/a>\n\t\t\t\t\t\t\t\t\t\t\t\t\t\t<p>Saksamaa<\/p>\t\t\t\t\t\t\t\t\t\t\t\t\t\n\t\t\t\t\t\t\t\t\t<a href=\"https:\/\/coolbluefuture.org\/et\/map-of-the-movement\/\" target=\"_self\">\n\t\t\t\t\t\t\t\t\t\tNorra\n\t\t\t\t\t\t\t\t\t<\/a>\n\t\t\t\t\t\t\t\t\t\t\t\t\t\t<p>Norra<\/p>\t\t\t\t\t\t\t\t\t\t\t\t\t\n\t\t\t\t\t\t\t\t\t<a href=\"https:\/\/coolbluefuture.org\/et\/map-of-the-movement\/\" target=\"_self\">\n\t\t\t\t\t\t\t\t\t\tRootsi\n\t\t\t\t\t\t\t\t\t<\/a>\n\t\t\t\t\t\t\t\t\t\t\t\t\t\t<p>Rootsi<\/p>\t\t\t\t\t\t\t\t\t\t\t\t\t\n\t\t\t\t\t\t\t\t\t<a href=\"https:\/\/coolbluefuture.org\/et\/map-of-the-movement\/\" target=\"_self\">\n\t\t\t\t\t\t\t\t\t\tSoome\n\t\t\t\t\t\t\t\t\t<\/a>\n\t\t\t\t\t\t\t\t\t\t\t\t\t\t<p>Soome<\/p>\t\t\t\t\t\t\t\t\t\t\t\t\t\n\t\t\t\t\t\t\t\t\t<a href=\"https:\/\/coolbluefuture.org\/et\/map-of-the-movement\/\" target=\"_self\">\n\t\t\t\t\t\t\t\t\t\tEesti\n\t\t\t\t\t\t\t\t\t<\/a>\n\t\t\t\t\t\t\t\t\t\t\t\t\t\t<p>Eesti<\/p>\t\t\t\t\t\t\t\t\t\t\t\t\t\n\t\t\t\t\t\t\t\t\t<a href=\"https:\/\/coolbluefuture.org\/et\/map-of-the-movement\/\" target=\"_self\">\n\t\t\t\t\t\t\t\t\t\tL\u00e4ti\n\t\t\t\t\t\t\t\t\t<\/a>\n\t\t\t\t\t\t\t\t\t\t\t\t\t\t<p>L\u00e4ti<\/p>\t\t\t\t\t\t\t\t\t\t\t\t\t\n\t\t\t\t\t\t\t\t\t<a href=\"https:\/\/coolbluefuture.org\/et\/map-of-the-movement\/\" target=\"_self\">\n\t\t\t\t\t\t\t\t\t\tLeedu\n\t\t\t\t\t\t\t\t\t<\/a>\n\t\t\t\t\t\t\t\t\t\t\t\t\t\t<p>Leedu<\/p>\t\t\t\t\t\t\t\t\t\t\t\t\t\n\t\t\t\t\t\t\t\t\t<a href=\"https:\/\/coolbluefuture.org\/et\/map-of-the-movement\/\" target=\"_self\">\n\t\t\t\t\t\t\t\t\t\tPoola\n\t\t\t\t\t\t\t\t\t<\/a>\n\t\t\t\t\t\t\t\t\t\t\t\t\t\t<p>Poola<\/p>\t\t\t\t\t\t\t\t\t\t\t\t\t\n\t\t\t\t\t\t\t\t\t<a href=\"https:\/\/coolbluefuture.org\/et\/map-of-the-movement\/\" target=\"_self\">\n\t\t\t\t\t\t\t\t\t\tFrance\n\t\t\t\t\t\t\t\t\t<\/a>\n\t\t\t\t\t\t\t\t\t\t\t\t\t\t<p>France<\/p>\t\t\t\t\t\t\t\t\t\t\t\t\t\n<h2  data-animation-delay=\"0\" data-animation-duration=\"2\">\n\t\t\tLisateave\t<\/h2>\n\t<p>Kas soovite rohkem teada Cool Blue Future algatusest?<\/p>\n<p><a href=\"https:\/\/coolbluefuture.org\/et\/expression-of-interest\/\">Registreeri huvi<\/a><\/p>\n<h2  data-animation-delay=\"0\" data-animation-duration=\"2\">\n\t\t<a href=\"https:\/\/coolbluefuture.org\/et\/pledge\/\" title=\"Andke lubadus merele\"  target=\"_self\">\n\t\t\tAndke lubadus merele\t\t<\/a>\n\t<\/h2>\n\t<p>Vaata <a href=\"https:\/\/coolbluefuture.org\/et\/pledges\/\">juba antud lubadusi<\/a> ja n\u00e4ita oma toetust elupaiku taastavale merevesiviljeluse manifestile, tehes <a href=\"https:\/\/coolbluefuture.org\/et\/pledge\/\">oma lubadus<\/a> merele.<\/p>\n<h4  data-animation-delay=\"\" data-animation-duration=\"2\">\n\t\t\tCool Blue Future v\u00f5rgustik\t<\/h4>\n\t<p>Cool Blue Future p\u00f5hineb P\u00f5hja-Euroopa riikide v\u00f5rgustikul, kes t\u00f6\u00f6tavad individuaalselt ja \u00fchiselt, et sillutada teed elupaiku taastavale merevesiviljelusele, mis p\u00f5hineb manifestis kirjeldatud p\u00f5him\u00f5tetel.<\/p>\n<h4  data-animation-delay=\"0\" data-animation-duration=\"2\">\n\t\t\tEsile t\u00f5stetud videod\t<\/h4>\n<h2  data-animation-delay=\"0\" data-animation-duration=\"2\">\n\t\t\tElupaiku taastava merevesiviljeluse juhend\t<\/h2>\n\t<a href=\"\" target=\"_self\" role=\"button\" aria-label=\"Videod on saadaval inglise ja taanikeeles\">\n\t\t\t\t\t\tLessons are currently available in English &#038; Danish\n\t\t\t\t\t<\/a>\n\t\t\t\t<img decoding=\"async\" src=\"https:\/\/coolbluefuture.org\/wp-content\/uploads\/2024\/06\/lesson-1.jpg\" alt=\"lesson-1\" itemprop=\"image\" height=\"800\" width=\"1200\" title=\"lesson-1\" onerror=\"this.style.display='none'\" loading=\"lazy\" \/>\n<h4  data-animation-delay=\"0\" data-animation-duration=\"2\">\n\t\t\tLesson 1: Crash course to regenerative ocean farming\t<\/h4>\n\t<p>In this lesson, you will learn the basics of regenerative ocean farming. Where does it come from and why is it a good idea? And just as importantly: How and why it&#8217;s an idea worth turning into a career path.<\/p>\n<p><a href=\"https:\/\/coolbluefuture.org\/et\/guides-and-tools\/lesson-1\/\">Go to Lesson 1<\/a><\/p>\n\t\t\t\t<img decoding=\"async\" src=\"https:\/\/coolbluefuture.org\/wp-content\/uploads\/2024\/06\/lesson-2.jpg\" alt=\"lesson-2\" itemprop=\"image\" height=\"800\" width=\"1200\" title=\"lesson-2\" onerror=\"this.style.display='none'\" loading=\"lazy\" \/>\n<h4  data-animation-delay=\"0\" data-animation-duration=\"2\">\n\t\t\t2. tund. Asukoha valimine\t<\/h4>\n\t<p>Siit saab lugeda, kuidas valida oma kasvanduse jaoks parim asukoht, mis sobib valitud liikide kasvatamiseks ja kuhu p\u00e4\u00e4seb kergesti ligi. Samuti kirjeldatakse, kuidas v\u00f5ita kohalike elanike toetus.<\/p>\n<p><a href=\"https:\/\/coolbluefuture.org\/et\/guides-and-tools\/lesson-2\/\">Go to Lesson 2<\/a><\/p>\n\t\t\t\t<img decoding=\"async\" src=\"https:\/\/coolbluefuture.org\/wp-content\/uploads\/2024\/06\/lesson-3.jpg\" alt=\"lesson-3\" itemprop=\"image\" height=\"800\" width=\"1200\" title=\"lesson-3\" onerror=\"this.style.display='none'\" loading=\"lazy\" \/>\n<h4  data-animation-delay=\"0\" data-animation-duration=\"2\">\n\t\t\t3. TUND. Merekasvanduse rajamine\t<\/h4>\n\t<p>Merekasvanduse hea k\u00fclg on selle modulaarsus, mis t\u00e4hendab, et seda saab olenevalt asukohast laiendada ja h\u00f5lpsasti kohandada. Kuigi enamikul kasvandustel on samad p\u00f5hiosad, n\u00e4eb iga\u00fcks neist veidi erinev v\u00e4lja, sest iga asukoht on ainulaadne ja igal kasvatajal on omad eelistused.<\/p>\n<p><a href=\"https:\/\/coolbluefuture.org\/et\/guides-and-tools\/lesson-3\/\">Go to Lesson 3<\/a><\/p>\n\t<a href=\"https:\/\/coolbluefuture.org\/et\/guide-to-regenerative-ocean-farming\/\" target=\"_self\" role=\"button\" aria-label=\"Elupaiku taastava merevesiviljeluse juhend\">\n\t\t\t\t\t\tElupaiku taastava merevesiviljeluse juhend\n\t\t\t\t\t<\/a>","protected":false},"excerpt":{"rendered":"<p>&#8211; Read the manifesto of regenerative ocean farming Negative impact is no longer acceptable. Zero impact is no longer sufficient It&#8217;s time for a Cool Blue Future Read the full Manifesto Explore the initiatives in the Baltic &#038; North Seas Map of the movement Denmark Denmark Germany Germany Norway Norway Sweden Sweden Finland Finland Estonia&hellip;<\/p>","protected":false},"author":1,"featured_media":0,"parent":0,"menu_order":0,"comment_status":"closed","ping_status":"closed","template":"","meta":{"_acf_changed":false,"footnotes":""},"class_list":["post-6","page","type-page","status-publish","hentry"],"acf":[],"yoast_head":"<!-- This site is optimized with the Yoast SEO plugin v27.4 - https:\/\/yoast.com\/product\/yoast-seo-wordpress\/ -->\n<title>Cool Blue Future<\/title>\n<meta name=\"description\" content=\"Cool Blue Future promotes community-led regenerative ocean farming focusing on low-trophic cultivation &amp; ecosystem restoration.\" \/>\n<meta name=\"robots\" content=\"index, follow, max-snippet:-1, max-image-preview:large, max-video-preview:-1\" \/>\n<link rel=\"canonical\" href=\"https:\/\/coolbluefuture.org\/et\/\" \/>\n<meta property=\"og:locale\" content=\"et_EE\" \/>\n<meta property=\"og:type\" content=\"article\" \/>\n<meta property=\"og:title\" content=\"Cool Blue Future\" \/>\n<meta property=\"og:description\" content=\"Cool Blue Future promotes community-led regenerative ocean farming focusing on low-trophic cultivation &amp; ecosystem restoration.\" \/>\n<meta property=\"og:url\" content=\"https:\/\/coolbluefuture.org\/et\/\" \/>\n<meta property=\"og:site_name\" content=\"Cool Blue Future\" \/>\n<meta property=\"article:modified_time\" content=\"2025-11-10T09:04:08+00:00\" \/>\n<meta property=\"og:image\" content=\"https:\/\/coolbluefuture.org\/wp-content\/uploads\/2024\/06\/cbf-social-share.jpg\" \/>\n\t<meta property=\"og:image:width\" content=\"1200\" \/>\n\t<meta property=\"og:image:height\" content=\"675\" \/>\n\t<meta property=\"og:image:type\" content=\"image\/jpeg\" \/>\n<meta name=\"twitter:card\" content=\"summary_large_image\" \/>\n<meta name=\"twitter:label1\" content=\"Est. reading time\" \/>\n\t<meta name=\"twitter:data1\" content=\"3 minutit\" \/>\n<script type=\"application\/ld+json\" class=\"yoast-schema-graph\">{\"@context\":\"https:\\\/\\\/schema.org\",\"@graph\":[{\"@type\":\"WebPage\",\"@id\":\"https:\\\/\\\/coolbluefuture.org\\\/\",\"url\":\"https:\\\/\\\/coolbluefuture.org\\\/\",\"name\":\"Cool Blue Future\",\"isPartOf\":{\"@id\":\"https:\\\/\\\/coolbluefuture.org\\\/#website\"},\"primaryImageOfPage\":{\"@id\":\"https:\\\/\\\/coolbluefuture.org\\\/#primaryimage\"},\"image\":{\"@id\":\"https:\\\/\\\/coolbluefuture.org\\\/#primaryimage\"},\"thumbnailUrl\":\"https:\\\/\\\/coolbluefuture.org\\\/wp-content\\\/uploads\\\/2024\\\/09\\\/map-of-the-movement-home02.jpg\",\"datePublished\":\"2024-02-25T12:07:37+00:00\",\"dateModified\":\"2025-11-10T09:04:08+00:00\",\"description\":\"Cool Blue Future promotes community-led regenerative ocean farming focusing on low-trophic cultivation & ecosystem restoration.\",\"breadcrumb\":{\"@id\":\"https:\\\/\\\/coolbluefuture.org\\\/#breadcrumb\"},\"inLanguage\":\"et\",\"potentialAction\":[{\"@type\":\"ReadAction\",\"target\":[\"https:\\\/\\\/coolbluefuture.org\\\/\"]}]},{\"@type\":\"ImageObject\",\"inLanguage\":\"et\",\"@id\":\"https:\\\/\\\/coolbluefuture.org\\\/#primaryimage\",\"url\":\"https:\\\/\\\/coolbluefuture.org\\\/wp-content\\\/uploads\\\/2024\\\/09\\\/map-of-the-movement-home02.jpg\",\"contentUrl\":\"https:\\\/\\\/coolbluefuture.org\\\/wp-content\\\/uploads\\\/2024\\\/09\\\/map-of-the-movement-home02.jpg\"},{\"@type\":\"BreadcrumbList\",\"@id\":\"https:\\\/\\\/coolbluefuture.org\\\/#breadcrumb\",\"itemListElement\":[{\"@type\":\"ListItem\",\"position\":1,\"name\":\"Home\",\"item\":\"https:\\\/\\\/coolbluefuture.org\\\/\"},{\"@type\":\"ListItem\",\"position\":2,\"name\":\"Home\"}]},{\"@type\":\"WebSite\",\"@id\":\"https:\\\/\\\/coolbluefuture.org\\\/#website\",\"url\":\"https:\\\/\\\/coolbluefuture.org\\\/\",\"name\":\"Cool Blue Future\",\"description\":\"A platform for blue community enterprise\",\"potentialAction\":[{\"@type\":\"SearchAction\",\"target\":{\"@type\":\"EntryPoint\",\"urlTemplate\":\"https:\\\/\\\/coolbluefuture.org\\\/?s={search_term_string}\"},\"query-input\":{\"@type\":\"PropertyValueSpecification\",\"valueRequired\":true,\"valueName\":\"search_term_string\"}}],\"inLanguage\":\"et\"}]}<\/script>\n<!-- \/ Yoast SEO plugin. -->","yoast_head_json":{"title":"Cool Blue Future","description":"Cool Blue Future promotes community-led regenerative ocean farming focusing on low-trophic cultivation & ecosystem restoration.","robots":{"index":"index","follow":"follow","max-snippet":"max-snippet:-1","max-image-preview":"max-image-preview:large","max-video-preview":"max-video-preview:-1"},"canonical":"https:\/\/coolbluefuture.org\/et\/","og_locale":"et_EE","og_type":"article","og_title":"Cool Blue Future","og_description":"Cool Blue Future promotes community-led regenerative ocean farming focusing on low-trophic cultivation & ecosystem restoration.","og_url":"https:\/\/coolbluefuture.org\/et\/","og_site_name":"Cool Blue Future","article_modified_time":"2025-11-10T09:04:08+00:00","og_image":[{"width":1200,"height":675,"url":"https:\/\/coolbluefuture.org\/wp-content\/uploads\/2024\/06\/cbf-social-share.jpg","type":"image\/jpeg"}],"twitter_card":"summary_large_image","twitter_misc":{"Est. reading time":"3 minutit"},"schema":{"@context":"https:\/\/schema.org","@graph":[{"@type":"WebPage","@id":"https:\/\/coolbluefuture.org\/","url":"https:\/\/coolbluefuture.org\/","name":"Cool Blue Future","isPartOf":{"@id":"https:\/\/coolbluefuture.org\/#website"},"primaryImageOfPage":{"@id":"https:\/\/coolbluefuture.org\/#primaryimage"},"image":{"@id":"https:\/\/coolbluefuture.org\/#primaryimage"},"thumbnailUrl":"https:\/\/coolbluefuture.org\/wp-content\/uploads\/2024\/09\/map-of-the-movement-home02.jpg","datePublished":"2024-02-25T12:07:37+00:00","dateModified":"2025-11-10T09:04:08+00:00","description":"Cool Blue Future promotes community-led regenerative ocean farming focusing on low-trophic cultivation & ecosystem restoration.","breadcrumb":{"@id":"https:\/\/coolbluefuture.org\/#breadcrumb"},"inLanguage":"et","potentialAction":[{"@type":"ReadAction","target":["https:\/\/coolbluefuture.org\/"]}]},{"@type":"ImageObject","inLanguage":"et","@id":"https:\/\/coolbluefuture.org\/#primaryimage","url":"https:\/\/coolbluefuture.org\/wp-content\/uploads\/2024\/09\/map-of-the-movement-home02.jpg","contentUrl":"https:\/\/coolbluefuture.org\/wp-content\/uploads\/2024\/09\/map-of-the-movement-home02.jpg"},{"@type":"BreadcrumbList","@id":"https:\/\/coolbluefuture.org\/#breadcrumb","itemListElement":[{"@type":"ListItem","position":1,"name":"Home","item":"https:\/\/coolbluefuture.org\/"},{"@type":"ListItem","position":2,"name":"Home"}]},{"@type":"WebSite","@id":"https:\/\/coolbluefuture.org\/#website","url":"https:\/\/coolbluefuture.org\/","name":"Cool Blue Future","description":"A platform for blue community enterprise","potentialAction":[{"@type":"SearchAction","target":{"@type":"EntryPoint","urlTemplate":"https:\/\/coolbluefuture.org\/?s={search_term_string}"},"query-input":{"@type":"PropertyValueSpecification","valueRequired":true,"valueName":"search_term_string"}}],"inLanguage":"et"}]}},"_links":{"self":[{"href":"https:\/\/coolbluefuture.org\/et\/wp-json\/wp\/v2\/pages\/6","targetHints":{"allow":["GET"]}}],"collection":[{"href":"https:\/\/coolbluefuture.org\/et\/wp-json\/wp\/v2\/pages"}],"about":[{"href":"https:\/\/coolbluefuture.org\/et\/wp-json\/wp\/v2\/types\/page"}],"author":[{"embeddable":true,"href":"https:\/\/coolbluefuture.org\/et\/wp-json\/wp\/v2\/users\/1"}],"replies":[{"embeddable":true,"href":"https:\/\/coolbluefuture.org\/et\/wp-json\/wp\/v2\/comments?post=6"}],"version-history":[{"count":0,"href":"https:\/\/coolbluefuture.org\/et\/wp-json\/wp\/v2\/pages\/6\/revisions"}],"wp:attachment":[{"href":"https:\/\/coolbluefuture.org\/et\/wp-json\/wp\/v2\/media?parent=6"}],"curies":[{"name":"wp","href":"https:\/\/api.w.org\/{rel}","templated":true}]}}