{"id":41,"date":"2024-03-19T09:15:27","date_gmt":"2024-03-19T08:15:27","guid":{"rendered":"https:\/\/coolbluefuture.org\/?page_id=41"},"modified":"2024-11-05T14:45:19","modified_gmt":"2024-11-05T13:45:19","slug":"manifesto","status":"publish","type":"page","link":"https:\/\/coolbluefuture.org\/fi\/manifesto\/","title":{"rendered":"Manifesti"},"content":{"rendered":"<h1>\n\t\tUusiutuvan meriviljelyn manifesti\n\t<\/h1>\n\t\t\t\t\t\t\t<h3>1. Tuotamme ruokaa<\/h3>\n\t\t\t\t\t\t\t<p>Tavoitteemme on yhdist\u00e4\u00e4 vesiviljelytuotanto aktiiviseen meriymp\u00e4rist\u00f6n ennallistamiseen. Keskitymme viljelem\u00e4\u00e4n lajeja ruokaa ja muita k\u00e4yt\u00e4nn\u00f6n tarkoituksia varten. Samalla viljely tuottaa my\u00f6s ekosysteemipalveluja, kuten ravinteiden talteenottoa, lis\u00e4\u00e4 biologista monimuotoisuutta, sitoo hiilidioksidia ja rajoittaa muita ihmisen tuottamia vaikutuksia.<\/p>\t\t\t\t\t\t\t\t\t\t\t\t\t\n\t\t\t\t\t\t\t<h3>2. We cultivate on the ecosystems&#8217; own terms<\/h3>\n\t\t\t\t\t\t\t<p>Viljelymme perustuu niihin resursseihin, jotka ovat luontaisia viljelyalueillamme. V\u00e4lt\u00e4mme lannoitteiden, l\u00e4\u00e4kkeiden tai mink\u00e4\u00e4nlaisten keinotekoisten rikkaruohojen tai tuholaisten torjuntamenetelmien k\u00e4ytt\u00f6\u00e4. Emme lis\u00e4\u00e4 mit\u00e4\u00e4n meriymp\u00e4rist\u00f6\u00f6n viljelyyn tarvittavien v\u00e4lineiden lis\u00e4ksi, ja viljelemme ainoastaan kotimaisia lajeja tukeaksemme paikallista geneettist\u00e4 monimuotoisuutta.<\/p>\t\t\t\t\t\t\t\t\t\t\t\t\t\n\t\t\t\t\t\t\t<h3>3. Viljelemme monitasoisesti<\/h3>\n\t\t\t\t\t\t\t<p>Pyrimme viljelem\u00e4\u00e4n samanaikaisesti useita eri lajeja, jotka hy\u00f6dytt\u00e4v\u00e4t toisiaan. Omaksumalla multitrofisen viljelyn ihanteen pyrimme vastustamaan yksipuolista viljely\u00e4 ja edist\u00e4m\u00e4\u00e4n aktiivisesti terveit\u00e4 meri\u00e4, joissa on runsaasti biologista monimuotoisuutta. Strategiamme korostaa eri lajien ja trofiatasojen v\u00e4lisi\u00e4 kytk\u00f6ksi\u00e4 kest\u00e4v\u00e4mpien ja resilienttien meriekosysteemien luomiseksi.<\/p>\t\t\t\t\t\t\t\t\t\t\t\t\t\n\t\t\t\t\t\t\t<h3>4. Torjumme ilmastonmuutosta<\/h3>\n\t\t\t\t\t\t\t<p>Viljelymme tukee ruokaj\u00e4rjestelmien hiilidioksidip\u00e4\u00e4st\u00f6jen v\u00e4hent\u00e4mist\u00e4 tuomalla korkealaatuisia ja ilmastoyst\u00e4v\u00e4llisi\u00e4 raaka-aineita kuluttajien saataville ja korvaamalla n\u00e4in suuren hiilijalanj\u00e4ljen omaavia elintarvikkeita v\u00e4h\u00e4p\u00e4\u00e4st\u00f6isemmill\u00e4 vaihtoehdoilla. Pyrimme varmistamaan, ett\u00e4 tuotantosyklimme kaikki osat suunnitellaan v\u00e4h\u00e4p\u00e4\u00e4st\u00f6isyystavoitteen mukaisesti ja pyrimme myym\u00e4\u00e4n mahdollisimman paljon paikallisten kanavien kautta.<\/p>\t\t\t\t\t\t\t\t\t\t\t\t\t\n\t\t\t\t\t\t\t<h3>5. Luomme kest\u00e4vi\u00e4 liiketoimintamalleja<\/h3>\n\t\t\t\t\t\t\t<p>Yhdist\u00e4mme mahdollisuuksien mukaan uusiutuvan vesiviljelymme muihin tuloja tuottaviin toimintoihin, kuten pienimuotoiseen kalastukseen, jalostukseen, tiedon levitt\u00e4miseen, ja regeneratiiviseen matkailuun. T\u00e4m\u00e4 l\u00e4hestymistapa mahdollistaa kest\u00e4v\u00e4mm\u00e4t liiketoimintamallit, lis\u00e4\u00e4 paikallista arvonluontia ja auttaa turvaamaan paikallista ty\u00f6llisyytt\u00e4 ja siten rannikkoyhteis\u00f6jemme tulevaisuutta.<\/p>\t\t\t\t\t\t\t\t\t\t\t\t\t\n\t\t\t\t\t\t\t<h3>6. Osallistumme aktiivisesti yhteis\u00f6jemme toimintaan<\/h3>\n\t\t\t\t\t\t\t<p>Me korostamme, kuinka t\u00e4rke\u00e4\u00e4 on olla tiiviisti yhteydess\u00e4 paikallisyhteis\u00f6ihin. Pyrimme luomaan paikallisia markkinoita tuotteillemme, lis\u00e4\u00e4m\u00e4\u00e4n yhteisty\u00f6t\u00e4 ja edist\u00e4m\u00e4\u00e4n tiedonvaihtoa paikallisten asukkaiden, yritysten, koulujen ja yhdistysten keskuudessa. Haluamme lis\u00e4t\u00e4 tietoisuutta merest\u00e4 ja regeneratiivisesta meriviljelyst\u00e4.<\/p>\t\t\t\t\t\t\t\t\t\t\t\t\t\n\t\t\t\t\t\t\t<h3>7. Me monistamme mielummin kuin laajennamme<\/h3>\n\t\t\t\t\t\t\t<p>Tavoitteemme on perustaa paljon pieni\u00e4 viljelypaikkoja ja v\u00e4ltt\u00e4\u00e4 suuria viljelyit\u00e4, jotka lis\u00e4\u00e4v\u00e4t meriymp\u00e4rist\u00f6n negatiivisia vaikutuksia. Skaalaamalla ennemmin kuin laajentamalla haluamme saavuttaa yhteisty\u00f6etuja arvoketjussa, mik\u00e4 auttaa alentamaan kustannuksia ja tavoittamaan uusia markkinoita.<\/p>\t\t\t\t\t\t\t\t\t\t\t\t\t\n\t\t\t\t\t\t\t<h3>8. Luotamme tietoon<\/h3>\n\t\t\t\t\t\t\t<p>Meid\u00e4n ymm\u00e4rryksemme meriekosysteemist\u00e4 ja sen resursseista perustuu tietoon ja tieteellisiin menetelmiin. Teemme yhteisty\u00f6t\u00e4 oppilaitosten kanssa, jotta voimme jatkuvasti kehitt\u00e4\u00e4 toimintaamme kest\u00e4v\u00e4mp\u00e4\u00e4n suuntaan. Jaamme runsaasti tietoa, jotta regeneratiivinen meriviljely voi levit\u00e4 paikallisyhteis\u00f6ihin ja maailmaan, jonka osa olemme ja jolle tahdomme olla esimerkkej\u00e4.<\/p>\t\t\t\t\t\t\t\t\t\t\t\t\t\n\t<a href=\"https:\/\/coolbluefuture.org\/fi\/pledge\/\" target=\"_self\" role=\"button\" aria-label=\"Tee lupaus merelle\" rel=\"noopener\">\n\t\t\t\t\t\tTee lupaus merelle\n\t\t\t\t\t<\/a>\n\t\t\t\t<img loading=\"lazy\" decoding=\"async\" src=\"https:\/\/coolbluefuture.org\/wp-content\/uploads\/2024\/02\/cool-blue-future-ocean-underwater-01.jpg\" alt=\"cool-blue-future-ocean-underwater-01\" itemprop=\"image\" height=\"1366\" width=\"2048\" title=\"cool-blue-future-ocean-underwater-01\" onerror=\"this.style.display='none'\"  \/>\n\t<a href=\"https:\/\/coolbluefuture.org\/wp-content\/uploads\/2024\/08\/Manifest_Finnish.pdf\" target=\"_self\" role=\"button\" download=\"Manifest_EN.pdf\" aria-label=\"Lataa Manifesti\" rel=\"noopener\">\n\t\t\t\t\t\tLataa Manifesti\n\t\t\t<\/a>\n<h2>\n\t\tManifestin tausta\n\t<\/h2>\n<h3>\n\t\tManifestin tausta\n\t<\/h3>\n\t<p>Ihmisen vaikutukset, kuten ravinteiden p\u00e4\u00e4st\u00f6t, tuhoutuneet elinymp\u00e4rist\u00f6t, meriveden happamoituminen ja luonnonvaraisten kalakantojen ylikalastus, ovat jatkuneet liian pitk\u00e4\u00e4n. Tulevaisuus vaatii merelt\u00e4 saatavaa ruokatuotantoa, mik\u00e4 merkitsee tuhoutuneiden meriekosysteemien aktiivisen ennallistamista ja perustuu siihen, ett\u00e4 ihminen on osa luontoa monimutkaisessa suhteiden verkostossa. Olemme jo ohittaneet pisteen, jossa voidaan ajatella toiminnan perustuvan mahdollisimman v\u00e4h\u00e4isen vahingon tuottamiseen. Merten elintarviketuotannon logiikka on k\u00e4\u00e4nnett\u00e4v\u00e4 p\u00e4invastaiseksi. Kielteist\u00e4 vaikutusta ei voida en\u00e4\u00e4 hyv\u00e4ksy\u00e4. Nollavaikutus ei en\u00e4\u00e4 riit\u00e4.<\/p>\n<h3>\n\t\tVisiomme meren ruoantuotannon tulevaisuudesta\n\t<\/h3>\n\t<p>Edustamme sinisi\u00e4 yhteis\u00f6puutarhureita, meriyritt\u00e4ji\u00e4, paikallisia yrityksi\u00e4, yliopistoja, kalastajia ja sidosryhm\u00e4organisaatioita, joita ohjaa yhteinen ihanne ja  tulevaisuuden visio, jossa annamme aina merell\u00e4 tapahtuvan alkutuotantomme kautta enemm\u00e4n takaisin meriluonnolle kuin mit\u00e4 silt\u00e4 otamme. T\u00e4t\u00e4 silm\u00e4ll\u00e4 pit\u00e4en olemme muotoilleet kahdeksan yhteist\u00e4 muutosperiaatetta meren tulevaa uudistavaa vesiviljely\u00e4 ja sadonkorjuuta varten. Periaatteet noudattavat YK:n kest\u00e4v\u00e4n kehityksen tavoitteita, mik\u00e4 tarkoittaa, ett\u00e4 kaikissa uudistavan viljelyn aloitteissa on tasapainotettava ymp\u00e4rist\u00f6n ja sosiaalisen kest\u00e4vyyden n\u00e4k\u00f6kohdat vakaan ja terveen talouden kanssa.<\/p>\n<h3>\n\t\tRegeneratiivisen valtameriviljelyn m\u00e4\u00e4ritelm\u00e4mme\n\t<\/h3>\n\t<p>Ymm\u00e4rr\u00e4mme regeneratiivisen eli uudistavan valtameriviljelyn sy\u00f6t\u00e4vien vesilajien viljelyn\u00e4 siten, ett\u00e4 viljelyll\u00e4 on positiivinen nettovaikutus ymp\u00e4r\u00f6iviin meriekosysteemeihin.<\/p>\n\t<a href=\"https:\/\/coolbluefuture.org\/fi\/pledge\/\" target=\"_self\" role=\"button\" aria-label=\"Tee lupaus merelle\" rel=\"noopener\">\n\t\t\t\t\t\tTee lupaus merelle\n\t\t\t\t\t<\/a>\n<h3>\n\t\tPuitteet uudistuvalle meriviljelylle\n\t<\/h3>\n\t<p>Our friends at C-Faarer have put together a coherent framework to help us all better understand what lies at the core of regenerative ocean farming. Here you will find &#8211; among other exciting stuff &#8211; an overview over the benefits of regenerative ocean farming and regenerative methods.<\/p>\n<p><a href=\"https:\/\/www.c-faarer.eu\/news-and-blog\/conceptual-framework\" target=\"_blank\" rel=\"noopener\">Lue lis\u00e4\u00e4 ja lataa koko asiakirja t\u00e4\u00e4lt\u00e4<\/a><\/p>","protected":false},"excerpt":{"rendered":"<p>Manifesto of regenerative ocean farming 1. We produce food We have given ourselves the primary task of combining aquatic food production with active regeneration of the marine environment. As they grow our crops offer ecosystem services, such as nutrient absorption, increased biodiversity, binding of carbon dioxide, and other forms of mitigation against human-induced environmental harm,&hellip;<\/p>","protected":false},"author":2,"featured_media":0,"parent":0,"menu_order":0,"comment_status":"closed","ping_status":"closed","template":"","meta":{"_acf_changed":false,"footnotes":""},"class_list":["post-41","page","type-page","status-publish","hentry"],"acf":[],"yoast_head":"<!-- This site is optimized with the Yoast SEO plugin v27.2 - https:\/\/yoast.com\/product\/yoast-seo-wordpress\/ -->\n<title>Manifesto - Cool Blue Future<\/title>\n<meta name=\"robots\" content=\"index, follow, max-snippet:-1, max-image-preview:large, max-video-preview:-1\" \/>\n<link rel=\"canonical\" href=\"https:\/\/coolbluefuture.org\/fi\/manifesto\/\" \/>\n<meta property=\"og:locale\" content=\"fi_FI\" \/>\n<meta property=\"og:type\" content=\"article\" \/>\n<meta property=\"og:title\" content=\"Manifesto - Cool Blue Future\" \/>\n<meta property=\"og:description\" content=\"Manifesto of regenerative ocean farming 1. We produce food We have given ourselves the primary task of combining aquatic food production with active regeneration of the marine environment. As they grow our crops offer ecosystem services, such as nutrient absorption, increased biodiversity, binding of carbon dioxide, and other forms of mitigation against human-induced environmental harm,&hellip;\" \/>\n<meta property=\"og:url\" content=\"https:\/\/coolbluefuture.org\/fi\/manifesto\/\" \/>\n<meta property=\"og:site_name\" content=\"Cool Blue Future\" \/>\n<meta property=\"article:modified_time\" content=\"2024-11-05T13:45:19+00:00\" \/>\n<meta property=\"og:image\" content=\"https:\/\/coolbluefuture.org\/wp-content\/uploads\/2024\/02\/cool-blue-future-ocean-underwater-01.jpg\" \/>\n<meta name=\"twitter:card\" content=\"summary_large_image\" \/>\n<meta name=\"twitter:label1\" content=\"Arvioitu lukuaika\" \/>\n\t<meta name=\"twitter:data1\" content=\"5 minuuttia\" \/>\n<script type=\"application\/ld+json\" class=\"yoast-schema-graph\">{\"@context\":\"https:\/\/schema.org\",\"@graph\":[{\"@type\":\"WebPage\",\"@id\":\"https:\/\/coolbluefuture.org\/manifesto\/\",\"url\":\"https:\/\/coolbluefuture.org\/manifesto\/\",\"name\":\"Manifesto - Cool Blue Future\",\"isPartOf\":{\"@id\":\"https:\/\/coolbluefuture.org\/#website\"},\"primaryImageOfPage\":{\"@id\":\"https:\/\/coolbluefuture.org\/manifesto\/#primaryimage\"},\"image\":{\"@id\":\"https:\/\/coolbluefuture.org\/manifesto\/#primaryimage\"},\"thumbnailUrl\":\"https:\/\/coolbluefuture.org\/wp-content\/uploads\/2024\/02\/cool-blue-future-ocean-underwater-01.jpg\",\"datePublished\":\"2024-03-19T08:15:27+00:00\",\"dateModified\":\"2024-11-05T13:45:19+00:00\",\"breadcrumb\":{\"@id\":\"https:\/\/coolbluefuture.org\/manifesto\/#breadcrumb\"},\"inLanguage\":\"fi\",\"potentialAction\":[{\"@type\":\"ReadAction\",\"target\":[\"https:\/\/coolbluefuture.org\/manifesto\/\"]}]},{\"@type\":\"ImageObject\",\"inLanguage\":\"fi\",\"@id\":\"https:\/\/coolbluefuture.org\/manifesto\/#primaryimage\",\"url\":\"https:\/\/coolbluefuture.org\/wp-content\/uploads\/2024\/02\/cool-blue-future-ocean-underwater-01.jpg\",\"contentUrl\":\"https:\/\/coolbluefuture.org\/wp-content\/uploads\/2024\/02\/cool-blue-future-ocean-underwater-01.jpg\"},{\"@type\":\"BreadcrumbList\",\"@id\":\"https:\/\/coolbluefuture.org\/manifesto\/#breadcrumb\",\"itemListElement\":[{\"@type\":\"ListItem\",\"position\":1,\"name\":\"Home\",\"item\":\"https:\/\/coolbluefuture.org\/\"},{\"@type\":\"ListItem\",\"position\":2,\"name\":\"Manifesto\"}]},{\"@type\":\"WebSite\",\"@id\":\"https:\/\/coolbluefuture.org\/#website\",\"url\":\"https:\/\/coolbluefuture.org\/\",\"name\":\"Cool Blue Future\",\"description\":\"A platform for blue community enterprise\",\"potentialAction\":[{\"@type\":\"SearchAction\",\"target\":{\"@type\":\"EntryPoint\",\"urlTemplate\":\"https:\/\/coolbluefuture.org\/?s={search_term_string}\"},\"query-input\":{\"@type\":\"PropertyValueSpecification\",\"valueRequired\":true,\"valueName\":\"search_term_string\"}}],\"inLanguage\":\"fi\"}]}<\/script>\n<!-- \/ Yoast SEO plugin. -->","yoast_head_json":{"title":"Manifesto - Cool Blue Future","robots":{"index":"index","follow":"follow","max-snippet":"max-snippet:-1","max-image-preview":"max-image-preview:large","max-video-preview":"max-video-preview:-1"},"canonical":"https:\/\/coolbluefuture.org\/fi\/manifesto\/","og_locale":"fi_FI","og_type":"article","og_title":"Manifesto - Cool Blue Future","og_description":"Manifesto of regenerative ocean farming 1. We produce food We have given ourselves the primary task of combining aquatic food production with active regeneration of the marine environment. As they grow our crops offer ecosystem services, such as nutrient absorption, increased biodiversity, binding of carbon dioxide, and other forms of mitigation against human-induced environmental harm,&hellip;","og_url":"https:\/\/coolbluefuture.org\/fi\/manifesto\/","og_site_name":"Cool Blue Future","article_modified_time":"2024-11-05T13:45:19+00:00","og_image":[{"url":"https:\/\/coolbluefuture.org\/wp-content\/uploads\/2024\/02\/cool-blue-future-ocean-underwater-01.jpg","type":"","width":"","height":""}],"twitter_card":"summary_large_image","twitter_misc":{"Arvioitu lukuaika":"5 minuuttia"},"schema":{"@context":"https:\/\/schema.org","@graph":[{"@type":"WebPage","@id":"https:\/\/coolbluefuture.org\/manifesto\/","url":"https:\/\/coolbluefuture.org\/manifesto\/","name":"Manifesto - Cool Blue Future","isPartOf":{"@id":"https:\/\/coolbluefuture.org\/#website"},"primaryImageOfPage":{"@id":"https:\/\/coolbluefuture.org\/manifesto\/#primaryimage"},"image":{"@id":"https:\/\/coolbluefuture.org\/manifesto\/#primaryimage"},"thumbnailUrl":"https:\/\/coolbluefuture.org\/wp-content\/uploads\/2024\/02\/cool-blue-future-ocean-underwater-01.jpg","datePublished":"2024-03-19T08:15:27+00:00","dateModified":"2024-11-05T13:45:19+00:00","breadcrumb":{"@id":"https:\/\/coolbluefuture.org\/manifesto\/#breadcrumb"},"inLanguage":"fi","potentialAction":[{"@type":"ReadAction","target":["https:\/\/coolbluefuture.org\/manifesto\/"]}]},{"@type":"ImageObject","inLanguage":"fi","@id":"https:\/\/coolbluefuture.org\/manifesto\/#primaryimage","url":"https:\/\/coolbluefuture.org\/wp-content\/uploads\/2024\/02\/cool-blue-future-ocean-underwater-01.jpg","contentUrl":"https:\/\/coolbluefuture.org\/wp-content\/uploads\/2024\/02\/cool-blue-future-ocean-underwater-01.jpg"},{"@type":"BreadcrumbList","@id":"https:\/\/coolbluefuture.org\/manifesto\/#breadcrumb","itemListElement":[{"@type":"ListItem","position":1,"name":"Home","item":"https:\/\/coolbluefuture.org\/"},{"@type":"ListItem","position":2,"name":"Manifesto"}]},{"@type":"WebSite","@id":"https:\/\/coolbluefuture.org\/#website","url":"https:\/\/coolbluefuture.org\/","name":"Cool Blue Future","description":"A platform for blue community enterprise","potentialAction":[{"@type":"SearchAction","target":{"@type":"EntryPoint","urlTemplate":"https:\/\/coolbluefuture.org\/?s={search_term_string}"},"query-input":{"@type":"PropertyValueSpecification","valueRequired":true,"valueName":"search_term_string"}}],"inLanguage":"fi"}]}},"_links":{"self":[{"href":"https:\/\/coolbluefuture.org\/fi\/wp-json\/wp\/v2\/pages\/41","targetHints":{"allow":["GET"]}}],"collection":[{"href":"https:\/\/coolbluefuture.org\/fi\/wp-json\/wp\/v2\/pages"}],"about":[{"href":"https:\/\/coolbluefuture.org\/fi\/wp-json\/wp\/v2\/types\/page"}],"author":[{"embeddable":true,"href":"https:\/\/coolbluefuture.org\/fi\/wp-json\/wp\/v2\/users\/2"}],"replies":[{"embeddable":true,"href":"https:\/\/coolbluefuture.org\/fi\/wp-json\/wp\/v2\/comments?post=41"}],"version-history":[{"count":0,"href":"https:\/\/coolbluefuture.org\/fi\/wp-json\/wp\/v2\/pages\/41\/revisions"}],"wp:attachment":[{"href":"https:\/\/coolbluefuture.org\/fi\/wp-json\/wp\/v2\/media?parent=41"}],"curies":[{"name":"wp","href":"https:\/\/api.w.org\/{rel}","templated":true}]}}