{"id":44,"date":"2024-03-19T09:15:57","date_gmt":"2024-03-19T08:15:57","guid":{"rendered":"https:\/\/coolbluefuture.org\/?page_id=44"},"modified":"2024-09-22T12:43:28","modified_gmt":"2024-09-22T10:43:28","slug":"country-facilitators","status":"publish","type":"page","link":"https:\/\/coolbluefuture.org\/fi\/country-facilitators\/","title":{"rendered":"Maan fasilitaattorit"},"content":{"rendered":"<h1>\n\t\tMaan fasilitaattorit\n\t<\/h1>\n\t<p>Cool Blue Future perustuu eri puolilla Pohjois-Eurooppaa toimivien maavastaavien verkostoon, jotka ty\u00f6skentelev\u00e4t yksin ja yhdess\u00e4 tasoittaakseen tiet\u00e4 uudistuvalle meriviljelylle, joka perustuu uudistuvaa meriviljely\u00e4 koskevassa manifestissa esitettyihin periaatteisiin.<\/p>\n\t\t\t<a href=\"https:\/\/coolbluefuture.org\/fi\/facilitator\/f-havhost\/\" target=\"_self\" rel=\"noopener\">\n\t\t\t\t\t\t\tTanska: Havh\u00f8st - Ocean Harvest\n\t\t\t\t\t<\/a>\n\t\t\t<a href=\"https:\/\/coolbluefuture.org\/fi\/facilitator\/f-eesti-mereinstituut-tartu-ulikool\/\" target=\"_self\" rel=\"noopener\">\n\t\t\t\t\t\t\tViro: University of Tartu, Estonian Marine Institute\n\t\t\t\t\t<\/a>\n\t\t\t<a href=\"https:\/\/coolbluefuture.org\/fi\/facilitator\/f-aktion-osterbotten\/\" target=\"_self\" rel=\"noopener\">\n\t\t\t\t\t\t\tSuomi\n\t\t\t\t\t<\/a>\n\t\t\t<a href=\"https:\/\/coolbluefuture.org\/fi\/facilitator\/f-le-paysan-marin\/\" target=\"_self\" rel=\"noopener\">\n\t\t\t\t\t\t\tRanska: Le Paysan Marin\n\t\t\t\t\t<\/a>\n\t\t\t<a href=\"https:\/\/coolbluefuture.org\/fi\/facilitator\/f-eucc-die-kusten-union-deutschland\/\" target=\"_self\" rel=\"noopener\">\n\t\t\t\t\t\t\tSaksa: EUCC Deutschland\n\t\t\t\t\t<\/a>\n\t\t\t<a href=\"https:\/\/coolbluefuture.org\/fi\/facilitator\/f-latvijas-hidroekologijas-instituts\/\" target=\"_self\" rel=\"noopener\">\n\t\t\t\t\t\t\tLatvia: Latvian Institute of Aquatic Ecology\n\t\t\t\t\t<\/a>\n\t\t\t<a href=\"https:\/\/coolbluefuture.org\/fi\/facilitator\/f-klaipedos-mokslo-ir-technologiju-parkas-2\/\" target=\"_self\" rel=\"noopener\">\n\t\t\t\t\t\t\tLiettua: Klaipeda Science and Technology Park\n\t\t\t\t\t<\/a>\n\t\t\t<a href=\"https:\/\/coolbluefuture.org\/fi\/facilitator\/f-marinreparatorene\/\" target=\"_self\" rel=\"noopener\">\n\t\t\t\t\t\t\tNorja: Marinreparat\u00f8rene\n\t\t\t\t\t<\/a>\n\t\t\t<a href=\"https:\/\/coolbluefuture.org\/fi\/facilitator\/f-uniwersytet-morski-w-gdyni\/\" target=\"_self\" rel=\"noopener\">\n\t\t\t\t\t\t\tPuola: Gdynia Maritime University\n\t\t\t\t\t<\/a>\n\t\t\t<a href=\"https:\/\/coolbluefuture.org\/fi\/facilitator\/f-centrum-for-hav-och-samhalle-goteborgs-universitet\/\" target=\"_self\" rel=\"noopener\">\n\t\t\t\t\t\t\tRuotsi: Centre for Sea and Society, University of Gothenburg\n\t\t\t\t\t<\/a>\n\t<p>Maakohtaiset fasilitaattorit ovat moninaisia, mutta jokainen heist\u00e4 toimii yhteyspisteen\u00e4 regeneratiiviseen meriviljelyyn liittyviss\u00e4 asioissa omassa maassaan esimerkiksi tukemalla:<\/p>\n<ul>\n<li>- Sinisten yhteis\u00f6puutarhojen muodostaminen<\/li>\n<li>- Kalastajien siirtyminen uudistuvaan meriviljelyyn<\/li>\n<li>- Uusiutuviin viljelykasveihin perustuvat uudet arvoketjut<\/li>\n<li>- Uusiutuvaan meriviljelyyn liittyv\u00e4 koulutustoiminta<\/li>\n<li>Tapahtumat, pr ja viestint\u00e4<\/li>\n<li>Lobbaus ja yhteisty\u00f6 viranomaisten kanssa<\/li>\n<li>- Ymp\u00e4rist\u00f6arvioinnit<\/li>\n<li>- Asianomaisten sidosryhmien verkostot<\/li>\n<\/ul>\n<h3>\n\t\tEik\u00f6 maasi ole luettelossa?\n\t<\/h3>\n\t<p>Oletko utelias, miten organisaatiostasi voi tulla Cool Blue Future -fasilitaattori? Jos haluat lis\u00e4tietoja Cool Blue Futureen liittymisest\u00e4, lataa ja lue oppaamme. Voit my\u00f6s ilmoittaa meille, jos edustat organisaatiota maassa, jossa Cool Blue ei viel\u00e4 ole l\u00e4sn\u00e4.<\/p>\n<p><a href=\"https:\/\/coolbluefuture.org\/wp-content\/uploads\/2024\/06\/Facilitator.pdf\">Lataa opas (PDF)<\/a><\/p>","protected":false},"excerpt":{"rendered":"<p>Country facilitators Cool Blue Future is based on a network of country facilitators across Northern Europe working individually and together to pave the way for regenerative ocean cultivation based on the principles outlined in the Manifesto for regenerative ocean farming. Denmark: Havh\u00f8st Estonia: University of Tartu, Estonian Marine Institute Finland: Aktion \u00d6sterbotten France: Le Paysan&hellip;<\/p>","protected":false},"author":2,"featured_media":0,"parent":0,"menu_order":0,"comment_status":"closed","ping_status":"closed","template":"","meta":{"_acf_changed":false,"footnotes":""},"class_list":["post-44","page","type-page","status-publish","hentry"],"acf":[],"yoast_head":"<!-- This site is optimized with the Yoast SEO plugin v27.2 - https:\/\/yoast.com\/product\/yoast-seo-wordpress\/ -->\n<title>Country facilitators - Cool Blue Future<\/title>\n<meta name=\"robots\" content=\"index, follow, max-snippet:-1, max-image-preview:large, max-video-preview:-1\" \/>\n<link rel=\"canonical\" href=\"https:\/\/coolbluefuture.org\/fi\/country-facilitators\/\" \/>\n<meta property=\"og:locale\" content=\"fi_FI\" \/>\n<meta property=\"og:type\" content=\"article\" \/>\n<meta property=\"og:title\" content=\"Country facilitators - Cool Blue Future\" \/>\n<meta property=\"og:description\" content=\"Country facilitators Cool Blue Future is based on a network of country facilitators across Northern Europe working individually and together to pave the way for regenerative ocean cultivation based on the principles outlined in the Manifesto for regenerative ocean farming. Denmark: Havh\u00f8st Estonia: University of Tartu, Estonian Marine Institute Finland: Aktion \u00d6sterbotten France: Le Paysan&hellip;\" \/>\n<meta property=\"og:url\" content=\"https:\/\/coolbluefuture.org\/fi\/country-facilitators\/\" \/>\n<meta property=\"og:site_name\" content=\"Cool Blue Future\" \/>\n<meta property=\"article:modified_time\" content=\"2024-09-22T10:43:28+00:00\" \/>\n<meta property=\"og:image\" content=\"https:\/\/coolbluefuture.org\/wp-content\/uploads\/2024\/06\/cbf-social-share.jpg\" \/>\n\t<meta property=\"og:image:width\" content=\"1200\" \/>\n\t<meta property=\"og:image:height\" content=\"675\" \/>\n\t<meta property=\"og:image:type\" content=\"image\/jpeg\" \/>\n<meta name=\"twitter:card\" content=\"summary_large_image\" \/>\n<meta name=\"twitter:label1\" content=\"Arvioitu lukuaika\" \/>\n\t<meta name=\"twitter:data1\" content=\"1 minuutti\" \/>\n<script type=\"application\/ld+json\" class=\"yoast-schema-graph\">{\"@context\":\"https:\/\/schema.org\",\"@graph\":[{\"@type\":\"WebPage\",\"@id\":\"https:\/\/coolbluefuture.org\/country-facilitators\/\",\"url\":\"https:\/\/coolbluefuture.org\/country-facilitators\/\",\"name\":\"Country facilitators - Cool Blue Future\",\"isPartOf\":{\"@id\":\"https:\/\/coolbluefuture.org\/#website\"},\"datePublished\":\"2024-03-19T08:15:57+00:00\",\"dateModified\":\"2024-09-22T10:43:28+00:00\",\"breadcrumb\":{\"@id\":\"https:\/\/coolbluefuture.org\/country-facilitators\/#breadcrumb\"},\"inLanguage\":\"fi\",\"potentialAction\":[{\"@type\":\"ReadAction\",\"target\":[\"https:\/\/coolbluefuture.org\/country-facilitators\/\"]}]},{\"@type\":\"BreadcrumbList\",\"@id\":\"https:\/\/coolbluefuture.org\/country-facilitators\/#breadcrumb\",\"itemListElement\":[{\"@type\":\"ListItem\",\"position\":1,\"name\":\"Home\",\"item\":\"https:\/\/coolbluefuture.org\/\"},{\"@type\":\"ListItem\",\"position\":2,\"name\":\"Country facilitators\"}]},{\"@type\":\"WebSite\",\"@id\":\"https:\/\/coolbluefuture.org\/#website\",\"url\":\"https:\/\/coolbluefuture.org\/\",\"name\":\"Cool Blue Future\",\"description\":\"A platform for blue community enterprise\",\"potentialAction\":[{\"@type\":\"SearchAction\",\"target\":{\"@type\":\"EntryPoint\",\"urlTemplate\":\"https:\/\/coolbluefuture.org\/?s={search_term_string}\"},\"query-input\":{\"@type\":\"PropertyValueSpecification\",\"valueRequired\":true,\"valueName\":\"search_term_string\"}}],\"inLanguage\":\"fi\"}]}<\/script>\n<!-- \/ Yoast SEO plugin. -->","yoast_head_json":{"title":"Country facilitators - Cool Blue Future","robots":{"index":"index","follow":"follow","max-snippet":"max-snippet:-1","max-image-preview":"max-image-preview:large","max-video-preview":"max-video-preview:-1"},"canonical":"https:\/\/coolbluefuture.org\/fi\/country-facilitators\/","og_locale":"fi_FI","og_type":"article","og_title":"Country facilitators - Cool Blue Future","og_description":"Country facilitators Cool Blue Future is based on a network of country facilitators across Northern Europe working individually and together to pave the way for regenerative ocean cultivation based on the principles outlined in the Manifesto for regenerative ocean farming. Denmark: Havh\u00f8st Estonia: University of Tartu, Estonian Marine Institute Finland: Aktion \u00d6sterbotten France: Le Paysan&hellip;","og_url":"https:\/\/coolbluefuture.org\/fi\/country-facilitators\/","og_site_name":"Cool Blue Future","article_modified_time":"2024-09-22T10:43:28+00:00","og_image":[{"width":1200,"height":675,"url":"https:\/\/coolbluefuture.org\/wp-content\/uploads\/2024\/06\/cbf-social-share.jpg","type":"image\/jpeg"}],"twitter_card":"summary_large_image","twitter_misc":{"Arvioitu lukuaika":"1 minuutti"},"schema":{"@context":"https:\/\/schema.org","@graph":[{"@type":"WebPage","@id":"https:\/\/coolbluefuture.org\/country-facilitators\/","url":"https:\/\/coolbluefuture.org\/country-facilitators\/","name":"Country facilitators - Cool Blue Future","isPartOf":{"@id":"https:\/\/coolbluefuture.org\/#website"},"datePublished":"2024-03-19T08:15:57+00:00","dateModified":"2024-09-22T10:43:28+00:00","breadcrumb":{"@id":"https:\/\/coolbluefuture.org\/country-facilitators\/#breadcrumb"},"inLanguage":"fi","potentialAction":[{"@type":"ReadAction","target":["https:\/\/coolbluefuture.org\/country-facilitators\/"]}]},{"@type":"BreadcrumbList","@id":"https:\/\/coolbluefuture.org\/country-facilitators\/#breadcrumb","itemListElement":[{"@type":"ListItem","position":1,"name":"Home","item":"https:\/\/coolbluefuture.org\/"},{"@type":"ListItem","position":2,"name":"Country facilitators"}]},{"@type":"WebSite","@id":"https:\/\/coolbluefuture.org\/#website","url":"https:\/\/coolbluefuture.org\/","name":"Cool Blue Future","description":"A platform for blue community enterprise","potentialAction":[{"@type":"SearchAction","target":{"@type":"EntryPoint","urlTemplate":"https:\/\/coolbluefuture.org\/?s={search_term_string}"},"query-input":{"@type":"PropertyValueSpecification","valueRequired":true,"valueName":"search_term_string"}}],"inLanguage":"fi"}]}},"_links":{"self":[{"href":"https:\/\/coolbluefuture.org\/fi\/wp-json\/wp\/v2\/pages\/44","targetHints":{"allow":["GET"]}}],"collection":[{"href":"https:\/\/coolbluefuture.org\/fi\/wp-json\/wp\/v2\/pages"}],"about":[{"href":"https:\/\/coolbluefuture.org\/fi\/wp-json\/wp\/v2\/types\/page"}],"author":[{"embeddable":true,"href":"https:\/\/coolbluefuture.org\/fi\/wp-json\/wp\/v2\/users\/2"}],"replies":[{"embeddable":true,"href":"https:\/\/coolbluefuture.org\/fi\/wp-json\/wp\/v2\/comments?post=44"}],"version-history":[{"count":0,"href":"https:\/\/coolbluefuture.org\/fi\/wp-json\/wp\/v2\/pages\/44\/revisions"}],"wp:attachment":[{"href":"https:\/\/coolbluefuture.org\/fi\/wp-json\/wp\/v2\/media?parent=44"}],"curies":[{"name":"wp","href":"https:\/\/api.w.org\/{rel}","templated":true}]}}