{"id":599,"date":"2024-10-03T17:21:24","date_gmt":"2024-10-03T15:21:24","guid":{"rendered":"https:\/\/coolbluefuture.org\/?page_id=599"},"modified":"2024-10-03T17:31:03","modified_gmt":"2024-10-03T15:31:03","slug":"thomas-from-vejle-fjordhave","status":"publish","type":"page","link":"https:\/\/coolbluefuture.org\/fi\/meet-the-farmers\/thomas-from-vejle-fjordhave\/","title":{"rendered":"Thomas from Vejle Fjordhave"},"content":{"rendered":"<h1>\n\t\tThomas Veljefjordin meripuutarhasta (Tanska)\n\t<\/h1>\n\t<p>Thomas was one of the founders of Denmark&#8217;s seventh blue community garden: Vejle Fjordhave. Vejle Fjord has major problems with oxygen depletion, and the local community farmers have found a way to combine voluntary work for the health of the sea with an active blue outdoor life &#8211; and bellies full of fresh mussels.<\/p>\n\t\n\n\n<div class=\"fl-builder-content fl-builder-content-605 fl-builder-template fl-builder-module-template fl-builder-global-templates-locked\" data-post-id=\"605\"><div class=\"fl-module fl-module-pp-video fl-node-nriztu6f8loy\" data-node=\"nriztu6f8loy\">\n\t<div class=\"fl-module-content fl-node-content\">\n\t\t\n<div class=\"pp-video-wrapper pp-video-source-youtube pp-aspect-ratio-169\">\n\t\t<div class=\"pp-fit-aspect-ratio\">\n\t<iframe class=\"pp-video-iframe\" allowfullscreen allow=\"autoplay\" data-src=\"https:\/\/www.youtube-nocookie.com\/embed\/P6_zSTJKStI?feature=oembed&amp;start&amp;end&amp;wmode=opaque&amp;loop=0&amp;controls=1&amp;mute=0&amp;rel=0&amp;modestbranding=1\"><\/iframe>\t\t<div class=\"pp-video-image-overlay\" style=\"background-image: url(https:\/\/coolbluefuture.org\/wp-content\/uploads\/2024\/06\/vejle-fjordhave-cover2.jpg);\">\n\t\t\t\t\t\t\t\t\t\t<div class=\"pp-video-play-icon\" role=\"button\" tabindex=\"0\">\n\t\t\t\t\t<svg version=\"1.1\" xmlns=\"http:\/\/www.w3.org\/2000\/svg\" xmlns:xlink=\"http:\/\/www.w3.org\/1999\/xlink\" x=\"0px\" y=\"0px\"\r\n\t viewbox=\"0 0 415.346 415.346\" xml:space=\"preserve\" aria-hidden=\"true\">\r\n\t<g>\r\n\t\t<path d=\"M41.712,415.346c-11.763,0-21.3-9.537-21.3-21.3V21.299C20.412,9.536,29.949,0,41.712,0l346.122,191.697\t\t\tc0,0,15.975,15.975,0,31.951C371.859,239.622,41.712,415.346,41.712,415.346z\"\/>\r\n\t<\/g>\r\n<\/svg>\r\n\t\t\t\t\t<span class=\"pp-screen-only\">Play Video<\/span>\n\t\t\t\t<\/div>\n\t\t\t\t\t<\/div>\n\t\t<\/div>\n<\/div>\n\n\t<\/div>\n<\/div>\n<\/div>\n\n\n\n\n\n\n\n\n\n\t<a href=\"https:\/\/coolbluefuture.org\/fi\/meet-the-farmers\/\" target=\"_self\" role=\"button\" aria-label=\"Tutustu muihin meriviljelij\u00f6ihin\" rel=\"noopener\">\n\t\t\t\t\t\tTutustu muihin meriviljelij\u00f6ihin\n\t\t\t\t\t<\/a>\n\t<p><a href=\"https:\/\/www.greenwave.org\/who-farms-matters\" target=\"_blank\" rel=\"noopener\">Tapaa lis\u00e4\u00e4 meriviljelij\u00f6it\u00e4<\/a> Yst\u00e4viemme GreenWave-yhti\u00f6ss\u00e4.<\/p>","protected":false},"excerpt":{"rendered":"<p>Thomas from Vejle Fjordhave (Denmark) Thomas was one of the founders of Denmark&#8217;s seventh blue community garden: Vejle Fjordhave. Vejle Fjord has major problems with oxygen depletion, and the local community farmers have found a way to combine voluntary work for the health of the sea with an active blue outdoor life &#8211; and bellies&hellip;<\/p>","protected":false},"author":2,"featured_media":0,"parent":363,"menu_order":0,"comment_status":"closed","ping_status":"closed","template":"","meta":{"_acf_changed":false,"footnotes":""},"class_list":["post-599","page","type-page","status-publish","hentry"],"acf":[],"yoast_head":"<!-- This site is optimized with the Yoast SEO plugin v27.4 - https:\/\/yoast.com\/product\/yoast-seo-wordpress\/ -->\n<title>Thomas from Vejle Fjordhave - Cool Blue Future<\/title>\n<meta name=\"robots\" content=\"index, follow, max-snippet:-1, max-image-preview:large, max-video-preview:-1\" \/>\n<link rel=\"canonical\" href=\"https:\/\/coolbluefuture.org\/fi\/meet-the-farmers\/thomas-from-vejle-fjordhave\/\" \/>\n<meta property=\"og:locale\" content=\"fi_FI\" \/>\n<meta property=\"og:type\" content=\"article\" \/>\n<meta property=\"og:title\" content=\"Thomas from Vejle Fjordhave - Cool Blue Future\" \/>\n<meta property=\"og:description\" content=\"Thomas from Vejle Fjordhave (Denmark) Thomas was one of the founders of Denmark&#8217;s seventh blue community garden: Vejle Fjordhave. Vejle Fjord has major problems with oxygen depletion, and the local community farmers have found a way to combine voluntary work for the health of the sea with an active blue outdoor life &#8211; and bellies&hellip;\" \/>\n<meta property=\"og:url\" content=\"https:\/\/coolbluefuture.org\/fi\/meet-the-farmers\/thomas-from-vejle-fjordhave\/\" \/>\n<meta property=\"og:site_name\" content=\"Cool Blue Future\" \/>\n<meta property=\"article:modified_time\" content=\"2024-10-03T15:31:03+00:00\" \/>\n<meta property=\"og:image\" content=\"https:\/\/coolbluefuture.org\/wp-content\/uploads\/2024\/06\/cbf-social-share.jpg\" \/>\n\t<meta property=\"og:image:width\" content=\"1200\" \/>\n\t<meta property=\"og:image:height\" content=\"675\" \/>\n\t<meta property=\"og:image:type\" content=\"image\/jpeg\" \/>\n<meta name=\"twitter:card\" content=\"summary_large_image\" \/>\n<meta name=\"twitter:label1\" content=\"Arvioitu lukuaika\" \/>\n\t<meta name=\"twitter:data1\" content=\"1 minuutti\" \/>\n<script type=\"application\/ld+json\" class=\"yoast-schema-graph\">{\"@context\":\"https:\\\/\\\/schema.org\",\"@graph\":[{\"@type\":\"WebPage\",\"@id\":\"https:\\\/\\\/coolbluefuture.org\\\/meet-the-farmers\\\/thomas-from-vejle-fjordhave\\\/\",\"url\":\"https:\\\/\\\/coolbluefuture.org\\\/meet-the-farmers\\\/thomas-from-vejle-fjordhave\\\/\",\"name\":\"Thomas from Vejle Fjordhave - Cool Blue Future\",\"isPartOf\":{\"@id\":\"https:\\\/\\\/coolbluefuture.org\\\/#website\"},\"datePublished\":\"2024-10-03T15:21:24+00:00\",\"dateModified\":\"2024-10-03T15:31:03+00:00\",\"breadcrumb\":{\"@id\":\"https:\\\/\\\/coolbluefuture.org\\\/meet-the-farmers\\\/thomas-from-vejle-fjordhave\\\/#breadcrumb\"},\"inLanguage\":\"fi\",\"potentialAction\":[{\"@type\":\"ReadAction\",\"target\":[\"https:\\\/\\\/coolbluefuture.org\\\/meet-the-farmers\\\/thomas-from-vejle-fjordhave\\\/\"]}]},{\"@type\":\"BreadcrumbList\",\"@id\":\"https:\\\/\\\/coolbluefuture.org\\\/meet-the-farmers\\\/thomas-from-vejle-fjordhave\\\/#breadcrumb\",\"itemListElement\":[{\"@type\":\"ListItem\",\"position\":1,\"name\":\"Home\",\"item\":\"https:\\\/\\\/coolbluefuture.org\\\/\"},{\"@type\":\"ListItem\",\"position\":2,\"name\":\"Meet the farmers\",\"item\":\"https:\\\/\\\/coolbluefuture.org\\\/meet-the-farmers\\\/\"},{\"@type\":\"ListItem\",\"position\":3,\"name\":\"Thomas from Vejle Fjordhave\"}]},{\"@type\":\"WebSite\",\"@id\":\"https:\\\/\\\/coolbluefuture.org\\\/#website\",\"url\":\"https:\\\/\\\/coolbluefuture.org\\\/\",\"name\":\"Cool Blue Future\",\"description\":\"A platform for blue community enterprise\",\"potentialAction\":[{\"@type\":\"SearchAction\",\"target\":{\"@type\":\"EntryPoint\",\"urlTemplate\":\"https:\\\/\\\/coolbluefuture.org\\\/?s={search_term_string}\"},\"query-input\":{\"@type\":\"PropertyValueSpecification\",\"valueRequired\":true,\"valueName\":\"search_term_string\"}}],\"inLanguage\":\"fi\"}]}<\/script>\n<!-- \/ Yoast SEO plugin. -->","yoast_head_json":{"title":"Thomas from Vejle Fjordhave - Cool Blue Future","robots":{"index":"index","follow":"follow","max-snippet":"max-snippet:-1","max-image-preview":"max-image-preview:large","max-video-preview":"max-video-preview:-1"},"canonical":"https:\/\/coolbluefuture.org\/fi\/meet-the-farmers\/thomas-from-vejle-fjordhave\/","og_locale":"fi_FI","og_type":"article","og_title":"Thomas from Vejle Fjordhave - Cool Blue Future","og_description":"Thomas from Vejle Fjordhave (Denmark) Thomas was one of the founders of Denmark&#8217;s seventh blue community garden: Vejle Fjordhave. Vejle Fjord has major problems with oxygen depletion, and the local community farmers have found a way to combine voluntary work for the health of the sea with an active blue outdoor life &#8211; and bellies&hellip;","og_url":"https:\/\/coolbluefuture.org\/fi\/meet-the-farmers\/thomas-from-vejle-fjordhave\/","og_site_name":"Cool Blue Future","article_modified_time":"2024-10-03T15:31:03+00:00","og_image":[{"width":1200,"height":675,"url":"https:\/\/coolbluefuture.org\/wp-content\/uploads\/2024\/06\/cbf-social-share.jpg","type":"image\/jpeg"}],"twitter_card":"summary_large_image","twitter_misc":{"Arvioitu lukuaika":"1 minuutti"},"schema":{"@context":"https:\/\/schema.org","@graph":[{"@type":"WebPage","@id":"https:\/\/coolbluefuture.org\/meet-the-farmers\/thomas-from-vejle-fjordhave\/","url":"https:\/\/coolbluefuture.org\/meet-the-farmers\/thomas-from-vejle-fjordhave\/","name":"Thomas from Vejle Fjordhave - Cool Blue Future","isPartOf":{"@id":"https:\/\/coolbluefuture.org\/#website"},"datePublished":"2024-10-03T15:21:24+00:00","dateModified":"2024-10-03T15:31:03+00:00","breadcrumb":{"@id":"https:\/\/coolbluefuture.org\/meet-the-farmers\/thomas-from-vejle-fjordhave\/#breadcrumb"},"inLanguage":"fi","potentialAction":[{"@type":"ReadAction","target":["https:\/\/coolbluefuture.org\/meet-the-farmers\/thomas-from-vejle-fjordhave\/"]}]},{"@type":"BreadcrumbList","@id":"https:\/\/coolbluefuture.org\/meet-the-farmers\/thomas-from-vejle-fjordhave\/#breadcrumb","itemListElement":[{"@type":"ListItem","position":1,"name":"Home","item":"https:\/\/coolbluefuture.org\/"},{"@type":"ListItem","position":2,"name":"Meet the farmers","item":"https:\/\/coolbluefuture.org\/meet-the-farmers\/"},{"@type":"ListItem","position":3,"name":"Thomas from Vejle Fjordhave"}]},{"@type":"WebSite","@id":"https:\/\/coolbluefuture.org\/#website","url":"https:\/\/coolbluefuture.org\/","name":"Cool Blue Future","description":"A platform for blue community enterprise","potentialAction":[{"@type":"SearchAction","target":{"@type":"EntryPoint","urlTemplate":"https:\/\/coolbluefuture.org\/?s={search_term_string}"},"query-input":{"@type":"PropertyValueSpecification","valueRequired":true,"valueName":"search_term_string"}}],"inLanguage":"fi"}]}},"_links":{"self":[{"href":"https:\/\/coolbluefuture.org\/fi\/wp-json\/wp\/v2\/pages\/599","targetHints":{"allow":["GET"]}}],"collection":[{"href":"https:\/\/coolbluefuture.org\/fi\/wp-json\/wp\/v2\/pages"}],"about":[{"href":"https:\/\/coolbluefuture.org\/fi\/wp-json\/wp\/v2\/types\/page"}],"author":[{"embeddable":true,"href":"https:\/\/coolbluefuture.org\/fi\/wp-json\/wp\/v2\/users\/2"}],"replies":[{"embeddable":true,"href":"https:\/\/coolbluefuture.org\/fi\/wp-json\/wp\/v2\/comments?post=599"}],"version-history":[{"count":0,"href":"https:\/\/coolbluefuture.org\/fi\/wp-json\/wp\/v2\/pages\/599\/revisions"}],"up":[{"embeddable":true,"href":"https:\/\/coolbluefuture.org\/fi\/wp-json\/wp\/v2\/pages\/363"}],"wp:attachment":[{"href":"https:\/\/coolbluefuture.org\/fi\/wp-json\/wp\/v2\/media?parent=599"}],"curies":[{"name":"wp","href":"https:\/\/api.w.org\/{rel}","templated":true}]}}