{"id":41,"date":"2024-03-19T09:15:27","date_gmt":"2024-03-19T08:15:27","guid":{"rendered":"https:\/\/coolbluefuture.org\/?page_id=41"},"modified":"2024-11-05T14:45:19","modified_gmt":"2024-11-05T13:45:19","slug":"manifesto","status":"publish","type":"page","link":"https:\/\/coolbluefuture.org\/fr\/manifesto\/","title":{"rendered":"Manifeste"},"content":{"rendered":"<h1>\n\t\tManifeste de l'aquaculture marine r\u00e9g\u00e9n\u00e9ratrice\n\t<\/h1>\n\t\t\t\t\t\t\t<h3>1. Nous produisons de la nourriture<\/h3>\n\t\t\t\t\t\t\t<p>Nous nous sommes donn\u00e9s pour t\u00e2che principale de combiner la production\nalimentaire aquatique avec la r\u00e9g\u00e9n\u00e9ration active de l\u2019environnement marin.\nEn grandissant, nos cultures offrent des services \u00e9cosyst\u00e9miques, tels que\nl\u2019absorption des nutriments, l\u2019augmentation de la biodiversit\u00e9, la fixation du\ndioxyde de carbone et d\u2019autres formes d\u2019att\u00e9nuation des dommages\nenvironnementaux caus\u00e9s par l\u2019Homme, mais pour nous, ces services sont\ntoujours directement li\u00e9s \u00e0 la culture de la nourriture ainsi qu\u2019aux\nnombreuses autres utilisations pratiques de nos r\u00e9coltes.<\/p>\t\t\t\t\t\t\t\t\t\t\t\t\t\n\t\t\t\t\t\t\t<h3>2. We cultivate on the ecosystems&#8217; own terms<\/h3>\n\t\t\t\t\t\t\t<p>Notre mode de culture est bas\u00e9 sur les ressources existantes qui sont natives de\nnos zones de culture. Nous n\u2019utilisons ni engrais, ni produits pharmaceutiques, ni aucune m\u00e9thode artificielle de lutte contre les v\u00e9g\u00e9taux ind\u00e9sirables ou les ravageurs. Nous n\u2019ajoutons rien \u00e0 l\u2019environnement marin \u00e0 part\nl\u2019\u00e9quipement de culture n\u00e9cessaire \u00e0 la croissance de nos cultures, et nous\ncultivons exclusivement des esp\u00e8ces indig\u00e8nes afin de soutenir la diversit\u00e9\ng\u00e9n\u00e9tique locale.<\/p>\t\t\t\t\t\t\t\t\t\t\t\t\t\n\t\t\t\t\t\t\t<h3>3. Nous cultivons de mani\u00e8re multi-trophique<\/h3>\n\t\t\t\t\t\t\t<p>Nous visons \u00e0 cultiver simultan\u00e9ment plusieurs esp\u00e8ces diff\u00e9rentes qui\ns\u2019offrent des b\u00e9n\u00e9fices mutuels. En embrassant la culture multi-trophique\ncomme id\u00e9al, nous cherchons \u00e0 contrecarrer la monoculture et \u00e0 contribuer\nactivement \u00e0 favoriser un oc\u00e9an sain avec une biodiversit\u00e9 biologique riche.\nNotre approche met l\u2019accent sur l\u2019interconnexion entre diff\u00e9rentes esp\u00e8ces\net niveaux trophiques pour cr\u00e9er des \u00e9cosyst\u00e8mes marins plus durables\net r\u00e9silients.<\/p>\t\t\t\t\t\t\t\t\t\t\t\t\t\n\t\t\t\t\t\t\t<h3>4. Nous controns le changement climatique<\/h3>\n\t\t\t\t\t\t\t<p>Notre mode de culture soutient la d\u00e9carbonisation des syst\u00e8mes alimentaires en\nrendant disponibles aux consommateurs des ingr\u00e9dients de haute qualit\u00e9\net respectueux du climat, rempla\u00e7ant ainsi des produits alimentaires \u00e0 forte\nempreinte carbone par des alternatives moins \u00e9mettrices. Nous veillons \u00e0 ce\nque toutes les parties de notre cycle de production soient planifi\u00e9es selon\nun objectif de faible \u00e9mission et nous visons \u00e0 vendre autant que possible\npar circuits courts.<\/p>\t\t\t\t\t\t\t\t\t\t\t\t\t\n\t\t\t\t\t\t\t<h3>5. Nous cr\u00e9ons des mod\u00e8les \u00e9conomiques robustes<\/h3>\n\t\t\t\t\t\t\t<p>Nous combinons, lorsque cela est possible, notre culture r\u00e9g\u00e9n\u00e9ratrice\navec d\u2019autres activit\u00e9s g\u00e9n\u00e9ratrices de revenus telles que la p\u00eache \u00e0 faible\nimpact, la transformation, la diffusion, l\u2019\u00e9ducation et le tourisme r\u00e9g\u00e9n\u00e9ratif.\nCette approche permet des mod\u00e8les \u00e9conomiques plus robustes, augmente\nla cr\u00e9ation de valeur locale et contribue \u00e0 s\u00e9curiser l\u2019emploi local et donc\nl\u2019avenir de nos communaut\u00e9s c\u00f4ti\u00e8res.<\/p>\t\t\t\t\t\t\t\t\t\t\t\t\t\n\t\t\t\t\t\t\t<h3>6. Nous participons activement \u00e0 la vie de nos communaut\u00e9s<\/h3>\n\t\t\t\t\t\t\t<p>Nous favorisons notre enracinement dans les communaut\u00e9s entourant\nnotre culture. Nous visons le plus grand march\u00e9 local possible pour nos\nproduits, et nous nous effor\u00e7ons de collaborer avec, d\u2019apprendre de, et de\ncontribuer \u00e0 la construction de connaissances parmi les r\u00e9sidents locaux,\nles entreprises, les \u00e9coles et la soci\u00e9t\u00e9 civile en g\u00e9n\u00e9ral. Nous nous engageons activement dans nos communaut\u00e9s et promouvons l\u2019\u00e9ducation\noc\u00e9anique et la pens\u00e9e r\u00e9g\u00e9n\u00e9rative dans les domaines o\u00f9 elle n\u2019a pas\nencore gagn\u00e9 une acceptation g\u00e9n\u00e9ralis\u00e9e.<\/p>\t\t\t\t\t\t\t\t\t\t\t\t\t\n\t\t\t\t\t\t\t<h3>7. Nous nous d\u00e9veloppons horizontalement plut\u00f4t que verticalement<\/h3>\n\t\t\t\t\t\t\t<p>En consid\u00e9ration de l\u2019environnement marin et en raison de notre ambition\nd\u2019assurer la cr\u00e9ation de valeur locale, nous travaillons \u00e0 l\u2019\u00e9tablissement de\npetits sites de culture en grand nombre, \u00e9vitant la culture \u00e0 grande \u00e9chelle\net le risque d\u2019impact n\u00e9gatif sur les environnements marins locaux que cela\npeut entra\u00eener. En ayant comme voie \u00e9volutive le d\u00e9veloppement horizontal,\nnous cherchons \u00e0 r\u00e9aliser des \u00e9conomies d\u2019\u00e9chelle en partageant les\ninfrastructures et en combinant la biomasse pour r\u00e9duire les co\u00fbts et\nacc\u00e9der \u00e0 de nouveaux march\u00e9s.<\/p>\t\t\t\t\t\t\t\t\t\t\t\t\t\n\t\t\t\t\t\t\t<h3>8. Nous nous appuyons sur la connaissance<\/h3>\n\t\t\t\t\t\t\t<p>Notre compr\u00e9hension de l\u2019environnement marin et de ses ressources est\nbas\u00e9e sur les connaissances et les approches scientifiques tant dans la\ncollecte de donn\u00e9es que de la prise de d\u00e9cision inform\u00e9e.\nNous collaborons donc volontiers avec des institutions de la connaissance\nqui peuvent nous aider \u00e0 surveiller l\u2019environnement marin, ajuster\ncontinuellement notre trajectoire et faire les bons choix.\nNous partageons g\u00e9n\u00e9reusement nos connaissances afin que l\u2019approche\nr\u00e9g\u00e9n\u00e9rative puisse se r\u00e9pandre davantage \u00e0 travers les communaut\u00e9s\nlocales et dans le monde entier, dont nous faisons partie et dont nous\nvoulons \u00eatre des mod\u00e8les.<\/p>\t\t\t\t\t\t\t\t\t\t\t\t\t\n\t<a href=\"https:\/\/coolbluefuture.org\/fr\/pledge\/\" target=\"_self\" role=\"button\" aria-label=\"Faites un plaidoyer pour l&#039;oc\u00e9an\" rel=\"noopener\">\n\t\t\t\t\t\tFaites un plaidoyer pour l'oc\u00e9an\n\t\t\t\t\t<\/a>\n\t\t\t\t<img loading=\"lazy\" decoding=\"async\" src=\"https:\/\/coolbluefuture.org\/wp-content\/uploads\/2024\/02\/cool-blue-future-ocean-underwater-01.jpg\" alt=\"cool-blue-future-ocean-underwater-01\" itemprop=\"image\" height=\"1366\" width=\"2048\" title=\"cool-blue-future-ocean-underwater-01\" onerror=\"this.style.display='none'\"  \/>\n\t<a href=\"https:\/\/coolbluefuture.org\/wp-content\/uploads\/2024\/08\/Manifest_French.pdf\" target=\"_self\" role=\"button\" download=\"Manifest_EN.pdf\" aria-label=\"Telechargez le manifeste\" rel=\"noopener\">\n\t\t\t\t\t\tTelechargez le manifeste\n\t\t\t<\/a>\n<h2>\n\t\tDerri\u00e8re le Manifeste\n\t<\/h2>\n<h3>\n\t\tContexte du manifeste\n\t<\/h3>\n\t<p>Les multiples pressions humaines, telles que le rejet de nutriments, la\ndestruction des habitats, l\u2019acidification des oc\u00e9ans et la surexploitation\ndes stocks de poissons sauvages, dure depuis bien trop longtemps.\nLe futur appelle \u00e0 une production alimentaire marine qui va de pair avec la\nrestauration active des \u00e9cosyst\u00e8mes oc\u00e9aniques d\u00e9grad\u00e9s et qui prend\ncomme point de d\u00e9part que les humains existent en tant que partie de la\nnature dans un r\u00e9seau inextricable et complexe de relations. Nous avons\nd\u00e9pass\u00e9 le point o\u00f9 causer le moins de d\u00e9g\u00e2ts possible est suffisant. La\nlogique m\u00eame de la production alimentaire marine doit \u00eatre invers\u00e9e.\nL\u2019impact n\u00e9gatif n\u2019est plus acceptable. Le z\u00e9ro impact n\u2019est plus suffisant.<\/p>\n<h3>\n\t\tNotre vision du futur de la production\nalimentaire marine\n\t<\/h3>\n\t<p>Nous sommes des cr\u00e9ateurs de jardins communautaires bleus, des\nentrepreneurs marins, des entreprises locales, des universit\u00e9s, des p\u00eacheurs\net des organisations de parties prenantes avec un id\u00e9al commun qui nous\nguide et une vision unificatrice pour le futur,, o\u00f9 \u00e0 tout moment, gr\u00e2ce \u00e0 notre\nproduction en mer, nous donnons plus \u00e0 la nature marine que nous ne\nprenons. Avec cela \u00e0 l\u2019esprit, nous avons formul\u00e9 huit principes transformateurs partag\u00e9s pour le futur de la cultivation et des r\u00e9coltes r\u00e9g\u00e9n\u00e9ratives\ndes cultures marines. Les principes adh\u00e8rent aux objectifs de d\u00e9veloppement\ndurable de l\u2019ONU, ce qui signifie que toute initiative de culture r\u00e9g\u00e9n\u00e9rative\ndoit \u00e9quilibrer les consid\u00e9rations entre la durabilit\u00e9 environnementale et\nsociale dans le contexte d\u2019une \u00e9conomie saine et en bonne sant\u00e9.<\/p>\n<h3>\n\t\tNotre d\u00e9finition de l'aquaculture marine r\u00e9g\u00e9n\u00e9ratrice\n\t<\/h3>\n\t<p>Nous comprenons l\u2019aquaculture marine r\u00e9g\u00e9n\u00e9ratrice comme la culture\nd\u2019esp\u00e8ces aquatiques comestibles de mani\u00e8re \u00e0 ce que l\u2019agriculture ait un\nimpact net positif global sur les \u00e9cosyst\u00e8mes marins environnants.<\/p>\n\t<a href=\"https:\/\/coolbluefuture.org\/fr\/pledge\/\" target=\"_self\" role=\"button\" aria-label=\"Faites un plaidoyer pour l&#039;oc\u00e9an\" rel=\"noopener\">\n\t\t\t\t\t\tFaites un plaidoyer pour l'oc\u00e9an\n\t\t\t\t\t<\/a>\n<h3>\n\t\tUn cadre pour l'aquaculture marine r\u00e9g\u00e9n\u00e9ratrice\n\t<\/h3>\n\t<p>Our friends at C-Faarer have put together a coherent framework to help us all better understand what lies at the core of regenerative ocean farming. Here you will find &#8211; among other exciting stuff &#8211; an overview over the benefits of regenerative ocean farming and regenerative methods.<\/p>\n<p><a href=\"https:\/\/www.c-faarer.eu\/news-and-blog\/conceptual-framework\" target=\"_blank\" rel=\"noopener\">Lisez plus et t\u00e9l\u00e9chargez le document complet ici<\/a><\/p>","protected":false},"excerpt":{"rendered":"<p>Manifesto of regenerative ocean farming 1. We produce food We have given ourselves the primary task of combining aquatic food production with active regeneration of the marine environment. As they grow our crops offer ecosystem services, such as nutrient absorption, increased biodiversity, binding of carbon dioxide, and other forms of mitigation against human-induced environmental harm,&hellip;<\/p>","protected":false},"author":2,"featured_media":0,"parent":0,"menu_order":0,"comment_status":"closed","ping_status":"closed","template":"","meta":{"_acf_changed":false,"footnotes":""},"class_list":["post-41","page","type-page","status-publish","hentry"],"acf":[],"yoast_head":"<!-- This site is optimized with the Yoast SEO plugin v27.2 - https:\/\/yoast.com\/product\/yoast-seo-wordpress\/ -->\n<title>Manifesto - Cool Blue Future<\/title>\n<meta name=\"robots\" content=\"index, follow, max-snippet:-1, max-image-preview:large, max-video-preview:-1\" \/>\n<link rel=\"canonical\" href=\"https:\/\/coolbluefuture.org\/fr\/manifesto\/\" \/>\n<meta property=\"og:locale\" content=\"fr_FR\" \/>\n<meta property=\"og:type\" content=\"article\" \/>\n<meta property=\"og:title\" content=\"Manifesto - Cool Blue Future\" \/>\n<meta property=\"og:description\" content=\"Manifesto of regenerative ocean farming 1. We produce food We have given ourselves the primary task of combining aquatic food production with active regeneration of the marine environment. As they grow our crops offer ecosystem services, such as nutrient absorption, increased biodiversity, binding of carbon dioxide, and other forms of mitigation against human-induced environmental harm,&hellip;\" \/>\n<meta property=\"og:url\" content=\"https:\/\/coolbluefuture.org\/fr\/manifesto\/\" \/>\n<meta property=\"og:site_name\" content=\"Cool Blue Future\" \/>\n<meta property=\"article:modified_time\" content=\"2024-11-05T13:45:19+00:00\" \/>\n<meta property=\"og:image\" content=\"https:\/\/coolbluefuture.org\/wp-content\/uploads\/2024\/02\/cool-blue-future-ocean-underwater-01.jpg\" \/>\n<meta name=\"twitter:card\" content=\"summary_large_image\" \/>\n<meta name=\"twitter:label1\" content=\"Dur\u00e9e de lecture estim\u00e9e\" \/>\n\t<meta name=\"twitter:data1\" content=\"5 minutes\" \/>\n<script type=\"application\/ld+json\" class=\"yoast-schema-graph\">{\"@context\":\"https:\/\/schema.org\",\"@graph\":[{\"@type\":\"WebPage\",\"@id\":\"https:\/\/coolbluefuture.org\/manifesto\/\",\"url\":\"https:\/\/coolbluefuture.org\/manifesto\/\",\"name\":\"Manifesto - Cool Blue Future\",\"isPartOf\":{\"@id\":\"https:\/\/coolbluefuture.org\/#website\"},\"primaryImageOfPage\":{\"@id\":\"https:\/\/coolbluefuture.org\/manifesto\/#primaryimage\"},\"image\":{\"@id\":\"https:\/\/coolbluefuture.org\/manifesto\/#primaryimage\"},\"thumbnailUrl\":\"https:\/\/coolbluefuture.org\/wp-content\/uploads\/2024\/02\/cool-blue-future-ocean-underwater-01.jpg\",\"datePublished\":\"2024-03-19T08:15:27+00:00\",\"dateModified\":\"2024-11-05T13:45:19+00:00\",\"breadcrumb\":{\"@id\":\"https:\/\/coolbluefuture.org\/manifesto\/#breadcrumb\"},\"inLanguage\":\"fr-FR\",\"potentialAction\":[{\"@type\":\"ReadAction\",\"target\":[\"https:\/\/coolbluefuture.org\/manifesto\/\"]}]},{\"@type\":\"ImageObject\",\"inLanguage\":\"fr-FR\",\"@id\":\"https:\/\/coolbluefuture.org\/manifesto\/#primaryimage\",\"url\":\"https:\/\/coolbluefuture.org\/wp-content\/uploads\/2024\/02\/cool-blue-future-ocean-underwater-01.jpg\",\"contentUrl\":\"https:\/\/coolbluefuture.org\/wp-content\/uploads\/2024\/02\/cool-blue-future-ocean-underwater-01.jpg\"},{\"@type\":\"BreadcrumbList\",\"@id\":\"https:\/\/coolbluefuture.org\/manifesto\/#breadcrumb\",\"itemListElement\":[{\"@type\":\"ListItem\",\"position\":1,\"name\":\"Home\",\"item\":\"https:\/\/coolbluefuture.org\/\"},{\"@type\":\"ListItem\",\"position\":2,\"name\":\"Manifesto\"}]},{\"@type\":\"WebSite\",\"@id\":\"https:\/\/coolbluefuture.org\/#website\",\"url\":\"https:\/\/coolbluefuture.org\/\",\"name\":\"Cool Blue Future\",\"description\":\"A platform for blue community enterprise\",\"potentialAction\":[{\"@type\":\"SearchAction\",\"target\":{\"@type\":\"EntryPoint\",\"urlTemplate\":\"https:\/\/coolbluefuture.org\/?s={search_term_string}\"},\"query-input\":{\"@type\":\"PropertyValueSpecification\",\"valueRequired\":true,\"valueName\":\"search_term_string\"}}],\"inLanguage\":\"fr-FR\"}]}<\/script>\n<!-- \/ Yoast SEO plugin. -->","yoast_head_json":{"title":"Manifesto - Cool Blue Future","robots":{"index":"index","follow":"follow","max-snippet":"max-snippet:-1","max-image-preview":"max-image-preview:large","max-video-preview":"max-video-preview:-1"},"canonical":"https:\/\/coolbluefuture.org\/fr\/manifesto\/","og_locale":"fr_FR","og_type":"article","og_title":"Manifesto - Cool Blue Future","og_description":"Manifesto of regenerative ocean farming 1. We produce food We have given ourselves the primary task of combining aquatic food production with active regeneration of the marine environment. As they grow our crops offer ecosystem services, such as nutrient absorption, increased biodiversity, binding of carbon dioxide, and other forms of mitigation against human-induced environmental harm,&hellip;","og_url":"https:\/\/coolbluefuture.org\/fr\/manifesto\/","og_site_name":"Cool Blue Future","article_modified_time":"2024-11-05T13:45:19+00:00","og_image":[{"url":"https:\/\/coolbluefuture.org\/wp-content\/uploads\/2024\/02\/cool-blue-future-ocean-underwater-01.jpg","type":"","width":"","height":""}],"twitter_card":"summary_large_image","twitter_misc":{"Dur\u00e9e de lecture estim\u00e9e":"5 minutes"},"schema":{"@context":"https:\/\/schema.org","@graph":[{"@type":"WebPage","@id":"https:\/\/coolbluefuture.org\/manifesto\/","url":"https:\/\/coolbluefuture.org\/manifesto\/","name":"Manifesto - Cool Blue Future","isPartOf":{"@id":"https:\/\/coolbluefuture.org\/#website"},"primaryImageOfPage":{"@id":"https:\/\/coolbluefuture.org\/manifesto\/#primaryimage"},"image":{"@id":"https:\/\/coolbluefuture.org\/manifesto\/#primaryimage"},"thumbnailUrl":"https:\/\/coolbluefuture.org\/wp-content\/uploads\/2024\/02\/cool-blue-future-ocean-underwater-01.jpg","datePublished":"2024-03-19T08:15:27+00:00","dateModified":"2024-11-05T13:45:19+00:00","breadcrumb":{"@id":"https:\/\/coolbluefuture.org\/manifesto\/#breadcrumb"},"inLanguage":"fr-FR","potentialAction":[{"@type":"ReadAction","target":["https:\/\/coolbluefuture.org\/manifesto\/"]}]},{"@type":"ImageObject","inLanguage":"fr-FR","@id":"https:\/\/coolbluefuture.org\/manifesto\/#primaryimage","url":"https:\/\/coolbluefuture.org\/wp-content\/uploads\/2024\/02\/cool-blue-future-ocean-underwater-01.jpg","contentUrl":"https:\/\/coolbluefuture.org\/wp-content\/uploads\/2024\/02\/cool-blue-future-ocean-underwater-01.jpg"},{"@type":"BreadcrumbList","@id":"https:\/\/coolbluefuture.org\/manifesto\/#breadcrumb","itemListElement":[{"@type":"ListItem","position":1,"name":"Home","item":"https:\/\/coolbluefuture.org\/"},{"@type":"ListItem","position":2,"name":"Manifesto"}]},{"@type":"WebSite","@id":"https:\/\/coolbluefuture.org\/#website","url":"https:\/\/coolbluefuture.org\/","name":"Cool Blue Future","description":"A platform for blue community enterprise","potentialAction":[{"@type":"SearchAction","target":{"@type":"EntryPoint","urlTemplate":"https:\/\/coolbluefuture.org\/?s={search_term_string}"},"query-input":{"@type":"PropertyValueSpecification","valueRequired":true,"valueName":"search_term_string"}}],"inLanguage":"fr-FR"}]}},"_links":{"self":[{"href":"https:\/\/coolbluefuture.org\/fr\/wp-json\/wp\/v2\/pages\/41","targetHints":{"allow":["GET"]}}],"collection":[{"href":"https:\/\/coolbluefuture.org\/fr\/wp-json\/wp\/v2\/pages"}],"about":[{"href":"https:\/\/coolbluefuture.org\/fr\/wp-json\/wp\/v2\/types\/page"}],"author":[{"embeddable":true,"href":"https:\/\/coolbluefuture.org\/fr\/wp-json\/wp\/v2\/users\/2"}],"replies":[{"embeddable":true,"href":"https:\/\/coolbluefuture.org\/fr\/wp-json\/wp\/v2\/comments?post=41"}],"version-history":[{"count":0,"href":"https:\/\/coolbluefuture.org\/fr\/wp-json\/wp\/v2\/pages\/41\/revisions"}],"wp:attachment":[{"href":"https:\/\/coolbluefuture.org\/fr\/wp-json\/wp\/v2\/media?parent=41"}],"curies":[{"name":"wp","href":"https:\/\/api.w.org\/{rel}","templated":true}]}}