{"id":462,"date":"2024-06-06T16:18:36","date_gmt":"2024-06-06T14:18:36","guid":{"rendered":"https:\/\/coolbluefuture.org\/?page_id=462"},"modified":"2024-08-14T10:47:56","modified_gmt":"2024-08-14T08:47:56","slug":"simon-from-dansk-tang","status":"publish","type":"page","link":"https:\/\/coolbluefuture.org\/fr\/meet-the-farmers\/simon-from-dansk-tang\/","title":{"rendered":"Simon from Dansk Tang"},"content":{"rendered":"<h1>\n\t\tSimon de Dansk Tang (Danemark)\n\t<\/h1>\n\t<p>Simon et son p\u00e8re Claus ont fond\u00e9 Dansk Tang il y a 9 ans en tant qu'entreprise sp\u00e9cialis\u00e9e dans la r\u00e9colte d'algues sauvages. Ils se sont de plus en plus tourn\u00e9s vers la culture d'algues dans une ferme marine en eaux peu profondes. Dansk Tang g\u00e8re \u00e9galement leur propre petite \u00e9closerie et est pionni\u00e8re dans l'introduction de nouvelles esp\u00e8ces d'algues particuli\u00e8rement int\u00e9ressantes le long des c\u00f4tes danoises.<\/p>\n\t\n\n\n\n\n\n\n\n\n\n\n<div class=\"fl-builder-content fl-builder-content-422 fl-builder-template fl-builder-module-template fl-builder-global-templates-locked\" data-post-id=\"422\"><div class=\"fl-module fl-module-pp-video fl-node-gbl73cn8evtz\" data-node=\"gbl73cn8evtz\">\n\t<div class=\"fl-module-content fl-node-content\">\n\t\t\n<div class=\"pp-video-wrapper pp-video-source-youtube pp-aspect-ratio-169\">\n\t\t<div class=\"pp-fit-aspect-ratio\">\n\t<iframe class=\"pp-video-iframe\" allowfullscreen allow=\"autoplay\" data-src=\"https:\/\/www.youtube-nocookie.com\/embed\/ZrJ8VY3wDtc?feature=oembed&amp;start&amp;end&amp;wmode=opaque&amp;loop=0&amp;controls=1&amp;mute=0&amp;rel=0&amp;modestbranding=1\"><\/iframe>\t\t<div class=\"pp-video-image-overlay\" style=\"background-image: url(https:\/\/coolbluefuture.org\/wp-content\/uploads\/2024\/06\/video-cover-1.jpg);\">\n\t\t\t\t\t\t\t\t\t\t<div class=\"pp-video-play-icon\" role=\"button\" tabindex=\"0\">\n\t\t\t\t\t<svg version=\"1.1\" xmlns=\"http:\/\/www.w3.org\/2000\/svg\" xmlns:xlink=\"http:\/\/www.w3.org\/1999\/xlink\" x=\"0px\" y=\"0px\"\r\n\t viewbox=\"0 0 415.346 415.346\" xml:space=\"preserve\" aria-hidden=\"true\">\r\n\t<g>\r\n\t\t<path d=\"M41.712,415.346c-11.763,0-21.3-9.537-21.3-21.3V21.299C20.412,9.536,29.949,0,41.712,0l346.122,191.697\t\t\tc0,0,15.975,15.975,0,31.951C371.859,239.622,41.712,415.346,41.712,415.346z\"\/>\r\n\t<\/g>\r\n<\/svg>\r\n\t\t\t\t\t<span class=\"pp-screen-only\">Play Video<\/span>\n\t\t\t\t<\/div>\n\t\t\t\t\t<\/div>\n\t\t<\/div>\n<\/div>\n\n\t<\/div>\n<\/div>\n<\/div>\n\n\t<a href=\"https:\/\/coolbluefuture.org\/fr\/meet-the-farmers\/\" target=\"_self\" role=\"button\" aria-label=\"\u00c0 la rencontre des fermiers\" rel=\"noopener\">\n\t\t\t\t\t\t\u00c0 la rencontre des fermiers\n\t\t\t\t\t<\/a>\n\t<p><a href=\"https:\/\/www.greenwave.org\/who-farms-matters\" target=\"_blank\" rel=\"noopener\">Rencontrez plus d'aquaculteurs marins<\/a> pr\u00e9sent\u00e9s par nos amis de GreenWave.<\/p>","protected":false},"excerpt":{"rendered":"<p>Simon from Dansk Tang (Denmark) Simon and his father Claus founded Dansk Tang 9 years ago as a company that specialized in harvesting wild seaweed. Increasingly, they have switched to cultivating seaweed in an ocean farm in shallow water. Dansk Tang also runs their own small hatchery and are pioneers in the work of introducing&hellip;<\/p>","protected":false},"author":2,"featured_media":0,"parent":363,"menu_order":0,"comment_status":"closed","ping_status":"closed","template":"","meta":{"_acf_changed":false,"footnotes":""},"class_list":["post-462","page","type-page","status-publish","hentry"],"acf":[],"yoast_head":"<!-- This site is optimized with the Yoast SEO plugin v27.4 - https:\/\/yoast.com\/product\/yoast-seo-wordpress\/ -->\n<title>Simon from Dansk Tang - Cool Blue Future<\/title>\n<meta name=\"robots\" content=\"index, follow, max-snippet:-1, max-image-preview:large, max-video-preview:-1\" \/>\n<link rel=\"canonical\" href=\"https:\/\/coolbluefuture.org\/fr\/meet-the-farmers\/simon-from-dansk-tang\/\" \/>\n<meta property=\"og:locale\" content=\"fr_FR\" \/>\n<meta property=\"og:type\" content=\"article\" \/>\n<meta property=\"og:title\" content=\"Simon from Dansk Tang - Cool Blue Future\" \/>\n<meta property=\"og:description\" content=\"Simon from Dansk Tang (Denmark) Simon and his father Claus founded Dansk Tang 9 years ago as a company that specialized in harvesting wild seaweed. Increasingly, they have switched to cultivating seaweed in an ocean farm in shallow water. Dansk Tang also runs their own small hatchery and are pioneers in the work of introducing&hellip;\" \/>\n<meta property=\"og:url\" content=\"https:\/\/coolbluefuture.org\/fr\/meet-the-farmers\/simon-from-dansk-tang\/\" \/>\n<meta property=\"og:site_name\" content=\"Cool Blue Future\" \/>\n<meta property=\"article:modified_time\" content=\"2024-08-14T08:47:56+00:00\" \/>\n<meta property=\"og:image\" content=\"https:\/\/coolbluefuture.org\/wp-content\/uploads\/2024\/06\/cbf-social-share.jpg\" \/>\n\t<meta property=\"og:image:width\" content=\"1200\" \/>\n\t<meta property=\"og:image:height\" content=\"675\" \/>\n\t<meta property=\"og:image:type\" content=\"image\/jpeg\" \/>\n<meta name=\"twitter:card\" content=\"summary_large_image\" \/>\n<script type=\"application\/ld+json\" class=\"yoast-schema-graph\">{\"@context\":\"https:\\\/\\\/schema.org\",\"@graph\":[{\"@type\":\"WebPage\",\"@id\":\"https:\\\/\\\/coolbluefuture.org\\\/meet-the-farmers\\\/simon-from-dansk-tang\\\/\",\"url\":\"https:\\\/\\\/coolbluefuture.org\\\/meet-the-farmers\\\/simon-from-dansk-tang\\\/\",\"name\":\"Simon from Dansk Tang - Cool Blue Future\",\"isPartOf\":{\"@id\":\"https:\\\/\\\/coolbluefuture.org\\\/#website\"},\"datePublished\":\"2024-06-06T14:18:36+00:00\",\"dateModified\":\"2024-08-14T08:47:56+00:00\",\"breadcrumb\":{\"@id\":\"https:\\\/\\\/coolbluefuture.org\\\/meet-the-farmers\\\/simon-from-dansk-tang\\\/#breadcrumb\"},\"inLanguage\":\"fr-FR\",\"potentialAction\":[{\"@type\":\"ReadAction\",\"target\":[\"https:\\\/\\\/coolbluefuture.org\\\/meet-the-farmers\\\/simon-from-dansk-tang\\\/\"]}]},{\"@type\":\"BreadcrumbList\",\"@id\":\"https:\\\/\\\/coolbluefuture.org\\\/meet-the-farmers\\\/simon-from-dansk-tang\\\/#breadcrumb\",\"itemListElement\":[{\"@type\":\"ListItem\",\"position\":1,\"name\":\"Home\",\"item\":\"https:\\\/\\\/coolbluefuture.org\\\/\"},{\"@type\":\"ListItem\",\"position\":2,\"name\":\"Meet the farmers\",\"item\":\"https:\\\/\\\/coolbluefuture.org\\\/meet-the-farmers\\\/\"},{\"@type\":\"ListItem\",\"position\":3,\"name\":\"Simon from Dansk Tang\"}]},{\"@type\":\"WebSite\",\"@id\":\"https:\\\/\\\/coolbluefuture.org\\\/#website\",\"url\":\"https:\\\/\\\/coolbluefuture.org\\\/\",\"name\":\"Cool Blue Future\",\"description\":\"A platform for blue community enterprise\",\"potentialAction\":[{\"@type\":\"SearchAction\",\"target\":{\"@type\":\"EntryPoint\",\"urlTemplate\":\"https:\\\/\\\/coolbluefuture.org\\\/?s={search_term_string}\"},\"query-input\":{\"@type\":\"PropertyValueSpecification\",\"valueRequired\":true,\"valueName\":\"search_term_string\"}}],\"inLanguage\":\"fr-FR\"}]}<\/script>\n<!-- \/ Yoast SEO plugin. -->","yoast_head_json":{"title":"Simon from Dansk Tang - Cool Blue Future","robots":{"index":"index","follow":"follow","max-snippet":"max-snippet:-1","max-image-preview":"max-image-preview:large","max-video-preview":"max-video-preview:-1"},"canonical":"https:\/\/coolbluefuture.org\/fr\/meet-the-farmers\/simon-from-dansk-tang\/","og_locale":"fr_FR","og_type":"article","og_title":"Simon from Dansk Tang - Cool Blue Future","og_description":"Simon from Dansk Tang (Denmark) Simon and his father Claus founded Dansk Tang 9 years ago as a company that specialized in harvesting wild seaweed. Increasingly, they have switched to cultivating seaweed in an ocean farm in shallow water. Dansk Tang also runs their own small hatchery and are pioneers in the work of introducing&hellip;","og_url":"https:\/\/coolbluefuture.org\/fr\/meet-the-farmers\/simon-from-dansk-tang\/","og_site_name":"Cool Blue Future","article_modified_time":"2024-08-14T08:47:56+00:00","og_image":[{"width":1200,"height":675,"url":"https:\/\/coolbluefuture.org\/wp-content\/uploads\/2024\/06\/cbf-social-share.jpg","type":"image\/jpeg"}],"twitter_card":"summary_large_image","schema":{"@context":"https:\/\/schema.org","@graph":[{"@type":"WebPage","@id":"https:\/\/coolbluefuture.org\/meet-the-farmers\/simon-from-dansk-tang\/","url":"https:\/\/coolbluefuture.org\/meet-the-farmers\/simon-from-dansk-tang\/","name":"Simon from Dansk Tang - Cool Blue Future","isPartOf":{"@id":"https:\/\/coolbluefuture.org\/#website"},"datePublished":"2024-06-06T14:18:36+00:00","dateModified":"2024-08-14T08:47:56+00:00","breadcrumb":{"@id":"https:\/\/coolbluefuture.org\/meet-the-farmers\/simon-from-dansk-tang\/#breadcrumb"},"inLanguage":"fr-FR","potentialAction":[{"@type":"ReadAction","target":["https:\/\/coolbluefuture.org\/meet-the-farmers\/simon-from-dansk-tang\/"]}]},{"@type":"BreadcrumbList","@id":"https:\/\/coolbluefuture.org\/meet-the-farmers\/simon-from-dansk-tang\/#breadcrumb","itemListElement":[{"@type":"ListItem","position":1,"name":"Home","item":"https:\/\/coolbluefuture.org\/"},{"@type":"ListItem","position":2,"name":"Meet the farmers","item":"https:\/\/coolbluefuture.org\/meet-the-farmers\/"},{"@type":"ListItem","position":3,"name":"Simon from Dansk Tang"}]},{"@type":"WebSite","@id":"https:\/\/coolbluefuture.org\/#website","url":"https:\/\/coolbluefuture.org\/","name":"Cool Blue Future","description":"A platform for blue community enterprise","potentialAction":[{"@type":"SearchAction","target":{"@type":"EntryPoint","urlTemplate":"https:\/\/coolbluefuture.org\/?s={search_term_string}"},"query-input":{"@type":"PropertyValueSpecification","valueRequired":true,"valueName":"search_term_string"}}],"inLanguage":"fr-FR"}]}},"_links":{"self":[{"href":"https:\/\/coolbluefuture.org\/fr\/wp-json\/wp\/v2\/pages\/462","targetHints":{"allow":["GET"]}}],"collection":[{"href":"https:\/\/coolbluefuture.org\/fr\/wp-json\/wp\/v2\/pages"}],"about":[{"href":"https:\/\/coolbluefuture.org\/fr\/wp-json\/wp\/v2\/types\/page"}],"author":[{"embeddable":true,"href":"https:\/\/coolbluefuture.org\/fr\/wp-json\/wp\/v2\/users\/2"}],"replies":[{"embeddable":true,"href":"https:\/\/coolbluefuture.org\/fr\/wp-json\/wp\/v2\/comments?post=462"}],"version-history":[{"count":0,"href":"https:\/\/coolbluefuture.org\/fr\/wp-json\/wp\/v2\/pages\/462\/revisions"}],"up":[{"embeddable":true,"href":"https:\/\/coolbluefuture.org\/fr\/wp-json\/wp\/v2\/pages\/363"}],"wp:attachment":[{"href":"https:\/\/coolbluefuture.org\/fr\/wp-json\/wp\/v2\/media?parent=462"}],"curies":[{"name":"wp","href":"https:\/\/api.w.org\/{rel}","templated":true}]}}