{"id":125,"date":"2024-05-10T18:56:13","date_gmt":"2024-05-10T16:56:13","guid":{"rendered":"https:\/\/coolbluefuture.org\/?page_id=125"},"modified":"2024-06-06T23:09:39","modified_gmt":"2024-06-06T21:09:39","slug":"pledge","status":"publish","type":"page","link":"https:\/\/coolbluefuture.org\/lt\/pledge\/","title":{"rendered":"Pledge"},"content":{"rendered":"<h1>\n\t\tDuokite pa\u017ead\u0105 vandenynui\n\t<\/h1>\n\t<p class=\"translation-block\">Naudodamiesi <a href=\"\/\/coolbluefuture.org\/lt\/manifesto\/\u201c\/\" target=\"\u201e_self\u201c\">Regeneracinio vandenyn\u0173 \u016bkininkavimo manifestu<\/a>, tikim\u0117s \u012fkv\u0117pti ir informuoti apie regeneracin\u012f po\u017ei\u016br\u012f \u012f j\u016bros maisto gamyb\u0105. Ta\u010diau manifestas yra labiau vizija nei oficialus receptas. Vizija, kuria su vandenynu susijusios \u012fmon\u0117s ir organizacijos gali pasinaudoti atspind\u0117damos tai, k\u0105 jos daro, ir galb\u016bt \u012ftraukti kai kuriuos principus \u012f tai, kaip jos \u0161iandien tiesiogiai ar netiesiogiai bendradarbiauja su vandenynu.<\/p>\n<h3>\n\t\tAr j\u016bs\u0173 organizacija jau dalyvauja regeneracin\u0117je veikloje?\n\t<\/h3>\n\t<p>Norime i\u0161girsti j\u016bs\u0173 istorij\u0105, tad papasakokite, k\u0105 veikiate! Ar regeneracijos principus galima \u012ftraukti \u012f j\u016bs\u0173 organizacijoje vykdom\u0105 veikl\u0105? Papasakokite, kaip! Ar b\u016bt\u0173 galima \u012fvesti visi\u0161kai nauj\u0105 veikl\u0105, skatinan\u010di\u0105 labiau regeneracines praktikas? Pasidalykite su mumis ir \u012fkv\u0117pkite mus!<\/p>\n<p>J\u016bs\u0173 pasi\u017ead\u0117jimas bus nusi\u0173stas j\u016bs\u0173 \u0161alies \u201eCool Blue Future\u201c koordinatori\u0173 organizacijai, kuri j\u012f perskaitys ir patvirtins, kad jis b\u016bt\u0173 paskelbtas \u201eCool Blue Future\u201c interneto svetain\u0117je.<\/p>\n\t\n\t\n\tNotice: JavaScript is required for this content.\n        <!-- That data is being printed as a workaround to page builders reordering the order of the scripts loaded-->","protected":false},"excerpt":{"rendered":"<p>Make a pledge to the ocean With the Manifesto of regenerative ocean farming, we hope to inspire and create awareness around a regenerative approach to marine food production. But the manifesto is more of a vision than a formal recipe. A vision, which businesses and organisations that are connected to the ocean, can use to&hellip;<\/p>","protected":false},"author":2,"featured_media":0,"parent":0,"menu_order":0,"comment_status":"closed","ping_status":"closed","template":"","meta":{"_acf_changed":false,"footnotes":""},"class_list":["post-125","page","type-page","status-publish","hentry"],"acf":[],"yoast_head":"<!-- This site is optimized with the Yoast SEO plugin v27.4 - https:\/\/yoast.com\/product\/yoast-seo-wordpress\/ -->\n<title>Pledge - Cool Blue Future<\/title>\n<meta name=\"robots\" content=\"index, follow, max-snippet:-1, max-image-preview:large, max-video-preview:-1\" \/>\n<link rel=\"canonical\" href=\"https:\/\/coolbluefuture.org\/lt\/pledge\/\" \/>\n<meta property=\"og:locale\" content=\"lt_LT\" \/>\n<meta property=\"og:type\" content=\"article\" \/>\n<meta property=\"og:title\" content=\"Pledge - Cool Blue Future\" \/>\n<meta property=\"og:description\" content=\"Make a pledge to the ocean With the Manifesto of regenerative ocean farming, we hope to inspire and create awareness around a regenerative approach to marine food production. But the manifesto is more of a vision than a formal recipe. A vision, which businesses and organisations that are connected to the ocean, can use to&hellip;\" \/>\n<meta property=\"og:url\" content=\"https:\/\/coolbluefuture.org\/lt\/pledge\/\" \/>\n<meta property=\"og:site_name\" content=\"Cool Blue Future\" \/>\n<meta property=\"article:modified_time\" content=\"2024-06-06T21:09:39+00:00\" \/>\n<meta property=\"og:image\" content=\"https:\/\/coolbluefuture.org\/wp-content\/uploads\/2024\/06\/cbf-social-share.jpg\" \/>\n\t<meta property=\"og:image:width\" content=\"1200\" \/>\n\t<meta property=\"og:image:height\" content=\"675\" \/>\n\t<meta property=\"og:image:type\" content=\"image\/jpeg\" \/>\n<meta name=\"twitter:card\" content=\"summary_large_image\" \/>\n<meta name=\"twitter:label1\" content=\"Est. reading time\" \/>\n\t<meta name=\"twitter:data1\" content=\"1 minut\u0117\" \/>\n<script type=\"application\/ld+json\" class=\"yoast-schema-graph\">{\"@context\":\"https:\\\/\\\/schema.org\",\"@graph\":[{\"@type\":\"WebPage\",\"@id\":\"https:\\\/\\\/coolbluefuture.org\\\/pledge\\\/\",\"url\":\"https:\\\/\\\/coolbluefuture.org\\\/pledge\\\/\",\"name\":\"Pledge - Cool Blue Future\",\"isPartOf\":{\"@id\":\"https:\\\/\\\/coolbluefuture.org\\\/#website\"},\"datePublished\":\"2024-05-10T16:56:13+00:00\",\"dateModified\":\"2024-06-06T21:09:39+00:00\",\"breadcrumb\":{\"@id\":\"https:\\\/\\\/coolbluefuture.org\\\/pledge\\\/#breadcrumb\"},\"inLanguage\":\"lt-LT\",\"potentialAction\":[{\"@type\":\"ReadAction\",\"target\":[\"https:\\\/\\\/coolbluefuture.org\\\/pledge\\\/\"]}]},{\"@type\":\"BreadcrumbList\",\"@id\":\"https:\\\/\\\/coolbluefuture.org\\\/pledge\\\/#breadcrumb\",\"itemListElement\":[{\"@type\":\"ListItem\",\"position\":1,\"name\":\"Home\",\"item\":\"https:\\\/\\\/coolbluefuture.org\\\/\"},{\"@type\":\"ListItem\",\"position\":2,\"name\":\"Pledge\"}]},{\"@type\":\"WebSite\",\"@id\":\"https:\\\/\\\/coolbluefuture.org\\\/#website\",\"url\":\"https:\\\/\\\/coolbluefuture.org\\\/\",\"name\":\"Cool Blue Future\",\"description\":\"A platform for blue community enterprise\",\"potentialAction\":[{\"@type\":\"SearchAction\",\"target\":{\"@type\":\"EntryPoint\",\"urlTemplate\":\"https:\\\/\\\/coolbluefuture.org\\\/?s={search_term_string}\"},\"query-input\":{\"@type\":\"PropertyValueSpecification\",\"valueRequired\":true,\"valueName\":\"search_term_string\"}}],\"inLanguage\":\"lt-LT\"}]}<\/script>\n<!-- \/ Yoast SEO plugin. -->","yoast_head_json":{"title":"Pledge - Cool Blue Future","robots":{"index":"index","follow":"follow","max-snippet":"max-snippet:-1","max-image-preview":"max-image-preview:large","max-video-preview":"max-video-preview:-1"},"canonical":"https:\/\/coolbluefuture.org\/lt\/pledge\/","og_locale":"lt_LT","og_type":"article","og_title":"Pledge - Cool Blue Future","og_description":"Make a pledge to the ocean With the Manifesto of regenerative ocean farming, we hope to inspire and create awareness around a regenerative approach to marine food production. But the manifesto is more of a vision than a formal recipe. A vision, which businesses and organisations that are connected to the ocean, can use to&hellip;","og_url":"https:\/\/coolbluefuture.org\/lt\/pledge\/","og_site_name":"Cool Blue Future","article_modified_time":"2024-06-06T21:09:39+00:00","og_image":[{"width":1200,"height":675,"url":"https:\/\/coolbluefuture.org\/wp-content\/uploads\/2024\/06\/cbf-social-share.jpg","type":"image\/jpeg"}],"twitter_card":"summary_large_image","twitter_misc":{"Est. reading time":"1 minut\u0117"},"schema":{"@context":"https:\/\/schema.org","@graph":[{"@type":"WebPage","@id":"https:\/\/coolbluefuture.org\/pledge\/","url":"https:\/\/coolbluefuture.org\/pledge\/","name":"Pledge - Cool Blue Future","isPartOf":{"@id":"https:\/\/coolbluefuture.org\/#website"},"datePublished":"2024-05-10T16:56:13+00:00","dateModified":"2024-06-06T21:09:39+00:00","breadcrumb":{"@id":"https:\/\/coolbluefuture.org\/pledge\/#breadcrumb"},"inLanguage":"lt-LT","potentialAction":[{"@type":"ReadAction","target":["https:\/\/coolbluefuture.org\/pledge\/"]}]},{"@type":"BreadcrumbList","@id":"https:\/\/coolbluefuture.org\/pledge\/#breadcrumb","itemListElement":[{"@type":"ListItem","position":1,"name":"Home","item":"https:\/\/coolbluefuture.org\/"},{"@type":"ListItem","position":2,"name":"Pledge"}]},{"@type":"WebSite","@id":"https:\/\/coolbluefuture.org\/#website","url":"https:\/\/coolbluefuture.org\/","name":"Cool Blue Future","description":"A platform for blue community enterprise","potentialAction":[{"@type":"SearchAction","target":{"@type":"EntryPoint","urlTemplate":"https:\/\/coolbluefuture.org\/?s={search_term_string}"},"query-input":{"@type":"PropertyValueSpecification","valueRequired":true,"valueName":"search_term_string"}}],"inLanguage":"lt-LT"}]}},"_links":{"self":[{"href":"https:\/\/coolbluefuture.org\/lt\/wp-json\/wp\/v2\/pages\/125","targetHints":{"allow":["GET"]}}],"collection":[{"href":"https:\/\/coolbluefuture.org\/lt\/wp-json\/wp\/v2\/pages"}],"about":[{"href":"https:\/\/coolbluefuture.org\/lt\/wp-json\/wp\/v2\/types\/page"}],"author":[{"embeddable":true,"href":"https:\/\/coolbluefuture.org\/lt\/wp-json\/wp\/v2\/users\/2"}],"replies":[{"embeddable":true,"href":"https:\/\/coolbluefuture.org\/lt\/wp-json\/wp\/v2\/comments?post=125"}],"version-history":[{"count":0,"href":"https:\/\/coolbluefuture.org\/lt\/wp-json\/wp\/v2\/pages\/125\/revisions"}],"wp:attachment":[{"href":"https:\/\/coolbluefuture.org\/lt\/wp-json\/wp\/v2\/media?parent=125"}],"curies":[{"name":"wp","href":"https:\/\/api.w.org\/{rel}","templated":true}]}}