{"id":196,"date":"2024-05-21T11:12:29","date_gmt":"2024-05-21T09:12:29","guid":{"rendered":"https:\/\/coolbluefuture.org\/?page_id=196"},"modified":"2025-11-07T12:15:47","modified_gmt":"2025-11-07T11:15:47","slug":"pledges","status":"publish","type":"page","link":"https:\/\/coolbluefuture.org\/lt\/pledges\/","title":{"rendered":"Pledges"},"content":{"rendered":"<h1>\n\t\tPa\u017eadai vandenynui\n\t<\/h1>\n\t\tAll\n\t<ul>\n\t\t<li data-filter=\"*\" tabindex=\"0\" aria-label=\"All\">All<\/li><li data-filter=\".tag-denmark\" data-term=\"denmark\" data-item-count=\"5\" tabindex=\"0\" aria-label=\"Danija\">Danija<\/li><li data-filter=\".tag-estonia\" data-term=\"estonia\" data-item-count=\"2\" tabindex=\"0\" aria-label=\"Estija\">Estija<\/li><li data-filter=\".tag-finland\" data-term=\"finland\" data-item-count=\"3\" tabindex=\"0\" aria-label=\"Suomija\">Suomija<\/li><li data-filter=\".tag-germany\" data-term=\"germany\" data-item-count=\"4\" tabindex=\"0\" aria-label=\"Vokietija\">Vokietija<\/li><li data-filter=\".tag-latvia\" data-term=\"latvia\" data-item-count=\"1\" tabindex=\"0\" aria-label=\"Latvija\">Latvija<\/li><li data-filter=\".tag-lithuania\" data-term=\"lithuania\" data-item-count=\"1\" tabindex=\"0\" aria-label=\"Lietuva\">Lietuva<\/li><li data-filter=\".tag-norway\" data-term=\"norway\" data-item-count=\"2\" tabindex=\"0\" aria-label=\"Norvegija\">Norvegija<\/li><li data-filter=\".tag-poland\" data-term=\"poland\" data-item-count=\"1\" tabindex=\"0\" aria-label=\"Lenkija\">Lenkija<\/li><li data-filter=\".tag-sweden\" data-term=\"sweden\" data-item-count=\"3\" tabindex=\"0\" aria-label=\"\u0160vedija\">\u0160vedija<\/li>\t<\/ul>\n\t<meta itemscope itemprop=\"mainEntityOfPage\" itemtype=\"https:\/\/schema.org\/WebPage\" itemid=\"http:\/\/201\" content=\"Havh\u00f8st\" \/><meta itemprop=\"datePublished\" content=\"2024-05-21\" \/><meta itemprop=\"dateModified\" content=\"2024-06-04\" \/><meta itemprop=\"name\" content=\"Cool Blue Future\"\/><meta itemprop=\"url\" content=\"https:\/\/coolbluefuture.org\/author\/danielle\/\" \/><meta itemprop=\"name\" content=\"danielle\" \/><meta itemprop=\"interactionType\" content=\"https:\/\/schema.org\/CommentAction\" \/><meta itemprop=\"userInteractionCount\" content=\"0\" \/>\n\t\t\t\t\t<a href=\"https:\/\/coolbluefuture.org\/lt\/pledge\/havhost\/\" title=\"Havh\u00f8st\"><\/a>\n\t\t\t\t\t\t\t\t\t<h3 itemprop=\"headline\">\n\t\t\t\t\t\t\t\t\t\t\t\t\t\tHavh\u00f8st\t\t\t\t\t\t\t\t\t\t\t<\/h3>\n    Vi vil aktivt st\u00f8tte maritime nyttehaver i at&#8230;\n\t<meta itemscope itemprop=\"mainEntityOfPage\" itemtype=\"https:\/\/schema.org\/WebPage\" itemid=\"http:\/\/259\" content=\"Skovshoved Havhave\" \/><meta itemprop=\"datePublished\" content=\"2024-06-04\" \/><meta itemprop=\"dateModified\" content=\"2024-06-04\" \/><meta itemprop=\"name\" content=\"Cool Blue Future\"\/><meta itemprop=\"url\" content=\"https:\/\/coolbluefuture.org\/author\/joachim\/\" \/><meta itemprop=\"name\" content=\"joachim\" \/><meta itemprop=\"interactionType\" content=\"https:\/\/schema.org\/CommentAction\" \/><meta itemprop=\"userInteractionCount\" content=\"0\" \/>\n\t\t\t\t\t<a href=\"https:\/\/coolbluefuture.org\/lt\/pledge\/skovshoved-havhave\/\" title=\"Skovshoved Havhave\"><\/a>\n\t\t\t\t\t\t\t\t\t<h3 itemprop=\"headline\">\n\t\t\t\t\t\t\t\t\t\t\t\t\t\tSkovshoved Havhave\t\t\t\t\t\t\t\t\t\t\t<\/h3>\n    Vi vil forts\u00e6tte og udvide vores dyrkning af&#8230;\n\t<meta itemscope itemprop=\"mainEntityOfPage\" itemtype=\"https:\/\/schema.org\/WebPage\" itemid=\"http:\/\/261\" content=\"Marinreparat\u00f8rene\" \/><meta itemprop=\"datePublished\" content=\"2024-06-04\" \/><meta itemprop=\"dateModified\" content=\"2024-06-04\" \/><meta itemprop=\"name\" content=\"Cool Blue Future\"\/><meta itemprop=\"url\" content=\"https:\/\/coolbluefuture.org\/author\/joachim\/\" \/><meta itemprop=\"name\" content=\"joachim\" \/><meta itemprop=\"interactionType\" content=\"https:\/\/schema.org\/CommentAction\" \/><meta itemprop=\"userInteractionCount\" content=\"0\" \/>\n\t\t\t\t\t<a href=\"https:\/\/coolbluefuture.org\/lt\/pledge\/marinreparatorene\/\" title=\"Marinreparat\u00f8rene\"><\/a>\n\t\t\t\t\t\t\t\t\t<h3 itemprop=\"headline\">\n\t\t\t\t\t\t\t\t\t\t\t\t\t\tMarinreparat\u00f8rene\t\t\t\t\t\t\t\t\t\t\t<\/h3>\n    Vi vil v\u00e6re en katalysator for etablering av&#8230;\n\t<meta itemscope itemprop=\"mainEntityOfPage\" itemtype=\"https:\/\/schema.org\/WebPage\" itemid=\"http:\/\/262\" content=\"Under Ytan\" \/><meta itemprop=\"datePublished\" content=\"2024-06-04\" \/><meta itemprop=\"dateModified\" content=\"2024-06-04\" \/><meta itemprop=\"name\" content=\"Cool Blue Future\"\/><meta itemprop=\"url\" content=\"https:\/\/coolbluefuture.org\/author\/joachim\/\" \/><meta itemprop=\"name\" content=\"joachim\" \/><meta itemprop=\"interactionType\" content=\"https:\/\/schema.org\/CommentAction\" \/><meta itemprop=\"userInteractionCount\" content=\"0\" \/>\n\t\t\t\t\t<a href=\"https:\/\/coolbluefuture.org\/lt\/pledge\/under-ytan\/\" title=\"Under Ytan\"><\/a>\n\t\t\t\t\t\t\t\t\t<h3 itemprop=\"headline\">\n\t\t\t\t\t\t\t\t\t\t\t\t\t\tUnder Ytan\t\t\t\t\t\t\t\t\t\t\t<\/h3>\n    Under Ytan vill att \u00d6stersj\u00f6n ska m\u00e5 bra&#8230;.\n\t<meta itemscope itemprop=\"mainEntityOfPage\" itemtype=\"https:\/\/schema.org\/WebPage\" itemid=\"http:\/\/264\" content=\"Eesti Mereinstituut, Tartu \u00dclikool\" \/><meta itemprop=\"datePublished\" content=\"2024-06-04\" \/><meta itemprop=\"dateModified\" content=\"2024-06-06\" \/><meta itemprop=\"name\" content=\"Cool Blue Future\"\/><meta itemprop=\"url\" content=\"https:\/\/coolbluefuture.org\/author\/joachim\/\" \/><meta itemprop=\"name\" content=\"joachim\" \/><meta itemprop=\"interactionType\" content=\"https:\/\/schema.org\/CommentAction\" \/><meta itemprop=\"userInteractionCount\" content=\"0\" \/>\n\t\t\t\t\t<a href=\"https:\/\/coolbluefuture.org\/lt\/pledge\/eesti-mereinstituut-tartu-ulikool\/\" title=\"Eesti Mereinstituut, Tartu \u00dclikool\"><\/a>\n\t\t\t\t\t\t\t\t\t<h3 itemprop=\"headline\">\n\t\t\t\t\t\t\t\t\t\t\t\t\t\tEesti Mereinstituut, Tartu \u00dclikool\t\t\t\t\t\t\t\t\t\t\t<\/h3>\n    Eesti Mereinstituut on p\u00fchendunud j\u00e4tkusuutliku sinimajanduse arengule. Oleme&#8230;\n\t<meta itemscope itemprop=\"mainEntityOfPage\" itemtype=\"https:\/\/schema.org\/WebPage\" itemid=\"http:\/\/265\" content=\"Nemo Seafarms\" \/><meta itemprop=\"datePublished\" content=\"2024-06-04\" \/><meta itemprop=\"dateModified\" content=\"2024-06-04\" \/><meta itemprop=\"name\" content=\"Cool Blue Future\"\/><meta itemprop=\"url\" content=\"https:\/\/coolbluefuture.org\/author\/joachim\/\" \/><meta itemprop=\"name\" content=\"joachim\" \/><meta itemprop=\"interactionType\" content=\"https:\/\/schema.org\/CommentAction\" \/><meta itemprop=\"userInteractionCount\" content=\"0\" \/>\n\t\t\t\t\t<a href=\"https:\/\/coolbluefuture.org\/lt\/pledge\/nemo-seafarms\/\" title=\"Nemo Seafarms\"><\/a>\n\t\t\t\t\t\t\t\t\t<h3 itemprop=\"headline\">\n\t\t\t\t\t\t\t\t\t\t\t\t\t\tNemo Seafarms\t\t\t\t\t\t\t\t\t\t\t<\/h3>\n    P\u00e5 Nemo Seafarms \u00e4r vi dedikerade till att&#8230;\n\t<meta itemscope itemprop=\"mainEntityOfPage\" itemtype=\"https:\/\/schema.org\/WebPage\" itemid=\"http:\/\/271\" content=\"Kivik T\u00e5ng\" \/><meta itemprop=\"datePublished\" content=\"2024-06-04\" \/><meta itemprop=\"dateModified\" content=\"2024-06-07\" \/><meta itemprop=\"name\" content=\"Cool Blue Future\"\/><meta itemprop=\"url\" content=\"https:\/\/coolbluefuture.org\/author\/joachim\/\" \/><meta itemprop=\"name\" content=\"joachim\" \/><meta itemprop=\"interactionType\" content=\"https:\/\/schema.org\/CommentAction\" \/><meta itemprop=\"userInteractionCount\" content=\"0\" \/>\n\t\t\t\t\t<a href=\"https:\/\/coolbluefuture.org\/lt\/pledge\/kivik-tang\/\" title=\"Kivik T\u00e5ng\"><\/a>\n\t\t\t\t\t\t\t\t\t<h3 itemprop=\"headline\">\n\t\t\t\t\t\t\t\t\t\t\t\t\t\tKivik T\u00e5ng\t\t\t\t\t\t\t\t\t\t\t<\/h3>\n    Hej, havet. V\u00e5rt l\u00f6fte till dig \u00e4r att&#8230;\n\t<meta itemscope itemprop=\"mainEntityOfPage\" itemtype=\"https:\/\/schema.org\/WebPage\" itemid=\"http:\/\/274\" content=\"Koastal\" \/><meta itemprop=\"datePublished\" content=\"2024-06-04\" \/><meta itemprop=\"dateModified\" content=\"2024-06-04\" \/><meta itemprop=\"name\" content=\"Cool Blue Future\"\/><meta itemprop=\"url\" content=\"https:\/\/coolbluefuture.org\/author\/joachim\/\" \/><meta itemprop=\"name\" content=\"joachim\" \/><meta itemprop=\"interactionType\" content=\"https:\/\/schema.org\/CommentAction\" \/><meta itemprop=\"userInteractionCount\" content=\"0\" \/>\n\t\t\t\t\t<a href=\"https:\/\/coolbluefuture.org\/lt\/pledge\/koastal\/\" title=\"Koastal\"><\/a>\n\t\t\t\t\t\t\t\t\t<h3 itemprop=\"headline\">\n\t\t\t\t\t\t\t\t\t\t\t\t\t\tKoastal\t\t\t\t\t\t\t\t\t\t\t<\/h3>\n    Tillsammans str\u00e4var vi efter att ge mer tillbaka&#8230;\n\t<meta itemscope itemprop=\"mainEntityOfPage\" itemtype=\"https:\/\/schema.org\/WebPage\" itemid=\"http:\/\/286\" content=\"s.Pro and SUBMARINER Network for Blue Growth\" \/><meta itemprop=\"datePublished\" content=\"2024-06-04\" \/><meta itemprop=\"dateModified\" content=\"2024-06-04\" \/><meta itemprop=\"name\" content=\"Cool Blue Future\"\/><meta itemprop=\"url\" content=\"https:\/\/coolbluefuture.org\/author\/joachim\/\" \/><meta itemprop=\"name\" content=\"joachim\" \/><meta itemprop=\"interactionType\" content=\"https:\/\/schema.org\/CommentAction\" \/><meta itemprop=\"userInteractionCount\" content=\"0\" \/>\n\t\t\t\t\t<a href=\"https:\/\/coolbluefuture.org\/lt\/pledge\/s-pro-gmbh-and-submariner-network-for-blue-growth-eeig\/\" title=\"s.Pro and SUBMARINER Network for Blue Growth\"><\/a>\n\t\t\t\t\t\t\t\t\t<h3 itemprop=\"headline\">\n\t\t\t\t\t\t\t\t\t\t\t\t\t\ts.Pro and SUBMARINER Network for Blue Growth\t\t\t\t\t\t\t\t\t\t\t<\/h3>\n    Als Koordinatoren des COOL BLUE BALTIC-Projekts unterst\u00fctzen wir&#8230;\n\t<meta itemscope itemprop=\"mainEntityOfPage\" itemtype=\"https:\/\/schema.org\/WebPage\" itemid=\"http:\/\/288\" content=\"Aktion \u00d6sterbotten\" \/><meta itemprop=\"datePublished\" content=\"2024-06-04\" \/><meta itemprop=\"dateModified\" content=\"2024-06-06\" \/><meta itemprop=\"name\" content=\"Cool Blue Future\"\/><meta itemprop=\"url\" content=\"https:\/\/coolbluefuture.org\/author\/joachim\/\" \/><meta itemprop=\"name\" content=\"joachim\" \/><meta itemprop=\"interactionType\" content=\"https:\/\/schema.org\/CommentAction\" \/><meta itemprop=\"userInteractionCount\" content=\"0\" \/>\n\t\t\t\t\t<a href=\"https:\/\/coolbluefuture.org\/lt\/pledge\/aktion-osterbotten\/\" title=\"Aktion \u00d6sterbotten\"><\/a>\n\t\t\t\t\t\t\t\t\t<h3 itemprop=\"headline\">\n\t\t\t\t\t\t\t\t\t\t\t\t\t\tAktion \u00d6sterbotten\t\t\t\t\t\t\t\t\t\t\t<\/h3>\n    Aktion \u00d6sterbotten \u00e4r en LAG- och FLAG-organisation med&#8230;\n\t<meta itemscope itemprop=\"mainEntityOfPage\" itemtype=\"https:\/\/schema.org\/WebPage\" itemid=\"http:\/\/289\" content=\"EUCC &#8211; Die K\u00fcsten Union Deutschland\" \/><meta itemprop=\"datePublished\" content=\"2024-06-04\" \/><meta itemprop=\"dateModified\" content=\"2024-06-05\" \/><meta itemprop=\"name\" content=\"Cool Blue Future\"\/><meta itemprop=\"url\" content=\"https:\/\/coolbluefuture.org\/author\/joachim\/\" \/><meta itemprop=\"name\" content=\"joachim\" \/><meta itemprop=\"interactionType\" content=\"https:\/\/schema.org\/CommentAction\" \/><meta itemprop=\"userInteractionCount\" content=\"0\" \/>\n\t\t\t\t\t<a href=\"https:\/\/coolbluefuture.org\/lt\/pledge\/eucc-die-kusten-union-deutschland\/\" title=\"EUCC &#8211; Die K\u00fcsten Union Deutschland\"><\/a>\n\t\t\t\t\t\t\t\t\t<h3 itemprop=\"headline\">\n\t\t\t\t\t\t\t\t\t\t\t\t\t\tEUCC &#8211; Die K\u00fcsten Union Deutschland\t\t\t\t\t\t\t\t\t\t\t<\/h3>\n    EUCC-D unterst\u00fctzt die Entwicklung von marinen Gemeinschaftsg\u00e4rten in&#8230;\n\t<meta itemscope itemprop=\"mainEntityOfPage\" itemtype=\"https:\/\/schema.org\/WebPage\" itemid=\"http:\/\/290\" content=\"Latvijas Hidroekolo\u0123ijas instit\u016bts\" \/><meta itemprop=\"datePublished\" content=\"2024-06-04\" \/><meta itemprop=\"dateModified\" content=\"2024-06-06\" \/><meta itemprop=\"name\" content=\"Cool Blue Future\"\/><meta itemprop=\"url\" content=\"https:\/\/coolbluefuture.org\/author\/joachim\/\" \/><meta itemprop=\"name\" content=\"joachim\" \/><meta itemprop=\"interactionType\" content=\"https:\/\/schema.org\/CommentAction\" \/><meta itemprop=\"userInteractionCount\" content=\"0\" \/>\n\t\t\t\t\t<a href=\"https:\/\/coolbluefuture.org\/lt\/pledge\/latvijas-hidroekologijas-instituts\/\" title=\"Latvijas Hidroekolo\u0123ijas instit\u016bts\"><\/a>\n\t\t\t\t\t\t\t\t\t<h3 itemprop=\"headline\">\n\t\t\t\t\t\t\t\t\t\t\t\t\t\tLatvijas Hidroekolo\u0123ijas instit\u016bts\t\t\t\t\t\t\t\t\t\t\t<\/h3>\n    Lai veicin\u0101tu j\u016bras vides st\u0101vok\u013ca uzlabo\u0161anu, m\u0113s ap\u0146emamies&#8230;\n\t\t\t\t<ul class='page-numbers'>\n\t<li>1<\/li>\n\t<li><a href=\"https:\/\/coolbluefuture.org\/lt\/page\/2\/?page_id=196&#038;fl_builder\">2<\/a><\/li>\n\t<li><a href=\"https:\/\/coolbluefuture.org\/lt\/page\/2\/?page_id=196&#038;fl_builder\">Next &raquo;<\/a><\/li>\n<\/ul>\n\t\t<!-- .pp-content-posts -->\n<h3>\n\t\tDuokite pa\u017ead\u0105 vandenynui\n\t<\/h3>\n\t<p class=\"translation-block\">Naudodamiesi <a href=\"\/\/coolbluefuture.org\/lt\/manifesto\/\u201c\/\" target=\"\u201e_self\u201c\">Regeneracinio vandenyn\u0173 \u016bkininkavimo manifestu<\/a>, tikim\u0117s \u012fkv\u0117pti ir informuoti apie regeneracin\u012f po\u017ei\u016br\u012f \u012f j\u016bros maisto gamyb\u0105. Ta\u010diau manifestas yra labiau vizija nei oficialus receptas. Vizija, kuria su vandenynu susijusios \u012fmon\u0117s ir organizacijos gali pasinaudoti atspind\u0117damos tai, k\u0105 jos daro, ir galb\u016bt \u012ftraukti kai kuriuos principus \u012f tai, kaip jos \u0161iandien tiesiogiai ar netiesiogiai bendradarbiauja su vandenynu.<\/p>\n\t<a href=\"https:\/\/coolbluefuture.org\/lt\/pledge\/\" target=\"_self\" role=\"button\" aria-label=\"Duokite pa\u017ead\u0105 vandenynui\" rel=\"noopener\">\n\t\t\t\t\t\tDuokite pa\u017ead\u0105 vandenynui\n\t\t\t\t\t<\/a>","protected":false},"excerpt":{"rendered":"<p>Pledges to the ocean All All Denmark Estonia Finland Germany Latvia Lithuania Norway Poland Sweden Havh\u00f8st Vi vil aktivt st\u00f8tte maritime nyttehaver i at&#8230; Skovshoved Havhave Vi vil forts\u00e6tte og udvide vores dyrkning af&#8230; Marinreparat\u00f8rene Vi vil v\u00e6re en katalysator for etablering av&#8230; Under Ytan Under Ytan vill att \u00d6stersj\u00f6n ska m\u00e5 bra&#8230;. Eesti Mereinstituut,&hellip;<\/p>","protected":false},"author":2,"featured_media":0,"parent":0,"menu_order":0,"comment_status":"closed","ping_status":"closed","template":"","meta":{"_acf_changed":false,"footnotes":""},"class_list":["post-196","page","type-page","status-publish","hentry"],"acf":[],"yoast_head":"<!-- This site is optimized with the Yoast SEO plugin v27.4 - https:\/\/yoast.com\/product\/yoast-seo-wordpress\/ -->\n<title>Pledges - Cool Blue Future<\/title>\n<meta name=\"robots\" content=\"index, follow, max-snippet:-1, max-image-preview:large, max-video-preview:-1\" \/>\n<link rel=\"canonical\" href=\"https:\/\/coolbluefuture.org\/lt\/pledges\/\" \/>\n<meta property=\"og:locale\" content=\"lt_LT\" \/>\n<meta property=\"og:type\" content=\"article\" \/>\n<meta property=\"og:title\" content=\"Pledges - Cool Blue Future\" \/>\n<meta property=\"og:description\" content=\"Pledges to the ocean All All Denmark Estonia Finland Germany Latvia Lithuania Norway Poland Sweden Havh\u00f8st Vi vil aktivt st\u00f8tte maritime nyttehaver i at&#8230; Skovshoved Havhave Vi vil forts\u00e6tte og udvide vores dyrkning af&#8230; Marinreparat\u00f8rene Vi vil v\u00e6re en katalysator for etablering av&#8230; Under Ytan Under Ytan vill att \u00d6stersj\u00f6n ska m\u00e5 bra&#8230;. Eesti Mereinstituut,&hellip;\" \/>\n<meta property=\"og:url\" content=\"https:\/\/coolbluefuture.org\/lt\/pledges\/\" \/>\n<meta property=\"og:site_name\" content=\"Cool Blue Future\" \/>\n<meta property=\"article:modified_time\" content=\"2025-11-07T11:15:47+00:00\" \/>\n<meta property=\"og:image\" content=\"https:\/\/coolbluefuture.org\/wp-content\/uploads\/2024\/06\/cbf-social-share.jpg\" \/>\n\t<meta property=\"og:image:width\" content=\"1200\" \/>\n\t<meta property=\"og:image:height\" content=\"675\" \/>\n\t<meta property=\"og:image:type\" content=\"image\/jpeg\" \/>\n<meta name=\"twitter:card\" content=\"summary_large_image\" \/>\n<meta name=\"twitter:label1\" content=\"Est. reading time\" \/>\n\t<meta name=\"twitter:data1\" content=\"2 minut\u0117s\" \/>\n<script type=\"application\/ld+json\" class=\"yoast-schema-graph\">{\"@context\":\"https:\\\/\\\/schema.org\",\"@graph\":[{\"@type\":\"WebPage\",\"@id\":\"https:\\\/\\\/coolbluefuture.org\\\/pledges\\\/\",\"url\":\"https:\\\/\\\/coolbluefuture.org\\\/pledges\\\/\",\"name\":\"Pledges - Cool Blue Future\",\"isPartOf\":{\"@id\":\"https:\\\/\\\/coolbluefuture.org\\\/#website\"},\"datePublished\":\"2024-05-21T09:12:29+00:00\",\"dateModified\":\"2025-11-07T11:15:47+00:00\",\"breadcrumb\":{\"@id\":\"https:\\\/\\\/coolbluefuture.org\\\/pledges\\\/#breadcrumb\"},\"inLanguage\":\"lt-LT\",\"potentialAction\":[{\"@type\":\"ReadAction\",\"target\":[\"https:\\\/\\\/coolbluefuture.org\\\/pledges\\\/\"]}]},{\"@type\":\"BreadcrumbList\",\"@id\":\"https:\\\/\\\/coolbluefuture.org\\\/pledges\\\/#breadcrumb\",\"itemListElement\":[{\"@type\":\"ListItem\",\"position\":1,\"name\":\"Home\",\"item\":\"https:\\\/\\\/coolbluefuture.org\\\/\"},{\"@type\":\"ListItem\",\"position\":2,\"name\":\"Pledges\"}]},{\"@type\":\"WebSite\",\"@id\":\"https:\\\/\\\/coolbluefuture.org\\\/#website\",\"url\":\"https:\\\/\\\/coolbluefuture.org\\\/\",\"name\":\"Cool Blue Future\",\"description\":\"A platform for blue community enterprise\",\"potentialAction\":[{\"@type\":\"SearchAction\",\"target\":{\"@type\":\"EntryPoint\",\"urlTemplate\":\"https:\\\/\\\/coolbluefuture.org\\\/?s={search_term_string}\"},\"query-input\":{\"@type\":\"PropertyValueSpecification\",\"valueRequired\":true,\"valueName\":\"search_term_string\"}}],\"inLanguage\":\"lt-LT\"}]}<\/script>\n<!-- \/ Yoast SEO plugin. -->","yoast_head_json":{"title":"Pledges - Cool Blue Future","robots":{"index":"index","follow":"follow","max-snippet":"max-snippet:-1","max-image-preview":"max-image-preview:large","max-video-preview":"max-video-preview:-1"},"canonical":"https:\/\/coolbluefuture.org\/lt\/pledges\/","og_locale":"lt_LT","og_type":"article","og_title":"Pledges - Cool Blue Future","og_description":"Pledges to the ocean All All Denmark Estonia Finland Germany Latvia Lithuania Norway Poland Sweden Havh\u00f8st Vi vil aktivt st\u00f8tte maritime nyttehaver i at&#8230; Skovshoved Havhave Vi vil forts\u00e6tte og udvide vores dyrkning af&#8230; Marinreparat\u00f8rene Vi vil v\u00e6re en katalysator for etablering av&#8230; Under Ytan Under Ytan vill att \u00d6stersj\u00f6n ska m\u00e5 bra&#8230;. Eesti Mereinstituut,&hellip;","og_url":"https:\/\/coolbluefuture.org\/lt\/pledges\/","og_site_name":"Cool Blue Future","article_modified_time":"2025-11-07T11:15:47+00:00","og_image":[{"width":1200,"height":675,"url":"https:\/\/coolbluefuture.org\/wp-content\/uploads\/2024\/06\/cbf-social-share.jpg","type":"image\/jpeg"}],"twitter_card":"summary_large_image","twitter_misc":{"Est. reading time":"2 minut\u0117s"},"schema":{"@context":"https:\/\/schema.org","@graph":[{"@type":"WebPage","@id":"https:\/\/coolbluefuture.org\/pledges\/","url":"https:\/\/coolbluefuture.org\/pledges\/","name":"Pledges - Cool Blue Future","isPartOf":{"@id":"https:\/\/coolbluefuture.org\/#website"},"datePublished":"2024-05-21T09:12:29+00:00","dateModified":"2025-11-07T11:15:47+00:00","breadcrumb":{"@id":"https:\/\/coolbluefuture.org\/pledges\/#breadcrumb"},"inLanguage":"lt-LT","potentialAction":[{"@type":"ReadAction","target":["https:\/\/coolbluefuture.org\/pledges\/"]}]},{"@type":"BreadcrumbList","@id":"https:\/\/coolbluefuture.org\/pledges\/#breadcrumb","itemListElement":[{"@type":"ListItem","position":1,"name":"Home","item":"https:\/\/coolbluefuture.org\/"},{"@type":"ListItem","position":2,"name":"Pledges"}]},{"@type":"WebSite","@id":"https:\/\/coolbluefuture.org\/#website","url":"https:\/\/coolbluefuture.org\/","name":"Cool Blue Future","description":"A platform for blue community enterprise","potentialAction":[{"@type":"SearchAction","target":{"@type":"EntryPoint","urlTemplate":"https:\/\/coolbluefuture.org\/?s={search_term_string}"},"query-input":{"@type":"PropertyValueSpecification","valueRequired":true,"valueName":"search_term_string"}}],"inLanguage":"lt-LT"}]}},"_links":{"self":[{"href":"https:\/\/coolbluefuture.org\/lt\/wp-json\/wp\/v2\/pages\/196","targetHints":{"allow":["GET"]}}],"collection":[{"href":"https:\/\/coolbluefuture.org\/lt\/wp-json\/wp\/v2\/pages"}],"about":[{"href":"https:\/\/coolbluefuture.org\/lt\/wp-json\/wp\/v2\/types\/page"}],"author":[{"embeddable":true,"href":"https:\/\/coolbluefuture.org\/lt\/wp-json\/wp\/v2\/users\/2"}],"replies":[{"embeddable":true,"href":"https:\/\/coolbluefuture.org\/lt\/wp-json\/wp\/v2\/comments?post=196"}],"version-history":[{"count":0,"href":"https:\/\/coolbluefuture.org\/lt\/wp-json\/wp\/v2\/pages\/196\/revisions"}],"wp:attachment":[{"href":"https:\/\/coolbluefuture.org\/lt\/wp-json\/wp\/v2\/media?parent=196"}],"curies":[{"name":"wp","href":"https:\/\/api.w.org\/{rel}","templated":true}]}}