{"id":41,"date":"2024-03-19T09:15:27","date_gmt":"2024-03-19T08:15:27","guid":{"rendered":"https:\/\/coolbluefuture.org\/?page_id=41"},"modified":"2024-11-05T14:45:19","modified_gmt":"2024-11-05T13:45:19","slug":"manifesto","status":"publish","type":"page","link":"https:\/\/coolbluefuture.org\/lt\/manifesto\/","title":{"rendered":"Manifesto"},"content":{"rendered":"<h1>\n\t\tRegeneracinio vandenyn\u0173 \u016bkininkavimo manifestas\n\t<\/h1>\n\t\t\t\t\t\t\t<h3>1. Mes gaminame maist\u0105<\/h3>\n\t\t\t\t\t\t\t<p>Pagrindin\u0117 m\u016bs\u0173 u\u017eduotis \u2013 derinti vandenyse auginamo maisto gamyb\u0105 su aktyviu j\u016br\u0173 aplinkos atk\u016brimu. M\u016bs\u0173 auginama j\u016brin\u0117 augalija ir augmenija pasitarnauja ekosistemoms: augimo metu vyksta maistini\u0173 med\u017eiag\u0173 absorbcija, did\u0117ja biologin\u0117 \u012fvairov\u0117, \u201esuri\u0161amas\u201c anglies dvideginis, ma\u017e\u0117ja kitos \u017emogaus daromos \u017ealos poveikis aplinkai. Ta\u010diau mums \u0161is j\u016brini\u0173 kult\u016br\u0173 poveikis yra tiesiogiai susij\u0119s su maisto auginimu bei daugybe kit\u0173 praktini\u0173 m\u016bs\u0173 i\u0161augint\u0173 derli\u0173 panaudojimo b\u016bd\u0173.<\/p>\t\t\t\t\t\t\t\t\t\t\t\t\t\n\t\t\t\t\t\t\t<h3>2. We cultivate on the ecosystems&#8217; own terms<\/h3>\n\t\t\t\t\t\t\t<p>Mes vystome kult\u016bras remdamiesi esamais i\u0161tekliais ir nat\u016braliose j\u0173 augimo vietov\u0117se. Nenaudojame tr\u0105\u0161\u0173, vaistini\u0173 preparat\u0173 ir joki\u0173 dirbtini\u0173 pikt\u017eoli\u0173 ar kenk\u0117j\u0173 kontrol\u0117s metod\u0173. Be \u012frangos, reikalingos m\u016bs\u0173 auginamiems gyviams bei augalams augti, nieko nekei\u010diame j\u016brin\u0117je aplinkoje ir auginame i\u0161skirtinai tik vietines r\u016b\u0161is, kad palaikytume vietos genetin\u0119 \u012fvairov\u0119.<\/p>\t\t\t\t\t\t\t\t\t\t\t\t\t\n\t\t\t\t\t\t\t<h3>3. Auginame multitrofines kult\u016bras<\/h3>\n\t\t\t\t\t\t\t<p>Siekiame tuo pa\u010diu metu auginti kelet\u0105 skirting\u0173, viena kitai naud\u0105 teikian\u010di\u0173 r\u016b\u0161i\u0173. Multitrofin\u012f auginim\u0105 matydami kaip ideal\u0173, siekiame kovoti su monokult\u016br\u0173 \u012fsigal\u0117jimu ir aktyviai prisid\u0117ti prie sveiko, didele biologine \u012fvairove pasi\u017eymin\u010dio  vandenyno puosel\u0117jimo. M\u016bs\u0173 praktikuojamas metodas didel\u0119 svarb\u0105 teikia \u012fvairi\u0173 r\u016b\u0161i\u0173 ir trofini\u0173 lygmen\u0173 s\u0105veikai, leid\u017eia kurti tvaresnes ir atsparesnes j\u016br\u0173 ekosistemas.<\/p>\t\t\t\t\t\t\t\t\t\t\t\t\t\n\t\t\t\t\t\t\t<h3>4. Kovojame su klimato kaita<\/h3>\n\t\t\t\t\t\t\t<p>M\u016bs\u0173 pasirinktas \u016bkininkavimo prisideda prie maisto sistem\u0173 dekarbonizacijos, kadangi vartotojams suteikiame galimyb\u0119 \u012fsigyti auk\u0161tos kokyb\u0117s, klimatui nekenksming\u0105 produkcij\u0105. Si\u016blome alternatyv\u0105 \u2013 maisto produktus, kuri\u0173 anglies dvideginio p\u0117dsakas yra didelis, keisti regeneraciniais metodais u\u017eaugintais produktais, kuri\u0173 poveikis daug ma\u017eesnis. Stengiam\u0117s u\u017etikrinti, kad visos m\u016bs\u0173 gamybos ciklo dalys b\u016bt\u0173 planuojamos siekiant kaip \u012fmanoma suma\u017einti i\u0161metam\u0173 ter\u0161al\u0173 kiek\u012f ir kuo daugiau produkt\u0173 parduoti vietos kanalais.<\/p>\t\t\t\t\t\t\t\t\t\t\t\t\t\n\t\t\t\t\t\t\t<h3>5. Kuriame atsparius verslo modelius<\/h3>\n\t\t\t\t\t\t\t<p>Regeneracin\u012f j\u016brini\u0173 kult\u016br\u0173 auginim\u0105, kur tik \u012fmanoma, deriname su kitomis pajamas generuojan\u010diomis veiklomis, pavyzd\u017eiui, ma\u017eo poveikio \u017evejyba, perdirbimu, sklaida, edukacijomis ir regeneraciniu turizmu. Tai mums leid\u017eia kurti patikimesnius verslo modelius, didina vietos vert\u0117s k\u016brim\u0105, u\u017etikrinti vietos gyventoj\u0173 u\u017eimtum\u0105 ir tuo pa\u010diu \u2013 pakran\u010di\u0173 bendruomeni\u0173 ateit\u012f.<\/p>\t\t\t\t\t\t\t\t\t\t\t\t\t\n\t\t\t\t\t\t\t<h3>6. Aktyviai dalyvaujame bendruomeni\u0173 veikloje<\/h3>\n\t\t\t\t\t\t\t<p>Mums svarbus tvirtas ry\u0161ys su bendruomen\u0117mis, supan\u010diomis m\u016bs\u0173 veiklas. Siekiame kaip \u012fmanoma \u012fsitvirtinti vietos rinkose, glaud\u017eiai bendradarbiaujame su vietos gyventojais, verslu, mokyklomis bei pilietine visuomene, mokom\u0117s i\u0161 j\u0173 ir dalijam\u0117s \u017einiomis. Aktyviai bendraujame su bendruomen\u0117mis, ple\u010diame j\u0173 supratim\u0105 apie apie vandenynus ir j\u016bras, po\u017ei\u016br\u012f \u012f regeneracij\u0105 vietov\u0117se, kur tai dar n\u0117ra pla\u010diai paplit\u0119.<\/p>\t\t\t\t\t\t\t\t\t\t\t\t\t\n\t\t\t\t\t\t\t<h3>7. Ma\u017einame, o ne didiname<\/h3>\n\t\t\t\t\t\t\t<p>Atsi\u017evelgdami \u012f j\u016br\u0173 ir vandenyn\u0173 aplink\u0105 bei siek\u012f u\u017etikrinti vietos vert\u0117s k\u016brim\u0105, skatiname steigti didel\u012f kiek\u012f nedideli\u0173 augimvie\u010di\u0173, taip vengiant stambaus masto \u016bkininkavimo ir jo keliamo neigiamo poveikio vietinei aplinkai. Pasirink\u0119 ma\u017einti pa\u010dius \u016bkius, ekonomin\u0119 vert\u0119 siekiame didinti tarpusavyje dalindamiesi infrastrukt\u016bra ir naudodami biomas\u0119, kad suma\u017eintume s\u0105naudas ir \u012fsitvirtintume naujose rinkose.<\/p>\t\t\t\t\t\t\t\t\t\t\t\t\t\n\t\t\t\t\t\t\t<h3>8. Mes remiam\u0117s \u017einiomis<\/h3>\n\t\t\t\t\t\t\t<p>Supratim\u0105 apie j\u016br\u0173 aplink\u0105 ir jos i\u0161teklius grind\u017eiame \u017einiomis ir moksliniais duomen\u0173 rinkimo ir sprendim\u0173 pri\u0117mimo metodais. Tod\u0117l mielai bendradarbiaujame su mokslo centrais, galin\u010diais mums pad\u0117ti steb\u0117ti j\u016br\u0173 ir vandenyn\u0173 aplink\u0105, nuolat koreguoti savo krypt\u012f ir priimti teisingus sprendimus. Dosniai dalijam\u0117s savo \u012f\u017evalgomis, kad regeneracinis po\u017ei\u016bris pla\u010diau plist\u0173 vietos bendruomen\u0117se ir visame pasaulyje, kurio dalimi esame, ir siekiame kurti sektin\u0105 pavyzd\u012f.<\/p>\t\t\t\t\t\t\t\t\t\t\t\t\t\n\t<a href=\"https:\/\/coolbluefuture.org\/lt\/pledge\/\" target=\"_self\" role=\"button\" aria-label=\"Duokite pa\u017ead\u0105 vandenynui\" rel=\"noopener\">\n\t\t\t\t\t\tDuokite pa\u017ead\u0105 vandenynui\n\t\t\t\t\t<\/a>\n\t\t\t\t<img loading=\"lazy\" decoding=\"async\" src=\"https:\/\/coolbluefuture.org\/wp-content\/uploads\/2024\/02\/cool-blue-future-ocean-underwater-01.jpg\" alt=\"cool-blue-future-ocean-underwater-01\" itemprop=\"image\" height=\"1366\" width=\"2048\" title=\"cool-blue-future-ocean-underwater-01\" onerror=\"this.style.display='none'\"  \/>\n\t<a href=\"https:\/\/coolbluefuture.org\/wp-content\/uploads\/2024\/11\/Manifest_LT1.pdf\" target=\"_self\" role=\"button\" download=\"Manifest_EN.pdf\" aria-label=\"Atsisi\u0173sti manifest\u0105\" rel=\"noopener\">\n\t\t\t\t\t\tAtsisi\u0173sti manifest\u0105\n\t\t\t<\/a>\n<h2>\n\t\tManifesto pagrindas\n\t<\/h2>\n<h3>\n\t\tManifesto pagrindas\n\t<\/h3>\n\t<p>\u017dmoni\u0173 daromas visaapimantis poveikis, pavyzd\u017eiui, maistini\u0173 med\u017eiag\u0173 i\u0161leidimas \u012f nuotekas, buveini\u0173 naikinimas, vandenyn\u0173 r\u016bg\u0161t\u0117jimas ir pernelyg didelis laukini\u0173 \u017euv\u0173 i\u0161tekli\u0173 eikvojimas, t\u0119siasi pernelyg ilgai. Ateitis priklauso j\u016brin\u0117s kilm\u0117s maisto gamybos derinimui su aktyviu nualint\u0173 vandenyn\u0173 ekosistem\u0173 atk\u016brimu. \u0160ios kryptys turi tapti atspirties ta\u0161ku \u017emonijos, kaip neatsiejam\u0173 ir sud\u0117ting\u0173 santyki\u0173 susietai gamtos dalies, egzistencijai. Riba, kai pakako daryti kuo ma\u017eesn\u0119 \u012fmanom\u0105 \u017eal\u0105, yra seniai per\u017eengta. Reikia keisti pa\u010di\u0105 j\u016brinio maisto gamybos logik\u0105. Neigiamas poveikis nebepriimtinas. Nulinio poveikio nebepakanka.<\/p>\n<h3>\n\t\tM\u016bs\u0173 vizija j\u016brini\u0173 maisto produkt\u0173 gamybos atei\u010diai\n\t<\/h3>\n\t<p>Mes, m\u0117lynieji bendruomeniniai sodai, j\u016brini\u0173 versl\u0173 k\u016br\u0117jai, vietos verslai, universitetai, \u017evejai ir suinteresuot\u0173j\u0173 \u0161ali\u0173 organizacijos, turime bendr\u0105 krypt\u012f ir vienijan\u010di\u0105 ateities vizij\u0105 \u2013 nors m\u016bs\u0173 pagrindin\u0117 gamyba vyksta j\u016broje, j\u016brinei aplinkai visuomet turime atiduoti daugiau nei i\u0161 jos paimame. Atsi\u017evelgdami \u012f tai, suformulavome a\u0161tuonis transformacinius principus, tapsian\u010dius pagrindu ateityje auginant j\u016brines kult\u016bras ir nuimant j\u0173 derli\u0173. \u0160ie principai atitinka JT darnaus vystymosi tikslus, o tai rei\u0161kia, kad bet kokia regeneracinio auginimo iniciatyva turi b\u016bti suderinta su aplinkosauginiu ir socialiniu tvarumu, kartu atsi\u017evelgiant \u012f tvirt\u0105 ir sveik\u0105 ekonomik\u0105.<\/p>\n<h3>\n\t\tAtkuriamojo vandenyn\u0173 \u016bkininkavimo apibr\u0117\u017eimas\n\t<\/h3>\n\t<p>Regeneracin\u012f vandenyn\u0173 \u016bkininkavim\u0105 suprantame kaip valgom\u0173 vandens r\u016b\u0161i\u0173 auginim\u0105 taip, kad \u016bkininkavimas teigiamai veikt\u0173 supan\u010dias j\u016br\u0173 ekosistemas.<\/p>\n\t<a href=\"https:\/\/coolbluefuture.org\/lt\/pledge\/\" target=\"_self\" role=\"button\" aria-label=\"Duokite pa\u017ead\u0105 vandenynui\" rel=\"noopener\">\n\t\t\t\t\t\tDuokite pa\u017ead\u0105 vandenynui\n\t\t\t\t\t<\/a>\n<h3>\n\t\tRegeneracinio vandenyn\u0173 \u016bkininkavimo sistema\n\t<\/h3>\n\t<p>Our friends at C-Faarer have put together a coherent framework to help us all better understand what lies at the core of regenerative ocean farming. Here you will find &#8211; among other exciting stuff &#8211; an overview over the benefits of regenerative ocean farming and regenerative methods.<\/p>\n<p><a href=\"https:\/\/www.c-faarer.eu\/news-and-blog\/conceptual-framework\" target=\"_blank\" rel=\"noopener\">Skaitykite daugiau ir atsisi\u0173skite vis\u0105 dokument\u0105 \u010dia<\/a><\/p>","protected":false},"excerpt":{"rendered":"<p>Manifesto of regenerative ocean farming 1. We produce food We have given ourselves the primary task of combining aquatic food production with active regeneration of the marine environment. As they grow our crops offer ecosystem services, such as nutrient absorption, increased biodiversity, binding of carbon dioxide, and other forms of mitigation against human-induced environmental harm,&hellip;<\/p>","protected":false},"author":2,"featured_media":0,"parent":0,"menu_order":0,"comment_status":"closed","ping_status":"closed","template":"","meta":{"_acf_changed":false,"footnotes":""},"class_list":["post-41","page","type-page","status-publish","hentry"],"acf":[],"yoast_head":"<!-- This site is optimized with the Yoast SEO plugin v27.4 - https:\/\/yoast.com\/product\/yoast-seo-wordpress\/ -->\n<title>Manifesto - Cool Blue Future<\/title>\n<meta name=\"robots\" content=\"index, follow, max-snippet:-1, max-image-preview:large, max-video-preview:-1\" \/>\n<link rel=\"canonical\" href=\"https:\/\/coolbluefuture.org\/lt\/manifesto\/\" \/>\n<meta property=\"og:locale\" content=\"lt_LT\" \/>\n<meta property=\"og:type\" content=\"article\" \/>\n<meta property=\"og:title\" content=\"Manifesto - Cool Blue Future\" \/>\n<meta property=\"og:description\" content=\"Manifesto of regenerative ocean farming 1. We produce food We have given ourselves the primary task of combining aquatic food production with active regeneration of the marine environment. As they grow our crops offer ecosystem services, such as nutrient absorption, increased biodiversity, binding of carbon dioxide, and other forms of mitigation against human-induced environmental harm,&hellip;\" \/>\n<meta property=\"og:url\" content=\"https:\/\/coolbluefuture.org\/lt\/manifesto\/\" \/>\n<meta property=\"og:site_name\" content=\"Cool Blue Future\" \/>\n<meta property=\"article:modified_time\" content=\"2024-11-05T13:45:19+00:00\" \/>\n<meta property=\"og:image\" content=\"https:\/\/coolbluefuture.org\/wp-content\/uploads\/2024\/02\/cool-blue-future-ocean-underwater-01.jpg\" \/>\n<meta name=\"twitter:card\" content=\"summary_large_image\" \/>\n<meta name=\"twitter:label1\" content=\"Est. reading time\" \/>\n\t<meta name=\"twitter:data1\" content=\"5 minut\u0117s\" \/>\n<script type=\"application\/ld+json\" class=\"yoast-schema-graph\">{\"@context\":\"https:\\\/\\\/schema.org\",\"@graph\":[{\"@type\":\"WebPage\",\"@id\":\"https:\\\/\\\/coolbluefuture.org\\\/manifesto\\\/\",\"url\":\"https:\\\/\\\/coolbluefuture.org\\\/manifesto\\\/\",\"name\":\"Manifesto - Cool Blue Future\",\"isPartOf\":{\"@id\":\"https:\\\/\\\/coolbluefuture.org\\\/#website\"},\"primaryImageOfPage\":{\"@id\":\"https:\\\/\\\/coolbluefuture.org\\\/manifesto\\\/#primaryimage\"},\"image\":{\"@id\":\"https:\\\/\\\/coolbluefuture.org\\\/manifesto\\\/#primaryimage\"},\"thumbnailUrl\":\"https:\\\/\\\/coolbluefuture.org\\\/wp-content\\\/uploads\\\/2024\\\/02\\\/cool-blue-future-ocean-underwater-01.jpg\",\"datePublished\":\"2024-03-19T08:15:27+00:00\",\"dateModified\":\"2024-11-05T13:45:19+00:00\",\"breadcrumb\":{\"@id\":\"https:\\\/\\\/coolbluefuture.org\\\/manifesto\\\/#breadcrumb\"},\"inLanguage\":\"lt-LT\",\"potentialAction\":[{\"@type\":\"ReadAction\",\"target\":[\"https:\\\/\\\/coolbluefuture.org\\\/manifesto\\\/\"]}]},{\"@type\":\"ImageObject\",\"inLanguage\":\"lt-LT\",\"@id\":\"https:\\\/\\\/coolbluefuture.org\\\/manifesto\\\/#primaryimage\",\"url\":\"https:\\\/\\\/coolbluefuture.org\\\/wp-content\\\/uploads\\\/2024\\\/02\\\/cool-blue-future-ocean-underwater-01.jpg\",\"contentUrl\":\"https:\\\/\\\/coolbluefuture.org\\\/wp-content\\\/uploads\\\/2024\\\/02\\\/cool-blue-future-ocean-underwater-01.jpg\"},{\"@type\":\"BreadcrumbList\",\"@id\":\"https:\\\/\\\/coolbluefuture.org\\\/manifesto\\\/#breadcrumb\",\"itemListElement\":[{\"@type\":\"ListItem\",\"position\":1,\"name\":\"Home\",\"item\":\"https:\\\/\\\/coolbluefuture.org\\\/\"},{\"@type\":\"ListItem\",\"position\":2,\"name\":\"Manifesto\"}]},{\"@type\":\"WebSite\",\"@id\":\"https:\\\/\\\/coolbluefuture.org\\\/#website\",\"url\":\"https:\\\/\\\/coolbluefuture.org\\\/\",\"name\":\"Cool Blue Future\",\"description\":\"A platform for blue community enterprise\",\"potentialAction\":[{\"@type\":\"SearchAction\",\"target\":{\"@type\":\"EntryPoint\",\"urlTemplate\":\"https:\\\/\\\/coolbluefuture.org\\\/?s={search_term_string}\"},\"query-input\":{\"@type\":\"PropertyValueSpecification\",\"valueRequired\":true,\"valueName\":\"search_term_string\"}}],\"inLanguage\":\"lt-LT\"}]}<\/script>\n<!-- \/ Yoast SEO plugin. -->","yoast_head_json":{"title":"Manifesto - Cool Blue Future","robots":{"index":"index","follow":"follow","max-snippet":"max-snippet:-1","max-image-preview":"max-image-preview:large","max-video-preview":"max-video-preview:-1"},"canonical":"https:\/\/coolbluefuture.org\/lt\/manifesto\/","og_locale":"lt_LT","og_type":"article","og_title":"Manifesto - Cool Blue Future","og_description":"Manifesto of regenerative ocean farming 1. We produce food We have given ourselves the primary task of combining aquatic food production with active regeneration of the marine environment. As they grow our crops offer ecosystem services, such as nutrient absorption, increased biodiversity, binding of carbon dioxide, and other forms of mitigation against human-induced environmental harm,&hellip;","og_url":"https:\/\/coolbluefuture.org\/lt\/manifesto\/","og_site_name":"Cool Blue Future","article_modified_time":"2024-11-05T13:45:19+00:00","og_image":[{"url":"https:\/\/coolbluefuture.org\/wp-content\/uploads\/2024\/02\/cool-blue-future-ocean-underwater-01.jpg","type":"","width":"","height":""}],"twitter_card":"summary_large_image","twitter_misc":{"Est. reading time":"5 minut\u0117s"},"schema":{"@context":"https:\/\/schema.org","@graph":[{"@type":"WebPage","@id":"https:\/\/coolbluefuture.org\/manifesto\/","url":"https:\/\/coolbluefuture.org\/manifesto\/","name":"Manifesto - Cool Blue Future","isPartOf":{"@id":"https:\/\/coolbluefuture.org\/#website"},"primaryImageOfPage":{"@id":"https:\/\/coolbluefuture.org\/manifesto\/#primaryimage"},"image":{"@id":"https:\/\/coolbluefuture.org\/manifesto\/#primaryimage"},"thumbnailUrl":"https:\/\/coolbluefuture.org\/wp-content\/uploads\/2024\/02\/cool-blue-future-ocean-underwater-01.jpg","datePublished":"2024-03-19T08:15:27+00:00","dateModified":"2024-11-05T13:45:19+00:00","breadcrumb":{"@id":"https:\/\/coolbluefuture.org\/manifesto\/#breadcrumb"},"inLanguage":"lt-LT","potentialAction":[{"@type":"ReadAction","target":["https:\/\/coolbluefuture.org\/manifesto\/"]}]},{"@type":"ImageObject","inLanguage":"lt-LT","@id":"https:\/\/coolbluefuture.org\/manifesto\/#primaryimage","url":"https:\/\/coolbluefuture.org\/wp-content\/uploads\/2024\/02\/cool-blue-future-ocean-underwater-01.jpg","contentUrl":"https:\/\/coolbluefuture.org\/wp-content\/uploads\/2024\/02\/cool-blue-future-ocean-underwater-01.jpg"},{"@type":"BreadcrumbList","@id":"https:\/\/coolbluefuture.org\/manifesto\/#breadcrumb","itemListElement":[{"@type":"ListItem","position":1,"name":"Home","item":"https:\/\/coolbluefuture.org\/"},{"@type":"ListItem","position":2,"name":"Manifesto"}]},{"@type":"WebSite","@id":"https:\/\/coolbluefuture.org\/#website","url":"https:\/\/coolbluefuture.org\/","name":"Cool Blue Future","description":"A platform for blue community enterprise","potentialAction":[{"@type":"SearchAction","target":{"@type":"EntryPoint","urlTemplate":"https:\/\/coolbluefuture.org\/?s={search_term_string}"},"query-input":{"@type":"PropertyValueSpecification","valueRequired":true,"valueName":"search_term_string"}}],"inLanguage":"lt-LT"}]}},"_links":{"self":[{"href":"https:\/\/coolbluefuture.org\/lt\/wp-json\/wp\/v2\/pages\/41","targetHints":{"allow":["GET"]}}],"collection":[{"href":"https:\/\/coolbluefuture.org\/lt\/wp-json\/wp\/v2\/pages"}],"about":[{"href":"https:\/\/coolbluefuture.org\/lt\/wp-json\/wp\/v2\/types\/page"}],"author":[{"embeddable":true,"href":"https:\/\/coolbluefuture.org\/lt\/wp-json\/wp\/v2\/users\/2"}],"replies":[{"embeddable":true,"href":"https:\/\/coolbluefuture.org\/lt\/wp-json\/wp\/v2\/comments?post=41"}],"version-history":[{"count":0,"href":"https:\/\/coolbluefuture.org\/lt\/wp-json\/wp\/v2\/pages\/41\/revisions"}],"wp:attachment":[{"href":"https:\/\/coolbluefuture.org\/lt\/wp-json\/wp\/v2\/media?parent=41"}],"curies":[{"name":"wp","href":"https:\/\/api.w.org\/{rel}","templated":true}]}}