{"id":43,"date":"2024-03-19T09:15:50","date_gmt":"2024-03-19T08:15:50","guid":{"rendered":"https:\/\/coolbluefuture.org\/?page_id=43"},"modified":"2025-10-29T10:16:34","modified_gmt":"2025-10-29T09:16:34","slug":"guide-to-regenerative-ocean-farming","status":"publish","type":"page","link":"https:\/\/coolbluefuture.org\/lt\/guide-to-regenerative-ocean-farming\/","title":{"rendered":"Regeneracinio vandenyn\u0173 \u016bkininkavimo vadovas"},"content":{"rendered":"<h1  data-animation-delay=\"0\" data-animation-duration=\"2\">\n\t\t\tRegeneracinio vandenyn\u0173 \u016bkininkavimo vadovas\t<\/h1>\n\t<p>Regeneracinis vandenyn\u0173 \u016bkininkavimas gali b\u016bti \u012fvairi\u0173 form\u0173 ir visuomet pritaikomas prie vietos s\u0105lyg\u0173. Pakrant\u0117se jau vyksta nedidelio masto j\u016brini\u0173 kult\u016br\u0173 auginimas nesiekiant pelno. Ta\u010diau \u0161iame regeneracinio vandenyno \u016bkininkavimo vadove pirmiausia koncentruojam\u0117s \u012f nedideli\u0173 apim\u010di\u0173 komercin\u012f auginim\u0105, turint tiksl\u0105 u\u017eauginti derlius, kuriuos b\u016bt\u0173 galima parduoti. \u010cia rasite \u012fkv\u0117pimo, \u017eini\u0173 ir patarim\u0173, aktuali\u0173 naujai j\u016br\u0173 \u016bkinink\u0173 ir \u016bkininki\u0173 kartai, j\u016brose ir vandenynuose veikla u\u017esiiman\u010diais pagal regeneracinius principus.<\/p>\n\t\t\t\t\t\t\t<img loading=\"lazy\" decoding=\"async\" src=\"https:\/\/coolbluefuture.org\/wp-content\/uploads\/2024\/06\/lesson-1.jpg\" alt=\"lesson-1\" width=\"1200\" height=\"800\" \/>\n\t\t\t\t\t<p>1-oji pamoka<\/p>\n\t\t\t\t\t\t<h3><a href=\"https:\/\/coolbluefuture.org\/lt\/guides-and-tools\/lesson-1\/\" target=\"_self\">\u012evadas \u012f regeneracin\u012f vandenyn\u0173 \u016bkininkavim\u0105<\/a><\/h3>\t\t\t\t\t\n\t\t\t\t\t<p>Available in English, Danish &amp; Lithuanian.Covers subjects such as:- What does &#8220;regenerative&#8221; imply?<br \/>&#8211; Basic setup of an ocean farm<br \/>&#8211; Ecosystems, nutrients and eutrophication<\/p>\t\t\t\t\n\t\t\t\t<a href=\"https:\/\/coolbluefuture.org\/lt\/guides-and-tools\/lesson-1\/\" role=\"button\" target=\"_self\">\n\t\t\t\t\t\t\t\t\t\tPrad\u0117ti 1-\u0105 pamok\u0105\n\t\t\t\t\t\t\t\t\t<\/a>\n\t\t\t\t\t\t\t<img loading=\"lazy\" decoding=\"async\" src=\"https:\/\/coolbluefuture.org\/wp-content\/uploads\/2024\/06\/lesson-2.jpg\" alt=\"lesson-2\" width=\"1200\" height=\"800\" \/>\n\t\t\t\t\t<p>2-oji pamoka<\/p>\n\t\t\t\t\t\t<h3><a href=\"https:\/\/coolbluefuture.org\/lt\/guide-to-regenerative-ocean-farming\/lesson-2\/\" target=\"_self\">Tinkamos vietos paie\u0161ka<\/a><\/h3>\t\t\t\t\t\n\t\t\t\t\t<p>Available in English, Danish &amp; Lithuanian.Covers subjects such as:- The importance of easy access<br \/>&#8211; Obtaining social license<br \/>&#8211; Environmental factors<\/p>\t\t\t\t\n\t\t\t\t<a href=\"https:\/\/coolbluefuture.org\/lt\/guide-to-regenerative-ocean-farming\/lesson-2\/\" role=\"button\" target=\"_self\">\n\t\t\t\t\t\t\t\t\t\tPrad\u0117ti 2-\u0105 pamok\u0105\n\t\t\t\t\t\t\t\t\t<\/a>\n\t\t\t\t\t\t\t<img loading=\"lazy\" decoding=\"async\" src=\"https:\/\/coolbluefuture.org\/wp-content\/uploads\/2024\/06\/lesson-3.jpg\" alt=\"lesson-3\" width=\"1200\" height=\"800\" \/>\n\t\t\t\t\t<p>3-oji pamoka<\/p>\n\t\t\t\t\t\t<h3><a href=\"https:\/\/coolbluefuture.org\/lt\/guide-to-regenerative-ocean-farming\/lesson-3\/\" target=\"_self\">J\u016brinio \u016bkio \u012fk\u016brimas<\/a><\/h3>\t\t\t\t\t\n\t\t\t\t\t<p>Available in English, Danish &amp; Lithuanian.Covers subjects such as:- Farm design<br \/>&#8211; Gear and equipment<br \/>&#8211; Physical implementation<\/p>\t\t\t\t\n\t\t\t\t<a href=\"https:\/\/coolbluefuture.org\/lt\/guide-to-regenerative-ocean-farming\/lesson-3\/\" role=\"button\" target=\"_self\">\n\t\t\t\t\t\t\t\t\t\tPrad\u0117ti 3-\u0105 pamok\u0105\n\t\t\t\t\t\t\t\t\t<\/a>\n\t\t\t\t\t\t\t<img loading=\"lazy\" decoding=\"async\" src=\"https:\/\/coolbluefuture.org\/wp-content\/uploads\/2025\/08\/DSC09309-e1755602196423.jpg\" alt=\"DSC09309\" width=\"1200\" height=\"800\" \/>\n\t\t\t\t\t<p>4-oji pamoka<\/p>\n\t\t\t\t\t\t<h3><a href=\"https:\/\/coolbluefuture.org\/lt\/guide-to-regenerative-ocean-farming\/lesson-4\/\" target=\"_self\">\u012evadas \u012f pas\u0117lius ir j\u0173 auginim\u0105<\/a><\/h3>\t\t\t\t\t\n\t\t\t\t\t<p>Available in English, Danish &amp; Lithuanian.Covers subjects such as:- The yearly cycle of the ocean farmer<br \/>&#8211; Cultivation of sugar kelp and other types of seaweed<br \/>&#8211; Cultivation of bivalves (mussels and oysters)<\/p>\t\t\t\t\n\t\t\t\t<a href=\"https:\/\/coolbluefuture.org\/lt\/guide-to-regenerative-ocean-farming\/lesson-4\/\" role=\"button\" target=\"_self\">\n\t\t\t\t\t\t\t\t\t\tStart Lesson 4\n\t\t\t\t\t\t\t\t\t<\/a>\n\t\t\t\t\t\t\t<img loading=\"lazy\" decoding=\"async\" src=\"https:\/\/coolbluefuture.org\/wp-content\/uploads\/2025\/10\/Screenshot-2025-10-29-101009.png\" alt=\"Screenshot 2025-10-29 101009\" width=\"996\" height=\"652\" \/>\n\t\t\t\t\t<p>5-oji pamoka<\/p>\n\t\t\t\t\t\t<h3><a href=\"https:\/\/coolbluefuture.org\/lt\/guide-to-regenerative-ocean-farming\/lesson-5\/\" target=\"_self\">Verslo modeliai<\/a><\/h3>\t\t\t\t\t\n\t\t\t\t\t<p>Available in English.Covers subjects such as:- Building Blocks of a Regenerative Business<br \/>&#8211; Using the Business Model Canvas<br \/>&#8211; Challenges and How to Overcome Them<\/p>\t\t\t\t\n\t\t\t\t<a href=\"https:\/\/coolbluefuture.org\/lt\/guide-to-regenerative-ocean-farming\/lesson-5\/\" role=\"button\" target=\"_self\">\n\t\t\t\t\t\t\t\t\t\tStart Lesson 5\n\t\t\t\t\t\t\t\t\t<\/a>\n\t\t\t\t\t\t\t<img loading=\"lazy\" decoding=\"async\" src=\"https:\/\/coolbluefuture.org\/wp-content\/uploads\/2025\/10\/A007_C024_0417YX.0001121-scaled-e1761725309433.jpg\" alt=\"A007_C024_0417YX\" width=\"1200\" height=\"800\" \/>\n\t\t\t\t\t<p>Lesson 6<\/p>\n\t\t\t\t\t\t<h3><a href=\"https:\/\/coolbluefuture.org\/lt\/guide-to-regenerative-ocean-farming\/lesson-6\/\" target=\"_self\">Licensing for Regenerative Ocean Farming<\/a><\/h3>\t\t\t\t\t\n\t\t\t\t\t<p>Available in English.Covers subjects such as:- The Common Licensing Framework<br \/>&#8211; Principles of Good Licensing<br \/>&#8211; Practical Advice for Farmers<\/p>\t\t\t\t\n\t\t\t\t<a href=\"https:\/\/coolbluefuture.org\/lt\/guide-to-regenerative-ocean-farming\/lesson-6\/\" role=\"button\" target=\"_self\">\n\t\t\t\t\t\t\t\t\t\tStart Lesson 6\n\t\t\t\t\t\t\t\t\t<\/a>\n\t\t\t\t\t\t\t<img loading=\"lazy\" decoding=\"async\" src=\"https:\/\/coolbluefuture.org\/wp-content\/uploads\/2025\/10\/Abning-af-Bolgemarken-Foto-Mikkel-Baekgaard-18-scaled-e1761726271532.jpg\" alt=\"Joachim holder tale - lorry filmer\" width=\"1200\" height=\"800\" \/>\n\t\t\t\t\t<p>Lesson 7<\/p>\n\t\t\t\t\t\t<h3><a href=\"https:\/\/coolbluefuture.org\/lt\/guide-to-regenerative-ocean-farming\/lesson-7\/\" target=\"_self\">Fundraising for Regenerative Ocean Farming<\/a><\/h3>\t\t\t\t\t\n\t\t\t\t\t<p>Available in English.Covers subjects such as:- Getting Started: Shaping Your Story<br \/>&#8211; Beyond Crowdfunding: Other Funding Sources for Regenerative Farmers<br \/>&#8211; Maintaining Momentum and Accountability<\/p>\t\t\t\t\n\t\t\t\t<a href=\"https:\/\/coolbluefuture.org\/lt\/guide-to-regenerative-ocean-farming\/lesson-7\/\" role=\"button\" target=\"_self\">\n\t\t\t\t\t\t\t\t\t\tStart Lesson 7\n\t\t\t\t\t\t\t\t\t<\/a>\n\t\t\t\t\t\t\t<img loading=\"lazy\" decoding=\"async\" src=\"https:\/\/coolbluefuture.org\/wp-content\/uploads\/2025\/07\/DSC08548-scaled-e1761726935775.jpg\" alt=\"DSC08548\" width=\"1200\" height=\"800\" \/>\n\t\t\t\t\t<p>Lesson 8<\/p>\n\t\t\t\t\t\t<h3><a href=\"https:\/\/coolbluefuture.org\/lt\/guide-to-regenerative-ocean-farming\/lesson-8\/\" target=\"_self\">Monitoring Your Farm<\/a><\/h3>\t\t\t\t\t\n\t\t\t\t\t<p>Available in English.Covers subjects such as:- Why Monitoring Matters<br \/>&#8211; Low-Cost Monitoring in Practice<br \/>&#8211; Health and Safety: Testing Your Harvest<\/p>\t\t\t\t\n\t\t\t\t<a href=\"https:\/\/coolbluefuture.org\/lt\/guide-to-regenerative-ocean-farming\/lesson-8\/\" role=\"button\" target=\"_self\">\n\t\t\t\t\t\t\t\t\t\tStart Lesson 8\n\t\t\t\t\t\t\t\t\t<\/a>\n\t\t\t\t<img decoding=\"async\" src=\"https:\/\/coolbluefuture.org\/wp-content\/uploads\/2024\/06\/gw-logo-inline.png\" alt=\"gw-logo-inline\" itemprop=\"image\" height=\"417\" width=\"1201\" title=\"gw-logo-inline\" onerror=\"this.style.display='none'\" loading=\"lazy\" \/>\n\t<p>Regeneracinio vandenyno \u016bkininkavimo vadovas yra \u012fkv\u0117ptas ir pagr\u012fstas <a href=\"https:\/\/hub.greenwave.org\/\" target=\"_blank\" rel=\"noopener\">GreenWave&#8217;s Ocean Farming Hub<\/a>. Some text in the Guide was translated directly from GreenWave&#8217;s Hub, while some text was adapted and\/or originally crafted by Cool Blue Future to reflect our local context in Europe.<\/p>\n<p>We are eternally grateful to GreenWave for compiling this work and for letting us use content from the Hub in the European Guide to Regenerative Ocean Farming. Visit GreenWave&#8217;s Ocean Farming Hub for even more courses, tools, and community for regenerative ocean farmers.<\/p>\n<p>Licencija pagr\u012fsta <a href=\"https:\/\/creativecommons.org\/licenses\/by-nc\/4.0\/\">Creative Commons Attribution-NonCommercial 4.0 International License.<\/a>.<\/p>","protected":false},"excerpt":{"rendered":"<p>Guide to regenerative ocean farming Regenerative ocean farming can take many different forms and is always adapted to local conditions. Very small-scale cultivation in a non-profit context is already taking place on several coastal locations. In the Guide to regenerative ocean farming, however, the scope is primarily small-scale commercial cultivation where the end goal is&hellip;<\/p>","protected":false},"author":2,"featured_media":0,"parent":0,"menu_order":0,"comment_status":"closed","ping_status":"closed","template":"","meta":{"_acf_changed":false,"footnotes":""},"class_list":["post-43","page","type-page","status-publish","hentry"],"acf":[],"yoast_head":"<!-- This site is optimized with the Yoast SEO plugin v27.2 - https:\/\/yoast.com\/product\/yoast-seo-wordpress\/ -->\n<title>Guide to regenerative ocean farming - Cool Blue Future<\/title>\n<meta name=\"robots\" content=\"index, follow, max-snippet:-1, max-image-preview:large, max-video-preview:-1\" \/>\n<link rel=\"canonical\" href=\"https:\/\/coolbluefuture.org\/lt\/guide-to-regenerative-ocean-farming\/\" \/>\n<meta property=\"og:locale\" content=\"lt_LT\" \/>\n<meta property=\"og:type\" content=\"article\" \/>\n<meta property=\"og:title\" content=\"Guide to regenerative ocean farming - Cool Blue Future\" \/>\n<meta property=\"og:description\" content=\"Guide to regenerative ocean farming Regenerative ocean farming can take many different forms and is always adapted to local conditions. Very small-scale cultivation in a non-profit context is already taking place on several coastal locations. In the Guide to regenerative ocean farming, however, the scope is primarily small-scale commercial cultivation where the end goal is&hellip;\" \/>\n<meta property=\"og:url\" content=\"https:\/\/coolbluefuture.org\/lt\/guide-to-regenerative-ocean-farming\/\" \/>\n<meta property=\"og:site_name\" content=\"Cool Blue Future\" \/>\n<meta property=\"article:modified_time\" content=\"2025-10-29T09:16:34+00:00\" \/>\n<meta property=\"og:image\" content=\"https:\/\/coolbluefuture.org\/wp-content\/uploads\/2024\/06\/lesson-1.jpg\" \/>\n<meta name=\"twitter:card\" content=\"summary_large_image\" \/>\n<meta name=\"twitter:label1\" content=\"Est. reading time\" \/>\n\t<meta name=\"twitter:data1\" content=\"3 minut\u0117s\" \/>\n<script type=\"application\/ld+json\" class=\"yoast-schema-graph\">{\"@context\":\"https:\/\/schema.org\",\"@graph\":[{\"@type\":\"WebPage\",\"@id\":\"https:\/\/coolbluefuture.org\/guide-to-regenerative-ocean-farming\/\",\"url\":\"https:\/\/coolbluefuture.org\/guide-to-regenerative-ocean-farming\/\",\"name\":\"Guide to regenerative ocean farming - Cool Blue Future\",\"isPartOf\":{\"@id\":\"https:\/\/coolbluefuture.org\/#website\"},\"primaryImageOfPage\":{\"@id\":\"https:\/\/coolbluefuture.org\/guide-to-regenerative-ocean-farming\/#primaryimage\"},\"image\":{\"@id\":\"https:\/\/coolbluefuture.org\/guide-to-regenerative-ocean-farming\/#primaryimage\"},\"thumbnailUrl\":\"https:\/\/coolbluefuture.org\/wp-content\/uploads\/2024\/06\/lesson-1.jpg\",\"datePublished\":\"2024-03-19T08:15:50+00:00\",\"dateModified\":\"2025-10-29T09:16:34+00:00\",\"breadcrumb\":{\"@id\":\"https:\/\/coolbluefuture.org\/guide-to-regenerative-ocean-farming\/#breadcrumb\"},\"inLanguage\":\"lt-LT\",\"potentialAction\":[{\"@type\":\"ReadAction\",\"target\":[\"https:\/\/coolbluefuture.org\/guide-to-regenerative-ocean-farming\/\"]}]},{\"@type\":\"ImageObject\",\"inLanguage\":\"lt-LT\",\"@id\":\"https:\/\/coolbluefuture.org\/guide-to-regenerative-ocean-farming\/#primaryimage\",\"url\":\"https:\/\/coolbluefuture.org\/wp-content\/uploads\/2024\/06\/lesson-1.jpg\",\"contentUrl\":\"https:\/\/coolbluefuture.org\/wp-content\/uploads\/2024\/06\/lesson-1.jpg\"},{\"@type\":\"BreadcrumbList\",\"@id\":\"https:\/\/coolbluefuture.org\/guide-to-regenerative-ocean-farming\/#breadcrumb\",\"itemListElement\":[{\"@type\":\"ListItem\",\"position\":1,\"name\":\"Home\",\"item\":\"https:\/\/coolbluefuture.org\/\"},{\"@type\":\"ListItem\",\"position\":2,\"name\":\"Guide to regenerative ocean farming\"}]},{\"@type\":\"WebSite\",\"@id\":\"https:\/\/coolbluefuture.org\/#website\",\"url\":\"https:\/\/coolbluefuture.org\/\",\"name\":\"Cool Blue Future\",\"description\":\"A platform for blue community enterprise\",\"potentialAction\":[{\"@type\":\"SearchAction\",\"target\":{\"@type\":\"EntryPoint\",\"urlTemplate\":\"https:\/\/coolbluefuture.org\/?s={search_term_string}\"},\"query-input\":{\"@type\":\"PropertyValueSpecification\",\"valueRequired\":true,\"valueName\":\"search_term_string\"}}],\"inLanguage\":\"lt-LT\"}]}<\/script>\n<!-- \/ Yoast SEO plugin. -->","yoast_head_json":{"title":"Guide to regenerative ocean farming - Cool Blue Future","robots":{"index":"index","follow":"follow","max-snippet":"max-snippet:-1","max-image-preview":"max-image-preview:large","max-video-preview":"max-video-preview:-1"},"canonical":"https:\/\/coolbluefuture.org\/lt\/guide-to-regenerative-ocean-farming\/","og_locale":"lt_LT","og_type":"article","og_title":"Guide to regenerative ocean farming - Cool Blue Future","og_description":"Guide to regenerative ocean farming Regenerative ocean farming can take many different forms and is always adapted to local conditions. Very small-scale cultivation in a non-profit context is already taking place on several coastal locations. In the Guide to regenerative ocean farming, however, the scope is primarily small-scale commercial cultivation where the end goal is&hellip;","og_url":"https:\/\/coolbluefuture.org\/lt\/guide-to-regenerative-ocean-farming\/","og_site_name":"Cool Blue Future","article_modified_time":"2025-10-29T09:16:34+00:00","og_image":[{"url":"https:\/\/coolbluefuture.org\/wp-content\/uploads\/2024\/06\/lesson-1.jpg","type":"","width":"","height":""}],"twitter_card":"summary_large_image","twitter_misc":{"Est. reading time":"3 minut\u0117s"},"schema":{"@context":"https:\/\/schema.org","@graph":[{"@type":"WebPage","@id":"https:\/\/coolbluefuture.org\/guide-to-regenerative-ocean-farming\/","url":"https:\/\/coolbluefuture.org\/guide-to-regenerative-ocean-farming\/","name":"Guide to regenerative ocean farming - Cool Blue Future","isPartOf":{"@id":"https:\/\/coolbluefuture.org\/#website"},"primaryImageOfPage":{"@id":"https:\/\/coolbluefuture.org\/guide-to-regenerative-ocean-farming\/#primaryimage"},"image":{"@id":"https:\/\/coolbluefuture.org\/guide-to-regenerative-ocean-farming\/#primaryimage"},"thumbnailUrl":"https:\/\/coolbluefuture.org\/wp-content\/uploads\/2024\/06\/lesson-1.jpg","datePublished":"2024-03-19T08:15:50+00:00","dateModified":"2025-10-29T09:16:34+00:00","breadcrumb":{"@id":"https:\/\/coolbluefuture.org\/guide-to-regenerative-ocean-farming\/#breadcrumb"},"inLanguage":"lt-LT","potentialAction":[{"@type":"ReadAction","target":["https:\/\/coolbluefuture.org\/guide-to-regenerative-ocean-farming\/"]}]},{"@type":"ImageObject","inLanguage":"lt-LT","@id":"https:\/\/coolbluefuture.org\/guide-to-regenerative-ocean-farming\/#primaryimage","url":"https:\/\/coolbluefuture.org\/wp-content\/uploads\/2024\/06\/lesson-1.jpg","contentUrl":"https:\/\/coolbluefuture.org\/wp-content\/uploads\/2024\/06\/lesson-1.jpg"},{"@type":"BreadcrumbList","@id":"https:\/\/coolbluefuture.org\/guide-to-regenerative-ocean-farming\/#breadcrumb","itemListElement":[{"@type":"ListItem","position":1,"name":"Home","item":"https:\/\/coolbluefuture.org\/"},{"@type":"ListItem","position":2,"name":"Guide to regenerative ocean farming"}]},{"@type":"WebSite","@id":"https:\/\/coolbluefuture.org\/#website","url":"https:\/\/coolbluefuture.org\/","name":"Cool Blue Future","description":"A platform for blue community enterprise","potentialAction":[{"@type":"SearchAction","target":{"@type":"EntryPoint","urlTemplate":"https:\/\/coolbluefuture.org\/?s={search_term_string}"},"query-input":{"@type":"PropertyValueSpecification","valueRequired":true,"valueName":"search_term_string"}}],"inLanguage":"lt-LT"}]}},"_links":{"self":[{"href":"https:\/\/coolbluefuture.org\/lt\/wp-json\/wp\/v2\/pages\/43","targetHints":{"allow":["GET"]}}],"collection":[{"href":"https:\/\/coolbluefuture.org\/lt\/wp-json\/wp\/v2\/pages"}],"about":[{"href":"https:\/\/coolbluefuture.org\/lt\/wp-json\/wp\/v2\/types\/page"}],"author":[{"embeddable":true,"href":"https:\/\/coolbluefuture.org\/lt\/wp-json\/wp\/v2\/users\/2"}],"replies":[{"embeddable":true,"href":"https:\/\/coolbluefuture.org\/lt\/wp-json\/wp\/v2\/comments?post=43"}],"version-history":[{"count":0,"href":"https:\/\/coolbluefuture.org\/lt\/wp-json\/wp\/v2\/pages\/43\/revisions"}],"wp:attachment":[{"href":"https:\/\/coolbluefuture.org\/lt\/wp-json\/wp\/v2\/media?parent=43"}],"curies":[{"name":"wp","href":"https:\/\/api.w.org\/{rel}","templated":true}]}}