{"id":463,"date":"2024-06-06T16:18:55","date_gmt":"2024-06-06T14:18:55","guid":{"rendered":"https:\/\/coolbluefuture.org\/?page_id=463"},"modified":"2024-08-14T10:48:52","modified_gmt":"2024-08-14T08:48:52","slug":"martin-and-martin-from-ecopelag","status":"publish","type":"page","link":"https:\/\/coolbluefuture.org\/lt\/meet-the-farmers\/martin-and-martin-from-ecopelag\/","title":{"rendered":"Martin and Martin from Ecopelag"},"content":{"rendered":"<h1>\n\t\tMartin ir Martin i\u0161 Ecopelag (\u0160vedija)\n\t<\/h1>\n\t<p>Ecopelag yra \u0160vedijos \u012fmon\u0117, samdanti \u017evejus, auginan\u010dius midijas Baltijos j\u016broje netoli Stokholmo. \u017dinoma, druskingumas yra i\u0161\u0161\u016bkis Baltijos j\u016broje, ta\u010diau i\u0161 prad\u017ei\u0173 daugiausia d\u0117mesio skyrus ma\u017eoms midijomis, skirtomis gyvuli\u0173 pa\u0161arui, Ecopelag pavyko prad\u0117ti. \u0160iuo \u012fkvepian\u010diu ma\u017eo druskingumo auginimo atveju maisto gamyba yra ant brai\u017eymo lentos.<\/p>\n\t\n\n\n\n\n\n<div class=\"fl-builder-content fl-builder-content-533 fl-builder-template fl-builder-module-template fl-builder-global-templates-locked\" data-post-id=\"533\"><div class=\"fl-module fl-module-pp-video fl-node-eroydlgijnu3\" data-node=\"eroydlgijnu3\">\n\t<div class=\"fl-module-content fl-node-content\">\n\t\t\n<div class=\"pp-video-wrapper pp-video-source-youtube pp-aspect-ratio-169\">\n\t\t<div class=\"pp-fit-aspect-ratio\">\n\t<iframe class=\"pp-video-iframe\" allowfullscreen allow=\"autoplay\" data-src=\"https:\/\/www.youtube-nocookie.com\/embed\/xmanLIFx2yk?feature=oembed&amp;start&amp;end&amp;wmode=opaque&amp;loop=0&amp;controls=1&amp;mute=0&amp;rel=0&amp;modestbranding=1\"><\/iframe>\t\t<div class=\"pp-video-image-overlay\" style=\"background-image: url(https:\/\/coolbluefuture.org\/wp-content\/uploads\/2024\/06\/video-cover-2.jpg);\">\n\t\t\t\t\t\t\t\t\t\t<div class=\"pp-video-play-icon\" role=\"button\" tabindex=\"0\">\n\t\t\t\t\t<svg version=\"1.1\" xmlns=\"http:\/\/www.w3.org\/2000\/svg\" xmlns:xlink=\"http:\/\/www.w3.org\/1999\/xlink\" x=\"0px\" y=\"0px\"\r\n\t viewbox=\"0 0 415.346 415.346\" xml:space=\"preserve\" aria-hidden=\"true\">\r\n\t<g>\r\n\t\t<path d=\"M41.712,415.346c-11.763,0-21.3-9.537-21.3-21.3V21.299C20.412,9.536,29.949,0,41.712,0l346.122,191.697\t\t\tc0,0,15.975,15.975,0,31.951C371.859,239.622,41.712,415.346,41.712,415.346z\"\/>\r\n\t<\/g>\r\n<\/svg>\r\n\t\t\t\t\t<span class=\"pp-screen-only\">Play Video<\/span>\n\t\t\t\t<\/div>\n\t\t\t\t\t<\/div>\n\t\t<\/div>\n<\/div>\n\n\t<\/div>\n<\/div>\n<\/div>\n\n\n\n\n\n\n\t<a href=\"https:\/\/coolbluefuture.org\/lt\/meet-the-farmers\/\" target=\"_self\" role=\"button\" aria-label=\"Susipa\u017einkite su kitais \u016bkininkais\" rel=\"noopener\">\n\t\t\t\t\t\tSusipa\u017einkite su kitais \u016bkininkais\n\t\t\t\t\t<\/a>\n\t<p><a href=\"https:\/\/www.greenwave.org\/who-farms-matters\" target=\"_blank\" rel=\"noopener\">Susipa\u017einkite su daugiau j\u016br\u0173 \u016bkinink\u0173<\/a> atne\u0161\u0117 jums m\u016bs\u0173 draugai GreenWave.<\/p>","protected":false},"excerpt":{"rendered":"<p>Martin and Martin from Ecopelag (Sweden) Ecopelag is a Swedish setup that employs fishermen to grow mussels in the Baltic Sea near Stockholm. Salinity is of course a challenge this far up in the Baltic Sea, but by initially focusing on small mussels for animal feed, Ecopelag has succeeded in getting started. Food production is&hellip;<\/p>","protected":false},"author":2,"featured_media":0,"parent":363,"menu_order":0,"comment_status":"closed","ping_status":"closed","template":"","meta":{"_acf_changed":false,"footnotes":""},"class_list":["post-463","page","type-page","status-publish","hentry"],"acf":[],"yoast_head":"<!-- This site is optimized with the Yoast SEO plugin v27.4 - https:\/\/yoast.com\/product\/yoast-seo-wordpress\/ -->\n<title>Martin and Martin from Ecopelag - Cool Blue Future<\/title>\n<meta name=\"robots\" content=\"index, follow, max-snippet:-1, max-image-preview:large, max-video-preview:-1\" \/>\n<link rel=\"canonical\" href=\"https:\/\/coolbluefuture.org\/lt\/meet-the-farmers\/martin-and-martin-from-ecopelag\/\" \/>\n<meta property=\"og:locale\" content=\"lt_LT\" \/>\n<meta property=\"og:type\" content=\"article\" \/>\n<meta property=\"og:title\" content=\"Martin and Martin from Ecopelag - Cool Blue Future\" \/>\n<meta property=\"og:description\" content=\"Martin and Martin from Ecopelag (Sweden) Ecopelag is a Swedish setup that employs fishermen to grow mussels in the Baltic Sea near Stockholm. Salinity is of course a challenge this far up in the Baltic Sea, but by initially focusing on small mussels for animal feed, Ecopelag has succeeded in getting started. Food production is&hellip;\" \/>\n<meta property=\"og:url\" content=\"https:\/\/coolbluefuture.org\/lt\/meet-the-farmers\/martin-and-martin-from-ecopelag\/\" \/>\n<meta property=\"og:site_name\" content=\"Cool Blue Future\" \/>\n<meta property=\"article:modified_time\" content=\"2024-08-14T08:48:52+00:00\" \/>\n<meta property=\"og:image\" content=\"https:\/\/coolbluefuture.org\/wp-content\/uploads\/2024\/06\/cbf-social-share.jpg\" \/>\n\t<meta property=\"og:image:width\" content=\"1200\" \/>\n\t<meta property=\"og:image:height\" content=\"675\" \/>\n\t<meta property=\"og:image:type\" content=\"image\/jpeg\" \/>\n<meta name=\"twitter:card\" content=\"summary_large_image\" \/>\n<script type=\"application\/ld+json\" class=\"yoast-schema-graph\">{\"@context\":\"https:\\\/\\\/schema.org\",\"@graph\":[{\"@type\":\"WebPage\",\"@id\":\"https:\\\/\\\/coolbluefuture.org\\\/meet-the-farmers\\\/martin-and-martin-from-ecopelag\\\/\",\"url\":\"https:\\\/\\\/coolbluefuture.org\\\/meet-the-farmers\\\/martin-and-martin-from-ecopelag\\\/\",\"name\":\"Martin and Martin from Ecopelag - Cool Blue Future\",\"isPartOf\":{\"@id\":\"https:\\\/\\\/coolbluefuture.org\\\/#website\"},\"datePublished\":\"2024-06-06T14:18:55+00:00\",\"dateModified\":\"2024-08-14T08:48:52+00:00\",\"breadcrumb\":{\"@id\":\"https:\\\/\\\/coolbluefuture.org\\\/meet-the-farmers\\\/martin-and-martin-from-ecopelag\\\/#breadcrumb\"},\"inLanguage\":\"lt-LT\",\"potentialAction\":[{\"@type\":\"ReadAction\",\"target\":[\"https:\\\/\\\/coolbluefuture.org\\\/meet-the-farmers\\\/martin-and-martin-from-ecopelag\\\/\"]}]},{\"@type\":\"BreadcrumbList\",\"@id\":\"https:\\\/\\\/coolbluefuture.org\\\/meet-the-farmers\\\/martin-and-martin-from-ecopelag\\\/#breadcrumb\",\"itemListElement\":[{\"@type\":\"ListItem\",\"position\":1,\"name\":\"Home\",\"item\":\"https:\\\/\\\/coolbluefuture.org\\\/\"},{\"@type\":\"ListItem\",\"position\":2,\"name\":\"Meet the farmers\",\"item\":\"https:\\\/\\\/coolbluefuture.org\\\/meet-the-farmers\\\/\"},{\"@type\":\"ListItem\",\"position\":3,\"name\":\"Martin and Martin from Ecopelag\"}]},{\"@type\":\"WebSite\",\"@id\":\"https:\\\/\\\/coolbluefuture.org\\\/#website\",\"url\":\"https:\\\/\\\/coolbluefuture.org\\\/\",\"name\":\"Cool Blue Future\",\"description\":\"A platform for blue community enterprise\",\"potentialAction\":[{\"@type\":\"SearchAction\",\"target\":{\"@type\":\"EntryPoint\",\"urlTemplate\":\"https:\\\/\\\/coolbluefuture.org\\\/?s={search_term_string}\"},\"query-input\":{\"@type\":\"PropertyValueSpecification\",\"valueRequired\":true,\"valueName\":\"search_term_string\"}}],\"inLanguage\":\"lt-LT\"}]}<\/script>\n<!-- \/ Yoast SEO plugin. -->","yoast_head_json":{"title":"Martin and Martin from Ecopelag - Cool Blue Future","robots":{"index":"index","follow":"follow","max-snippet":"max-snippet:-1","max-image-preview":"max-image-preview:large","max-video-preview":"max-video-preview:-1"},"canonical":"https:\/\/coolbluefuture.org\/lt\/meet-the-farmers\/martin-and-martin-from-ecopelag\/","og_locale":"lt_LT","og_type":"article","og_title":"Martin and Martin from Ecopelag - Cool Blue Future","og_description":"Martin and Martin from Ecopelag (Sweden) Ecopelag is a Swedish setup that employs fishermen to grow mussels in the Baltic Sea near Stockholm. Salinity is of course a challenge this far up in the Baltic Sea, but by initially focusing on small mussels for animal feed, Ecopelag has succeeded in getting started. Food production is&hellip;","og_url":"https:\/\/coolbluefuture.org\/lt\/meet-the-farmers\/martin-and-martin-from-ecopelag\/","og_site_name":"Cool Blue Future","article_modified_time":"2024-08-14T08:48:52+00:00","og_image":[{"width":1200,"height":675,"url":"https:\/\/coolbluefuture.org\/wp-content\/uploads\/2024\/06\/cbf-social-share.jpg","type":"image\/jpeg"}],"twitter_card":"summary_large_image","schema":{"@context":"https:\/\/schema.org","@graph":[{"@type":"WebPage","@id":"https:\/\/coolbluefuture.org\/meet-the-farmers\/martin-and-martin-from-ecopelag\/","url":"https:\/\/coolbluefuture.org\/meet-the-farmers\/martin-and-martin-from-ecopelag\/","name":"Martin and Martin from Ecopelag - Cool Blue Future","isPartOf":{"@id":"https:\/\/coolbluefuture.org\/#website"},"datePublished":"2024-06-06T14:18:55+00:00","dateModified":"2024-08-14T08:48:52+00:00","breadcrumb":{"@id":"https:\/\/coolbluefuture.org\/meet-the-farmers\/martin-and-martin-from-ecopelag\/#breadcrumb"},"inLanguage":"lt-LT","potentialAction":[{"@type":"ReadAction","target":["https:\/\/coolbluefuture.org\/meet-the-farmers\/martin-and-martin-from-ecopelag\/"]}]},{"@type":"BreadcrumbList","@id":"https:\/\/coolbluefuture.org\/meet-the-farmers\/martin-and-martin-from-ecopelag\/#breadcrumb","itemListElement":[{"@type":"ListItem","position":1,"name":"Home","item":"https:\/\/coolbluefuture.org\/"},{"@type":"ListItem","position":2,"name":"Meet the farmers","item":"https:\/\/coolbluefuture.org\/meet-the-farmers\/"},{"@type":"ListItem","position":3,"name":"Martin and Martin from Ecopelag"}]},{"@type":"WebSite","@id":"https:\/\/coolbluefuture.org\/#website","url":"https:\/\/coolbluefuture.org\/","name":"Cool Blue Future","description":"A platform for blue community enterprise","potentialAction":[{"@type":"SearchAction","target":{"@type":"EntryPoint","urlTemplate":"https:\/\/coolbluefuture.org\/?s={search_term_string}"},"query-input":{"@type":"PropertyValueSpecification","valueRequired":true,"valueName":"search_term_string"}}],"inLanguage":"lt-LT"}]}},"_links":{"self":[{"href":"https:\/\/coolbluefuture.org\/lt\/wp-json\/wp\/v2\/pages\/463","targetHints":{"allow":["GET"]}}],"collection":[{"href":"https:\/\/coolbluefuture.org\/lt\/wp-json\/wp\/v2\/pages"}],"about":[{"href":"https:\/\/coolbluefuture.org\/lt\/wp-json\/wp\/v2\/types\/page"}],"author":[{"embeddable":true,"href":"https:\/\/coolbluefuture.org\/lt\/wp-json\/wp\/v2\/users\/2"}],"replies":[{"embeddable":true,"href":"https:\/\/coolbluefuture.org\/lt\/wp-json\/wp\/v2\/comments?post=463"}],"version-history":[{"count":0,"href":"https:\/\/coolbluefuture.org\/lt\/wp-json\/wp\/v2\/pages\/463\/revisions"}],"up":[{"embeddable":true,"href":"https:\/\/coolbluefuture.org\/lt\/wp-json\/wp\/v2\/pages\/363"}],"wp:attachment":[{"href":"https:\/\/coolbluefuture.org\/lt\/wp-json\/wp\/v2\/media?parent=463"}],"curies":[{"name":"wp","href":"https:\/\/api.w.org\/{rel}","templated":true}]}}