{"id":600,"date":"2024-10-03T17:23:07","date_gmt":"2024-10-03T15:23:07","guid":{"rendered":"https:\/\/coolbluefuture.org\/?page_id=600"},"modified":"2024-10-03T17:37:34","modified_gmt":"2024-10-03T15:37:34","slug":"jonas-and-anita-from-aktion-osterbotten","status":"publish","type":"page","link":"https:\/\/coolbluefuture.org\/lt\/meet-the-farmers\/jonas-and-anita-from-aktion-osterbotten\/","title":{"rendered":"Jonas and Anita from Aktion \u00d6sterbotten"},"content":{"rendered":"<h1>\n\t\tJonas ir Anita i\u0161 Aktion \u00d6sterbotten\n(Suomija)\n\t<\/h1>\n\t<p>Jonas ir Anita yra j\u016brini\u0173 augal\u0173 auginimo\nlabai ma\u017eo druskingumo vietov\u0117se\npradininkai. Jie dirba ir su g\u0117lavandeni\u0173\nmidij\u0173 kasimu j\u016broje prie Suomijos krant\u0173, ir\nsu pl\u016bduriuojan\u010diais sodais, kuriuose netoli\nkranto augina \u012fvairius valgomuosius\naugalus. J\u0173 tikslas sukurti praktines\npriemones ir metodus, kurie pad\u0117t\u0173 pl\u0117toti\natkuriam\u0105j\u012f j\u016brin\u012f \u016bkininkavim\u0105 Suomijos\npakrant\u0117je.<\/p>\n\t\n\n\n\n\n\n<div class=\"fl-builder-content fl-builder-content-615 fl-builder-template fl-builder-module-template fl-builder-global-templates-locked\" data-post-id=\"615\"><div class=\"fl-module fl-module-pp-video fl-node-1vo89sqyhnuz\" data-node=\"1vo89sqyhnuz\">\n\t<div class=\"fl-module-content fl-node-content\">\n\t\t\n<div class=\"pp-video-wrapper pp-video-source-youtube pp-aspect-ratio-169\">\n\t\t<div class=\"pp-fit-aspect-ratio\">\n\t<iframe class=\"pp-video-iframe\" allowfullscreen allow=\"autoplay\" data-src=\"https:\/\/www.youtube-nocookie.com\/embed\/ibLEqBUyVm4?feature=oembed&amp;start&amp;end&amp;wmode=opaque&amp;loop=0&amp;controls=1&amp;mute=0&amp;rel=0&amp;modestbranding=1\"><\/iframe>\t\t<div class=\"pp-video-image-overlay\" style=\"background-image: url(https:\/\/coolbluefuture.org\/wp-content\/uploads\/2024\/06\/aktion-osterbotten-cover2.jpg);\">\n\t\t\t\t\t\t\t\t\t\t<div class=\"pp-video-play-icon\" role=\"button\" tabindex=\"0\">\n\t\t\t\t\t<svg version=\"1.1\" xmlns=\"http:\/\/www.w3.org\/2000\/svg\" xmlns:xlink=\"http:\/\/www.w3.org\/1999\/xlink\" x=\"0px\" y=\"0px\"\r\n\t viewbox=\"0 0 415.346 415.346\" xml:space=\"preserve\" aria-hidden=\"true\">\r\n\t<g>\r\n\t\t<path d=\"M41.712,415.346c-11.763,0-21.3-9.537-21.3-21.3V21.299C20.412,9.536,29.949,0,41.712,0l346.122,191.697\t\t\tc0,0,15.975,15.975,0,31.951C371.859,239.622,41.712,415.346,41.712,415.346z\"\/>\r\n\t<\/g>\r\n<\/svg>\r\n\t\t\t\t\t<span class=\"pp-screen-only\">Play Video<\/span>\n\t\t\t\t<\/div>\n\t\t\t\t\t<\/div>\n\t\t<\/div>\n<\/div>\n\n\t<\/div>\n<\/div>\n<\/div>\n\n\n\n\n\n\n\t<a href=\"https:\/\/coolbluefuture.org\/lt\/meet-the-farmers\/\" target=\"_self\" role=\"button\" aria-label=\"Susipa\u017einkite su kitais \u016bkininkais\" rel=\"noopener\">\n\t\t\t\t\t\tSusipa\u017einkite su kitais \u016bkininkais\n\t\t\t\t\t<\/a>\n\t<p><a href=\"https:\/\/www.greenwave.org\/who-farms-matters\" target=\"_blank\" rel=\"noopener\">Susipa\u017einkite su daugiau j\u016br\u0173 \u016bkinink\u0173<\/a> atne\u0161\u0117 jums m\u016bs\u0173 draugai GreenWave.<\/p>","protected":false},"excerpt":{"rendered":"<p>Jonas and Anita from Aktion \u00d6sterbotten (Finland) Jonas and Anita are pioneers in growing marine crops in areas with very low salinity. They work both with freshwater mussel dredging in the sea off the Finnish coast and with floating gardens where they grow cattail and other edible plants near the coast.\u00a0The ambition is to come&hellip;<\/p>","protected":false},"author":2,"featured_media":0,"parent":363,"menu_order":0,"comment_status":"closed","ping_status":"closed","template":"","meta":{"_acf_changed":false,"footnotes":""},"class_list":["post-600","page","type-page","status-publish","hentry"],"acf":[],"yoast_head":"<!-- This site is optimized with the Yoast SEO plugin v27.2 - https:\/\/yoast.com\/product\/yoast-seo-wordpress\/ -->\n<title>Jonas and Anita from Aktion \u00d6sterbotten - Cool Blue Future<\/title>\n<meta name=\"robots\" content=\"index, follow, max-snippet:-1, max-image-preview:large, max-video-preview:-1\" \/>\n<link rel=\"canonical\" href=\"https:\/\/coolbluefuture.org\/lt\/meet-the-farmers\/jonas-and-anita-from-aktion-osterbotten\/\" \/>\n<meta property=\"og:locale\" content=\"lt_LT\" \/>\n<meta property=\"og:type\" content=\"article\" \/>\n<meta property=\"og:title\" content=\"Jonas and Anita from Aktion \u00d6sterbotten - Cool Blue Future\" \/>\n<meta property=\"og:description\" content=\"Jonas and Anita from Aktion \u00d6sterbotten (Finland) Jonas and Anita are pioneers in growing marine crops in areas with very low salinity. They work both with freshwater mussel dredging in the sea off the Finnish coast and with floating gardens where they grow cattail and other edible plants near the coast.\u00a0The ambition is to come&hellip;\" \/>\n<meta property=\"og:url\" content=\"https:\/\/coolbluefuture.org\/lt\/meet-the-farmers\/jonas-and-anita-from-aktion-osterbotten\/\" \/>\n<meta property=\"og:site_name\" content=\"Cool Blue Future\" \/>\n<meta property=\"article:modified_time\" content=\"2024-10-03T15:37:34+00:00\" \/>\n<meta property=\"og:image\" content=\"https:\/\/coolbluefuture.org\/wp-content\/uploads\/2024\/06\/cbf-social-share.jpg\" \/>\n\t<meta property=\"og:image:width\" content=\"1200\" \/>\n\t<meta property=\"og:image:height\" content=\"675\" \/>\n\t<meta property=\"og:image:type\" content=\"image\/jpeg\" \/>\n<meta name=\"twitter:card\" content=\"summary_large_image\" \/>\n<meta name=\"twitter:label1\" content=\"Est. reading time\" \/>\n\t<meta name=\"twitter:data1\" content=\"1 minut\u0117\" \/>\n<script type=\"application\/ld+json\" class=\"yoast-schema-graph\">{\"@context\":\"https:\/\/schema.org\",\"@graph\":[{\"@type\":\"WebPage\",\"@id\":\"https:\/\/coolbluefuture.org\/meet-the-farmers\/jonas-and-anita-from-aktion-osterbotten\/\",\"url\":\"https:\/\/coolbluefuture.org\/meet-the-farmers\/jonas-and-anita-from-aktion-osterbotten\/\",\"name\":\"Jonas and Anita from Aktion \u00d6sterbotten - Cool Blue Future\",\"isPartOf\":{\"@id\":\"https:\/\/coolbluefuture.org\/#website\"},\"datePublished\":\"2024-10-03T15:23:07+00:00\",\"dateModified\":\"2024-10-03T15:37:34+00:00\",\"breadcrumb\":{\"@id\":\"https:\/\/coolbluefuture.org\/meet-the-farmers\/jonas-and-anita-from-aktion-osterbotten\/#breadcrumb\"},\"inLanguage\":\"lt-LT\",\"potentialAction\":[{\"@type\":\"ReadAction\",\"target\":[\"https:\/\/coolbluefuture.org\/meet-the-farmers\/jonas-and-anita-from-aktion-osterbotten\/\"]}]},{\"@type\":\"BreadcrumbList\",\"@id\":\"https:\/\/coolbluefuture.org\/meet-the-farmers\/jonas-and-anita-from-aktion-osterbotten\/#breadcrumb\",\"itemListElement\":[{\"@type\":\"ListItem\",\"position\":1,\"name\":\"Home\",\"item\":\"https:\/\/coolbluefuture.org\/\"},{\"@type\":\"ListItem\",\"position\":2,\"name\":\"Meet the farmers\",\"item\":\"https:\/\/coolbluefuture.org\/meet-the-farmers\/\"},{\"@type\":\"ListItem\",\"position\":3,\"name\":\"Jonas and Anita from Aktion \u00d6sterbotten\"}]},{\"@type\":\"WebSite\",\"@id\":\"https:\/\/coolbluefuture.org\/#website\",\"url\":\"https:\/\/coolbluefuture.org\/\",\"name\":\"Cool Blue Future\",\"description\":\"A platform for blue community enterprise\",\"potentialAction\":[{\"@type\":\"SearchAction\",\"target\":{\"@type\":\"EntryPoint\",\"urlTemplate\":\"https:\/\/coolbluefuture.org\/?s={search_term_string}\"},\"query-input\":{\"@type\":\"PropertyValueSpecification\",\"valueRequired\":true,\"valueName\":\"search_term_string\"}}],\"inLanguage\":\"lt-LT\"}]}<\/script>\n<!-- \/ Yoast SEO plugin. -->","yoast_head_json":{"title":"Jonas and Anita from Aktion \u00d6sterbotten - Cool Blue Future","robots":{"index":"index","follow":"follow","max-snippet":"max-snippet:-1","max-image-preview":"max-image-preview:large","max-video-preview":"max-video-preview:-1"},"canonical":"https:\/\/coolbluefuture.org\/lt\/meet-the-farmers\/jonas-and-anita-from-aktion-osterbotten\/","og_locale":"lt_LT","og_type":"article","og_title":"Jonas and Anita from Aktion \u00d6sterbotten - Cool Blue Future","og_description":"Jonas and Anita from Aktion \u00d6sterbotten (Finland) Jonas and Anita are pioneers in growing marine crops in areas with very low salinity. They work both with freshwater mussel dredging in the sea off the Finnish coast and with floating gardens where they grow cattail and other edible plants near the coast.\u00a0The ambition is to come&hellip;","og_url":"https:\/\/coolbluefuture.org\/lt\/meet-the-farmers\/jonas-and-anita-from-aktion-osterbotten\/","og_site_name":"Cool Blue Future","article_modified_time":"2024-10-03T15:37:34+00:00","og_image":[{"width":1200,"height":675,"url":"https:\/\/coolbluefuture.org\/wp-content\/uploads\/2024\/06\/cbf-social-share.jpg","type":"image\/jpeg"}],"twitter_card":"summary_large_image","twitter_misc":{"Est. reading time":"1 minut\u0117"},"schema":{"@context":"https:\/\/schema.org","@graph":[{"@type":"WebPage","@id":"https:\/\/coolbluefuture.org\/meet-the-farmers\/jonas-and-anita-from-aktion-osterbotten\/","url":"https:\/\/coolbluefuture.org\/meet-the-farmers\/jonas-and-anita-from-aktion-osterbotten\/","name":"Jonas and Anita from Aktion \u00d6sterbotten - Cool Blue Future","isPartOf":{"@id":"https:\/\/coolbluefuture.org\/#website"},"datePublished":"2024-10-03T15:23:07+00:00","dateModified":"2024-10-03T15:37:34+00:00","breadcrumb":{"@id":"https:\/\/coolbluefuture.org\/meet-the-farmers\/jonas-and-anita-from-aktion-osterbotten\/#breadcrumb"},"inLanguage":"lt-LT","potentialAction":[{"@type":"ReadAction","target":["https:\/\/coolbluefuture.org\/meet-the-farmers\/jonas-and-anita-from-aktion-osterbotten\/"]}]},{"@type":"BreadcrumbList","@id":"https:\/\/coolbluefuture.org\/meet-the-farmers\/jonas-and-anita-from-aktion-osterbotten\/#breadcrumb","itemListElement":[{"@type":"ListItem","position":1,"name":"Home","item":"https:\/\/coolbluefuture.org\/"},{"@type":"ListItem","position":2,"name":"Meet the farmers","item":"https:\/\/coolbluefuture.org\/meet-the-farmers\/"},{"@type":"ListItem","position":3,"name":"Jonas and Anita from Aktion \u00d6sterbotten"}]},{"@type":"WebSite","@id":"https:\/\/coolbluefuture.org\/#website","url":"https:\/\/coolbluefuture.org\/","name":"Cool Blue Future","description":"A platform for blue community enterprise","potentialAction":[{"@type":"SearchAction","target":{"@type":"EntryPoint","urlTemplate":"https:\/\/coolbluefuture.org\/?s={search_term_string}"},"query-input":{"@type":"PropertyValueSpecification","valueRequired":true,"valueName":"search_term_string"}}],"inLanguage":"lt-LT"}]}},"_links":{"self":[{"href":"https:\/\/coolbluefuture.org\/lt\/wp-json\/wp\/v2\/pages\/600","targetHints":{"allow":["GET"]}}],"collection":[{"href":"https:\/\/coolbluefuture.org\/lt\/wp-json\/wp\/v2\/pages"}],"about":[{"href":"https:\/\/coolbluefuture.org\/lt\/wp-json\/wp\/v2\/types\/page"}],"author":[{"embeddable":true,"href":"https:\/\/coolbluefuture.org\/lt\/wp-json\/wp\/v2\/users\/2"}],"replies":[{"embeddable":true,"href":"https:\/\/coolbluefuture.org\/lt\/wp-json\/wp\/v2\/comments?post=600"}],"version-history":[{"count":0,"href":"https:\/\/coolbluefuture.org\/lt\/wp-json\/wp\/v2\/pages\/600\/revisions"}],"up":[{"embeddable":true,"href":"https:\/\/coolbluefuture.org\/lt\/wp-json\/wp\/v2\/pages\/363"}],"wp:attachment":[{"href":"https:\/\/coolbluefuture.org\/lt\/wp-json\/wp\/v2\/media?parent=600"}],"curies":[{"name":"wp","href":"https:\/\/api.w.org\/{rel}","templated":true}]}}