{"id":758,"date":"2025-08-19T12:57:33","date_gmt":"2025-08-19T10:57:33","guid":{"rendered":"https:\/\/coolbluefuture.org\/?page_id=758"},"modified":"2025-11-13T11:24:43","modified_gmt":"2025-11-13T10:24:43","slug":"lesson-4","status":"publish","type":"page","link":"https:\/\/coolbluefuture.org\/lt\/guide-to-regenerative-ocean-farming\/lesson-4\/","title":{"rendered":"4-oji pamoka"},"content":{"rendered":"4-oji pamoka\n\t\t\t\t\t\n<h1  data-animation-delay=\"0\" data-animation-duration=\"2\">\n\t\t\tPamoka 4: \u012evadas \u012f pas\u0117lius ir j\u0173 auginim\u0105\t<\/h1>\n\t<a href=\"\" target=\"_self\" role=\"button\" aria-label=\"Lessons are currently available in English, Danish &#038; Lithuanian\">\n\t\t\t\t\t\tLessons are currently available in English, Danish &#038; Lithuanian\n\t\t\t\t\t<\/a>\n<h3  data-animation-delay=\"0\" data-animation-duration=\"1\">\n\t\t\t\u012evadas\t<\/h3>\n\t<p>In this lesson, you&#8217;ll get an in-depth look at the crops you&#8217;ll grow-seaweed and bivalves-and how to manage them through the seasonal cycle of your farm. You&#8217;ll not only learn what to grow, but how to grow it: when to plant, how to deploy your gear, how to maintain your crops, and how to harvest successfully.<\/p>\n\t\t\t\t<img decoding=\"async\" src=\"https:\/\/coolbluefuture.org\/wp-content\/uploads\/2025\/08\/DSC09309-e1755602196423.jpg\" alt=\"DSC09309\" itemprop=\"image\" height=\"800\" width=\"1200\" title=\"DSC09309\" onerror=\"this.style.display='none'\" loading=\"lazy\" \/>\n<h3>\n\t\t\tJ\u016br\u0173 ir vandenyn\u0173 \u016bkininko metinis ciklas\t<\/h3>\n\t<p>Ocean farming runs on a seasonal rhythm. If you plan ahead and build your workflow around that cycle, you&#8217;ll avoid gear clashes, reduce stress, and increase your yields. This is your quarter-by-quarter breakdown of main activities:<\/p>\n<h4>\n\t\t\tAutumn (September-November)\t<\/h4>\n\t<p>Pasiruo\u0161imo ir sodinimo etapas.<\/p>\n<ul>\n<li aria-level=\"1\">Kelp: In your hatchery, you&#8217;ll collect spores from wild kelp, inoculate spools of twine, and grow them into juvenile kelp. If you don&#8217;t have your own hatchery, you will buy spore lines ready to be outplanted (reach out to your national <a href=\"https:\/\/coolbluefuture.org\/lt\/country-facilitators\/\">\u201eCool Blue Future\u201c<\/a> for more information on how to get a hold of seeded lines in your country). Once water temperatures drop below 12\u202f\u00b0C, you&#8217;ll outplant those seeded lines at sea.<\/li>\n<li aria-level=\"1\">Shellfish: You&#8217;ll install new spat &#8211; either wild-collected or hatchery-grown &#8211; and double-check that all gear is clean, in place, and securely fastened for winter.<\/li>\n<\/ul>\n<h4>\n\t\t\tWinter (December-February)\t<\/h4>\n\t<p>Steb\u0117jimo ir prie\u017ei\u016bros laikotarpis.<\/p>\n<ul>\n<li aria-level=\"1\">Kelp: Growing steadily with little intervention. You&#8217;ll visit your site weekly or after storms to check lines and inspect for tangles or biofouling.<\/li>\n<li aria-level=\"1\">Shellfish: Still feeding, but slowly. You&#8217;ll remove any ice buildup, clean gear, and keep predators off your oyster cages and mussel stockings.<\/li>\n<\/ul>\n<h4>\n\t\t\tSpring (March-May)\t<\/h4>\n\t<p>Derliaus nu\u0117mimo ir \u016bkio atnaujinimo sezonas.<\/p>\n<ul>\n<li aria-level=\"1\">Kelp: You&#8217;ll harvest before the water warms above 14\u202f\u00b0C and barnacles or algae start to foul the blades.<\/li>\n<li aria-level=\"1\">Moliuskai: naujos midij\u0173 lervos prisitvirtina prie surinkimo virvi\u0173. Prad\u0117kite r\u016b\u0161iuoti ir retinti pra\u0117jusi\u0173 met\u0173 derli\u0173, galite rinkti ir grei\u010diau augan\u010dias midijas.<\/li>\n<\/ul>\n<h4>\n\t\t\tSummer (June-August)\t<\/h4>\n\t<p>Moliusk\u0173 prie\u017ei\u016bros sezonas.<\/p>\n<ul>\n<li aria-level=\"1\">Oysters and Mussels: Growing fast. You&#8217;ll be grading, cleaning, and prepping for your primary shellfish harvest. Small mussels on collector ropes are transferred to grow-out socks for further growth.<\/li>\n<li aria-level=\"1\">Dumbliai: valysite lynus, taisysite inkarus ir ruo\u0161it\u0117s rudens s\u0117jai. <\/li>\n<\/ul>\n<h3>\n\t\t\tDumbli\u0173 auginimas: \u012frankiai, \u012frengimas ir technikos\t<\/h3>\n\t<p>Growing seaweed is low-cost, fast-growing, and space efficient. With the right setup, you can produce tons of edible biomass in a small area-with minimal inputs and year-round use of your gear.<\/p>\n<p>&nbsp;<\/p>\n<p>Gear you&#8217;ll use:<\/p>\n<ul>\n<li aria-level=\"1\">Longlines (30-60 meters): Nylon or polypropylene rope suspended horizontally 1-3 meters below the surface.<\/li>\n<li aria-level=\"1\">I\u0161skleid\u017eiantys skersiniai: neleid\u017eia lynams susipainioti ir palaiko reikiamus atstumus.<\/li>\n<li aria-level=\"1\">Seeded twine: 1-2 mm cotton or poly twine seeded in your hatchery and later wrapped onto main lines.<\/li>\n<li aria-level=\"1\">Buoys (15-50 liters): Keep your lines floating and under tension.<\/li>\n<li aria-level=\"1\">Anchors (20-50 kg): Secure each end of your longline. Use sand screws, deadweight, or helix anchors depending on your seabed.<\/li>\n<li aria-level=\"1\">Peilis arba volas: derliaus nu\u0117mimui. Dantytas j\u016br\u017eoli\u0173 peilis tinka nedidelio masto derliui.<\/li>\n<\/ul>\n<p>Daugiau informacijos apie \u016bkio \u012frengim\u0105 rasite 3 pamokoje <a href=\"https:\/\/coolbluefuture.org\/lt\/guide-to-regenerative-ocean-farming\/lesson-3\/\">\u2013 \u201eJ\u016brinio \u016bkio \u012frengimas\u201c<\/a>\u00a0.<\/p>\n<h4  data-animation-delay=\"0\" data-animation-duration=\"1\">\n\t\t\tS\u0117jimo procesas (inkubatoriuje)\t<\/h4>\n\t<p>Cultivation of seaweed relies on supply of thin lines with very small seaweed plants that are attached to the line and will eventually grow into long blades. You might be able to buy ready-made spore lines from a hatchery &#8211; or you can choose to produce the spore lines yourself. We highly recommend that if you buy your spore lines, you make sure that the seaweed used to seed the lines comes from the area your farm is located in. Seaweed adapts to local conditions, and you are more likely to succeed if you base your farm on seaweed that has a proven track record for thriving in your area.\u00a0<\/p>\n<p>&nbsp;<\/p>\n<p>Jei pasirinksite inokuliuotus si\u016blus u\u017esiauginti patys, laikykit\u0117s \u017eemiau nurodyt\u0173 pagrindini\u0173 \u017eingsni\u0173. \nPatariame fiksuoti visus atliekamus veiksmus, kad gal\u0117tum\u0117te analizuoti nes\u0117kmes ir mokytis i\u0161 nes\u0117kming\u0173 bandym\u0173.<\/p>\n<p>&nbsp;<\/p>\n<p>1 \u017eingsnis: Spor\u0173 surinkimas<\/p>\n<ul>\n<li aria-level=\"1\">Collect mature sugar kelp blades in late summer (August-September). Look for sori patches-these dark spots contain spores.<\/li>\n<li aria-level=\"1\">Rinse with filtered seawater and store in a fridge (4-5\u202f\u00b0C) for 24-48 hours.<\/li>\n<\/ul>\n\t\t\t\t<img decoding=\"async\" src=\"https:\/\/coolbluefuture.org\/wp-content\/uploads\/2025\/07\/DSC01469-scaled.jpg\" alt=\"DSC01469\" itemprop=\"image\" height=\"1322\" width=\"2560\" title=\"DSC01469\" onerror=\"this.style.display='none'\" loading=\"lazy\" \/>\n\t<p>2 \u017eingsnis: Spor\u0173 paleidimas ir s\u0117jimas<\/p>\n<ul>\n<li aria-level=\"1\">\u012ed\u0117kite juostas su tamsiomis d\u0117m\u0117mis \u012f j\u016bros vandens talpas ir palaikykite ~10\u202f\u00b0C temperat\u016br\u0105 su vidutiniu aeravimu.<\/li>\n<li aria-level=\"1\">\u012e \u0161ias j\u016bros vandens talpas \u012fd\u0117kite si\u016bl\u0173 ritinius (apvyniotus ant ma\u017e\u0173 lazdeli\u0173 arba PVC vamzd\u017ei\u0173). Sporos nus\u0117s ant si\u016bl\u0173.<\/li>\n<li aria-level=\"1\">Keep tanks illuminated (50-100 \u00b5mol\/m\u00b2\/s) for 10-14 days, changing water every 2-3 days.<\/li>\n<\/ul>\n<p>3 \u017eingsnis: Auginimas inkubatoriuje<\/p>\n<ul>\n<li aria-level=\"1\">Juvenile sporophytes (2-5 mm) should be visible on the twine within 2 weeks. Grow until they reach 1-2 cm, then prepare for deployment.<\/li>\n<\/ul>\n<h4  data-animation-delay=\"0\" data-animation-duration=\"1\">\n\t\t\tSodinimas j\u016broje (lauko darbai)\t<\/h4>\n\t<p>1 \u017eingsnis: Pasirinkite tinkam\u0105 dien\u0105<\/p>\n<ul>\n<li aria-level=\"1\">Laukite ramaus oro ir vandens temperat\u016bros  \u017eemesn\u0117s nei 12\u202f\u00b0C.<\/li>\n<li aria-level=\"1\">Pasiimkite i\u0161 anksto pas\u0117t\u0173 si\u016bl\u0173 rites, ilgus lynus, tvirtinimo dir\u017eelius, \u012frankius ir atsarginius reikmenis.<\/li>\n<\/ul>\n<p>2 \u017eingsnis: Apvyniokite pas\u0117t\u0105 si\u016bl\u0105<\/p>\n<ul>\n<li aria-level=\"1\">Vandenyje i\u0161vyniokite ilgus lynus tarp pl\u016bdur\u0173.<\/li>\n<li aria-level=\"1\">\u0160velniai spirali\u0161kai apvyniokite pas\u0117t\u0105 si\u016bl\u0105 aplink ilg\u0105j\u012f lyn\u0105, o galus pritvirtinkite dir\u017eeliais arba paprastais mazgais.<\/li>\n<\/ul>\n<p>3 \u017eingsnis: Patikrinkite gyl\u012f ir \u012ftamp\u0105<\/p>\n<ul>\n<li aria-level=\"1\">Keep lines 1.5-3 m deep. Use drop lines or weights to stabilize.<\/li>\n<li aria-level=\"1\">Buoys should keep tension so lines don&#8217;t sag under kelp weight.<\/li>\n<\/ul>\n\t\t<meta itemprop=\"url\" content=\"https:\/\/coolbluefuture.org\/wp-content\/uploads\/2025\/08\/Untitled-video-Made-with-Clipchamp.mp4\" \/><div style=\"width: 640px;\" class=\"wp-video\"><video class=\"wp-video-shortcode\" id=\"video-758-1\" width=\"640\" height=\"360\" preload=\"metadata\" controls=\"controls\"><source type=\"video\/mp4\" src=\"https:\/\/coolbluefuture.org\/wp-content\/uploads\/2025\/08\/Untitled-video-Made-with-Clipchamp.mp4?_=1\" \/><source type=\"video\/mp4\" src=\"https:\/\/coolbluefuture.org\/wp-content\/uploads\/2025\/08\/Untitled-video-Made-with-Clipchamp.mp4?_=1\" \/><a href=\"https:\/\/coolbluefuture.org\/wp-content\/uploads\/2025\/08\/Untitled-video-Made-with-Clipchamp.mp4\">https:\/\/coolbluefuture.org\/wp-content\/uploads\/2025\/08\/Untitled-video-Made-with-Clipchamp.mp4<\/a><\/video><\/div>\t\n\t<p>Ruo\u0161iantis dumbli\u0173 perk\u0117limui \u012f j\u016br\u0105 pas\u0117tas si\u016blas yra apvyniojamas aplink ilg\u0105j\u012f lyn\u0105 Holbeke, Danijoje.<\/p>\n<h4  data-animation-delay=\"0\" data-animation-duration=\"1\">\n\t\t\tAugimas ir prie\u017ei\u016bra\t<\/h4>\n\t<ul>\n<li aria-level=\"1\">Kelp can grow up to 1.5-3 cm\/day in winter conditions.<\/li>\n<li aria-level=\"1\">Visit your farm every 7-10 days. Clean debris and detangle lines.<\/li>\n<li aria-level=\"1\">Kiekvieno apsilankymo metu fiksuokite vandens temperat\u016br\u0105, druskingum\u0105 ir matomum\u0105.<\/li>\n<\/ul>\n<h4  data-animation-delay=\"0\" data-animation-duration=\"1\">\n\t\t\tRudadumbli\u0173 derliaus nu\u0117mimas\t<\/h4>\n\t<ul>\n<li aria-level=\"1\">Harvest when blades reach 1-2 meters-typically March through May.<\/li>\n<li aria-level=\"1\">Naudokite a\u0161tr\u0173 peil\u012f, kirpkite vir\u0161 stiebo, kad augalas gal\u0117t\u0173 ataugti.<\/li>\n<li aria-level=\"1\">Atsargiai tvarkykite derli\u0173, kad nesu\u017eeistum\u0117te augalo. Nuplaukite j\u016bros vandenyje ir greitai atv\u0117sinkite.<\/li>\n<li aria-level=\"1\">Yields of 10-20 kg of wet kelp per meter of longline are not uncommon in healthy conditions with high salinity and abundant nutrition.<\/li>\n<\/ul>\n<h3  data-animation-delay=\"0\" data-animation-duration=\"1\">\n\t\t\tMidij\u0173 auginimas: \u012frankiai, \u012frengimas ir technikos\t<\/h3>\n\t<p>Mussels are one of the easiest shellfish to grow and require minimal inputs. Once you&#8217;ve set your system, they&#8217;ll grow using natural phytoplankton-cleaning the water as they go.<\/p>\n<p>&nbsp;<\/p>\n<p>Gear You&#8217;ll Use:<\/p>\n<ul>\n<li aria-level=\"1\">Mussel socks: Mesh tubes 1.5-2.5 meters long with varying mesh sizes.<\/li>\n<li aria-level=\"1\">Surinkimo virv\u0117: nailonin\u0117s arba kokos\u0173 pluo\u0161to virv\u0117s laukin\u0117ms lervut\u0117ms (spat) sugauti.<\/li>\n<li aria-level=\"1\">Buoys: 10-50 liters, keep socks vertical and lines from tangling.<\/li>\n<li aria-level=\"1\">Anchors: 20-50 kg depending on current strength.<\/li>\n<\/ul>\n<p>&nbsp;<\/p>\n<p>Lervu\u010di\u0173 surinkimas:<\/p>\n<ul>\n<li aria-level=\"1\">Pavasario pabaigoje pakabinkite surinkimo virves, kad sugautum\u0117te laukines midij\u0173 lervutes.<\/li>\n<li aria-level=\"1\">After 4-6 weeks, spat (2-4 mm) will settle. Collect and gently transfer to socks.<\/li>\n<\/ul>\n\t<p>Auginimo etapas:<\/p>\n<ul>\n<li aria-level=\"1\">\u012ed\u0117kite lervutes \u012f midij\u0173 auginimo tinklines kojines ir pakabinkite jas ant ilg\u0173 lyn\u0173.<\/li>\n<li aria-level=\"1\">Maintain 30-50 cm spacing between socks for good flow.<\/li>\n<\/ul>\n\t\t\t\t<img decoding=\"async\" src=\"https:\/\/coolbluefuture.org\/wp-content\/uploads\/2025\/07\/DSC08548-scaled-e1752937808516.jpg\" alt=\"DSC08548\" itemprop=\"image\" title=\"DSC08548\" onerror=\"this.style.display='none'\" loading=\"lazy\" \/>\n\t<p>Prie\u017ei\u016bra<\/p>\n<ul>\n<li aria-level=\"1\">Clean socks every 2-4 weeks to prevent biofouling.<\/li>\n<li aria-level=\"1\">Tikrinkite, ar n\u0117ra pl\u0117\u0161r\u016bn\u0173: j\u016brini\u0173 \u017evaig\u017ed\u017ei\u0173, j\u016bros an\u010di\u0173 ar krab\u0173, kurie maitinasi midijomis.<\/li>\n<li aria-level=\"1\">Kas m\u0117nes\u012f keiskite susid\u0117v\u0117jusias kojines ir reguliuokite pl\u016bdur\u0173 pl\u016bdrum\u0105.<\/li>\n<\/ul>\n<p>&nbsp;<\/p>\n<p>Derliaus nu\u0117mimas:<\/p>\n<ul>\n<li aria-level=\"1\">Mussels reach harvest size (4-6 cm) in 12-18 months-though this depends heavily on local growing conditions. In areas with high salinity and plenty of nutrients, growth is fast, while in low-salinity waters, mussels may never grow very large.<\/li>\n<li aria-level=\"1\">Derli\u0173 nuimkite nukirpdami kojines. Midijas nuplaukite j\u016bros vandenyje ir atv\u0117sinkite iki \u017eemesn\u0117s nei 5\u202f\u00b0 temperat\u016bros.\nJei norite, rinkdami midijas galite jas r\u016b\u0161iuoti pagal dyd\u012f \u2013 ma\u017eesnes gr\u0105\u017einkite \u012f \u016bk\u012f tolesniam auginimui.<\/li>\n<li aria-level=\"1\">Expect 8-15 kg of mussels per sock depending on conditions.<\/li>\n<\/ul>\n<h3>\n\t\t\tAustri\u0173 auginimas: \u012frankiai, \u012frengimas ir technikos\t<\/h3>\n\t<p>Austr\u0117s yra vertinga produkcija, kuri puikiai tinka auginti pl\u016bduriuojan\u010diose arba pakabintose sistemose. Jos reikalauja daugiau r\u016b\u0161iavimo nei midijos, ta\u010diau tinkamai pri\u017ei\u016brimos gali duoti didel\u012f peln\u0105.<\/p>\n<p>&nbsp;<\/p>\n<p>Gear You&#8217;ll Use:<\/p>\n<ul>\n<li aria-level=\"1\">Pl\u016bduriuojantys narvai arba mai\u0161ai: UV spinduliams atspar\u016bs tinklai pavir\u0161iniam auginimui.<\/li>\n<li aria-level=\"1\">Dugno narvai: plieniniai arba plastikiniai, skirti povandeniniam (subtidaliniam) naudojimui.<\/li>\n<li aria-level=\"1\">Grading sieves: For size-sorting every 4-6 weeks.<\/li>\n<li aria-level=\"1\">Apsauginiai tinklai: tinklai arba rankov\u0117s, apsaugan\u010dios nuo pl\u0117\u0161r\u016bn\u0173: krab\u0173 ir sraigi\u0173.<\/li>\n<\/ul>\n<p>&nbsp;<\/p>\n<p>Lervu\u010di\u0173 ir inkubavimo faz\u0117:<\/p>\n<ul>\n<li aria-level=\"1\">Buy 2-10 mm seed from a certified hatchery.<\/li>\n<li aria-level=\"1\">Prad\u0117kite auginti smulkaus tinklo mai\u0161eliuose arba kontroliuojamoje aplinkoje, kur vanduo pumpuojamas auk\u0161tyn per tinklinius filtrus (upweller), ant kuri\u0173 laikomos austri\u0173 lervut\u0117s.<\/li>\n<li aria-level=\"1\">Keep in a calm, nutrient-rich location for 4-6 weeks.<\/li>\n<\/ul>\n\t\t\t\t<img decoding=\"async\" src=\"https:\/\/coolbluefuture.org\/wp-content\/uploads\/2025\/08\/IMG_5094-rotated-e1755244315890.jpeg\" alt=\"Oyster spat from an upweller.\" itemprop=\"image\" height=\"1360\" width=\"2128\" title=\"IMG_5094\" onerror=\"this.style.display='none'\" loading=\"lazy\" \/>\n\t\tAustri\u0173 lervut\u0117s (spat), laikomos kontroliuojamoje aplinkoje, kur vanduo pumpuojamas auk\u0161tyn per tinklinius filtrus (upweller).\n\t<p>Auginimas iki derliaus:<\/p>\n<ul>\n<li aria-level=\"1\">Move oysters to grow-out bags once they reach 10-15 mm.<\/li>\n<li aria-level=\"1\">Space bags 30-50 cm apart on floating lines or pontoons.<\/li>\n<li aria-level=\"1\">Flip or tumble bags every 1-2 weeks to shape shells and reduce fouling.<\/li>\n<\/ul>\n\t\t\t\t<img decoding=\"async\" src=\"https:\/\/coolbluefuture.org\/wp-content\/uploads\/2025\/08\/IMG_8566-scaled-e1755244480464.jpg\" alt=\"Oyster bags floating in a near shore environment.\" itemprop=\"image\" height=\"910\" width=\"1212\" title=\"IMG_8566\" onerror=\"this.style.display='none'\" loading=\"lazy\" \/>\n\t\tPl\u016bduriuojantys austri\u0173 mai\u0161ai priekrant\u0117s aplinkoje.\n\t<p>Prie\u017ei\u016bra:<\/p>\n<ul>\n<li aria-level=\"1\">Mai\u0161us valykite kas savait\u0119 \u0161epet\u0117liu arba vandens \u017earna.<\/li>\n<li aria-level=\"1\">Grade oysters every month using a 2-5 mm mesh series.<\/li>\n<li aria-level=\"1\">Pa\u0161alinkite pl\u0117\u0161r\u016bnus ir reguliuokite tankum\u0105, kad i\u0161vengtum\u0117te augimo sul\u0117t\u0117jimo.<\/li>\n<\/ul>\n<p>&nbsp;<\/p>\n<p>Derliaus nu\u0117mimas:<\/p>\n<ul>\n<li aria-level=\"1\">Oysters reach 75-100 mm in 18-24 months-depending on salinity and available nutrients where they are grown.<\/li>\n<li aria-level=\"1\">Prie\u0161 pardavim\u0105 nuplaukite, sur\u016b\u0161iuokite ir atv\u0117sinkite iki \u017eemesn\u0117s nei 5\u202f\u00b0C temperat\u016bros.<\/li>\n<li aria-level=\"1\">You can expect 25-50 market-size oysters per oyster bag or cage.<\/li>\n<\/ul>\n\t<a href=\"https:\/\/coolbluefuture.org\/lt\/guide-to-regenerative-ocean-farming\/lesson-3\/\" target=\"_self\" role=\"button\" aria-label=\"Ankstesn\u0117 pamoka\">\n\t\t\t\t\t\tAnkstesn\u0117 pamoka\n\t\t\t\t\t<\/a>\n\t<a href=\"https:\/\/coolbluefuture.org\/lt\/guide-to-regenerative-ocean-farming\/lesson-5\/\" target=\"_self\" role=\"button\" aria-label=\"Kita pamoka\">\n\t\t\t\t\t\tKita pamoka\n\t\t\t<\/a>","protected":false},"excerpt":{"rendered":"<p>Lesson 4 Lesson 4: Introduction to Crops and Cultivation Lessons are currently available in English, Danish &#038; Lithuanian Introduction In this lesson, you&#8217;ll get an in-depth look at the crops you&#8217;ll grow-seaweed and bivalves-and how to manage them through the seasonal cycle of your farm. You&#8217;ll not only learn what to grow, but how to&hellip;<\/p>","protected":false},"author":9,"featured_media":0,"parent":43,"menu_order":0,"comment_status":"closed","ping_status":"closed","template":"","meta":{"_acf_changed":false,"footnotes":""},"class_list":["post-758","page","type-page","status-publish","hentry"],"acf":[],"yoast_head":"<!-- This site is optimized with the Yoast SEO plugin v27.4 - https:\/\/yoast.com\/product\/yoast-seo-wordpress\/ -->\n<title>Lesson 4 - Cool Blue Future<\/title>\n<meta name=\"robots\" content=\"index, follow, max-snippet:-1, max-image-preview:large, max-video-preview:-1\" \/>\n<link rel=\"canonical\" href=\"https:\/\/coolbluefuture.org\/lt\/guide-to-regenerative-ocean-farming\/lesson-4\/\" \/>\n<meta property=\"og:locale\" content=\"lt_LT\" \/>\n<meta property=\"og:type\" content=\"article\" \/>\n<meta property=\"og:title\" content=\"Lesson 4 - Cool Blue Future\" \/>\n<meta property=\"og:description\" content=\"Lesson 4 Lesson 4: Introduction to Crops and Cultivation Lessons are currently available in English, Danish &#038; Lithuanian Introduction In this lesson, you&#8217;ll get an in-depth look at the crops you&#8217;ll grow-seaweed and bivalves-and how to manage them through the seasonal cycle of your farm. You&#8217;ll not only learn what to grow, but how to&hellip;\" \/>\n<meta property=\"og:url\" content=\"https:\/\/coolbluefuture.org\/lt\/guide-to-regenerative-ocean-farming\/lesson-4\/\" \/>\n<meta property=\"og:site_name\" content=\"Cool Blue Future\" \/>\n<meta property=\"article:modified_time\" content=\"2025-11-13T10:24:43+00:00\" \/>\n<meta property=\"og:image\" content=\"https:\/\/coolbluefuture.org\/wp-content\/uploads\/2025\/08\/DSC09309-e1755602196423.jpg\" \/>\n<meta name=\"twitter:card\" content=\"summary_large_image\" \/>\n<meta name=\"twitter:label1\" content=\"Est. reading time\" \/>\n\t<meta name=\"twitter:data1\" content=\"8 minut\u0117s\" \/>\n<script type=\"application\/ld+json\" class=\"yoast-schema-graph\">{\"@context\":\"https:\\\/\\\/schema.org\",\"@graph\":[{\"@type\":\"WebPage\",\"@id\":\"https:\\\/\\\/coolbluefuture.org\\\/guide-to-regenerative-ocean-farming\\\/lesson-4\\\/\",\"url\":\"https:\\\/\\\/coolbluefuture.org\\\/guide-to-regenerative-ocean-farming\\\/lesson-4\\\/\",\"name\":\"Lesson 4 - Cool Blue Future\",\"isPartOf\":{\"@id\":\"https:\\\/\\\/coolbluefuture.org\\\/#website\"},\"primaryImageOfPage\":{\"@id\":\"https:\\\/\\\/coolbluefuture.org\\\/guide-to-regenerative-ocean-farming\\\/lesson-4\\\/#primaryimage\"},\"image\":{\"@id\":\"https:\\\/\\\/coolbluefuture.org\\\/guide-to-regenerative-ocean-farming\\\/lesson-4\\\/#primaryimage\"},\"thumbnailUrl\":\"https:\\\/\\\/coolbluefuture.org\\\/wp-content\\\/uploads\\\/2025\\\/08\\\/DSC09309-e1755602196423.jpg\",\"datePublished\":\"2025-08-19T10:57:33+00:00\",\"dateModified\":\"2025-11-13T10:24:43+00:00\",\"breadcrumb\":{\"@id\":\"https:\\\/\\\/coolbluefuture.org\\\/guide-to-regenerative-ocean-farming\\\/lesson-4\\\/#breadcrumb\"},\"inLanguage\":\"lt-LT\",\"potentialAction\":[{\"@type\":\"ReadAction\",\"target\":[\"https:\\\/\\\/coolbluefuture.org\\\/guide-to-regenerative-ocean-farming\\\/lesson-4\\\/\"]}]},{\"@type\":\"ImageObject\",\"inLanguage\":\"lt-LT\",\"@id\":\"https:\\\/\\\/coolbluefuture.org\\\/guide-to-regenerative-ocean-farming\\\/lesson-4\\\/#primaryimage\",\"url\":\"https:\\\/\\\/coolbluefuture.org\\\/wp-content\\\/uploads\\\/2025\\\/08\\\/DSC09309-e1755602196423.jpg\",\"contentUrl\":\"https:\\\/\\\/coolbluefuture.org\\\/wp-content\\\/uploads\\\/2025\\\/08\\\/DSC09309-e1755602196423.jpg\"},{\"@type\":\"BreadcrumbList\",\"@id\":\"https:\\\/\\\/coolbluefuture.org\\\/guide-to-regenerative-ocean-farming\\\/lesson-4\\\/#breadcrumb\",\"itemListElement\":[{\"@type\":\"ListItem\",\"position\":1,\"name\":\"Home\",\"item\":\"https:\\\/\\\/coolbluefuture.org\\\/\"},{\"@type\":\"ListItem\",\"position\":2,\"name\":\"Guide to regenerative ocean farming\",\"item\":\"https:\\\/\\\/coolbluefuture.org\\\/guide-to-regenerative-ocean-farming\\\/\"},{\"@type\":\"ListItem\",\"position\":3,\"name\":\"Lesson 4\"}]},{\"@type\":\"WebSite\",\"@id\":\"https:\\\/\\\/coolbluefuture.org\\\/#website\",\"url\":\"https:\\\/\\\/coolbluefuture.org\\\/\",\"name\":\"Cool Blue Future\",\"description\":\"A platform for blue community enterprise\",\"potentialAction\":[{\"@type\":\"SearchAction\",\"target\":{\"@type\":\"EntryPoint\",\"urlTemplate\":\"https:\\\/\\\/coolbluefuture.org\\\/?s={search_term_string}\"},\"query-input\":{\"@type\":\"PropertyValueSpecification\",\"valueRequired\":true,\"valueName\":\"search_term_string\"}}],\"inLanguage\":\"lt-LT\"}]}<\/script>\n<!-- \/ Yoast SEO plugin. -->","yoast_head_json":{"title":"Lesson 4 - Cool Blue Future","robots":{"index":"index","follow":"follow","max-snippet":"max-snippet:-1","max-image-preview":"max-image-preview:large","max-video-preview":"max-video-preview:-1"},"canonical":"https:\/\/coolbluefuture.org\/lt\/guide-to-regenerative-ocean-farming\/lesson-4\/","og_locale":"lt_LT","og_type":"article","og_title":"Lesson 4 - Cool Blue Future","og_description":"Lesson 4 Lesson 4: Introduction to Crops and Cultivation Lessons are currently available in English, Danish &#038; Lithuanian Introduction In this lesson, you&#8217;ll get an in-depth look at the crops you&#8217;ll grow-seaweed and bivalves-and how to manage them through the seasonal cycle of your farm. You&#8217;ll not only learn what to grow, but how to&hellip;","og_url":"https:\/\/coolbluefuture.org\/lt\/guide-to-regenerative-ocean-farming\/lesson-4\/","og_site_name":"Cool Blue Future","article_modified_time":"2025-11-13T10:24:43+00:00","og_image":[{"url":"https:\/\/coolbluefuture.org\/wp-content\/uploads\/2025\/08\/DSC09309-e1755602196423.jpg","type":"","width":"","height":""}],"twitter_card":"summary_large_image","twitter_misc":{"Est. reading time":"8 minut\u0117s"},"schema":{"@context":"https:\/\/schema.org","@graph":[{"@type":"WebPage","@id":"https:\/\/coolbluefuture.org\/guide-to-regenerative-ocean-farming\/lesson-4\/","url":"https:\/\/coolbluefuture.org\/guide-to-regenerative-ocean-farming\/lesson-4\/","name":"Lesson 4 - Cool Blue Future","isPartOf":{"@id":"https:\/\/coolbluefuture.org\/#website"},"primaryImageOfPage":{"@id":"https:\/\/coolbluefuture.org\/guide-to-regenerative-ocean-farming\/lesson-4\/#primaryimage"},"image":{"@id":"https:\/\/coolbluefuture.org\/guide-to-regenerative-ocean-farming\/lesson-4\/#primaryimage"},"thumbnailUrl":"https:\/\/coolbluefuture.org\/wp-content\/uploads\/2025\/08\/DSC09309-e1755602196423.jpg","datePublished":"2025-08-19T10:57:33+00:00","dateModified":"2025-11-13T10:24:43+00:00","breadcrumb":{"@id":"https:\/\/coolbluefuture.org\/guide-to-regenerative-ocean-farming\/lesson-4\/#breadcrumb"},"inLanguage":"lt-LT","potentialAction":[{"@type":"ReadAction","target":["https:\/\/coolbluefuture.org\/guide-to-regenerative-ocean-farming\/lesson-4\/"]}]},{"@type":"ImageObject","inLanguage":"lt-LT","@id":"https:\/\/coolbluefuture.org\/guide-to-regenerative-ocean-farming\/lesson-4\/#primaryimage","url":"https:\/\/coolbluefuture.org\/wp-content\/uploads\/2025\/08\/DSC09309-e1755602196423.jpg","contentUrl":"https:\/\/coolbluefuture.org\/wp-content\/uploads\/2025\/08\/DSC09309-e1755602196423.jpg"},{"@type":"BreadcrumbList","@id":"https:\/\/coolbluefuture.org\/guide-to-regenerative-ocean-farming\/lesson-4\/#breadcrumb","itemListElement":[{"@type":"ListItem","position":1,"name":"Home","item":"https:\/\/coolbluefuture.org\/"},{"@type":"ListItem","position":2,"name":"Guide to regenerative ocean farming","item":"https:\/\/coolbluefuture.org\/guide-to-regenerative-ocean-farming\/"},{"@type":"ListItem","position":3,"name":"Lesson 4"}]},{"@type":"WebSite","@id":"https:\/\/coolbluefuture.org\/#website","url":"https:\/\/coolbluefuture.org\/","name":"Cool Blue Future","description":"A platform for blue community enterprise","potentialAction":[{"@type":"SearchAction","target":{"@type":"EntryPoint","urlTemplate":"https:\/\/coolbluefuture.org\/?s={search_term_string}"},"query-input":{"@type":"PropertyValueSpecification","valueRequired":true,"valueName":"search_term_string"}}],"inLanguage":"lt-LT"}]}},"_links":{"self":[{"href":"https:\/\/coolbluefuture.org\/lt\/wp-json\/wp\/v2\/pages\/758","targetHints":{"allow":["GET"]}}],"collection":[{"href":"https:\/\/coolbluefuture.org\/lt\/wp-json\/wp\/v2\/pages"}],"about":[{"href":"https:\/\/coolbluefuture.org\/lt\/wp-json\/wp\/v2\/types\/page"}],"author":[{"embeddable":true,"href":"https:\/\/coolbluefuture.org\/lt\/wp-json\/wp\/v2\/users\/9"}],"replies":[{"embeddable":true,"href":"https:\/\/coolbluefuture.org\/lt\/wp-json\/wp\/v2\/comments?post=758"}],"version-history":[{"count":0,"href":"https:\/\/coolbluefuture.org\/lt\/wp-json\/wp\/v2\/pages\/758\/revisions"}],"up":[{"embeddable":true,"href":"https:\/\/coolbluefuture.org\/lt\/wp-json\/wp\/v2\/pages\/43"}],"wp:attachment":[{"href":"https:\/\/coolbluefuture.org\/lt\/wp-json\/wp\/v2\/media?parent=758"}],"curies":[{"name":"wp","href":"https:\/\/api.w.org\/{rel}","templated":true}]}}