{"id":125,"date":"2024-05-10T18:56:13","date_gmt":"2024-05-10T16:56:13","guid":{"rendered":"https:\/\/coolbluefuture.org\/?page_id=125"},"modified":"2024-06-06T23:09:39","modified_gmt":"2024-06-06T21:09:39","slug":"pledge","status":"publish","type":"page","link":"https:\/\/coolbluefuture.org\/lv\/pledge\/","title":{"rendered":"Pledge"},"content":{"rendered":"<h1>\n\t\tDodiet sol\u012bjumu oke\u0101nam\n\t<\/h1>\n\t<p class=\"translation-block\">Ar <a href=\"\/\/coolbluefuture.org\/lv\/manifesto\/\u201d\/\" target=\"\u201c_self\u201d\">Oke\u0101na re\u0123enerat\u012bv\u0101s lauksaimniec\u012bbas manifestu<\/a> m\u0113s ceram iedvesmot un rad\u012bt izpratni par re\u0123enerat\u012bvo pieeju j\u016bras p\u0101rtikas ra\u017eo\u0161anai. Ta\u010du \u0161is manifests ir dr\u012bz\u0101k v\u012bzija, nevis ofici\u0101la recepte. V\u012bzija, kuru uz\u0146\u0113mumi un organiz\u0101cijas, kas ir saist\u012btas ar oke\u0101nu, var izmantot, lai atspogu\u013cotu to, ko vi\u0146i dara, un, iesp\u0113jams, iek\u013caut da\u017eus no principiem veid\u0101, k\u0101d\u0101 tie tie\u0161i vai netie\u0161i sadarbojas ar oke\u0101nu \u0161odien.<\/p>\n<h3>\n\t\tVai j\u016bsu organiz\u0101cija jau ir iesaist\u012bta re\u0123enerat\u012bv\u0101s praks\u0113s?\n\t<\/h3>\n\t<p>M\u0113s v\u0113lamies dzird\u0113t j\u016bsu st\u0101stu, t\u0101p\u0113c past\u0101stiet, ko dar\u0101t! Vai re\u0123ener\u0101cijas principus var pievienot jau eso\u0161aj\u0101m darb\u012bb\u0101m j\u016bsu organiz\u0101cij\u0101? Past\u0101stiet, k\u0101! Vai b\u016btu iesp\u0113jams ieviest pavisam jaunas aktivit\u0101tes, lai veicin\u0101tu vair\u0101k re\u0123enerat\u012bvas prakses? Dalieties ar mums un iedvesmojiet m\u016bs!<\/p>\n<p>J\u016bsu sol\u012bjums tiks nos\u016bt\u012bts Cool Blue Future koordinatoru organiz\u0101cijai j\u016bsu valst\u012b, kas to izskat\u012bs un apstiprin\u0101s public\u0113\u0161anai Cool Blue Future t\u012bmek\u013ca vietn\u0113.<\/p>\n\t\n\t\n\tNotice: JavaScript is required for this content.\n        <!-- That data is being printed as a workaround to page builders reordering the order of the scripts loaded-->","protected":false},"excerpt":{"rendered":"<p>Make a pledge to the ocean With the Manifesto of regenerative ocean farming, we hope to inspire and create awareness around a regenerative approach to marine food production. But the manifesto is more of a vision than a formal recipe. A vision, which businesses and organisations that are connected to the ocean, can use to&hellip;<\/p>","protected":false},"author":2,"featured_media":0,"parent":0,"menu_order":0,"comment_status":"closed","ping_status":"closed","template":"","meta":{"_acf_changed":false,"footnotes":""},"class_list":["post-125","page","type-page","status-publish","hentry"],"acf":[],"yoast_head":"<!-- This site is optimized with the Yoast SEO plugin v27.4 - https:\/\/yoast.com\/product\/yoast-seo-wordpress\/ -->\n<title>Pledge - Cool Blue Future<\/title>\n<meta name=\"robots\" content=\"index, follow, max-snippet:-1, max-image-preview:large, max-video-preview:-1\" \/>\n<link rel=\"canonical\" href=\"https:\/\/coolbluefuture.org\/lv\/pledge\/\" \/>\n<meta property=\"og:locale\" content=\"lv_LV\" \/>\n<meta property=\"og:type\" content=\"article\" \/>\n<meta property=\"og:title\" content=\"Pledge - Cool Blue Future\" \/>\n<meta property=\"og:description\" content=\"Make a pledge to the ocean With the Manifesto of regenerative ocean farming, we hope to inspire and create awareness around a regenerative approach to marine food production. But the manifesto is more of a vision than a formal recipe. A vision, which businesses and organisations that are connected to the ocean, can use to&hellip;\" \/>\n<meta property=\"og:url\" content=\"https:\/\/coolbluefuture.org\/lv\/pledge\/\" \/>\n<meta property=\"og:site_name\" content=\"Cool Blue Future\" \/>\n<meta property=\"article:modified_time\" content=\"2024-06-06T21:09:39+00:00\" \/>\n<meta property=\"og:image\" content=\"https:\/\/coolbluefuture.org\/wp-content\/uploads\/2024\/06\/cbf-social-share.jpg\" \/>\n\t<meta property=\"og:image:width\" content=\"1200\" \/>\n\t<meta property=\"og:image:height\" content=\"675\" \/>\n\t<meta property=\"og:image:type\" content=\"image\/jpeg\" \/>\n<meta name=\"twitter:card\" content=\"summary_large_image\" \/>\n<meta name=\"twitter:label1\" content=\"Est. reading time\" \/>\n\t<meta name=\"twitter:data1\" content=\"1 min\u016bte\" \/>\n<script type=\"application\/ld+json\" class=\"yoast-schema-graph\">{\"@context\":\"https:\\\/\\\/schema.org\",\"@graph\":[{\"@type\":\"WebPage\",\"@id\":\"https:\\\/\\\/coolbluefuture.org\\\/pledge\\\/\",\"url\":\"https:\\\/\\\/coolbluefuture.org\\\/pledge\\\/\",\"name\":\"Pledge - Cool Blue Future\",\"isPartOf\":{\"@id\":\"https:\\\/\\\/coolbluefuture.org\\\/#website\"},\"datePublished\":\"2024-05-10T16:56:13+00:00\",\"dateModified\":\"2024-06-06T21:09:39+00:00\",\"breadcrumb\":{\"@id\":\"https:\\\/\\\/coolbluefuture.org\\\/pledge\\\/#breadcrumb\"},\"inLanguage\":\"lv-LV\",\"potentialAction\":[{\"@type\":\"ReadAction\",\"target\":[\"https:\\\/\\\/coolbluefuture.org\\\/pledge\\\/\"]}]},{\"@type\":\"BreadcrumbList\",\"@id\":\"https:\\\/\\\/coolbluefuture.org\\\/pledge\\\/#breadcrumb\",\"itemListElement\":[{\"@type\":\"ListItem\",\"position\":1,\"name\":\"Home\",\"item\":\"https:\\\/\\\/coolbluefuture.org\\\/\"},{\"@type\":\"ListItem\",\"position\":2,\"name\":\"Pledge\"}]},{\"@type\":\"WebSite\",\"@id\":\"https:\\\/\\\/coolbluefuture.org\\\/#website\",\"url\":\"https:\\\/\\\/coolbluefuture.org\\\/\",\"name\":\"Cool Blue Future\",\"description\":\"A platform for blue community enterprise\",\"potentialAction\":[{\"@type\":\"SearchAction\",\"target\":{\"@type\":\"EntryPoint\",\"urlTemplate\":\"https:\\\/\\\/coolbluefuture.org\\\/?s={search_term_string}\"},\"query-input\":{\"@type\":\"PropertyValueSpecification\",\"valueRequired\":true,\"valueName\":\"search_term_string\"}}],\"inLanguage\":\"lv-LV\"}]}<\/script>\n<!-- \/ Yoast SEO plugin. -->","yoast_head_json":{"title":"Pledge - Cool Blue Future","robots":{"index":"index","follow":"follow","max-snippet":"max-snippet:-1","max-image-preview":"max-image-preview:large","max-video-preview":"max-video-preview:-1"},"canonical":"https:\/\/coolbluefuture.org\/lv\/pledge\/","og_locale":"lv_LV","og_type":"article","og_title":"Pledge - Cool Blue Future","og_description":"Make a pledge to the ocean With the Manifesto of regenerative ocean farming, we hope to inspire and create awareness around a regenerative approach to marine food production. But the manifesto is more of a vision than a formal recipe. A vision, which businesses and organisations that are connected to the ocean, can use to&hellip;","og_url":"https:\/\/coolbluefuture.org\/lv\/pledge\/","og_site_name":"Cool Blue Future","article_modified_time":"2024-06-06T21:09:39+00:00","og_image":[{"width":1200,"height":675,"url":"https:\/\/coolbluefuture.org\/wp-content\/uploads\/2024\/06\/cbf-social-share.jpg","type":"image\/jpeg"}],"twitter_card":"summary_large_image","twitter_misc":{"Est. reading time":"1 min\u016bte"},"schema":{"@context":"https:\/\/schema.org","@graph":[{"@type":"WebPage","@id":"https:\/\/coolbluefuture.org\/pledge\/","url":"https:\/\/coolbluefuture.org\/pledge\/","name":"Pledge - Cool Blue Future","isPartOf":{"@id":"https:\/\/coolbluefuture.org\/#website"},"datePublished":"2024-05-10T16:56:13+00:00","dateModified":"2024-06-06T21:09:39+00:00","breadcrumb":{"@id":"https:\/\/coolbluefuture.org\/pledge\/#breadcrumb"},"inLanguage":"lv-LV","potentialAction":[{"@type":"ReadAction","target":["https:\/\/coolbluefuture.org\/pledge\/"]}]},{"@type":"BreadcrumbList","@id":"https:\/\/coolbluefuture.org\/pledge\/#breadcrumb","itemListElement":[{"@type":"ListItem","position":1,"name":"Home","item":"https:\/\/coolbluefuture.org\/"},{"@type":"ListItem","position":2,"name":"Pledge"}]},{"@type":"WebSite","@id":"https:\/\/coolbluefuture.org\/#website","url":"https:\/\/coolbluefuture.org\/","name":"Cool Blue Future","description":"A platform for blue community enterprise","potentialAction":[{"@type":"SearchAction","target":{"@type":"EntryPoint","urlTemplate":"https:\/\/coolbluefuture.org\/?s={search_term_string}"},"query-input":{"@type":"PropertyValueSpecification","valueRequired":true,"valueName":"search_term_string"}}],"inLanguage":"lv-LV"}]}},"_links":{"self":[{"href":"https:\/\/coolbluefuture.org\/lv\/wp-json\/wp\/v2\/pages\/125","targetHints":{"allow":["GET"]}}],"collection":[{"href":"https:\/\/coolbluefuture.org\/lv\/wp-json\/wp\/v2\/pages"}],"about":[{"href":"https:\/\/coolbluefuture.org\/lv\/wp-json\/wp\/v2\/types\/page"}],"author":[{"embeddable":true,"href":"https:\/\/coolbluefuture.org\/lv\/wp-json\/wp\/v2\/users\/2"}],"replies":[{"embeddable":true,"href":"https:\/\/coolbluefuture.org\/lv\/wp-json\/wp\/v2\/comments?post=125"}],"version-history":[{"count":0,"href":"https:\/\/coolbluefuture.org\/lv\/wp-json\/wp\/v2\/pages\/125\/revisions"}],"wp:attachment":[{"href":"https:\/\/coolbluefuture.org\/lv\/wp-json\/wp\/v2\/media?parent=125"}],"curies":[{"name":"wp","href":"https:\/\/api.w.org\/{rel}","templated":true}]}}