{"id":41,"date":"2024-03-19T09:15:27","date_gmt":"2024-03-19T08:15:27","guid":{"rendered":"https:\/\/coolbluefuture.org\/?page_id=41"},"modified":"2024-11-05T14:45:19","modified_gmt":"2024-11-05T13:45:19","slug":"manifesto","status":"publish","type":"page","link":"https:\/\/coolbluefuture.org\/lv\/manifesto\/","title":{"rendered":"Manifesto"},"content":{"rendered":"<h1>\n\t\tManifests par j\u016bras atjaunojo\u0161o sugu audz\u0113\u0161anu\n\t<\/h1>\n\t\t\t\t\t\t\t<h3>1. M\u0113s ra\u017eojam p\u0101rtiku<\/h3>\n\t\t\t\t\t\t\t<p>M\u0113s esam sev izvirz\u012bju\u0161i galveno uzdevumu apvienot p\u0101rtikas audz\u0113\u0161anu ar akt\u012bvu j\u016bras vides atjauno\u0161anu. M\u016bsu kult\u016braugi, augot, sniedz ekosist\u0113mas pakalpojumus, piem\u0113ram, bar\u012bbas vielu absorbciju, biolo\u0123isk\u0101s daudzveid\u012bbas palielin\u0101\u0161anu, oglek\u013ca dioks\u012bda saist\u012b\u0161anu un citas cilv\u0113ka izrais\u012bt\u0101s vides kait\u0113juma mazin\u0101\u0161anas formas. Mums \u0161ie pakalpojumi vienm\u0113r ir tie\u0161i saist\u012bti ar p\u0101rtikas audz\u0113\u0161anu, k\u0101 ar\u012b ar daudziem citiem m\u016bsu nov\u0101kto augu un dz\u012bvnieku praktiskajiem izmanto\u0161anas veidiem.<\/p>\t\t\t\t\t\t\t\t\t\t\t\t\t\n\t\t\t\t\t\t\t<h3>2. We cultivate on the ecosystems&#8217; own terms<\/h3>\n\t\t\t\t\t\t\t<p>M\u016bsu audz\u0113\u0161ana balst\u0101s jau uz eso\u0161ajiem resursiem, kas ir rakstur\u012bgi m\u016bsu audz\u0113\u0161anas teritorij\u0101. M\u0113s neizmantojam m\u0113slo\u0161anas l\u012bdzek\u013cus, z\u0101les vai jebk\u0101das m\u0101ksl\u012bgas augu vai kait\u0113k\u013cu apkaro\u0161anas metodes. M\u0113s j\u016bras videi nepievienojam neko, iz\u0146emot sugu aug\u0161anai nepiecie\u0161amo apr\u012bkojumu, un m\u0113s audz\u0113jam tikai viet\u0113j\u0101s sugas, lai atbalst\u012btu viet\u0113jo \u0123en\u0113tisko daudzveid\u012bbu.<\/p>\t\t\t\t\t\t\t\t\t\t\t\t\t\n\t\t\t\t\t\t\t<h3>3. M\u0113s veicam audz\u0113\u0161anu da\u017e\u0101dos bar\u012bbas \u0137\u0113des l\u012bme\u0146os<\/h3>\n\t\t\t\t\t\t\t<p>M\u0113s tiecamies vienlaikus audz\u0113t da\u017e\u0101das sugas, kas savstarp\u0113ji labv\u0113l\u012bgi ietekm\u0113 viena otru. Pie\u0146emot audz\u0113\u0161anu da\u017e\u0101dos bar\u012bbas \u0137\u0113\u017eu l\u012bme\u0146os k\u0101 ide\u0101lu, m\u0113s cen\u0161amies pretoties monokult\u016brai un akt\u012bvi veicin\u0101t vesel\u012bgas j\u016bras ar bag\u0101tu biolo\u0123isko daudzveid\u012bbu. M\u016bsu pieeja uzsver da\u017e\u0101du sugu un bar\u012bbas \u0137\u0113\u017eu l\u012bme\u0146u savstarp\u0113jo saist\u012bbu, lai rad\u012btu ilgtsp\u0113j\u012bg\u0101kas un notur\u012bg\u0101kas j\u016bras ekosist\u0113mas.<\/p>\t\t\t\t\t\t\t\t\t\t\t\t\t\n\t\t\t\t\t\t\t<h3>4. M\u0113s c\u012bn\u0101mies pret klimata p\u0101rmai\u0146\u0101m<\/h3>\n\t\t\t\t\t\t\t<p>M\u016bsu audz\u0113\u0161ana atbalsta p\u0101rtikas sist\u0113mu dekarboniz\u0101ciju, padarot pat\u0113r\u0113t\u0101jiem pieejamas augstas kvalit\u0101tes, klimatam draudz\u012bgas sast\u0101vda\u013cas, t\u0101d\u0113j\u0101di aizst\u0101jot p\u0101rtikas produktus ar augstu oglek\u013ca nospiedumu ar maz\u0101k emisiju intens\u012bv\u0101m alternat\u012bv\u0101m. M\u0113s str\u0101d\u0101jam, lai nodro\u0161in\u0101tu, ka visi m\u016bsu ra\u017eo\u0161anas cikla posmi ir pl\u0101noti atbilsto\u0161i zemiem emisijas m\u0113r\u0137iem un cen\u0161amies p\u0101rdot p\u0113c iesp\u0113jas vair\u0101k viet\u0113jam tirgum.<\/p>\t\t\t\t\t\t\t\t\t\t\t\t\t\n\t\t\t\t\t\t\t<h3>5. M\u0113s veidojam stabilus biznesa mode\u013cus<\/h3>\n\t\t\t\t\t\t\t<p>M\u0113s apvienojam, kur iesp\u0113jams, m\u016bsu atjaunojo\u0161o audz\u0113\u0161anu ar cit\u0101m ien\u0101kumus neso\u0161\u0101m darb\u012bb\u0101m, piem\u0113ram, mazietekmes zveju, p\u0101rstr\u0101di, izplat\u012b\u0161anu, izgl\u012bt\u012bbu un re\u0123enerat\u012bvo t\u016brismu. \u0160\u012b pieeja \u013cauj veidot stabil\u0101kus biznesa mode\u013cus, t\u0101 veicina viet\u0113jo ekonomiku un nodarbin\u0101t\u012bbu, t\u0101d\u0113j\u0101di nodro\u0161inot m\u016bsu piekrastes kopienu ilgtsp\u0113j\u012bgu att\u012bst\u012bbu.<\/p>\t\t\t\t\t\t\t\t\t\t\t\t\t\n\t\t\t\t\t\t\t<h3>6. M\u0113s akt\u012bvi piedal\u0101mies sav\u0101s kopien\u0101s<\/h3>\n\t\t\t\t\t\t\t<p>M\u0113s esam par  cie\u0161u saikni ar kopien\u0101m, kuru apk\u0101rtn\u0113 notiek m\u016bsu audz\u0113\u0161ana. M\u0113s tiecamies izveidot p\u0113c iesp\u0113jas liel\u0101ku viet\u0113jo tirgu m\u016bsu produktiem, un m\u0113s cen\u0161amies sadarboties un m\u0101c\u012bties no viet\u0113jiem iedz\u012bvot\u0101jiem, un veicin\u0101t jaunu zin\u0101\u0161anu apmai\u0146u un veido\u0161anu starp viet\u0113jiem iedz\u012bvot\u0101jiem, uz\u0146\u0113mumiem, skol\u0101m un sabiedr\u012bbu kopum\u0101. M\u0113s akt\u012bvi iesaist\u0101mies sav\u0101s kopien\u0101s un veicin\u0101m j\u016bras atjaunojo\u0161\u0101s kultiv\u0101cijas dom\u0101\u0161anu rajonos, kur t\u0101 v\u0113l nav pla\u0161i paz\u012bstama.<\/p>\t\t\t\t\t\t\t\t\t\t\t\t\t\n\t\t\t\t\t\t\t<h3>7. M\u0113s papla\u0161in\u0101mies horizont\u0101li, nevis vertik\u0101li<\/h3>\n\t\t\t\t\t\t\t<p>\u0145emot v\u0113r\u0101 j\u016bras vidi un m\u016bsu centienus rad\u012bt viet\u0113jas v\u0113rt\u012bbas, m\u0113s koncentr\u0113jamies uz mazu audz\u0113\u0161anas vietu izveidi, izvairoties no liela m\u0113roga audz\u0113\u0161anas, lai nerad\u012btu negat\u012bvu ietekmi uz viet\u0113j\u0101m j\u016bras ekosist\u0113m\u0101m. Izv\u0113loties horizont\u0101lo izaugsmi k\u0101 m\u016bsu att\u012bst\u012bbas ce\u013cu, m\u0113s str\u0101d\u0101jam pie pla\u0161\u0101kas ekonomijas sasnieg\u0161anas, daloties infrastrukt\u016br\u0101 un apvienojot biomasu, lai samazin\u0101tu izmaksas un papla\u0161in\u0101tu m\u016bsu pieeju jauniem tirgiem.<\/p>\t\t\t\t\t\t\t\t\t\t\t\t\t\n\t\t\t\t\t\t\t<h3>8. M\u0113s pa\u013caujamies uz zin\u0101\u0161an\u0101m<\/h3>\n\t\t\t\t\t\t\t<p>M\u016bsu izpratne par j\u016bras vidi un t\u0101s resursiem balst\u0101s uz zin\u0101\u0161an\u0101m un zin\u0101tnisku pieeju datu v\u0101k\u0161an\u0101 un l\u0113mumu pie\u0146em\u0161an\u0101.  T\u0101p\u0113c m\u0113s labpr\u0101t sadarbojamies ar zin\u0101tniskajiem instit\u016btiem, kas var pal\u012bdz\u0113t uzraudz\u012bt j\u016bras vidi, nep\u0101rtraukti piel\u0101got m\u016bsu att\u012bst\u012bbas virzienu un pie\u0146emt pareizos l\u0113mumus. M\u0113s d\u0101sni dal\u0101mies ar sav\u0101m zin\u0101\u0161an\u0101m, lai atjaunojo\u0161\u0101 pieeja var\u0113tu izplat\u012bties viet\u0113j\u0101s kopien\u0101s un pla\u0161\u0101k pasaul\u0113, kuras da\u013ca m\u0113s esam un v\u0113lamies b\u016bt par paraugu.<\/p>\t\t\t\t\t\t\t\t\t\t\t\t\t\n\t<a href=\"https:\/\/coolbluefuture.org\/lv\/pledge\/\" target=\"_self\" role=\"button\" aria-label=\"Dodiet sol\u012bjumu oke\u0101nam\" rel=\"noopener\">\n\t\t\t\t\t\tDodiet sol\u012bjumu oke\u0101nam\n\t\t\t\t\t<\/a>\n\t\t\t\t<img loading=\"lazy\" decoding=\"async\" src=\"https:\/\/coolbluefuture.org\/wp-content\/uploads\/2024\/02\/cool-blue-future-ocean-underwater-01.jpg\" alt=\"cool-blue-future-ocean-underwater-01\" itemprop=\"image\" height=\"1366\" width=\"2048\" title=\"cool-blue-future-ocean-underwater-01\" onerror=\"this.style.display='none'\"  \/>\n\t<a href=\"https:\/\/coolbluefuture.org\/wp-content\/uploads\/2024\/06\/Manifest_LV.pdf\" target=\"_self\" role=\"button\" download=\"Manifest_EN.pdf\" aria-label=\"Lejupiel\u0101d\u0113t Manifests\" rel=\"noopener\">\n\t\t\t\t\t\tLejupiel\u0101d\u0113t Manifests\n\t\t\t<\/a>\n<h2>\n\t\tManifesta pamatojums\n\t<\/h2>\n<h3>\n\t\tManifesta pamatojums\n\t<\/h3>\n\t<p>Nesam\u0113r\u012bgi liels cilv\u0113ku izrais\u012btais spiediens k\u0101, piem\u0113ram, bar\u012bbas vielu nopl\u016bde, izn\u012bcin\u0101t\u0101s dz\u012bvotnes, j\u016bras pask\u0101bin\u0101\u0161an\u0101s un p\u0101rm\u0113r\u012bga savva\u013cas zivju kr\u0101jumu izmanto\u0161ana, turpin\u0101s jau p\u0101r\u0101k ilgi. N\u0101kotn\u0113 nepiecie\u0161ama j\u016bras p\u0101rtikas ra\u017eo\u0161ana, kas ietu roku rok\u0101 ar degrad\u0113to j\u016bras ekosist\u0113mu akt\u012bvu atjauno\u0161anu un s\u0101ktos ar to, ka cilv\u0113ks eksist\u0113 k\u0101 da\u013ca no dabas nedal\u0101m\u0101 un sare\u017e\u0123\u012bt\u0101 savstarp\u0113jo ietekmju t\u012bkla. M\u0113s jau esam p\u0101ri tam punktam, kur ir pietiekami veikt p\u0113c iesp\u0113jas maz\u0101ku kait\u0113jumu. P\u0101rtikas ra\u017eo\u0161anas lo\u0123ika j\u016bras vid\u0113 ir j\u0101maina. Vairs nav pie\u0146emama negat\u012bv\u0101 ietekme. Nulles ietekme vairs nav pietiekama.<\/p>\n<h3>\n\t\tM\u016bsu redz\u0113jums par j\u016bras p\u0101rtikas ra\u017eo\u0161anas n\u0101kotni\n\t<\/h3>\n\t<p>M\u0113s esam j\u016bras kopienas d\u0101rzi, j\u016bras vides uz\u0146\u0113m\u0113ji, viet\u0113jie uz\u0146\u0113mumi, universit\u0101tes, zvejnieki un ieinteres\u0113t\u0101s organiz\u0101cijas ar kop\u012bgu vado\u0161o ide\u0101lu un vienotu redz\u0113jumu par n\u0101kotni. Taj\u0101 vienm\u0113r m\u0113s dodam vair\u0101k atpaka\u013c j\u016bras videi, nek\u0101 m\u0113s no t\u0101s \u0146emam. \u0145emot v\u0113r\u0101 \u0161o redz\u0113jumu, m\u0113s esam formul\u0113ju\u0161i asto\u0146us kop\u012bgus transform\u0113jo\u0161us principus j\u016bras atjaunojo\u0161o sugu audz\u0113\u0161anai un nov\u0101k\u0161anai n\u0101kotn\u0113. \u0160ie principi atbilst ANO Ilgtsp\u0113j\u012bgas att\u012bst\u012bbas m\u0113r\u0137iem, kas noz\u012bm\u0113, ka jebkurai atjaunojo\u0161ai audz\u0113\u0161anas iniciat\u012bvai ir j\u0101l\u012bdzsvaro vides un soci\u0101l\u0101s ilgtsp\u0113jas apsv\u0113rumi vesel\u012bgas un ilgtsp\u0113j\u012bgas ekonomikas kontekst\u0101.<\/p>\n<h3>\n\t\tM\u016bsu j\u016bras atjaunojo\u0161\u0101s kultiv\u0101cijas defin\u012bcija\n\t<\/h3>\n\t<p>J\u016bras atjaunojo\u0161o sugu audz\u0113\u0161anu jeb j\u016bras atjaunojo\u0161o kultiv\u0101ciju m\u0113s saprotam k\u0101 p\u0101rtikas j\u016bras sugu audz\u0113\u0161anu t\u0101d\u0101 veid\u0101, ka \u0161\u012b saimnieko\u0161ana kopum\u0101 sniedz pozit\u012bvu ietekmi uz apk\u0101rt\u0113j\u0101m j\u016bras ekosist\u0113m\u0101m.<\/p>\n\t<a href=\"https:\/\/coolbluefuture.org\/lv\/pledge\/\" target=\"_self\" role=\"button\" aria-label=\"Dodiet sol\u012bjumu oke\u0101nam\" rel=\"noopener\">\n\t\t\t\t\t\tDodiet sol\u012bjumu oke\u0101nam\n\t\t\t\t\t<\/a>\n<h3>\n\t\tSist\u0113ma re\u0123enerat\u012bvai oke\u0101na lauksaimniec\u012bbai\n\t<\/h3>\n\t<p>Our friends at C-Faarer have put together a coherent framework to help us all better understand what lies at the core of regenerative ocean farming. Here you will find &#8211; among other exciting stuff &#8211; an overview over the benefits of regenerative ocean farming and regenerative methods.<\/p>\n<p><a href=\"https:\/\/www.c-faarer.eu\/news-and-blog\/conceptual-framework\" target=\"_blank\" rel=\"noopener\">Lasiet vair\u0101k un lejupiel\u0101d\u0113jiet pilnu dokumentu \u0161eit<\/a><\/p>","protected":false},"excerpt":{"rendered":"<p>Manifesto of regenerative ocean farming 1. We produce food We have given ourselves the primary task of combining aquatic food production with active regeneration of the marine environment. As they grow our crops offer ecosystem services, such as nutrient absorption, increased biodiversity, binding of carbon dioxide, and other forms of mitigation against human-induced environmental harm,&hellip;<\/p>","protected":false},"author":2,"featured_media":0,"parent":0,"menu_order":0,"comment_status":"closed","ping_status":"closed","template":"","meta":{"_acf_changed":false,"footnotes":""},"class_list":["post-41","page","type-page","status-publish","hentry"],"acf":[],"yoast_head":"<!-- This site is optimized with the Yoast SEO plugin v27.4 - https:\/\/yoast.com\/product\/yoast-seo-wordpress\/ -->\n<title>Manifesto - Cool Blue Future<\/title>\n<meta name=\"robots\" content=\"index, follow, max-snippet:-1, max-image-preview:large, max-video-preview:-1\" \/>\n<link rel=\"canonical\" href=\"https:\/\/coolbluefuture.org\/lv\/manifesto\/\" \/>\n<meta property=\"og:locale\" content=\"lv_LV\" \/>\n<meta property=\"og:type\" content=\"article\" \/>\n<meta property=\"og:title\" content=\"Manifesto - Cool Blue Future\" \/>\n<meta property=\"og:description\" content=\"Manifesto of regenerative ocean farming 1. We produce food We have given ourselves the primary task of combining aquatic food production with active regeneration of the marine environment. As they grow our crops offer ecosystem services, such as nutrient absorption, increased biodiversity, binding of carbon dioxide, and other forms of mitigation against human-induced environmental harm,&hellip;\" \/>\n<meta property=\"og:url\" content=\"https:\/\/coolbluefuture.org\/lv\/manifesto\/\" \/>\n<meta property=\"og:site_name\" content=\"Cool Blue Future\" \/>\n<meta property=\"article:modified_time\" content=\"2024-11-05T13:45:19+00:00\" \/>\n<meta property=\"og:image\" content=\"https:\/\/coolbluefuture.org\/wp-content\/uploads\/2024\/02\/cool-blue-future-ocean-underwater-01.jpg\" \/>\n<meta name=\"twitter:card\" content=\"summary_large_image\" \/>\n<meta name=\"twitter:label1\" content=\"Est. reading time\" \/>\n\t<meta name=\"twitter:data1\" content=\"5 min\u016btes\" \/>\n<script type=\"application\/ld+json\" class=\"yoast-schema-graph\">{\"@context\":\"https:\\\/\\\/schema.org\",\"@graph\":[{\"@type\":\"WebPage\",\"@id\":\"https:\\\/\\\/coolbluefuture.org\\\/manifesto\\\/\",\"url\":\"https:\\\/\\\/coolbluefuture.org\\\/manifesto\\\/\",\"name\":\"Manifesto - Cool Blue Future\",\"isPartOf\":{\"@id\":\"https:\\\/\\\/coolbluefuture.org\\\/#website\"},\"primaryImageOfPage\":{\"@id\":\"https:\\\/\\\/coolbluefuture.org\\\/manifesto\\\/#primaryimage\"},\"image\":{\"@id\":\"https:\\\/\\\/coolbluefuture.org\\\/manifesto\\\/#primaryimage\"},\"thumbnailUrl\":\"https:\\\/\\\/coolbluefuture.org\\\/wp-content\\\/uploads\\\/2024\\\/02\\\/cool-blue-future-ocean-underwater-01.jpg\",\"datePublished\":\"2024-03-19T08:15:27+00:00\",\"dateModified\":\"2024-11-05T13:45:19+00:00\",\"breadcrumb\":{\"@id\":\"https:\\\/\\\/coolbluefuture.org\\\/manifesto\\\/#breadcrumb\"},\"inLanguage\":\"lv-LV\",\"potentialAction\":[{\"@type\":\"ReadAction\",\"target\":[\"https:\\\/\\\/coolbluefuture.org\\\/manifesto\\\/\"]}]},{\"@type\":\"ImageObject\",\"inLanguage\":\"lv-LV\",\"@id\":\"https:\\\/\\\/coolbluefuture.org\\\/manifesto\\\/#primaryimage\",\"url\":\"https:\\\/\\\/coolbluefuture.org\\\/wp-content\\\/uploads\\\/2024\\\/02\\\/cool-blue-future-ocean-underwater-01.jpg\",\"contentUrl\":\"https:\\\/\\\/coolbluefuture.org\\\/wp-content\\\/uploads\\\/2024\\\/02\\\/cool-blue-future-ocean-underwater-01.jpg\"},{\"@type\":\"BreadcrumbList\",\"@id\":\"https:\\\/\\\/coolbluefuture.org\\\/manifesto\\\/#breadcrumb\",\"itemListElement\":[{\"@type\":\"ListItem\",\"position\":1,\"name\":\"Home\",\"item\":\"https:\\\/\\\/coolbluefuture.org\\\/\"},{\"@type\":\"ListItem\",\"position\":2,\"name\":\"Manifesto\"}]},{\"@type\":\"WebSite\",\"@id\":\"https:\\\/\\\/coolbluefuture.org\\\/#website\",\"url\":\"https:\\\/\\\/coolbluefuture.org\\\/\",\"name\":\"Cool Blue Future\",\"description\":\"A platform for blue community enterprise\",\"potentialAction\":[{\"@type\":\"SearchAction\",\"target\":{\"@type\":\"EntryPoint\",\"urlTemplate\":\"https:\\\/\\\/coolbluefuture.org\\\/?s={search_term_string}\"},\"query-input\":{\"@type\":\"PropertyValueSpecification\",\"valueRequired\":true,\"valueName\":\"search_term_string\"}}],\"inLanguage\":\"lv-LV\"}]}<\/script>\n<!-- \/ Yoast SEO plugin. -->","yoast_head_json":{"title":"Manifesto - Cool Blue Future","robots":{"index":"index","follow":"follow","max-snippet":"max-snippet:-1","max-image-preview":"max-image-preview:large","max-video-preview":"max-video-preview:-1"},"canonical":"https:\/\/coolbluefuture.org\/lv\/manifesto\/","og_locale":"lv_LV","og_type":"article","og_title":"Manifesto - Cool Blue Future","og_description":"Manifesto of regenerative ocean farming 1. We produce food We have given ourselves the primary task of combining aquatic food production with active regeneration of the marine environment. As they grow our crops offer ecosystem services, such as nutrient absorption, increased biodiversity, binding of carbon dioxide, and other forms of mitigation against human-induced environmental harm,&hellip;","og_url":"https:\/\/coolbluefuture.org\/lv\/manifesto\/","og_site_name":"Cool Blue Future","article_modified_time":"2024-11-05T13:45:19+00:00","og_image":[{"url":"https:\/\/coolbluefuture.org\/wp-content\/uploads\/2024\/02\/cool-blue-future-ocean-underwater-01.jpg","type":"","width":"","height":""}],"twitter_card":"summary_large_image","twitter_misc":{"Est. reading time":"5 min\u016btes"},"schema":{"@context":"https:\/\/schema.org","@graph":[{"@type":"WebPage","@id":"https:\/\/coolbluefuture.org\/manifesto\/","url":"https:\/\/coolbluefuture.org\/manifesto\/","name":"Manifesto - Cool Blue Future","isPartOf":{"@id":"https:\/\/coolbluefuture.org\/#website"},"primaryImageOfPage":{"@id":"https:\/\/coolbluefuture.org\/manifesto\/#primaryimage"},"image":{"@id":"https:\/\/coolbluefuture.org\/manifesto\/#primaryimage"},"thumbnailUrl":"https:\/\/coolbluefuture.org\/wp-content\/uploads\/2024\/02\/cool-blue-future-ocean-underwater-01.jpg","datePublished":"2024-03-19T08:15:27+00:00","dateModified":"2024-11-05T13:45:19+00:00","breadcrumb":{"@id":"https:\/\/coolbluefuture.org\/manifesto\/#breadcrumb"},"inLanguage":"lv-LV","potentialAction":[{"@type":"ReadAction","target":["https:\/\/coolbluefuture.org\/manifesto\/"]}]},{"@type":"ImageObject","inLanguage":"lv-LV","@id":"https:\/\/coolbluefuture.org\/manifesto\/#primaryimage","url":"https:\/\/coolbluefuture.org\/wp-content\/uploads\/2024\/02\/cool-blue-future-ocean-underwater-01.jpg","contentUrl":"https:\/\/coolbluefuture.org\/wp-content\/uploads\/2024\/02\/cool-blue-future-ocean-underwater-01.jpg"},{"@type":"BreadcrumbList","@id":"https:\/\/coolbluefuture.org\/manifesto\/#breadcrumb","itemListElement":[{"@type":"ListItem","position":1,"name":"Home","item":"https:\/\/coolbluefuture.org\/"},{"@type":"ListItem","position":2,"name":"Manifesto"}]},{"@type":"WebSite","@id":"https:\/\/coolbluefuture.org\/#website","url":"https:\/\/coolbluefuture.org\/","name":"Cool Blue Future","description":"A platform for blue community enterprise","potentialAction":[{"@type":"SearchAction","target":{"@type":"EntryPoint","urlTemplate":"https:\/\/coolbluefuture.org\/?s={search_term_string}"},"query-input":{"@type":"PropertyValueSpecification","valueRequired":true,"valueName":"search_term_string"}}],"inLanguage":"lv-LV"}]}},"_links":{"self":[{"href":"https:\/\/coolbluefuture.org\/lv\/wp-json\/wp\/v2\/pages\/41","targetHints":{"allow":["GET"]}}],"collection":[{"href":"https:\/\/coolbluefuture.org\/lv\/wp-json\/wp\/v2\/pages"}],"about":[{"href":"https:\/\/coolbluefuture.org\/lv\/wp-json\/wp\/v2\/types\/page"}],"author":[{"embeddable":true,"href":"https:\/\/coolbluefuture.org\/lv\/wp-json\/wp\/v2\/users\/2"}],"replies":[{"embeddable":true,"href":"https:\/\/coolbluefuture.org\/lv\/wp-json\/wp\/v2\/comments?post=41"}],"version-history":[{"count":0,"href":"https:\/\/coolbluefuture.org\/lv\/wp-json\/wp\/v2\/pages\/41\/revisions"}],"wp:attachment":[{"href":"https:\/\/coolbluefuture.org\/lv\/wp-json\/wp\/v2\/media?parent=41"}],"curies":[{"name":"wp","href":"https:\/\/api.w.org\/{rel}","templated":true}]}}