{"id":43,"date":"2024-03-19T09:15:50","date_gmt":"2024-03-19T08:15:50","guid":{"rendered":"https:\/\/coolbluefuture.org\/?page_id=43"},"modified":"2025-10-29T10:16:34","modified_gmt":"2025-10-29T09:16:34","slug":"guide-to-regenerative-ocean-farming","status":"publish","type":"page","link":"https:\/\/coolbluefuture.org\/lv\/guide-to-regenerative-ocean-farming\/","title":{"rendered":"Rokasgr\u0101mata par re\u0123enerat\u012bvo oke\u0101na lauksaimniec\u012bbu"},"content":{"rendered":"<h1  data-animation-delay=\"0\" data-animation-duration=\"2\">\n\t\t\tRokasgr\u0101mata par re\u0123enerat\u012bvo oke\u0101na lauksaimniec\u012bbu\t<\/h1>\n\t<p>Atjaunojo\u0161\u0101 oke\u0101na lauksaimniec\u012bba var izpausties da\u017e\u0101dos veidos un vienm\u0113r ir piel\u0101gota viet\u0113jiem apst\u0101k\u013ciem. \u013boti maza apjoma audz\u0113\u0161ana bezpe\u013c\u0146as kontekst\u0101 jau notiek vair\u0101k\u0101s piekrastes viet\u0101s. Tom\u0113r Rokasgr\u0101mat\u0101 par atjaunojo\u0161o oke\u0101na lauksaimniec\u012bbu darb\u012bbas joma galvenok\u0101rt ir maza m\u0113roga komerci\u0101la audz\u0113\u0161ana, kuras galam\u0113r\u0137is ir ra\u017eot lab\u012bbu, ko var p\u0101rdot. Ce\u013cved\u012b j\u016bs atrad\u012bsiet iedvesmu, zin\u0101\u0161anas un pam\u0101c\u012bbas par t\u0113m\u0101m, kas ir aktu\u0101las jaunajai v\u012brie\u0161u un sievie\u0161u paaudzei, kas saimniec\u012bbas oke\u0101n\u0101 veic, pamatojoties uz atjaunojo\u0161iem principiem.<\/p>\n\t\t\t\t\t\t\t<img loading=\"lazy\" decoding=\"async\" src=\"https:\/\/coolbluefuture.org\/wp-content\/uploads\/2024\/06\/lesson-1.jpg\" alt=\"lesson-1\" width=\"1200\" height=\"800\" \/>\n\t\t\t\t\t<p>1.\u00a0nodarb\u012bba<\/p>\n\t\t\t\t\t\t<h3><a href=\"https:\/\/coolbluefuture.org\/lv\/guides-and-tools\/lesson-1\/\" target=\"_self\">Av\u0101rijas kurss re\u0123enerat\u012bv\u0101 oke\u0101na lauksaimniec\u012bb\u0101<\/a><\/h3>\t\t\t\t\t\n\t\t\t\t\t<p>Available in English, Danish &amp; Lithuanian.Covers subjects such as:- What does &#8220;regenerative&#8221; imply?<br \/>&#8211; Basic setup of an ocean farm<br \/>&#8211; Ecosystems, nutrients and eutrophication<\/p>\t\t\t\t\n\t\t\t\t<a href=\"https:\/\/coolbluefuture.org\/lv\/guides-and-tools\/lesson-1\/\" role=\"button\" target=\"_self\">\n\t\t\t\t\t\t\t\t\t\tStart Lesson 1\n\t\t\t\t\t\t\t\t\t<\/a>\n\t\t\t\t\t\t\t<img loading=\"lazy\" decoding=\"async\" src=\"https:\/\/coolbluefuture.org\/wp-content\/uploads\/2024\/06\/lesson-2.jpg\" alt=\"lesson-2\" width=\"1200\" height=\"800\" \/>\n\t\t\t\t\t<p>2.\u00a0nodarb\u012bba<\/p>\n\t\t\t\t\t\t<h3><a href=\"https:\/\/coolbluefuture.org\/lv\/guide-to-regenerative-ocean-farming\/lesson-2\/\" target=\"_self\">\u012ast\u0101s vietas atra\u0161ana<\/a><\/h3>\t\t\t\t\t\n\t\t\t\t\t<p>Available in English, Danish &amp; Lithuanian.Covers subjects such as:- The importance of easy access<br \/>&#8211; Obtaining social license<br \/>&#8211; Environmental factors<\/p>\t\t\t\t\n\t\t\t\t<a href=\"https:\/\/coolbluefuture.org\/lv\/guide-to-regenerative-ocean-farming\/lesson-2\/\" role=\"button\" target=\"_self\">\n\t\t\t\t\t\t\t\t\t\tStart Lesson 2\n\t\t\t\t\t\t\t\t\t<\/a>\n\t\t\t\t\t\t\t<img loading=\"lazy\" decoding=\"async\" src=\"https:\/\/coolbluefuture.org\/wp-content\/uploads\/2024\/06\/lesson-3.jpg\" alt=\"lesson-3\" width=\"1200\" height=\"800\" \/>\n\t\t\t\t\t<p>3.\u00a0nodarb\u012bba<\/p>\n\t\t\t\t\t\t<h3><a href=\"https:\/\/coolbluefuture.org\/lv\/guide-to-regenerative-ocean-farming\/lesson-3\/\" target=\"_self\">Oke\u0101na fermas izveido\u0161ana<\/a><\/h3>\t\t\t\t\t\n\t\t\t\t\t<p>Available in English, Danish &amp; Lithuanian.Covers subjects such as:- Farm design<br \/>&#8211; Gear and equipment<br \/>&#8211; Physical implementation<\/p>\t\t\t\t\n\t\t\t\t<a href=\"https:\/\/coolbluefuture.org\/lv\/guide-to-regenerative-ocean-farming\/lesson-3\/\" role=\"button\" target=\"_self\">\n\t\t\t\t\t\t\t\t\t\tStart Lesson 3\n\t\t\t\t\t\t\t\t\t<\/a>\n\t\t\t\t\t\t\t<img loading=\"lazy\" decoding=\"async\" src=\"https:\/\/coolbluefuture.org\/wp-content\/uploads\/2025\/08\/DSC09309-e1755602196423.jpg\" alt=\"DSC09309\" width=\"1200\" height=\"800\" \/>\n\t\t\t\t\t<p>Lesson 4<\/p>\n\t\t\t\t\t\t<h3><a href=\"https:\/\/coolbluefuture.org\/lv\/guide-to-regenerative-ocean-farming\/lesson-4\/\" target=\"_self\">Introduction to crops and cultivation<\/a><\/h3>\t\t\t\t\t\n\t\t\t\t\t<p>Available in English, Danish &amp; Lithuanian.Covers subjects such as:- The yearly cycle of the ocean farmer<br \/>&#8211; Cultivation of sugar kelp and other types of seaweed<br \/>&#8211; Cultivation of bivalves (mussels and oysters)<\/p>\t\t\t\t\n\t\t\t\t<a href=\"https:\/\/coolbluefuture.org\/lv\/guide-to-regenerative-ocean-farming\/lesson-4\/\" role=\"button\" target=\"_self\">\n\t\t\t\t\t\t\t\t\t\tStart Lesson 4\n\t\t\t\t\t\t\t\t\t<\/a>\n\t\t\t\t\t\t\t<img loading=\"lazy\" decoding=\"async\" src=\"https:\/\/coolbluefuture.org\/wp-content\/uploads\/2025\/10\/Screenshot-2025-10-29-101009.png\" alt=\"Screenshot 2025-10-29 101009\" width=\"996\" height=\"652\" \/>\n\t\t\t\t\t<p>Lesson 5<\/p>\n\t\t\t\t\t\t<h3><a href=\"https:\/\/coolbluefuture.org\/lv\/guide-to-regenerative-ocean-farming\/lesson-5\/\" target=\"_self\">Business models<\/a><\/h3>\t\t\t\t\t\n\t\t\t\t\t<p>Available in English.Covers subjects such as:- Building Blocks of a Regenerative Business<br \/>&#8211; Using the Business Model Canvas<br \/>&#8211; Challenges and How to Overcome Them<\/p>\t\t\t\t\n\t\t\t\t<a href=\"https:\/\/coolbluefuture.org\/lv\/guide-to-regenerative-ocean-farming\/lesson-5\/\" role=\"button\" target=\"_self\">\n\t\t\t\t\t\t\t\t\t\tStart Lesson 5\n\t\t\t\t\t\t\t\t\t<\/a>\n\t\t\t\t\t\t\t<img loading=\"lazy\" decoding=\"async\" src=\"https:\/\/coolbluefuture.org\/wp-content\/uploads\/2025\/10\/A007_C024_0417YX.0001121-scaled-e1761725309433.jpg\" alt=\"A007_C024_0417YX\" width=\"1200\" height=\"800\" \/>\n\t\t\t\t\t<p>Lesson 6<\/p>\n\t\t\t\t\t\t<h3><a href=\"https:\/\/coolbluefuture.org\/lv\/guide-to-regenerative-ocean-farming\/lesson-6\/\" target=\"_self\">Licensing for Regenerative Ocean Farming<\/a><\/h3>\t\t\t\t\t\n\t\t\t\t\t<p>Available in English.Covers subjects such as:- The Common Licensing Framework<br \/>&#8211; Principles of Good Licensing<br \/>&#8211; Practical Advice for Farmers<\/p>\t\t\t\t\n\t\t\t\t<a href=\"https:\/\/coolbluefuture.org\/lv\/guide-to-regenerative-ocean-farming\/lesson-6\/\" role=\"button\" target=\"_self\">\n\t\t\t\t\t\t\t\t\t\tStart Lesson 6\n\t\t\t\t\t\t\t\t\t<\/a>\n\t\t\t\t\t\t\t<img loading=\"lazy\" decoding=\"async\" src=\"https:\/\/coolbluefuture.org\/wp-content\/uploads\/2025\/10\/Abning-af-Bolgemarken-Foto-Mikkel-Baekgaard-18-scaled-e1761726271532.jpg\" alt=\"Joachim holder tale - lorry filmer\" width=\"1200\" height=\"800\" \/>\n\t\t\t\t\t<p>Lesson 7<\/p>\n\t\t\t\t\t\t<h3><a href=\"https:\/\/coolbluefuture.org\/lv\/guide-to-regenerative-ocean-farming\/lesson-7\/\" target=\"_self\">Fundraising for Regenerative Ocean Farming<\/a><\/h3>\t\t\t\t\t\n\t\t\t\t\t<p>Available in English.Covers subjects such as:- Getting Started: Shaping Your Story<br \/>&#8211; Beyond Crowdfunding: Other Funding Sources for Regenerative Farmers<br \/>&#8211; Maintaining Momentum and Accountability<\/p>\t\t\t\t\n\t\t\t\t<a href=\"https:\/\/coolbluefuture.org\/lv\/guide-to-regenerative-ocean-farming\/lesson-7\/\" role=\"button\" target=\"_self\">\n\t\t\t\t\t\t\t\t\t\tStart Lesson 7\n\t\t\t\t\t\t\t\t\t<\/a>\n\t\t\t\t\t\t\t<img loading=\"lazy\" decoding=\"async\" src=\"https:\/\/coolbluefuture.org\/wp-content\/uploads\/2025\/07\/DSC08548-scaled-e1761726935775.jpg\" alt=\"DSC08548\" width=\"1200\" height=\"800\" \/>\n\t\t\t\t\t<p>Lesson 8<\/p>\n\t\t\t\t\t\t<h3><a href=\"https:\/\/coolbluefuture.org\/lv\/guide-to-regenerative-ocean-farming\/lesson-8\/\" target=\"_self\">Monitoring Your Farm<\/a><\/h3>\t\t\t\t\t\n\t\t\t\t\t<p>Available in English.Covers subjects such as:- Why Monitoring Matters<br \/>&#8211; Low-Cost Monitoring in Practice<br \/>&#8211; Health and Safety: Testing Your Harvest<\/p>\t\t\t\t\n\t\t\t\t<a href=\"https:\/\/coolbluefuture.org\/lv\/guide-to-regenerative-ocean-farming\/lesson-8\/\" role=\"button\" target=\"_self\">\n\t\t\t\t\t\t\t\t\t\tStart Lesson 8\n\t\t\t\t\t\t\t\t\t<\/a>\n\t\t\t\t<img decoding=\"async\" src=\"https:\/\/coolbluefuture.org\/wp-content\/uploads\/2024\/06\/gw-logo-inline.png\" alt=\"gw-logo-inline\" itemprop=\"image\" height=\"417\" width=\"1201\" title=\"gw-logo-inline\" onerror=\"this.style.display='none'\" loading=\"lazy\" \/>\n\t<p>Atjaunojo\u0161\u0101s oke\u0101na lauksaimniec\u012bbas ce\u013cvedis ir iedvesmots un ir balst\u012bts uz to <a href=\"https:\/\/hub.greenwave.org\/\" target=\"_blank\" rel=\"noopener\">GreenWave&#8217;s Ocean Farming Hub<\/a>. Some text in the Guide was translated directly from GreenWave&#8217;s Hub, while some text was adapted and\/or originally crafted by Cool Blue Future to reflect our local context in Europe.<\/p>\n<p>We are eternally grateful to GreenWave for compiling this work and for letting us use content from the Hub in the European Guide to Regenerative Ocean Farming. Visit GreenWave&#8217;s Ocean Farming Hub for even more courses, tools, and community for regenerative ocean farmers.<\/p>\n<p>Licence ir balst\u012bta uz <a href=\"https:\/\/creativecommons.org\/licenses\/by-nc\/4.0\/\">Creative Commons Attribution-NonCommercial 4.0 International License<\/a>.<\/p>","protected":false},"excerpt":{"rendered":"<p>Guide to regenerative ocean farming Regenerative ocean farming can take many different forms and is always adapted to local conditions. Very small-scale cultivation in a non-profit context is already taking place on several coastal locations. In the Guide to regenerative ocean farming, however, the scope is primarily small-scale commercial cultivation where the end goal is&hellip;<\/p>","protected":false},"author":2,"featured_media":0,"parent":0,"menu_order":0,"comment_status":"closed","ping_status":"closed","template":"","meta":{"_acf_changed":false,"footnotes":""},"class_list":["post-43","page","type-page","status-publish","hentry"],"acf":[],"yoast_head":"<!-- This site is optimized with the Yoast SEO plugin v27.4 - https:\/\/yoast.com\/product\/yoast-seo-wordpress\/ -->\n<title>Guide to regenerative ocean farming - Cool Blue Future<\/title>\n<meta name=\"robots\" content=\"index, follow, max-snippet:-1, max-image-preview:large, max-video-preview:-1\" \/>\n<link rel=\"canonical\" href=\"https:\/\/coolbluefuture.org\/lv\/guide-to-regenerative-ocean-farming\/\" \/>\n<meta property=\"og:locale\" content=\"lv_LV\" \/>\n<meta property=\"og:type\" content=\"article\" \/>\n<meta property=\"og:title\" content=\"Guide to regenerative ocean farming - Cool Blue Future\" \/>\n<meta property=\"og:description\" content=\"Guide to regenerative ocean farming Regenerative ocean farming can take many different forms and is always adapted to local conditions. Very small-scale cultivation in a non-profit context is already taking place on several coastal locations. In the Guide to regenerative ocean farming, however, the scope is primarily small-scale commercial cultivation where the end goal is&hellip;\" \/>\n<meta property=\"og:url\" content=\"https:\/\/coolbluefuture.org\/lv\/guide-to-regenerative-ocean-farming\/\" \/>\n<meta property=\"og:site_name\" content=\"Cool Blue Future\" \/>\n<meta property=\"article:modified_time\" content=\"2025-10-29T09:16:34+00:00\" \/>\n<meta property=\"og:image\" content=\"https:\/\/coolbluefuture.org\/wp-content\/uploads\/2024\/06\/lesson-1.jpg\" \/>\n<meta name=\"twitter:card\" content=\"summary_large_image\" \/>\n<meta name=\"twitter:label1\" content=\"Est. reading time\" \/>\n\t<meta name=\"twitter:data1\" content=\"3 min\u016btes\" \/>\n<script type=\"application\/ld+json\" class=\"yoast-schema-graph\">{\"@context\":\"https:\\\/\\\/schema.org\",\"@graph\":[{\"@type\":\"WebPage\",\"@id\":\"https:\\\/\\\/coolbluefuture.org\\\/guide-to-regenerative-ocean-farming\\\/\",\"url\":\"https:\\\/\\\/coolbluefuture.org\\\/guide-to-regenerative-ocean-farming\\\/\",\"name\":\"Guide to regenerative ocean farming - Cool Blue Future\",\"isPartOf\":{\"@id\":\"https:\\\/\\\/coolbluefuture.org\\\/#website\"},\"primaryImageOfPage\":{\"@id\":\"https:\\\/\\\/coolbluefuture.org\\\/guide-to-regenerative-ocean-farming\\\/#primaryimage\"},\"image\":{\"@id\":\"https:\\\/\\\/coolbluefuture.org\\\/guide-to-regenerative-ocean-farming\\\/#primaryimage\"},\"thumbnailUrl\":\"https:\\\/\\\/coolbluefuture.org\\\/wp-content\\\/uploads\\\/2024\\\/06\\\/lesson-1.jpg\",\"datePublished\":\"2024-03-19T08:15:50+00:00\",\"dateModified\":\"2025-10-29T09:16:34+00:00\",\"breadcrumb\":{\"@id\":\"https:\\\/\\\/coolbluefuture.org\\\/guide-to-regenerative-ocean-farming\\\/#breadcrumb\"},\"inLanguage\":\"lv-LV\",\"potentialAction\":[{\"@type\":\"ReadAction\",\"target\":[\"https:\\\/\\\/coolbluefuture.org\\\/guide-to-regenerative-ocean-farming\\\/\"]}]},{\"@type\":\"ImageObject\",\"inLanguage\":\"lv-LV\",\"@id\":\"https:\\\/\\\/coolbluefuture.org\\\/guide-to-regenerative-ocean-farming\\\/#primaryimage\",\"url\":\"https:\\\/\\\/coolbluefuture.org\\\/wp-content\\\/uploads\\\/2024\\\/06\\\/lesson-1.jpg\",\"contentUrl\":\"https:\\\/\\\/coolbluefuture.org\\\/wp-content\\\/uploads\\\/2024\\\/06\\\/lesson-1.jpg\"},{\"@type\":\"BreadcrumbList\",\"@id\":\"https:\\\/\\\/coolbluefuture.org\\\/guide-to-regenerative-ocean-farming\\\/#breadcrumb\",\"itemListElement\":[{\"@type\":\"ListItem\",\"position\":1,\"name\":\"Home\",\"item\":\"https:\\\/\\\/coolbluefuture.org\\\/\"},{\"@type\":\"ListItem\",\"position\":2,\"name\":\"Guide to regenerative ocean farming\"}]},{\"@type\":\"WebSite\",\"@id\":\"https:\\\/\\\/coolbluefuture.org\\\/#website\",\"url\":\"https:\\\/\\\/coolbluefuture.org\\\/\",\"name\":\"Cool Blue Future\",\"description\":\"A platform for blue community enterprise\",\"potentialAction\":[{\"@type\":\"SearchAction\",\"target\":{\"@type\":\"EntryPoint\",\"urlTemplate\":\"https:\\\/\\\/coolbluefuture.org\\\/?s={search_term_string}\"},\"query-input\":{\"@type\":\"PropertyValueSpecification\",\"valueRequired\":true,\"valueName\":\"search_term_string\"}}],\"inLanguage\":\"lv-LV\"}]}<\/script>\n<!-- \/ Yoast SEO plugin. -->","yoast_head_json":{"title":"Guide to regenerative ocean farming - Cool Blue Future","robots":{"index":"index","follow":"follow","max-snippet":"max-snippet:-1","max-image-preview":"max-image-preview:large","max-video-preview":"max-video-preview:-1"},"canonical":"https:\/\/coolbluefuture.org\/lv\/guide-to-regenerative-ocean-farming\/","og_locale":"lv_LV","og_type":"article","og_title":"Guide to regenerative ocean farming - Cool Blue Future","og_description":"Guide to regenerative ocean farming Regenerative ocean farming can take many different forms and is always adapted to local conditions. Very small-scale cultivation in a non-profit context is already taking place on several coastal locations. In the Guide to regenerative ocean farming, however, the scope is primarily small-scale commercial cultivation where the end goal is&hellip;","og_url":"https:\/\/coolbluefuture.org\/lv\/guide-to-regenerative-ocean-farming\/","og_site_name":"Cool Blue Future","article_modified_time":"2025-10-29T09:16:34+00:00","og_image":[{"url":"https:\/\/coolbluefuture.org\/wp-content\/uploads\/2024\/06\/lesson-1.jpg","type":"","width":"","height":""}],"twitter_card":"summary_large_image","twitter_misc":{"Est. reading time":"3 min\u016btes"},"schema":{"@context":"https:\/\/schema.org","@graph":[{"@type":"WebPage","@id":"https:\/\/coolbluefuture.org\/guide-to-regenerative-ocean-farming\/","url":"https:\/\/coolbluefuture.org\/guide-to-regenerative-ocean-farming\/","name":"Guide to regenerative ocean farming - Cool Blue Future","isPartOf":{"@id":"https:\/\/coolbluefuture.org\/#website"},"primaryImageOfPage":{"@id":"https:\/\/coolbluefuture.org\/guide-to-regenerative-ocean-farming\/#primaryimage"},"image":{"@id":"https:\/\/coolbluefuture.org\/guide-to-regenerative-ocean-farming\/#primaryimage"},"thumbnailUrl":"https:\/\/coolbluefuture.org\/wp-content\/uploads\/2024\/06\/lesson-1.jpg","datePublished":"2024-03-19T08:15:50+00:00","dateModified":"2025-10-29T09:16:34+00:00","breadcrumb":{"@id":"https:\/\/coolbluefuture.org\/guide-to-regenerative-ocean-farming\/#breadcrumb"},"inLanguage":"lv-LV","potentialAction":[{"@type":"ReadAction","target":["https:\/\/coolbluefuture.org\/guide-to-regenerative-ocean-farming\/"]}]},{"@type":"ImageObject","inLanguage":"lv-LV","@id":"https:\/\/coolbluefuture.org\/guide-to-regenerative-ocean-farming\/#primaryimage","url":"https:\/\/coolbluefuture.org\/wp-content\/uploads\/2024\/06\/lesson-1.jpg","contentUrl":"https:\/\/coolbluefuture.org\/wp-content\/uploads\/2024\/06\/lesson-1.jpg"},{"@type":"BreadcrumbList","@id":"https:\/\/coolbluefuture.org\/guide-to-regenerative-ocean-farming\/#breadcrumb","itemListElement":[{"@type":"ListItem","position":1,"name":"Home","item":"https:\/\/coolbluefuture.org\/"},{"@type":"ListItem","position":2,"name":"Guide to regenerative ocean farming"}]},{"@type":"WebSite","@id":"https:\/\/coolbluefuture.org\/#website","url":"https:\/\/coolbluefuture.org\/","name":"Cool Blue Future","description":"A platform for blue community enterprise","potentialAction":[{"@type":"SearchAction","target":{"@type":"EntryPoint","urlTemplate":"https:\/\/coolbluefuture.org\/?s={search_term_string}"},"query-input":{"@type":"PropertyValueSpecification","valueRequired":true,"valueName":"search_term_string"}}],"inLanguage":"lv-LV"}]}},"_links":{"self":[{"href":"https:\/\/coolbluefuture.org\/lv\/wp-json\/wp\/v2\/pages\/43","targetHints":{"allow":["GET"]}}],"collection":[{"href":"https:\/\/coolbluefuture.org\/lv\/wp-json\/wp\/v2\/pages"}],"about":[{"href":"https:\/\/coolbluefuture.org\/lv\/wp-json\/wp\/v2\/types\/page"}],"author":[{"embeddable":true,"href":"https:\/\/coolbluefuture.org\/lv\/wp-json\/wp\/v2\/users\/2"}],"replies":[{"embeddable":true,"href":"https:\/\/coolbluefuture.org\/lv\/wp-json\/wp\/v2\/comments?post=43"}],"version-history":[{"count":0,"href":"https:\/\/coolbluefuture.org\/lv\/wp-json\/wp\/v2\/pages\/43\/revisions"}],"wp:attachment":[{"href":"https:\/\/coolbluefuture.org\/lv\/wp-json\/wp\/v2\/media?parent=43"}],"curies":[{"name":"wp","href":"https:\/\/api.w.org\/{rel}","templated":true}]}}