{"id":44,"date":"2024-03-19T09:15:57","date_gmt":"2024-03-19T08:15:57","guid":{"rendered":"https:\/\/coolbluefuture.org\/?page_id=44"},"modified":"2024-09-22T12:43:28","modified_gmt":"2024-09-22T10:43:28","slug":"country-facilitators","status":"publish","type":"page","link":"https:\/\/coolbluefuture.org\/lv\/country-facilitators\/","title":{"rendered":"Valsts koordinators"},"content":{"rendered":"<h1>\n\t\tValsts koordinators\n\t<\/h1>\n\t<p>\u201cCool Blue Future\u201d pamat\u0101 ir Zieme\u013ceiropas valstu koordinatoru t\u012bkls, kas str\u0101d\u0101 individu\u0101li un kop\u0101, lai bru\u0123\u0113tu ce\u013cu re\u0123enerat\u012bvai oke\u0101nu audz\u0113\u0161anai, pamatojoties uz principiem, kas izkl\u0101st\u012bti Manifest\u0101 par re\u0123enerat\u012bvu oke\u0101nu lauksaimniec\u012bbu.<\/p>\n\t\t\t<a href=\"https:\/\/coolbluefuture.org\/lv\/facilitator\/f-havhost\/\" target=\"_self\" rel=\"noopener\">\n\t\t\t\t\t\t\tDenmark: Havh\u00f8st\n\t\t\t\t\t<\/a>\n\t\t\t<a href=\"https:\/\/coolbluefuture.org\/lv\/facilitator\/f-eesti-mereinstituut-tartu-ulikool\/\" target=\"_self\" rel=\"noopener\">\n\t\t\t\t\t\t\tEstonia: University of Tartu, Estonian Marine Institute\n\t\t\t\t\t<\/a>\n\t\t\t<a href=\"https:\/\/coolbluefuture.org\/lv\/facilitator\/f-aktion-osterbotten\/\" target=\"_self\" rel=\"noopener\">\n\t\t\t\t\t\t\tFinland:  Aktion \u00d6sterbotten\n\t\t\t\t\t<\/a>\n\t\t\t<a href=\"https:\/\/coolbluefuture.org\/lv\/facilitator\/f-le-paysan-marin\/\" target=\"_self\" rel=\"noopener\">\n\t\t\t\t\t\t\tFrance: Le Paysan Marin\n\t\t\t\t\t<\/a>\n\t\t\t<a href=\"https:\/\/coolbluefuture.org\/lv\/facilitator\/f-eucc-die-kusten-union-deutschland\/\" target=\"_self\" rel=\"noopener\">\n\t\t\t\t\t\t\tGermany: EUCC Deutschland\n\t\t\t\t\t<\/a>\n\t\t\t<a href=\"https:\/\/coolbluefuture.org\/lv\/facilitator\/f-latvijas-hidroekologijas-instituts\/\" target=\"_self\" rel=\"noopener\">\n\t\t\t\t\t\t\tLatvia: Latvian Institute of Aquatic Ecology\n\t\t\t\t\t<\/a>\n\t\t\t<a href=\"https:\/\/coolbluefuture.org\/lv\/facilitator\/f-klaipedos-mokslo-ir-technologiju-parkas-2\/\" target=\"_self\" rel=\"noopener\">\n\t\t\t\t\t\t\tLithuania: Klaipeda Science and Technology Park\n\t\t\t\t\t<\/a>\n\t\t\t<a href=\"https:\/\/coolbluefuture.org\/lv\/facilitator\/f-marinreparatorene\/\" target=\"_self\" rel=\"noopener\">\n\t\t\t\t\t\t\tNorway: Marinreparat\u00f8rene\n\t\t\t\t\t<\/a>\n\t\t\t<a href=\"https:\/\/coolbluefuture.org\/lv\/facilitator\/f-uniwersytet-morski-w-gdyni\/\" target=\"_self\" rel=\"noopener\">\n\t\t\t\t\t\t\tPoland: Gdynia Maritime University\n\t\t\t\t\t<\/a>\n\t\t\t<a href=\"https:\/\/coolbluefuture.org\/lv\/facilitator\/f-centrum-for-hav-och-samhalle-goteborgs-universitet\/\" target=\"_self\" rel=\"noopener\">\n\t\t\t\t\t\t\tSweden: Centre for Sea and Society, University of Gothenburg\n\t\t\t\t\t<\/a>\n\t<p>Valstu koordinatori ir daudzveid\u012bgi, ta\u010du katrs no tiem kalpo k\u0101 kontaktpunkts liet\u0101m, kas saist\u012btas ar re\u0123enerat\u012bvo oke\u0101na kultiv\u0113\u0161anu sav\u0101s valst\u012bs, atbalstot, piem\u0113ram:<\/p>\n<ul>\n<li>- Zilo kopienas d\u0101rzu veido\u0161ana<\/li>\n<li>- Zvejnieku p\u0101reja uz re\u0123enerat\u012bvo oke\u0101na lauksaimniec\u012bbu<\/li>\n<li>- Jaunas v\u0113rt\u012bbu \u0137\u0113des, kuru pamat\u0101 ir re\u0123enerat\u012bv\u0101s kult\u016bras<\/li>\n<li>- Izgl\u012btojo\u0161i pas\u0101kumi, kas saist\u012bti ar re\u0123enerat\u012bvo oke\u0101na lauksaimniec\u012bbu<\/li>\n<li>Pas\u0101kumi, PR un komunik\u0101cija<\/li>\n<li>Lob\u0113\u0161ana un sadarb\u012bba ar iest\u0101d\u0113m<\/li>\n<li>- Vides nov\u0113rt\u0113jumi<\/li>\n<li>- Attiec\u012bgo ieinteres\u0113to personu t\u012bkli<\/li>\n<\/ul>\n<h3>\n\t\tJ\u016bsu valsts nav sarakst\u0101?\n\t<\/h3>\n\t<p>Vai j\u016bs interes\u0113, k\u0101 j\u016bsu organiz\u0101cija var k\u013c\u016bt par Cool Blue Future veicin\u0101t\u0101ju? Lai uzzin\u0101tu vair\u0101k par pievieno\u0161anos Cool Blue Future, lejupiel\u0101d\u0113jiet un izlasiet m\u016bsu rokasgr\u0101matu. Un, ja p\u0101rst\u0101vat organiz\u0101ciju valst\u012b, kur\u0101 Cool Blue v\u0113l nav p\u0101rst\u0101v\u0113ta, nekautr\u0113jieties mums par to zi\u0146ot.<\/p>\n<p><a href=\"https:\/\/coolbluefuture.org\/wp-content\/uploads\/2024\/06\/Facilitator.pdf\">Lejupiel\u0101d\u0113t rokasgr\u0101matu (PDF)<\/a><\/p>","protected":false},"excerpt":{"rendered":"<p>Country facilitators Cool Blue Future is based on a network of country facilitators across Northern Europe working individually and together to pave the way for regenerative ocean cultivation based on the principles outlined in the Manifesto for regenerative ocean farming. Denmark: Havh\u00f8st Estonia: University of Tartu, Estonian Marine Institute Finland: Aktion \u00d6sterbotten France: Le Paysan&hellip;<\/p>","protected":false},"author":2,"featured_media":0,"parent":0,"menu_order":0,"comment_status":"closed","ping_status":"closed","template":"","meta":{"_acf_changed":false,"footnotes":""},"class_list":["post-44","page","type-page","status-publish","hentry"],"acf":[],"yoast_head":"<!-- This site is optimized with the Yoast SEO plugin v27.4 - https:\/\/yoast.com\/product\/yoast-seo-wordpress\/ -->\n<title>Country facilitators - Cool Blue Future<\/title>\n<meta name=\"robots\" content=\"index, follow, max-snippet:-1, max-image-preview:large, max-video-preview:-1\" \/>\n<link rel=\"canonical\" href=\"https:\/\/coolbluefuture.org\/lv\/country-facilitators\/\" \/>\n<meta property=\"og:locale\" content=\"lv_LV\" \/>\n<meta property=\"og:type\" content=\"article\" \/>\n<meta property=\"og:title\" content=\"Country facilitators - Cool Blue Future\" \/>\n<meta property=\"og:description\" content=\"Country facilitators Cool Blue Future is based on a network of country facilitators across Northern Europe working individually and together to pave the way for regenerative ocean cultivation based on the principles outlined in the Manifesto for regenerative ocean farming. Denmark: Havh\u00f8st Estonia: University of Tartu, Estonian Marine Institute Finland: Aktion \u00d6sterbotten France: Le Paysan&hellip;\" \/>\n<meta property=\"og:url\" content=\"https:\/\/coolbluefuture.org\/lv\/country-facilitators\/\" \/>\n<meta property=\"og:site_name\" content=\"Cool Blue Future\" \/>\n<meta property=\"article:modified_time\" content=\"2024-09-22T10:43:28+00:00\" \/>\n<meta property=\"og:image\" content=\"https:\/\/coolbluefuture.org\/wp-content\/uploads\/2024\/06\/cbf-social-share.jpg\" \/>\n\t<meta property=\"og:image:width\" content=\"1200\" \/>\n\t<meta property=\"og:image:height\" content=\"675\" \/>\n\t<meta property=\"og:image:type\" content=\"image\/jpeg\" \/>\n<meta name=\"twitter:card\" content=\"summary_large_image\" \/>\n<meta name=\"twitter:label1\" content=\"Est. reading time\" \/>\n\t<meta name=\"twitter:data1\" content=\"1 min\u016bte\" \/>\n<script type=\"application\/ld+json\" class=\"yoast-schema-graph\">{\"@context\":\"https:\\\/\\\/schema.org\",\"@graph\":[{\"@type\":\"WebPage\",\"@id\":\"https:\\\/\\\/coolbluefuture.org\\\/country-facilitators\\\/\",\"url\":\"https:\\\/\\\/coolbluefuture.org\\\/country-facilitators\\\/\",\"name\":\"Country facilitators - Cool Blue Future\",\"isPartOf\":{\"@id\":\"https:\\\/\\\/coolbluefuture.org\\\/#website\"},\"datePublished\":\"2024-03-19T08:15:57+00:00\",\"dateModified\":\"2024-09-22T10:43:28+00:00\",\"breadcrumb\":{\"@id\":\"https:\\\/\\\/coolbluefuture.org\\\/country-facilitators\\\/#breadcrumb\"},\"inLanguage\":\"lv-LV\",\"potentialAction\":[{\"@type\":\"ReadAction\",\"target\":[\"https:\\\/\\\/coolbluefuture.org\\\/country-facilitators\\\/\"]}]},{\"@type\":\"BreadcrumbList\",\"@id\":\"https:\\\/\\\/coolbluefuture.org\\\/country-facilitators\\\/#breadcrumb\",\"itemListElement\":[{\"@type\":\"ListItem\",\"position\":1,\"name\":\"Home\",\"item\":\"https:\\\/\\\/coolbluefuture.org\\\/\"},{\"@type\":\"ListItem\",\"position\":2,\"name\":\"Country facilitators\"}]},{\"@type\":\"WebSite\",\"@id\":\"https:\\\/\\\/coolbluefuture.org\\\/#website\",\"url\":\"https:\\\/\\\/coolbluefuture.org\\\/\",\"name\":\"Cool Blue Future\",\"description\":\"A platform for blue community enterprise\",\"potentialAction\":[{\"@type\":\"SearchAction\",\"target\":{\"@type\":\"EntryPoint\",\"urlTemplate\":\"https:\\\/\\\/coolbluefuture.org\\\/?s={search_term_string}\"},\"query-input\":{\"@type\":\"PropertyValueSpecification\",\"valueRequired\":true,\"valueName\":\"search_term_string\"}}],\"inLanguage\":\"lv-LV\"}]}<\/script>\n<!-- \/ Yoast SEO plugin. -->","yoast_head_json":{"title":"Country facilitators - Cool Blue Future","robots":{"index":"index","follow":"follow","max-snippet":"max-snippet:-1","max-image-preview":"max-image-preview:large","max-video-preview":"max-video-preview:-1"},"canonical":"https:\/\/coolbluefuture.org\/lv\/country-facilitators\/","og_locale":"lv_LV","og_type":"article","og_title":"Country facilitators - Cool Blue Future","og_description":"Country facilitators Cool Blue Future is based on a network of country facilitators across Northern Europe working individually and together to pave the way for regenerative ocean cultivation based on the principles outlined in the Manifesto for regenerative ocean farming. Denmark: Havh\u00f8st Estonia: University of Tartu, Estonian Marine Institute Finland: Aktion \u00d6sterbotten France: Le Paysan&hellip;","og_url":"https:\/\/coolbluefuture.org\/lv\/country-facilitators\/","og_site_name":"Cool Blue Future","article_modified_time":"2024-09-22T10:43:28+00:00","og_image":[{"width":1200,"height":675,"url":"https:\/\/coolbluefuture.org\/wp-content\/uploads\/2024\/06\/cbf-social-share.jpg","type":"image\/jpeg"}],"twitter_card":"summary_large_image","twitter_misc":{"Est. reading time":"1 min\u016bte"},"schema":{"@context":"https:\/\/schema.org","@graph":[{"@type":"WebPage","@id":"https:\/\/coolbluefuture.org\/country-facilitators\/","url":"https:\/\/coolbluefuture.org\/country-facilitators\/","name":"Country facilitators - Cool Blue Future","isPartOf":{"@id":"https:\/\/coolbluefuture.org\/#website"},"datePublished":"2024-03-19T08:15:57+00:00","dateModified":"2024-09-22T10:43:28+00:00","breadcrumb":{"@id":"https:\/\/coolbluefuture.org\/country-facilitators\/#breadcrumb"},"inLanguage":"lv-LV","potentialAction":[{"@type":"ReadAction","target":["https:\/\/coolbluefuture.org\/country-facilitators\/"]}]},{"@type":"BreadcrumbList","@id":"https:\/\/coolbluefuture.org\/country-facilitators\/#breadcrumb","itemListElement":[{"@type":"ListItem","position":1,"name":"Home","item":"https:\/\/coolbluefuture.org\/"},{"@type":"ListItem","position":2,"name":"Country facilitators"}]},{"@type":"WebSite","@id":"https:\/\/coolbluefuture.org\/#website","url":"https:\/\/coolbluefuture.org\/","name":"Cool Blue Future","description":"A platform for blue community enterprise","potentialAction":[{"@type":"SearchAction","target":{"@type":"EntryPoint","urlTemplate":"https:\/\/coolbluefuture.org\/?s={search_term_string}"},"query-input":{"@type":"PropertyValueSpecification","valueRequired":true,"valueName":"search_term_string"}}],"inLanguage":"lv-LV"}]}},"_links":{"self":[{"href":"https:\/\/coolbluefuture.org\/lv\/wp-json\/wp\/v2\/pages\/44","targetHints":{"allow":["GET"]}}],"collection":[{"href":"https:\/\/coolbluefuture.org\/lv\/wp-json\/wp\/v2\/pages"}],"about":[{"href":"https:\/\/coolbluefuture.org\/lv\/wp-json\/wp\/v2\/types\/page"}],"author":[{"embeddable":true,"href":"https:\/\/coolbluefuture.org\/lv\/wp-json\/wp\/v2\/users\/2"}],"replies":[{"embeddable":true,"href":"https:\/\/coolbluefuture.org\/lv\/wp-json\/wp\/v2\/comments?post=44"}],"version-history":[{"count":0,"href":"https:\/\/coolbluefuture.org\/lv\/wp-json\/wp\/v2\/pages\/44\/revisions"}],"wp:attachment":[{"href":"https:\/\/coolbluefuture.org\/lv\/wp-json\/wp\/v2\/media?parent=44"}],"curies":[{"name":"wp","href":"https:\/\/api.w.org\/{rel}","templated":true}]}}