{"id":41,"date":"2024-03-19T09:15:27","date_gmt":"2024-03-19T08:15:27","guid":{"rendered":"https:\/\/coolbluefuture.org\/?page_id=41"},"modified":"2024-11-05T14:45:19","modified_gmt":"2024-11-05T13:45:19","slug":"manifesto","status":"publish","type":"page","link":"https:\/\/coolbluefuture.org\/nb\/manifesto\/","title":{"rendered":"Manifest"},"content":{"rendered":"<h1>\n\t\tManifest for regenerativt havbruk\n\t<\/h1>\n\t\t\t\t\t\t\t<h3>1. Vi produserer mat<\/h3>\n\t\t\t\t\t\t\t<p>V\u00e5r prim\u00e6re oppgave er \u00e5 kombinere produksjon av marin mat med aktiv regenerering av det marine milj\u00f8et. Mens avlingene v\u00e5re vokser, tilbyr de \u00f8kosystemtjenester som opptak av n\u00e6ringssalter, \u00f8kt biologisk mangfold, binding av karbondioksid og motvirker andre former for menneskeskapte milj\u00f8skader. Men for oss er disse tjenestene alltid direkte knyttet til dyrking av mat s\u00e5 vel som de mange andre praktiske bruksomr\u00e5dene for v\u00e5re h\u00f8stede avlinger.<\/p>\t\t\t\t\t\t\t\t\t\t\t\t\t\n\t\t\t\t\t\t\t<h3>2. We cultivate on the ecosystems&#8217; own terms<\/h3>\n\t\t\t\t\t\t\t<p>Dyrkingen v\u00e5r baseres p\u00e5 eksisterende ressurser som er hjemmeh\u00f8rende i dyrkingsomr\u00e5dene v\u00e5re. Vi bruker ikke gj\u00f8dsel, legemidler eller kunstige metoder for ugress- eller skadedyrbekjempelse. Vi tilf\u00f8rer ingenting til det marine milj\u00f8et bortsett fra dyrkingsutstyret som trengs for at avlingene v\u00e5re skal vokse, og vi dyrker utelukkende lokale arter for \u00e5 st\u00f8tte det lokale genetiske mangfoldet.<\/p>\t\t\t\t\t\t\t\t\t\t\t\t\t\n\t\t\t\t\t\t\t<h3>3. Vi driver multitrofisk dyrking<\/h3>\n\t\t\t\t\t\t\t<p>Vi tar sikte p\u00e5 \u00e5 dyrke en rekke forskjellige arter samtidig som de gjensidig nyter godt av hverandre. Ved \u00e5 omfavne multitrofisk dyrking som et ideal, \u00f8nsker vi \u00e5 motvirke monokultur og aktivt bidra til \u00e5 fremme et sunt hav med rikt biologisk mangfold. V\u00e5r tiln\u00e6rming understreker sammenhengen mellom forskjellige arter og trofiske niv\u00e5er for \u00e5 skape mer b\u00e6rekraftige og motstandsdyktige marine \u00f8kosystemer.<\/p>\t\t\t\t\t\t\t\t\t\t\t\t\t\n\t\t\t\t\t\t\t<h3>4. Vi motvirker klimaendringer<\/h3>\n\t\t\t\t\t\t\t<p>Dyrkingen v\u00e5r st\u00f8tter avkarbonisering av matsystemer ved \u00e5 gj\u00f8re tilgjengelig h\u00f8ykvalitets, klimavennlige ingredienser for forbrukere. P\u00e5 denne m\u00e5ten erstatter vi matvarer med h\u00f8yt karbonavtrykk med mindre utslippstunge alternativer. Vi jobber for \u00e5 sikre at alle deler av produksjonssyklusen v\u00e5r planlegges i henhold til et lavutslippsm\u00e5l, og vi har som m\u00e5l \u00e5 selge s\u00e5 mye som mulig gjennom lokale kanaler.<\/p>\t\t\t\t\t\t\t\t\t\t\t\t\t\n\t\t\t\t\t\t\t<h3>5. Vi skaper solide forretningsmodeller<\/h3>\n\t\t\t\t\t\t\t<p>Vi kombinerer, der det er mulig, v\u00e5r regenerative dyrking med andre inntektsbringende aktiviteter som sk\u00e5nsomt fiske, foredling, formidling, utdanning og regenerativ turisme. Denne tiln\u00e6rmingen muliggj\u00f8r mer robuste forretningsmodeller, \u00f8ker lokal verdiskapning og bidrar til \u00e5 sikre lokal sysselsetting og dermed fremtiden for kystsamfunnene v\u00e5re.<\/p>\t\t\t\t\t\t\t\t\t\t\t\t\t\n\t\t\t\t\t\t\t<h3>6. Vi tar aktiv del i lokalsamfunnene v\u00e5re<\/h3>\n\t\t\t\t\t\t\t<p>Vi legger vekt p\u00e5 \u00e5 v\u00e6re forankret i lokalsamfunnene rundt dyrkingsomr\u00e5dene v\u00e5re. Vi \u00f8nsker \u00e5 selge s\u00e5 mye som mulig av produktene v\u00e5re lokalt, og vi jobber for \u00e5 samarbeide med, l\u00e6re av og bidra til kunnskapsbygging blant lokalbefolkning, bedrifter, skoler og sivilsamfunnet generelt. Vi engasjerer oss aktivt i lokalsamfunnene og fremmer havforst\u00e5else og regenerativ tenkning p\u00e5 omr\u00e5der der dette enn\u00e5 ikke er bredt akseptert.<\/p>\t\t\t\t\t\t\t\t\t\t\t\t\t\n\t\t\t\t\t\t\t<h3>7. Vi skalerer ut, ikke opp<\/h3>\n\t\t\t\t\t\t\t<p>Av hensyn til det marine milj\u00f8et og for \u00e5 sikre lokal verdiskapning, jobber vi for \u00e5 etablere mange sm\u00e5 dyrkingsanlegg i stedet for noen f\u00e5 store. Dermed unng\u00e5r vi risikoen for negative effekter p\u00e5 lokale marine milj\u00f8er. Med utskalering som v\u00e5r utviklingsvei arbeider vi for \u00e5 oppn\u00e5 stordriftsfordeler ved \u00e5 dele infrastruktur og kombinere biomasse for \u00e5 redusere kostnader og \u00e5pne nye markeder.<\/p>\t\t\t\t\t\t\t\t\t\t\t\t\t\n\t\t\t\t\t\t\t<h3>8. Vi baserer oss p\u00e5 kunnskap<\/h3>\n\t\t\t\t\t\t\t<p>V\u00e5r forst\u00e5else av det marine milj\u00f8et og dets ressurser er basert p\u00e5 kunnskap og vitenskapelige tiln\u00e6rminger til datainnsamling og beslutningstaking. Vi samarbeider derfor gjerne med kunnskapsinstitusjoner som kan hjelpe oss med \u00e5 overv\u00e5ke det marine milj\u00f8et, justere kursen v\u00e5r kontinuerlig og ta de riktige valgene. Vi deler raust v\u00e5re innsikter slik at den regenerative tiln\u00e6rmingen kan spre seg videre i lokalsamfunnene og i hele verden, som vi er en del av og \u00f8nsker \u00e5 v\u00e6re rollemodeller for.<\/p>\t\t\t\t\t\t\t\t\t\t\t\t\t\n\t<a href=\"https:\/\/coolbluefuture.org\/nb\/pledge\/\" target=\"_self\" role=\"button\" aria-label=\"Gi et l\u00f8fte til havet\" rel=\"noopener\">\n\t\t\t\t\t\tGi et l\u00f8fte til havet\n\t\t\t\t\t<\/a>\n\t\t\t\t<img loading=\"lazy\" decoding=\"async\" src=\"https:\/\/coolbluefuture.org\/wp-content\/uploads\/2024\/02\/cool-blue-future-ocean-underwater-01.jpg\" alt=\"cool-blue-future-ocean-underwater-01\" itemprop=\"image\" height=\"1366\" width=\"2048\" title=\"cool-blue-future-ocean-underwater-01\" onerror=\"this.style.display='none'\"  \/>\n\t<a href=\"https:\/\/coolbluefuture.org\/wp-content\/uploads\/2024\/06\/Manifest_NO.pdf\" target=\"_self\" role=\"button\" download=\"Manifest_EN.pdf\" aria-label=\"Last ned Manifest\" rel=\"noopener\">\n\t\t\t\t\t\tLast ned Manifest\n\t\t\t<\/a>\n<h2>\n\t\tBakgrunnen for manifestet\n\t<\/h2>\n<h3>\n\t\tBakgrunnen for manifestet\n\t<\/h3>\n\t<p>Omfattende menneskelig p\u00e5virkning, som utslipp av n\u00e6ringsstoffer, \u00f8delagte habitater, havforsuring og overfiske, har p\u00e5g\u00e5tt altfor lenge. Fremtiden krever marin matproduksjon som g\u00e5r h\u00e5nd i h\u00e5nd med aktiv restaurering av nedbrutte marine \u00f8kosystemer. Den m\u00e5 ta utgangspunkt i at mennesker er en del av naturen, innenfor et ul\u00f8selig og komplekst nettverk av relasjoner. Vi har for lengst passert punktet der det er nok \u00e5 gj\u00f8re minst mulig skade. Selve logikken for marin matproduksjon m\u00e5 snus p\u00e5 hodet. Negativ p\u00e5virkning er ikke lenger akseptabelt. Nullutslipp er ikke lenger nok.<\/p>\n<h3>\n\t\tV\u00e5r visjon for fremtidens marine matproduksjon\n\t<\/h3>\n\t<p>Vi er marine nyttehager, marine entrepren\u00f8rer, lokale bedrifter, universiteter, fiskere og interesseorganisasjoner med en felles ledetr\u00e5d og en samlende visjon for fremtiden. Gjennom v\u00e5rt havbruk skal vi alltid gi mer tilbake til det marine milj\u00f8et enn vi tar. Med dette i bakhodet har vi formulert \u00e5tte felles transformasjonsprinsipper for fremtidig regenerativ dyrking og h\u00f8sting av marine vekster. Prinsippene f\u00f8lger FNs b\u00e6rekraftsm\u00e5l, noe som betyr at ethvert regenerativt dyrkingsinitiativ m\u00e5 balansere hensyn mellom milj\u00f8messig og sosial b\u00e6rekraft i en kontekst med en sunn og frisk \u00f8konomi.<\/p>\n<h3>\n\t\tV\u00e5r definisjon av regenerativt havbruk\n\t<\/h3>\n\t<p>Vi forst\u00e5r regenerativt havbruk som dyrking av spiselige akvatiske arter p\u00e5 en slik m\u00e5te at det gir en netto positiv effekt p\u00e5 de omkringliggende marine \u00f8kosystemene.<\/p>\n\t<a href=\"https:\/\/coolbluefuture.org\/nb\/pledge\/\" target=\"_self\" role=\"button\" aria-label=\"Gi et l\u00f8fte til havet\" rel=\"noopener\">\n\t\t\t\t\t\tGi et l\u00f8fte til havet\n\t\t\t\t\t<\/a>\n<h3>\n\t\tEt rammeverk for regenerativt havbruk\n\t<\/h3>\n\t<p>Our friends at C-Faarer have put together a coherent framework to help us all better understand what lies at the core of regenerative ocean farming. Here you will find &#8211; among other exciting stuff &#8211; an overview over the benefits of regenerative ocean farming and regenerative methods.<\/p>\n<p><a href=\"https:\/\/www.c-faarer.eu\/news-and-blog\/conceptual-framework\" target=\"_blank\" rel=\"noopener\">Les mer og last ned hele dokumentet her<\/a><\/p>","protected":false},"excerpt":{"rendered":"<p>Manifesto of regenerative ocean farming 1. We produce food We have given ourselves the primary task of combining aquatic food production with active regeneration of the marine environment. As they grow our crops offer ecosystem services, such as nutrient absorption, increased biodiversity, binding of carbon dioxide, and other forms of mitigation against human-induced environmental harm,&hellip;<\/p>","protected":false},"author":2,"featured_media":0,"parent":0,"menu_order":0,"comment_status":"closed","ping_status":"closed","template":"","meta":{"_acf_changed":false,"footnotes":""},"class_list":["post-41","page","type-page","status-publish","hentry"],"acf":[],"yoast_head":"<!-- This site is optimized with the Yoast SEO plugin v27.4 - https:\/\/yoast.com\/product\/yoast-seo-wordpress\/ -->\n<title>Manifesto - Cool Blue Future<\/title>\n<meta name=\"robots\" content=\"index, follow, max-snippet:-1, max-image-preview:large, max-video-preview:-1\" \/>\n<link rel=\"canonical\" href=\"https:\/\/coolbluefuture.org\/nb\/manifesto\/\" \/>\n<meta property=\"og:locale\" content=\"nb_NO\" \/>\n<meta property=\"og:type\" content=\"article\" \/>\n<meta property=\"og:title\" content=\"Manifesto - Cool Blue Future\" \/>\n<meta property=\"og:description\" content=\"Manifesto of regenerative ocean farming 1. We produce food We have given ourselves the primary task of combining aquatic food production with active regeneration of the marine environment. As they grow our crops offer ecosystem services, such as nutrient absorption, increased biodiversity, binding of carbon dioxide, and other forms of mitigation against human-induced environmental harm,&hellip;\" \/>\n<meta property=\"og:url\" content=\"https:\/\/coolbluefuture.org\/nb\/manifesto\/\" \/>\n<meta property=\"og:site_name\" content=\"Cool Blue Future\" \/>\n<meta property=\"article:modified_time\" content=\"2024-11-05T13:45:19+00:00\" \/>\n<meta property=\"og:image\" content=\"https:\/\/coolbluefuture.org\/wp-content\/uploads\/2024\/02\/cool-blue-future-ocean-underwater-01.jpg\" \/>\n<meta name=\"twitter:card\" content=\"summary_large_image\" \/>\n<meta name=\"twitter:label1\" content=\"Ansl. lesetid\" \/>\n\t<meta name=\"twitter:data1\" content=\"5 minutter\" \/>\n<script type=\"application\/ld+json\" class=\"yoast-schema-graph\">{\"@context\":\"https:\\\/\\\/schema.org\",\"@graph\":[{\"@type\":\"WebPage\",\"@id\":\"https:\\\/\\\/coolbluefuture.org\\\/manifesto\\\/\",\"url\":\"https:\\\/\\\/coolbluefuture.org\\\/manifesto\\\/\",\"name\":\"Manifesto - Cool Blue Future\",\"isPartOf\":{\"@id\":\"https:\\\/\\\/coolbluefuture.org\\\/#website\"},\"primaryImageOfPage\":{\"@id\":\"https:\\\/\\\/coolbluefuture.org\\\/manifesto\\\/#primaryimage\"},\"image\":{\"@id\":\"https:\\\/\\\/coolbluefuture.org\\\/manifesto\\\/#primaryimage\"},\"thumbnailUrl\":\"https:\\\/\\\/coolbluefuture.org\\\/wp-content\\\/uploads\\\/2024\\\/02\\\/cool-blue-future-ocean-underwater-01.jpg\",\"datePublished\":\"2024-03-19T08:15:27+00:00\",\"dateModified\":\"2024-11-05T13:45:19+00:00\",\"breadcrumb\":{\"@id\":\"https:\\\/\\\/coolbluefuture.org\\\/manifesto\\\/#breadcrumb\"},\"inLanguage\":\"nb-NO\",\"potentialAction\":[{\"@type\":\"ReadAction\",\"target\":[\"https:\\\/\\\/coolbluefuture.org\\\/manifesto\\\/\"]}]},{\"@type\":\"ImageObject\",\"inLanguage\":\"nb-NO\",\"@id\":\"https:\\\/\\\/coolbluefuture.org\\\/manifesto\\\/#primaryimage\",\"url\":\"https:\\\/\\\/coolbluefuture.org\\\/wp-content\\\/uploads\\\/2024\\\/02\\\/cool-blue-future-ocean-underwater-01.jpg\",\"contentUrl\":\"https:\\\/\\\/coolbluefuture.org\\\/wp-content\\\/uploads\\\/2024\\\/02\\\/cool-blue-future-ocean-underwater-01.jpg\"},{\"@type\":\"BreadcrumbList\",\"@id\":\"https:\\\/\\\/coolbluefuture.org\\\/manifesto\\\/#breadcrumb\",\"itemListElement\":[{\"@type\":\"ListItem\",\"position\":1,\"name\":\"Home\",\"item\":\"https:\\\/\\\/coolbluefuture.org\\\/\"},{\"@type\":\"ListItem\",\"position\":2,\"name\":\"Manifesto\"}]},{\"@type\":\"WebSite\",\"@id\":\"https:\\\/\\\/coolbluefuture.org\\\/#website\",\"url\":\"https:\\\/\\\/coolbluefuture.org\\\/\",\"name\":\"Cool Blue Future\",\"description\":\"A platform for blue community enterprise\",\"potentialAction\":[{\"@type\":\"SearchAction\",\"target\":{\"@type\":\"EntryPoint\",\"urlTemplate\":\"https:\\\/\\\/coolbluefuture.org\\\/?s={search_term_string}\"},\"query-input\":{\"@type\":\"PropertyValueSpecification\",\"valueRequired\":true,\"valueName\":\"search_term_string\"}}],\"inLanguage\":\"nb-NO\"}]}<\/script>\n<!-- \/ Yoast SEO plugin. -->","yoast_head_json":{"title":"Manifesto - Cool Blue Future","robots":{"index":"index","follow":"follow","max-snippet":"max-snippet:-1","max-image-preview":"max-image-preview:large","max-video-preview":"max-video-preview:-1"},"canonical":"https:\/\/coolbluefuture.org\/nb\/manifesto\/","og_locale":"nb_NO","og_type":"article","og_title":"Manifesto - Cool Blue Future","og_description":"Manifesto of regenerative ocean farming 1. We produce food We have given ourselves the primary task of combining aquatic food production with active regeneration of the marine environment. As they grow our crops offer ecosystem services, such as nutrient absorption, increased biodiversity, binding of carbon dioxide, and other forms of mitigation against human-induced environmental harm,&hellip;","og_url":"https:\/\/coolbluefuture.org\/nb\/manifesto\/","og_site_name":"Cool Blue Future","article_modified_time":"2024-11-05T13:45:19+00:00","og_image":[{"url":"https:\/\/coolbluefuture.org\/wp-content\/uploads\/2024\/02\/cool-blue-future-ocean-underwater-01.jpg","type":"","width":"","height":""}],"twitter_card":"summary_large_image","twitter_misc":{"Ansl. lesetid":"5 minutter"},"schema":{"@context":"https:\/\/schema.org","@graph":[{"@type":"WebPage","@id":"https:\/\/coolbluefuture.org\/manifesto\/","url":"https:\/\/coolbluefuture.org\/manifesto\/","name":"Manifesto - Cool Blue Future","isPartOf":{"@id":"https:\/\/coolbluefuture.org\/#website"},"primaryImageOfPage":{"@id":"https:\/\/coolbluefuture.org\/manifesto\/#primaryimage"},"image":{"@id":"https:\/\/coolbluefuture.org\/manifesto\/#primaryimage"},"thumbnailUrl":"https:\/\/coolbluefuture.org\/wp-content\/uploads\/2024\/02\/cool-blue-future-ocean-underwater-01.jpg","datePublished":"2024-03-19T08:15:27+00:00","dateModified":"2024-11-05T13:45:19+00:00","breadcrumb":{"@id":"https:\/\/coolbluefuture.org\/manifesto\/#breadcrumb"},"inLanguage":"nb-NO","potentialAction":[{"@type":"ReadAction","target":["https:\/\/coolbluefuture.org\/manifesto\/"]}]},{"@type":"ImageObject","inLanguage":"nb-NO","@id":"https:\/\/coolbluefuture.org\/manifesto\/#primaryimage","url":"https:\/\/coolbluefuture.org\/wp-content\/uploads\/2024\/02\/cool-blue-future-ocean-underwater-01.jpg","contentUrl":"https:\/\/coolbluefuture.org\/wp-content\/uploads\/2024\/02\/cool-blue-future-ocean-underwater-01.jpg"},{"@type":"BreadcrumbList","@id":"https:\/\/coolbluefuture.org\/manifesto\/#breadcrumb","itemListElement":[{"@type":"ListItem","position":1,"name":"Home","item":"https:\/\/coolbluefuture.org\/"},{"@type":"ListItem","position":2,"name":"Manifesto"}]},{"@type":"WebSite","@id":"https:\/\/coolbluefuture.org\/#website","url":"https:\/\/coolbluefuture.org\/","name":"Cool Blue Future","description":"A platform for blue community enterprise","potentialAction":[{"@type":"SearchAction","target":{"@type":"EntryPoint","urlTemplate":"https:\/\/coolbluefuture.org\/?s={search_term_string}"},"query-input":{"@type":"PropertyValueSpecification","valueRequired":true,"valueName":"search_term_string"}}],"inLanguage":"nb-NO"}]}},"_links":{"self":[{"href":"https:\/\/coolbluefuture.org\/nb\/wp-json\/wp\/v2\/pages\/41","targetHints":{"allow":["GET"]}}],"collection":[{"href":"https:\/\/coolbluefuture.org\/nb\/wp-json\/wp\/v2\/pages"}],"about":[{"href":"https:\/\/coolbluefuture.org\/nb\/wp-json\/wp\/v2\/types\/page"}],"author":[{"embeddable":true,"href":"https:\/\/coolbluefuture.org\/nb\/wp-json\/wp\/v2\/users\/2"}],"replies":[{"embeddable":true,"href":"https:\/\/coolbluefuture.org\/nb\/wp-json\/wp\/v2\/comments?post=41"}],"version-history":[{"count":0,"href":"https:\/\/coolbluefuture.org\/nb\/wp-json\/wp\/v2\/pages\/41\/revisions"}],"wp:attachment":[{"href":"https:\/\/coolbluefuture.org\/nb\/wp-json\/wp\/v2\/media?parent=41"}],"curies":[{"name":"wp","href":"https:\/\/api.w.org\/{rel}","templated":true}]}}