{"id":42,"date":"2024-03-19T09:15:41","date_gmt":"2024-03-19T08:15:41","guid":{"rendered":"https:\/\/coolbluefuture.org\/?page_id=42"},"modified":"2024-11-21T16:09:55","modified_gmt":"2024-11-21T15:09:55","slug":"map-of-the-movement","status":"publish","type":"page","link":"https:\/\/coolbluefuture.org\/nb\/map-of-the-movement\/","title":{"rendered":"Kart over bevegelsen"},"content":{"rendered":"<h1>\n\t\tUtforsk Cool Blue Future-initiativene\n\t<\/h1>\n\t\n\n\n\n<iframe src=\"https:\/\/my.atlist.com\/map\/671a63e3-ce27-4c61-81c0-36406ff7784f?marker_id=dc40d2a3-b206-4c1f-83b4-a1e341c1edca&#038;zoom=7&#038;share=true\" allow=\"geolocation 'self' https:\/\/my.atlist.com\" width=\"100%\" height=\"700px\" loading=\"lazy\" frameborder=\"0\" scrolling=\"no\" allowfullscreen id=\"atlist-embed\"><\/iframe>\n<!--Mobile CSS-->\n<style>@media only screen and (max-width: 640px) { #atlist-embed { width: auto; height: 450px;}}<\/style>\n\n\n\n\n\n\n\n\n<h2>\n\t\tBli med p\u00e5 kartet\n\t<\/h2>\n<h3>\n\t\tGi ditt l\u00f8fte til st\u00f8tte for regenerativt havbruk\n\t<\/h3>\n\t<p class=\"translation-block\">Med <a href=\"\/\/coolbluefuture.org\/nb\/manifesto\/\u00bb\/\" target=\"\u00ab_self\u00bb\">Manifestet for regenerativt havbruk<\/a> h\u00e5per vi \u00e5 inspirere og skape bevissthet rundt en regenerativ tiln\u00e6rming til marin matproduksjon. Men manifestet er mer en visjon enn en formell oppskrift. En visjon som bedrifter og organisasjoner som er knyttet til havet, kan bruke til \u00e5 speile det de gj\u00f8r - og kanskje innlemme noen av prinsippene i m\u00e5ten de direkte eller indirekte arbeider med havet p\u00e5 i dag.<\/p>\n<p><a href=\"https:\/\/coolbluefuture.org\/nb\/pledges\/\">Se alle l\u00f8fter<\/a><\/p>\n\t<a href=\"https:\/\/coolbluefuture.org\/nb\/pledge\/\" target=\"_self\" role=\"button\" aria-label=\"Gi ditt l\u00f8fte til havet\" rel=\"noopener\">\n\t\t\t\t\t\tGi ditt l\u00f8fte til havet\n\t\t\t\t\t<\/a>","protected":false},"excerpt":{"rendered":"<p>Explore the Cool Blue Future initiatives Join the map Make your pledge in support of regenerative ocean farming With the Manifesto of regenerative ocean farming, we hope to inspire and create awareness around a regenerative approach to marine food production. But the manifesto is more of a vision than a formal recipe. A vision, which&hellip;<\/p>","protected":false},"author":2,"featured_media":0,"parent":0,"menu_order":0,"comment_status":"closed","ping_status":"closed","template":"","meta":{"_acf_changed":false,"footnotes":""},"class_list":["post-42","page","type-page","status-publish","hentry"],"acf":[],"yoast_head":"<!-- This site is optimized with the Yoast SEO plugin v27.4 - https:\/\/yoast.com\/product\/yoast-seo-wordpress\/ -->\n<title>Map of the movement - Cool Blue Future<\/title>\n<meta name=\"robots\" content=\"index, follow, max-snippet:-1, max-image-preview:large, max-video-preview:-1\" \/>\n<link rel=\"canonical\" href=\"https:\/\/coolbluefuture.org\/nb\/map-of-the-movement\/\" \/>\n<meta property=\"og:locale\" content=\"nb_NO\" \/>\n<meta property=\"og:type\" content=\"article\" \/>\n<meta property=\"og:title\" content=\"Map of the movement - Cool Blue Future\" \/>\n<meta property=\"og:description\" content=\"Explore the Cool Blue Future initiatives Join the map Make your pledge in support of regenerative ocean farming With the Manifesto of regenerative ocean farming, we hope to inspire and create awareness around a regenerative approach to marine food production. But the manifesto is more of a vision than a formal recipe. A vision, which&hellip;\" \/>\n<meta property=\"og:url\" content=\"https:\/\/coolbluefuture.org\/nb\/map-of-the-movement\/\" \/>\n<meta property=\"og:site_name\" content=\"Cool Blue Future\" \/>\n<meta property=\"article:modified_time\" content=\"2024-11-21T15:09:55+00:00\" \/>\n<meta property=\"og:image\" content=\"https:\/\/coolbluefuture.org\/wp-content\/uploads\/2024\/06\/cbf-social-share.jpg\" \/>\n\t<meta property=\"og:image:width\" content=\"1200\" \/>\n\t<meta property=\"og:image:height\" content=\"675\" \/>\n\t<meta property=\"og:image:type\" content=\"image\/jpeg\" \/>\n<meta name=\"twitter:card\" content=\"summary_large_image\" \/>\n<meta name=\"twitter:label1\" content=\"Ansl. lesetid\" \/>\n\t<meta name=\"twitter:data1\" content=\"1 minutt\" \/>\n<script type=\"application\/ld+json\" class=\"yoast-schema-graph\">{\"@context\":\"https:\\\/\\\/schema.org\",\"@graph\":[{\"@type\":\"WebPage\",\"@id\":\"https:\\\/\\\/coolbluefuture.org\\\/map-of-the-movement\\\/\",\"url\":\"https:\\\/\\\/coolbluefuture.org\\\/map-of-the-movement\\\/\",\"name\":\"Map of the movement - Cool Blue Future\",\"isPartOf\":{\"@id\":\"https:\\\/\\\/coolbluefuture.org\\\/#website\"},\"datePublished\":\"2024-03-19T08:15:41+00:00\",\"dateModified\":\"2024-11-21T15:09:55+00:00\",\"breadcrumb\":{\"@id\":\"https:\\\/\\\/coolbluefuture.org\\\/map-of-the-movement\\\/#breadcrumb\"},\"inLanguage\":\"nb-NO\",\"potentialAction\":[{\"@type\":\"ReadAction\",\"target\":[\"https:\\\/\\\/coolbluefuture.org\\\/map-of-the-movement\\\/\"]}]},{\"@type\":\"BreadcrumbList\",\"@id\":\"https:\\\/\\\/coolbluefuture.org\\\/map-of-the-movement\\\/#breadcrumb\",\"itemListElement\":[{\"@type\":\"ListItem\",\"position\":1,\"name\":\"Home\",\"item\":\"https:\\\/\\\/coolbluefuture.org\\\/\"},{\"@type\":\"ListItem\",\"position\":2,\"name\":\"Map of the movement\"}]},{\"@type\":\"WebSite\",\"@id\":\"https:\\\/\\\/coolbluefuture.org\\\/#website\",\"url\":\"https:\\\/\\\/coolbluefuture.org\\\/\",\"name\":\"Cool Blue Future\",\"description\":\"A platform for blue community enterprise\",\"potentialAction\":[{\"@type\":\"SearchAction\",\"target\":{\"@type\":\"EntryPoint\",\"urlTemplate\":\"https:\\\/\\\/coolbluefuture.org\\\/?s={search_term_string}\"},\"query-input\":{\"@type\":\"PropertyValueSpecification\",\"valueRequired\":true,\"valueName\":\"search_term_string\"}}],\"inLanguage\":\"nb-NO\"}]}<\/script>\n<!-- \/ Yoast SEO plugin. -->","yoast_head_json":{"title":"Map of the movement - Cool Blue Future","robots":{"index":"index","follow":"follow","max-snippet":"max-snippet:-1","max-image-preview":"max-image-preview:large","max-video-preview":"max-video-preview:-1"},"canonical":"https:\/\/coolbluefuture.org\/nb\/map-of-the-movement\/","og_locale":"nb_NO","og_type":"article","og_title":"Map of the movement - Cool Blue Future","og_description":"Explore the Cool Blue Future initiatives Join the map Make your pledge in support of regenerative ocean farming With the Manifesto of regenerative ocean farming, we hope to inspire and create awareness around a regenerative approach to marine food production. But the manifesto is more of a vision than a formal recipe. A vision, which&hellip;","og_url":"https:\/\/coolbluefuture.org\/nb\/map-of-the-movement\/","og_site_name":"Cool Blue Future","article_modified_time":"2024-11-21T15:09:55+00:00","og_image":[{"width":1200,"height":675,"url":"https:\/\/coolbluefuture.org\/wp-content\/uploads\/2024\/06\/cbf-social-share.jpg","type":"image\/jpeg"}],"twitter_card":"summary_large_image","twitter_misc":{"Ansl. lesetid":"1 minutt"},"schema":{"@context":"https:\/\/schema.org","@graph":[{"@type":"WebPage","@id":"https:\/\/coolbluefuture.org\/map-of-the-movement\/","url":"https:\/\/coolbluefuture.org\/map-of-the-movement\/","name":"Map of the movement - Cool Blue Future","isPartOf":{"@id":"https:\/\/coolbluefuture.org\/#website"},"datePublished":"2024-03-19T08:15:41+00:00","dateModified":"2024-11-21T15:09:55+00:00","breadcrumb":{"@id":"https:\/\/coolbluefuture.org\/map-of-the-movement\/#breadcrumb"},"inLanguage":"nb-NO","potentialAction":[{"@type":"ReadAction","target":["https:\/\/coolbluefuture.org\/map-of-the-movement\/"]}]},{"@type":"BreadcrumbList","@id":"https:\/\/coolbluefuture.org\/map-of-the-movement\/#breadcrumb","itemListElement":[{"@type":"ListItem","position":1,"name":"Home","item":"https:\/\/coolbluefuture.org\/"},{"@type":"ListItem","position":2,"name":"Map of the movement"}]},{"@type":"WebSite","@id":"https:\/\/coolbluefuture.org\/#website","url":"https:\/\/coolbluefuture.org\/","name":"Cool Blue Future","description":"A platform for blue community enterprise","potentialAction":[{"@type":"SearchAction","target":{"@type":"EntryPoint","urlTemplate":"https:\/\/coolbluefuture.org\/?s={search_term_string}"},"query-input":{"@type":"PropertyValueSpecification","valueRequired":true,"valueName":"search_term_string"}}],"inLanguage":"nb-NO"}]}},"_links":{"self":[{"href":"https:\/\/coolbluefuture.org\/nb\/wp-json\/wp\/v2\/pages\/42","targetHints":{"allow":["GET"]}}],"collection":[{"href":"https:\/\/coolbluefuture.org\/nb\/wp-json\/wp\/v2\/pages"}],"about":[{"href":"https:\/\/coolbluefuture.org\/nb\/wp-json\/wp\/v2\/types\/page"}],"author":[{"embeddable":true,"href":"https:\/\/coolbluefuture.org\/nb\/wp-json\/wp\/v2\/users\/2"}],"replies":[{"embeddable":true,"href":"https:\/\/coolbluefuture.org\/nb\/wp-json\/wp\/v2\/comments?post=42"}],"version-history":[{"count":0,"href":"https:\/\/coolbluefuture.org\/nb\/wp-json\/wp\/v2\/pages\/42\/revisions"}],"wp:attachment":[{"href":"https:\/\/coolbluefuture.org\/nb\/wp-json\/wp\/v2\/media?parent=42"}],"curies":[{"name":"wp","href":"https:\/\/api.w.org\/{rel}","templated":true}]}}