{"id":125,"date":"2024-05-10T18:56:13","date_gmt":"2024-05-10T16:56:13","guid":{"rendered":"https:\/\/coolbluefuture.org\/?page_id=125"},"modified":"2024-06-06T23:09:39","modified_gmt":"2024-06-06T21:09:39","slug":"pledge","status":"publish","type":"page","link":"https:\/\/coolbluefuture.org\/pl\/pledge\/","title":{"rendered":"Pledge"},"content":{"rendered":"<h1>\n\t\tPodejmij zobowi\u0105zanie wobec oceanu\n\t<\/h1>\n\t<p class=\"translation-block\">Dzi\u0119ki <a href=\"\/\/coolbluefuture.org\/pl\/manifesto\/\u201d\/\" target=\"\u201e_self\u201d\">Manifestowi regeneracyjnego rolnictwa oceanicznego<\/a>, mamy nadziej\u0119 inspirowa\u0107 i budowa\u0107 \u015bwiadomo\u015b\u0107 wok\u00f3\u0142 regeneracyjnego podej\u015bcia do produkcji \u017cywno\u015bci morskiej. Manifest jest jednak bardziej wizj\u0105 ni\u017c formalnym przepisem. Wizja, kt\u00f3r\u0105 firmy i organizacje zwi\u0105zane z oceanem mog\u0105 wykorzysta\u0107 do odzwierciedlenia tego, co robi\u0105 - i by\u0107 mo\u017ce w\u0142\u0105czenia niekt\u00f3rych zasad do sposobu, w jaki bezpo\u015brednio lub po\u015brednio anga\u017cuj\u0105 si\u0119 w ocean.<\/p>\n<h3>\n\t\tCzy Twoja organizacja jest ju\u017c zaanga\u017cowana w praktyki regeneracyjne?\n\t<\/h3>\n\t<p>Chcemy us\u0142ysze\u0107 Twoj\u0105 histori\u0119, wi\u0119c powiedz nam, co robisz! Czy zasady regeneracji mo\u017cna doda\u0107 do istniej\u0105cych dzia\u0142a\u0144 w Twojej organizacji? Powiedz nam jak! Czy mo\u017cliwe by\u0142oby wprowadzenie zupe\u0142nie nowych dzia\u0142a\u0144 promuj\u0105cych bardziej regeneracyjne praktyki? Podziel si\u0119 z nami i zainspiruj nas!<\/p>\n<p>Twoje zobowi\u0105zanie zostanie przes\u0142ane do organizacji moderuj\u0105cej Cool Blue Future w Twoim kraju, kt\u00f3ra przeczyta je i zatwierdzi do publikacji na stronie internetowej Cool Blue Future.<\/p>\n\t\n\t\n\tNotice: JavaScript is required for this content.\n        <!-- That data is being printed as a workaround to page builders reordering the order of the scripts loaded-->","protected":false},"excerpt":{"rendered":"<p>Make a pledge to the ocean With the Manifesto of regenerative ocean farming, we hope to inspire and create awareness around a regenerative approach to marine food production. But the manifesto is more of a vision than a formal recipe. A vision, which businesses and organisations that are connected to the ocean, can use to&hellip;<\/p>","protected":false},"author":2,"featured_media":0,"parent":0,"menu_order":0,"comment_status":"closed","ping_status":"closed","template":"","meta":{"_acf_changed":false,"footnotes":""},"class_list":["post-125","page","type-page","status-publish","hentry"],"acf":[],"yoast_head":"<!-- This site is optimized with the Yoast SEO plugin v27.4 - https:\/\/yoast.com\/product\/yoast-seo-wordpress\/ -->\n<title>Pledge - Cool Blue Future<\/title>\n<meta name=\"robots\" content=\"index, follow, max-snippet:-1, max-image-preview:large, max-video-preview:-1\" \/>\n<link rel=\"canonical\" href=\"https:\/\/coolbluefuture.org\/pl\/pledge\/\" \/>\n<meta property=\"og:locale\" content=\"pl_PL\" \/>\n<meta property=\"og:type\" content=\"article\" \/>\n<meta property=\"og:title\" content=\"Pledge - Cool Blue Future\" \/>\n<meta property=\"og:description\" content=\"Make a pledge to the ocean With the Manifesto of regenerative ocean farming, we hope to inspire and create awareness around a regenerative approach to marine food production. But the manifesto is more of a vision than a formal recipe. A vision, which businesses and organisations that are connected to the ocean, can use to&hellip;\" \/>\n<meta property=\"og:url\" content=\"https:\/\/coolbluefuture.org\/pl\/pledge\/\" \/>\n<meta property=\"og:site_name\" content=\"Cool Blue Future\" \/>\n<meta property=\"article:modified_time\" content=\"2024-06-06T21:09:39+00:00\" \/>\n<meta property=\"og:image\" content=\"https:\/\/coolbluefuture.org\/wp-content\/uploads\/2024\/06\/cbf-social-share.jpg\" \/>\n\t<meta property=\"og:image:width\" content=\"1200\" \/>\n\t<meta property=\"og:image:height\" content=\"675\" \/>\n\t<meta property=\"og:image:type\" content=\"image\/jpeg\" \/>\n<meta name=\"twitter:card\" content=\"summary_large_image\" \/>\n<meta name=\"twitter:label1\" content=\"Szacowany czas czytania\" \/>\n\t<meta name=\"twitter:data1\" content=\"1 minuta\" \/>\n<script type=\"application\/ld+json\" class=\"yoast-schema-graph\">{\"@context\":\"https:\\\/\\\/schema.org\",\"@graph\":[{\"@type\":\"WebPage\",\"@id\":\"https:\\\/\\\/coolbluefuture.org\\\/pledge\\\/\",\"url\":\"https:\\\/\\\/coolbluefuture.org\\\/pledge\\\/\",\"name\":\"Pledge - Cool Blue Future\",\"isPartOf\":{\"@id\":\"https:\\\/\\\/coolbluefuture.org\\\/#website\"},\"datePublished\":\"2024-05-10T16:56:13+00:00\",\"dateModified\":\"2024-06-06T21:09:39+00:00\",\"breadcrumb\":{\"@id\":\"https:\\\/\\\/coolbluefuture.org\\\/pledge\\\/#breadcrumb\"},\"inLanguage\":\"pl-PL\",\"potentialAction\":[{\"@type\":\"ReadAction\",\"target\":[\"https:\\\/\\\/coolbluefuture.org\\\/pledge\\\/\"]}]},{\"@type\":\"BreadcrumbList\",\"@id\":\"https:\\\/\\\/coolbluefuture.org\\\/pledge\\\/#breadcrumb\",\"itemListElement\":[{\"@type\":\"ListItem\",\"position\":1,\"name\":\"Home\",\"item\":\"https:\\\/\\\/coolbluefuture.org\\\/\"},{\"@type\":\"ListItem\",\"position\":2,\"name\":\"Pledge\"}]},{\"@type\":\"WebSite\",\"@id\":\"https:\\\/\\\/coolbluefuture.org\\\/#website\",\"url\":\"https:\\\/\\\/coolbluefuture.org\\\/\",\"name\":\"Cool Blue Future\",\"description\":\"A platform for blue community enterprise\",\"potentialAction\":[{\"@type\":\"SearchAction\",\"target\":{\"@type\":\"EntryPoint\",\"urlTemplate\":\"https:\\\/\\\/coolbluefuture.org\\\/?s={search_term_string}\"},\"query-input\":{\"@type\":\"PropertyValueSpecification\",\"valueRequired\":true,\"valueName\":\"search_term_string\"}}],\"inLanguage\":\"pl-PL\"}]}<\/script>\n<!-- \/ Yoast SEO plugin. -->","yoast_head_json":{"title":"Pledge - Cool Blue Future","robots":{"index":"index","follow":"follow","max-snippet":"max-snippet:-1","max-image-preview":"max-image-preview:large","max-video-preview":"max-video-preview:-1"},"canonical":"https:\/\/coolbluefuture.org\/pl\/pledge\/","og_locale":"pl_PL","og_type":"article","og_title":"Pledge - Cool Blue Future","og_description":"Make a pledge to the ocean With the Manifesto of regenerative ocean farming, we hope to inspire and create awareness around a regenerative approach to marine food production. But the manifesto is more of a vision than a formal recipe. A vision, which businesses and organisations that are connected to the ocean, can use to&hellip;","og_url":"https:\/\/coolbluefuture.org\/pl\/pledge\/","og_site_name":"Cool Blue Future","article_modified_time":"2024-06-06T21:09:39+00:00","og_image":[{"width":1200,"height":675,"url":"https:\/\/coolbluefuture.org\/wp-content\/uploads\/2024\/06\/cbf-social-share.jpg","type":"image\/jpeg"}],"twitter_card":"summary_large_image","twitter_misc":{"Szacowany czas czytania":"1 minuta"},"schema":{"@context":"https:\/\/schema.org","@graph":[{"@type":"WebPage","@id":"https:\/\/coolbluefuture.org\/pledge\/","url":"https:\/\/coolbluefuture.org\/pledge\/","name":"Pledge - Cool Blue Future","isPartOf":{"@id":"https:\/\/coolbluefuture.org\/#website"},"datePublished":"2024-05-10T16:56:13+00:00","dateModified":"2024-06-06T21:09:39+00:00","breadcrumb":{"@id":"https:\/\/coolbluefuture.org\/pledge\/#breadcrumb"},"inLanguage":"pl-PL","potentialAction":[{"@type":"ReadAction","target":["https:\/\/coolbluefuture.org\/pledge\/"]}]},{"@type":"BreadcrumbList","@id":"https:\/\/coolbluefuture.org\/pledge\/#breadcrumb","itemListElement":[{"@type":"ListItem","position":1,"name":"Home","item":"https:\/\/coolbluefuture.org\/"},{"@type":"ListItem","position":2,"name":"Pledge"}]},{"@type":"WebSite","@id":"https:\/\/coolbluefuture.org\/#website","url":"https:\/\/coolbluefuture.org\/","name":"Cool Blue Future","description":"A platform for blue community enterprise","potentialAction":[{"@type":"SearchAction","target":{"@type":"EntryPoint","urlTemplate":"https:\/\/coolbluefuture.org\/?s={search_term_string}"},"query-input":{"@type":"PropertyValueSpecification","valueRequired":true,"valueName":"search_term_string"}}],"inLanguage":"pl-PL"}]}},"_links":{"self":[{"href":"https:\/\/coolbluefuture.org\/pl\/wp-json\/wp\/v2\/pages\/125","targetHints":{"allow":["GET"]}}],"collection":[{"href":"https:\/\/coolbluefuture.org\/pl\/wp-json\/wp\/v2\/pages"}],"about":[{"href":"https:\/\/coolbluefuture.org\/pl\/wp-json\/wp\/v2\/types\/page"}],"author":[{"embeddable":true,"href":"https:\/\/coolbluefuture.org\/pl\/wp-json\/wp\/v2\/users\/2"}],"replies":[{"embeddable":true,"href":"https:\/\/coolbluefuture.org\/pl\/wp-json\/wp\/v2\/comments?post=125"}],"version-history":[{"count":0,"href":"https:\/\/coolbluefuture.org\/pl\/wp-json\/wp\/v2\/pages\/125\/revisions"}],"wp:attachment":[{"href":"https:\/\/coolbluefuture.org\/pl\/wp-json\/wp\/v2\/media?parent=125"}],"curies":[{"name":"wp","href":"https:\/\/api.w.org\/{rel}","templated":true}]}}