{"id":41,"date":"2024-03-19T09:15:27","date_gmt":"2024-03-19T08:15:27","guid":{"rendered":"https:\/\/coolbluefuture.org\/?page_id=41"},"modified":"2024-11-05T14:45:19","modified_gmt":"2024-11-05T13:45:19","slug":"manifesto","status":"publish","type":"page","link":"https:\/\/coolbluefuture.org\/pl\/manifesto\/","title":{"rendered":"Manifesto"},"content":{"rendered":"<h1>\n\t\tRegeneracyjne rolnictwo morskie \u2013 nasz manifest\n\t<\/h1>\n\t\t\t\t\t\t\t<h3>1. Produkujemy \u017cywno\u015b\u0107<\/h3>\n\t\t\t\t\t\t\t<p>Naszym g\u0142\u00f3wnym zadaniem jest po\u0142\u0105czenie produkcji \u017cywno\u015bci ze \u015brodowiska morskiego z jego aktywn\u0105 regeneracj\u0105. W miar\u0119 wzrostu upraw, oferuj\u0105 one us\u0142ugi ekosystemowe, takie jak absorpcja sk\u0142adnik\u00f3w od\u017cywczych, zwi\u0119kszenie bior\u00f3\u017cnorodno\u015bci, wi\u0105zanie dwutlenku w\u0119gla i inne formy \u0142agodzenia wp\u0142ywu cz\u0142owieka na \u015brodowisko. Jednak dla nas te us\u0142ugi s\u0105 zawsze bezpo\u015brednio zwi\u0105zane z upraw\u0105 \u017cywno\u015bci oraz licznymi sposobami jej wykorzystania.<\/p>\t\t\t\t\t\t\t\t\t\t\t\t\t\n\t\t\t\t\t\t\t<h3>2. We cultivate on the ecosystems&#8217; own terms<\/h3>\n\t\t\t\t\t\t\t<p>Nasza produkcja opiera si\u0119 na istniej\u0105cych zasobach rodzimych dla naszych obszar\u00f3w upraw. Nie u\u017cywamy nawoz\u00f3w, farmaceutyk\u00f3w ani \u017cadnych sztucznych metod kontroli chwast\u00f3w lub szkodnik\u00f3w. Do \u015brodowiska morskiego wprowadzamy jedynie niezb\u0119dny sprz\u0119t do uprawy i uprawiamy wy\u0142\u0105cznie rodzime gatunki, aby wspiera\u0107 lokaln\u0105 r\u00f3\u017cnorodno\u015b\u0107 genetyczn\u0105.<\/p>\t\t\t\t\t\t\t\t\t\t\t\t\t\n\t\t\t\t\t\t\t<h3>3. Praktykujemy upraw\u0119 wielotroficzn\u0105<\/h3>\n\t\t\t\t\t\t\t<p>D\u0105\u017cymy do jednoczesnej uprawy r\u00f3\u017cnych gatunk\u00f3w, kt\u00f3re wzajemnie si\u0119 wspieraj\u0105. Przyjmuj\u0105c ide\u0119 uprawy wielotroficznej, staramy si\u0119 przeciwdzia\u0142a\u0107 monokulturze i aktywnie przyczyni\u0107 si\u0119 do wpierania zdrowia w\u00f3d morskich z bogat\u0105 bior\u00f3\u017cnorodno\u015bci\u0105. Nasze podej\u015bcie podkre\u015bla powi\u0105zania mi\u0119dzy r\u00f3\u017cnymi gatunkami i poziomami troficznymi, aby tworzy\u0107 bardziej zr\u00f3wnowa\u017cone i odporne ekosystemy morskie.<\/p>\t\t\t\t\t\t\t\t\t\t\t\t\t\n\t\t\t\t\t\t\t<h3>4. Przeciwdzia\u0142amy zmianom klimatu<\/h3>\n\t\t\t\t\t\t\t<p>Nasza produkcja wspiera dekarbonizacj\u0119 system\u00f3w \u017cywno\u015bciowych, udost\u0119pniaj\u0105c konsumentom wysokiej jako\u015bci sk\u0142adniki i produkty przyjazne dla klimatu, zast\u0119puj\u0105c w ten spos\u00f3b produkty \u017cywno\u015bciowe o wysokim \u015bladzie w\u0119glowym mniej emisyjnymi alternatywami. D\u0105\u017cymy do tego, aby wszystkie etapy cyklu produkcyjnego by\u0142y planowane przy zachowaniu niskiej emisyjno\u015bci proces\u00f3w, a tak\u017ce staramy si\u0119 prowadzi\u0107 sprzeda\u017c g\u0142\u00f3wnie przez lokalne kana\u0142y dystrybucji.<\/p>\t\t\t\t\t\t\t\t\t\t\t\t\t\n\t\t\t\t\t\t\t<h3>5. Tworzymy trwa\u0142e modele biznesowe<\/h3>\n\t\t\t\t\t\t\t<p>Je\u015bli  to mo\u017cliwe, uprawy \u0142\u0105czymy z innymi dzia\u0142aniami generuj\u0105cymi dochody, takimi jak ma\u0142oskalowe rybo\u0142\u00f3wstwo, przetw\u00f3rstwo, edukacja i turystyka regeneracyjna. Takie podej\u015bcie umo\u017cliwia tworzenie bardziej stabilnych modeli biznesowych, zwi\u0119ksza lokalne tworzenie warto\u015bci dodanej i wspiera lokalne miejsca pracy, a tym samym przysz\u0142o\u015b\u0107 spo\u0142eczno\u015bci przybrze\u017cnych.<\/p>\t\t\t\t\t\t\t\t\t\t\t\t\t\n\t\t\t\t\t\t\t<h3>6. Aktywnie uczestniczymy w naszych spo\u0142eczno\u015bciach<\/h3>\n\t\t\t\t\t\t\t<p>K\u0142adziemy nacisk na bycie g\u0142\u0119boko zakorzenionym w spo\u0142eczno\u015bciach otaczaj\u0105cych nasze uprawy. D\u0105\u017cymy do jak najwi\u0119kszego lokalnego rynku dla naszych produkt\u00f3w i dlatego przez wsp\u00f3\u0142prac\u0119 i spotkania staramy si\u0119 przyczynia\u0107 do budowania wiedzy w\u015br\u00f3d lokalnych mieszka\u0144c\u00f3w, firm, szk\u00f3\u0142 i szeroko poj\u0119tego spo\u0142ecze\u0144stwa obywatelskiego. Aktywnie anga\u017cujemy si\u0119 w nasze spo\u0142eczno\u015bci i promujemy wiedz\u0119 o morzu oraz my\u015blenie regeneracyjne, szczeg\u00f3lnie tam, gdzie nie zdoby\u0142y one jeszcze szerokiej akceptacji.<\/p>\t\t\t\t\t\t\t\t\t\t\t\t\t\n\t\t\t\t\t\t\t<h3>7. Rozproszenie zamiast skumulowanego wzrostu upraw<\/h3>\n\t\t\t\t\t\t\t<p>Z uwagi na szacunek do \u015brodowiska morskiego i nasz\u0105 ambicj\u0119 lokalnego tworzenia warto\u015bci, d\u0105\u017cymy do ustanowienia ma\u0142oskalowych miejsc upraw, ale rozproszonych w du\u017cej liczbie. W ten spos\u00f3b unikamy ryzyka negatywnego wp\u0142ywu na lokalne \u015brodowiska morskie. Przyjmuj\u0105c rozproszenie upraw jako nasz\u0105 \u015bcie\u017ck\u0119 rozwoju, d\u0105\u017cymy do osi\u0105gni\u0119cia efektu skali poprzez dzielenie si\u0119 infrastruktur\u0105 i \u0142\u0105czenie biomasy w celu obni\u017cenia koszt\u00f3w oraz wej\u015bcia na nowe rynki zbytu.<\/p>\t\t\t\t\t\t\t\t\t\t\t\t\t\n\t\t\t\t\t\t\t<h3>8. Polegamy na wiedzy<\/h3>\n\t\t\t\t\t\t\t<p>Nasze rozumienie \u015brodowiska morskiego i jego zasob\u00f3w opiera si\u0119 na wiedzy i naukowych podstawach do zbierania danych i podejmowania decyzji. Ch\u0119tnie wsp\u00f3\u0142pracujemy z przedstawicielami sektora wiedzy, kt\u00f3rzy mog\u0105 nam pom\u00f3c w ci\u0105g\u0142ym monitorowaniu \u015brodowiska morskiego, dostosowywaniu naszych cel\u00f3w i podejmowaniu w\u0142a\u015bciwych decyzji. Szczodrze dzielimy si\u0119 naszymi spostrze\u017ceniami, aby podej\u015bcie regeneracyjne mog\u0142o si\u0119 rozprzestrzenia\u0107 w lokalnych spo\u0142eczno\u015bciach i na ca\u0142ym \u015bwiecie, kt\u00f3rego jeste\u015bmy cz\u0119\u015bci\u0105 i chcemy by\u0107 dla niego wzorem.<\/p>\t\t\t\t\t\t\t\t\t\t\t\t\t\n\t<a href=\"https:\/\/coolbluefuture.org\/pl\/pledge\/\" target=\"_self\" role=\"button\" aria-label=\"Podejmij zobowi\u0105zanie wobec oceanu\" rel=\"noopener\">\n\t\t\t\t\t\tPodejmij zobowi\u0105zanie wobec oceanu\n\t\t\t\t\t<\/a>\n\t\t\t\t<img loading=\"lazy\" decoding=\"async\" src=\"https:\/\/coolbluefuture.org\/wp-content\/uploads\/2024\/02\/cool-blue-future-ocean-underwater-01.jpg\" alt=\"cool-blue-future-ocean-underwater-01\" itemprop=\"image\" height=\"1366\" width=\"2048\" title=\"cool-blue-future-ocean-underwater-01\" onerror=\"this.style.display='none'\"  \/>\n\t<a href=\"https:\/\/coolbluefuture.org\/wp-content\/uploads\/2024\/06\/Manifest_PL.pdf\" target=\"_self\" role=\"button\" download=\"Manifest_EN.pdf\" aria-label=\"Pobierz Manifest\" rel=\"noopener\">\n\t\t\t\t\t\tPobierz Manifest\n\t\t\t<\/a>\n<h2>\n\t\tGeneza manifestu\n\t<\/h2>\n<h3>\n\t\tGeneza manifestu\n\t<\/h3>\n\t<p>Presja cz\u0142owieka na \u015brodowisko morskie poprzez sp\u0142yw nadmiaru nawoz\u00f3w z p\u00f3l uprawnych, niszczenie siedlisk, zakwaszenie w\u00f3d i nadmiern\u0105 eksploatacj\u0119 zasob\u00f3w rybnych trwa zbyt d\u0142ugo. Przysz\u0142o\u015b\u0107 wymaga od nas produkcji \u017cywno\u015bci morskiej, kt\u00f3ra b\u0119dzie sz\u0142a w parze z aktywn\u0105 odbudow\u0105 zdegradowanych ekosystem\u00f3w morskich, poniewa\u017c ludzie s\u0105 cz\u0119\u015bci\u0105 natury poprzez z\u0142o\u017con\u0105 sie\u0107 wzajemnych relacji. Osi\u0105gn\u0119li\u015bmy ju\u017c dawno etap, w kt\u00f3rym minimalizacja szk\u00f3d nie jest wystarczaj\u0105ca dla odbudowy ekosystem\u00f3w morskich. Logika produkcji \u017cywno\u015bci morskiej musi zosta\u0107 odwr\u00f3cona. Negatywny wp\u0142yw nie jest do zaakceptowania. Nawet zerowy wp\u0142yw emisji nie jest ju\u017c wystarczaj\u0105cy.<\/p>\n<h3>\n\t\tNasza wizja przysz\u0142ej produkcji \u017cywno\u015bci morskiej\n\t<\/h3>\n\t<p>Jeste\u015bmy wsp\u00f3lnotami ogrod\u00f3w morskich, przedsi\u0119biorcami sektora morskiego, lokalnymi firmami, uniwersytetami, rybakami i organizacjami interesariuszy ze wsp\u00f3ln\u0105, jednocz\u0105c\u0105 wizj\u0105 przysz\u0142o\u015bci, gdzie w ka\u017cdej chwili poprzez nasz\u0105 produkcj\u0119 na morzu oddajemy naturze morskiej wi\u0119cej, ni\u017c od niej bierzemy. Maj\u0105c to na uwadze, sformu\u0142owali\u015bmy osiem wsp\u00f3lnych zasad dla przysz\u0142ej regeneracyjnej uprawy i zbioru plon\u00f3w morskich. Zasady te s\u0105 zgodne z celami zr\u00f3wnowa\u017conego rozwoju ONZ, co oznacza, \u017ce ka\u017cda inicjatywa regeneracyjnej uprawy musi r\u00f3wnowa\u017cy\u0107 aspekty ekologiczne i spo\u0142eczne w kontek\u015bcie zr\u00f3wnowa\u017conej gospodarki.<\/p>\n<h3>\n\t\tNasza definicja regeneracyjnego rolnictwa morskiego\n\t<\/h3>\n\t<p>Regeneracyjne rolnictwo morskie rozumiemy jako upraw\u0119 jadalnych gatunk\u00f3w wodnych w taki spos\u00f3b, aby mia\u0142a ona pozytywny wp\u0142yw na otaczaj\u0105ce ekosystemy morskie.<\/p>\n\t<a href=\"https:\/\/coolbluefuture.org\/pl\/pledge\/\" target=\"_self\" role=\"button\" aria-label=\"Podejmij zobowi\u0105zanie wobec oceanu\" rel=\"noopener\">\n\t\t\t\t\t\tPodejmij zobowi\u0105zanie wobec oceanu\n\t\t\t\t\t<\/a>\n<h3>\n\t\tRamy dla regeneracyjnego rolnictwa oceanicznego\n\t<\/h3>\n\t<p>Our friends at C-Faarer have put together a coherent framework to help us all better understand what lies at the core of regenerative ocean farming. Here you will find &#8211; among other exciting stuff &#8211; an overview over the benefits of regenerative ocean farming and regenerative methods.<\/p>\n<p><a href=\"https:\/\/www.c-faarer.eu\/news-and-blog\/conceptual-framework\" target=\"_blank\" rel=\"noopener\">Przeczytaj wi\u0119cej i pobierz pe\u0142ny dokument tutaj<\/a><\/p>","protected":false},"excerpt":{"rendered":"<p>Manifesto of regenerative ocean farming 1. We produce food We have given ourselves the primary task of combining aquatic food production with active regeneration of the marine environment. As they grow our crops offer ecosystem services, such as nutrient absorption, increased biodiversity, binding of carbon dioxide, and other forms of mitigation against human-induced environmental harm,&hellip;<\/p>","protected":false},"author":2,"featured_media":0,"parent":0,"menu_order":0,"comment_status":"closed","ping_status":"closed","template":"","meta":{"_acf_changed":false,"footnotes":""},"class_list":["post-41","page","type-page","status-publish","hentry"],"acf":[],"yoast_head":"<!-- This site is optimized with the Yoast SEO plugin v27.4 - https:\/\/yoast.com\/product\/yoast-seo-wordpress\/ -->\n<title>Manifesto - Cool Blue Future<\/title>\n<meta name=\"robots\" content=\"index, follow, max-snippet:-1, max-image-preview:large, max-video-preview:-1\" \/>\n<link rel=\"canonical\" href=\"https:\/\/coolbluefuture.org\/pl\/manifesto\/\" \/>\n<meta property=\"og:locale\" content=\"pl_PL\" \/>\n<meta property=\"og:type\" content=\"article\" \/>\n<meta property=\"og:title\" content=\"Manifesto - Cool Blue Future\" \/>\n<meta property=\"og:description\" content=\"Manifesto of regenerative ocean farming 1. We produce food We have given ourselves the primary task of combining aquatic food production with active regeneration of the marine environment. As they grow our crops offer ecosystem services, such as nutrient absorption, increased biodiversity, binding of carbon dioxide, and other forms of mitigation against human-induced environmental harm,&hellip;\" \/>\n<meta property=\"og:url\" content=\"https:\/\/coolbluefuture.org\/pl\/manifesto\/\" \/>\n<meta property=\"og:site_name\" content=\"Cool Blue Future\" \/>\n<meta property=\"article:modified_time\" content=\"2024-11-05T13:45:19+00:00\" \/>\n<meta property=\"og:image\" content=\"https:\/\/coolbluefuture.org\/wp-content\/uploads\/2024\/02\/cool-blue-future-ocean-underwater-01.jpg\" \/>\n<meta name=\"twitter:card\" content=\"summary_large_image\" \/>\n<meta name=\"twitter:label1\" content=\"Szacowany czas czytania\" \/>\n\t<meta name=\"twitter:data1\" content=\"5 minut\" \/>\n<script type=\"application\/ld+json\" class=\"yoast-schema-graph\">{\"@context\":\"https:\\\/\\\/schema.org\",\"@graph\":[{\"@type\":\"WebPage\",\"@id\":\"https:\\\/\\\/coolbluefuture.org\\\/manifesto\\\/\",\"url\":\"https:\\\/\\\/coolbluefuture.org\\\/manifesto\\\/\",\"name\":\"Manifesto - Cool Blue Future\",\"isPartOf\":{\"@id\":\"https:\\\/\\\/coolbluefuture.org\\\/#website\"},\"primaryImageOfPage\":{\"@id\":\"https:\\\/\\\/coolbluefuture.org\\\/manifesto\\\/#primaryimage\"},\"image\":{\"@id\":\"https:\\\/\\\/coolbluefuture.org\\\/manifesto\\\/#primaryimage\"},\"thumbnailUrl\":\"https:\\\/\\\/coolbluefuture.org\\\/wp-content\\\/uploads\\\/2024\\\/02\\\/cool-blue-future-ocean-underwater-01.jpg\",\"datePublished\":\"2024-03-19T08:15:27+00:00\",\"dateModified\":\"2024-11-05T13:45:19+00:00\",\"breadcrumb\":{\"@id\":\"https:\\\/\\\/coolbluefuture.org\\\/manifesto\\\/#breadcrumb\"},\"inLanguage\":\"pl-PL\",\"potentialAction\":[{\"@type\":\"ReadAction\",\"target\":[\"https:\\\/\\\/coolbluefuture.org\\\/manifesto\\\/\"]}]},{\"@type\":\"ImageObject\",\"inLanguage\":\"pl-PL\",\"@id\":\"https:\\\/\\\/coolbluefuture.org\\\/manifesto\\\/#primaryimage\",\"url\":\"https:\\\/\\\/coolbluefuture.org\\\/wp-content\\\/uploads\\\/2024\\\/02\\\/cool-blue-future-ocean-underwater-01.jpg\",\"contentUrl\":\"https:\\\/\\\/coolbluefuture.org\\\/wp-content\\\/uploads\\\/2024\\\/02\\\/cool-blue-future-ocean-underwater-01.jpg\"},{\"@type\":\"BreadcrumbList\",\"@id\":\"https:\\\/\\\/coolbluefuture.org\\\/manifesto\\\/#breadcrumb\",\"itemListElement\":[{\"@type\":\"ListItem\",\"position\":1,\"name\":\"Home\",\"item\":\"https:\\\/\\\/coolbluefuture.org\\\/\"},{\"@type\":\"ListItem\",\"position\":2,\"name\":\"Manifesto\"}]},{\"@type\":\"WebSite\",\"@id\":\"https:\\\/\\\/coolbluefuture.org\\\/#website\",\"url\":\"https:\\\/\\\/coolbluefuture.org\\\/\",\"name\":\"Cool Blue Future\",\"description\":\"A platform for blue community enterprise\",\"potentialAction\":[{\"@type\":\"SearchAction\",\"target\":{\"@type\":\"EntryPoint\",\"urlTemplate\":\"https:\\\/\\\/coolbluefuture.org\\\/?s={search_term_string}\"},\"query-input\":{\"@type\":\"PropertyValueSpecification\",\"valueRequired\":true,\"valueName\":\"search_term_string\"}}],\"inLanguage\":\"pl-PL\"}]}<\/script>\n<!-- \/ Yoast SEO plugin. -->","yoast_head_json":{"title":"Manifesto - Cool Blue Future","robots":{"index":"index","follow":"follow","max-snippet":"max-snippet:-1","max-image-preview":"max-image-preview:large","max-video-preview":"max-video-preview:-1"},"canonical":"https:\/\/coolbluefuture.org\/pl\/manifesto\/","og_locale":"pl_PL","og_type":"article","og_title":"Manifesto - Cool Blue Future","og_description":"Manifesto of regenerative ocean farming 1. We produce food We have given ourselves the primary task of combining aquatic food production with active regeneration of the marine environment. As they grow our crops offer ecosystem services, such as nutrient absorption, increased biodiversity, binding of carbon dioxide, and other forms of mitigation against human-induced environmental harm,&hellip;","og_url":"https:\/\/coolbluefuture.org\/pl\/manifesto\/","og_site_name":"Cool Blue Future","article_modified_time":"2024-11-05T13:45:19+00:00","og_image":[{"url":"https:\/\/coolbluefuture.org\/wp-content\/uploads\/2024\/02\/cool-blue-future-ocean-underwater-01.jpg","type":"","width":"","height":""}],"twitter_card":"summary_large_image","twitter_misc":{"Szacowany czas czytania":"5 minut"},"schema":{"@context":"https:\/\/schema.org","@graph":[{"@type":"WebPage","@id":"https:\/\/coolbluefuture.org\/manifesto\/","url":"https:\/\/coolbluefuture.org\/manifesto\/","name":"Manifesto - Cool Blue Future","isPartOf":{"@id":"https:\/\/coolbluefuture.org\/#website"},"primaryImageOfPage":{"@id":"https:\/\/coolbluefuture.org\/manifesto\/#primaryimage"},"image":{"@id":"https:\/\/coolbluefuture.org\/manifesto\/#primaryimage"},"thumbnailUrl":"https:\/\/coolbluefuture.org\/wp-content\/uploads\/2024\/02\/cool-blue-future-ocean-underwater-01.jpg","datePublished":"2024-03-19T08:15:27+00:00","dateModified":"2024-11-05T13:45:19+00:00","breadcrumb":{"@id":"https:\/\/coolbluefuture.org\/manifesto\/#breadcrumb"},"inLanguage":"pl-PL","potentialAction":[{"@type":"ReadAction","target":["https:\/\/coolbluefuture.org\/manifesto\/"]}]},{"@type":"ImageObject","inLanguage":"pl-PL","@id":"https:\/\/coolbluefuture.org\/manifesto\/#primaryimage","url":"https:\/\/coolbluefuture.org\/wp-content\/uploads\/2024\/02\/cool-blue-future-ocean-underwater-01.jpg","contentUrl":"https:\/\/coolbluefuture.org\/wp-content\/uploads\/2024\/02\/cool-blue-future-ocean-underwater-01.jpg"},{"@type":"BreadcrumbList","@id":"https:\/\/coolbluefuture.org\/manifesto\/#breadcrumb","itemListElement":[{"@type":"ListItem","position":1,"name":"Home","item":"https:\/\/coolbluefuture.org\/"},{"@type":"ListItem","position":2,"name":"Manifesto"}]},{"@type":"WebSite","@id":"https:\/\/coolbluefuture.org\/#website","url":"https:\/\/coolbluefuture.org\/","name":"Cool Blue Future","description":"A platform for blue community enterprise","potentialAction":[{"@type":"SearchAction","target":{"@type":"EntryPoint","urlTemplate":"https:\/\/coolbluefuture.org\/?s={search_term_string}"},"query-input":{"@type":"PropertyValueSpecification","valueRequired":true,"valueName":"search_term_string"}}],"inLanguage":"pl-PL"}]}},"_links":{"self":[{"href":"https:\/\/coolbluefuture.org\/pl\/wp-json\/wp\/v2\/pages\/41","targetHints":{"allow":["GET"]}}],"collection":[{"href":"https:\/\/coolbluefuture.org\/pl\/wp-json\/wp\/v2\/pages"}],"about":[{"href":"https:\/\/coolbluefuture.org\/pl\/wp-json\/wp\/v2\/types\/page"}],"author":[{"embeddable":true,"href":"https:\/\/coolbluefuture.org\/pl\/wp-json\/wp\/v2\/users\/2"}],"replies":[{"embeddable":true,"href":"https:\/\/coolbluefuture.org\/pl\/wp-json\/wp\/v2\/comments?post=41"}],"version-history":[{"count":0,"href":"https:\/\/coolbluefuture.org\/pl\/wp-json\/wp\/v2\/pages\/41\/revisions"}],"wp:attachment":[{"href":"https:\/\/coolbluefuture.org\/pl\/wp-json\/wp\/v2\/media?parent=41"}],"curies":[{"name":"wp","href":"https:\/\/api.w.org\/{rel}","templated":true}]}}