{"id":42,"date":"2024-03-19T09:15:41","date_gmt":"2024-03-19T08:15:41","guid":{"rendered":"https:\/\/coolbluefuture.org\/?page_id=42"},"modified":"2024-11-21T16:09:55","modified_gmt":"2024-11-21T15:09:55","slug":"map-of-the-movement","status":"publish","type":"page","link":"https:\/\/coolbluefuture.org\/pl\/map-of-the-movement\/","title":{"rendered":"Mapa ruchu"},"content":{"rendered":"<h1>\n\t\tPoznaj inicjatywy Cool Blue Future\n\t<\/h1>\n\t\n\n\n\n\n\n\n\n\n\n<iframe src=\"https:\/\/my.atlist.com\/map\/671a63e3-ce27-4c61-81c0-36406ff7784f?marker_id=ffb6f268-b634-4a49-a915-a9298e627e29&#038;zoom=7&#038;share=true\" allow=\"geolocation 'self' https:\/\/my.atlist.com\" width=\"100%\" height=\"700px\" loading=\"lazy\" frameborder=\"0\" scrolling=\"no\" allowfullscreen id=\"atlist-embed\"><\/iframe>\n<!--Mobile CSS-->\n<style>@media only screen and (max-width: 640px) { #atlist-embed { width: auto; height: 450px;}}<\/style>\n\n\n<h2>\n\t\tDo\u0142\u0105cz do mapy\n\t<\/h2>\n<h3>\n\t\tPodejmij zobowi\u0105zanie wspieraj\u0105ce regeneracyjne rolnictwo oceaniczne\n\t<\/h3>\n\t<p class=\"translation-block\">Dzi\u0119ki <a href=\"\/\/coolbluefuture.org\/pl\/manifesto\/\u201d\/\" target=\"\u201e_self\u201d\">Manifestowi regeneracyjnego rolnictwa oceanicznego<\/a>, mamy nadziej\u0119 inspirowa\u0107 i budowa\u0107 \u015bwiadomo\u015b\u0107 wok\u00f3\u0142 regeneracyjnego podej\u015bcia do produkcji \u017cywno\u015bci morskiej. Manifest jest jednak bardziej wizj\u0105 ni\u017c formalnym przepisem. Wizja, kt\u00f3r\u0105 firmy i organizacje zwi\u0105zane z oceanem mog\u0105 wykorzysta\u0107 do odzwierciedlenia tego, co robi\u0105 - i by\u0107 mo\u017ce w\u0142\u0105czenia niekt\u00f3rych zasad do sposobu, w jaki bezpo\u015brednio lub po\u015brednio anga\u017cuj\u0105 si\u0119 w ocean.<\/p>\n<p><a href=\"https:\/\/coolbluefuture.org\/pl\/pledges\/\">Zobacz wszystkie zobowi\u0105zania<\/a><\/p>\n\t<a href=\"https:\/\/coolbluefuture.org\/pl\/pledge\/\" target=\"_self\" role=\"button\" aria-label=\"Podejmij zobowi\u0105zanie wobec oceanu\" rel=\"noopener\">\n\t\t\t\t\t\tPodejmij zobowi\u0105zanie wobec oceanu\n\t\t\t\t\t<\/a>","protected":false},"excerpt":{"rendered":"<p>Explore the Cool Blue Future initiatives Join the map Make your pledge in support of regenerative ocean farming With the Manifesto of regenerative ocean farming, we hope to inspire and create awareness around a regenerative approach to marine food production. But the manifesto is more of a vision than a formal recipe. A vision, which&hellip;<\/p>","protected":false},"author":2,"featured_media":0,"parent":0,"menu_order":0,"comment_status":"closed","ping_status":"closed","template":"","meta":{"_acf_changed":false,"footnotes":""},"class_list":["post-42","page","type-page","status-publish","hentry"],"acf":[],"yoast_head":"<!-- This site is optimized with the Yoast SEO plugin v27.4 - https:\/\/yoast.com\/product\/yoast-seo-wordpress\/ -->\n<title>Map of the movement - Cool Blue Future<\/title>\n<meta name=\"robots\" content=\"index, follow, max-snippet:-1, max-image-preview:large, max-video-preview:-1\" \/>\n<link rel=\"canonical\" href=\"https:\/\/coolbluefuture.org\/pl\/map-of-the-movement\/\" \/>\n<meta property=\"og:locale\" content=\"pl_PL\" \/>\n<meta property=\"og:type\" content=\"article\" \/>\n<meta property=\"og:title\" content=\"Map of the movement - Cool Blue Future\" \/>\n<meta property=\"og:description\" content=\"Explore the Cool Blue Future initiatives Join the map Make your pledge in support of regenerative ocean farming With the Manifesto of regenerative ocean farming, we hope to inspire and create awareness around a regenerative approach to marine food production. But the manifesto is more of a vision than a formal recipe. A vision, which&hellip;\" \/>\n<meta property=\"og:url\" content=\"https:\/\/coolbluefuture.org\/pl\/map-of-the-movement\/\" \/>\n<meta property=\"og:site_name\" content=\"Cool Blue Future\" \/>\n<meta property=\"article:modified_time\" content=\"2024-11-21T15:09:55+00:00\" \/>\n<meta property=\"og:image\" content=\"https:\/\/coolbluefuture.org\/wp-content\/uploads\/2024\/06\/cbf-social-share.jpg\" \/>\n\t<meta property=\"og:image:width\" content=\"1200\" \/>\n\t<meta property=\"og:image:height\" content=\"675\" \/>\n\t<meta property=\"og:image:type\" content=\"image\/jpeg\" \/>\n<meta name=\"twitter:card\" content=\"summary_large_image\" \/>\n<meta name=\"twitter:label1\" content=\"Szacowany czas czytania\" \/>\n\t<meta name=\"twitter:data1\" content=\"1 minuta\" \/>\n<script type=\"application\/ld+json\" class=\"yoast-schema-graph\">{\"@context\":\"https:\\\/\\\/schema.org\",\"@graph\":[{\"@type\":\"WebPage\",\"@id\":\"https:\\\/\\\/coolbluefuture.org\\\/map-of-the-movement\\\/\",\"url\":\"https:\\\/\\\/coolbluefuture.org\\\/map-of-the-movement\\\/\",\"name\":\"Map of the movement - Cool Blue Future\",\"isPartOf\":{\"@id\":\"https:\\\/\\\/coolbluefuture.org\\\/#website\"},\"datePublished\":\"2024-03-19T08:15:41+00:00\",\"dateModified\":\"2024-11-21T15:09:55+00:00\",\"breadcrumb\":{\"@id\":\"https:\\\/\\\/coolbluefuture.org\\\/map-of-the-movement\\\/#breadcrumb\"},\"inLanguage\":\"pl-PL\",\"potentialAction\":[{\"@type\":\"ReadAction\",\"target\":[\"https:\\\/\\\/coolbluefuture.org\\\/map-of-the-movement\\\/\"]}]},{\"@type\":\"BreadcrumbList\",\"@id\":\"https:\\\/\\\/coolbluefuture.org\\\/map-of-the-movement\\\/#breadcrumb\",\"itemListElement\":[{\"@type\":\"ListItem\",\"position\":1,\"name\":\"Home\",\"item\":\"https:\\\/\\\/coolbluefuture.org\\\/\"},{\"@type\":\"ListItem\",\"position\":2,\"name\":\"Map of the movement\"}]},{\"@type\":\"WebSite\",\"@id\":\"https:\\\/\\\/coolbluefuture.org\\\/#website\",\"url\":\"https:\\\/\\\/coolbluefuture.org\\\/\",\"name\":\"Cool Blue Future\",\"description\":\"A platform for blue community enterprise\",\"potentialAction\":[{\"@type\":\"SearchAction\",\"target\":{\"@type\":\"EntryPoint\",\"urlTemplate\":\"https:\\\/\\\/coolbluefuture.org\\\/?s={search_term_string}\"},\"query-input\":{\"@type\":\"PropertyValueSpecification\",\"valueRequired\":true,\"valueName\":\"search_term_string\"}}],\"inLanguage\":\"pl-PL\"}]}<\/script>\n<!-- \/ Yoast SEO plugin. -->","yoast_head_json":{"title":"Map of the movement - Cool Blue Future","robots":{"index":"index","follow":"follow","max-snippet":"max-snippet:-1","max-image-preview":"max-image-preview:large","max-video-preview":"max-video-preview:-1"},"canonical":"https:\/\/coolbluefuture.org\/pl\/map-of-the-movement\/","og_locale":"pl_PL","og_type":"article","og_title":"Map of the movement - Cool Blue Future","og_description":"Explore the Cool Blue Future initiatives Join the map Make your pledge in support of regenerative ocean farming With the Manifesto of regenerative ocean farming, we hope to inspire and create awareness around a regenerative approach to marine food production. But the manifesto is more of a vision than a formal recipe. A vision, which&hellip;","og_url":"https:\/\/coolbluefuture.org\/pl\/map-of-the-movement\/","og_site_name":"Cool Blue Future","article_modified_time":"2024-11-21T15:09:55+00:00","og_image":[{"width":1200,"height":675,"url":"https:\/\/coolbluefuture.org\/wp-content\/uploads\/2024\/06\/cbf-social-share.jpg","type":"image\/jpeg"}],"twitter_card":"summary_large_image","twitter_misc":{"Szacowany czas czytania":"1 minuta"},"schema":{"@context":"https:\/\/schema.org","@graph":[{"@type":"WebPage","@id":"https:\/\/coolbluefuture.org\/map-of-the-movement\/","url":"https:\/\/coolbluefuture.org\/map-of-the-movement\/","name":"Map of the movement - Cool Blue Future","isPartOf":{"@id":"https:\/\/coolbluefuture.org\/#website"},"datePublished":"2024-03-19T08:15:41+00:00","dateModified":"2024-11-21T15:09:55+00:00","breadcrumb":{"@id":"https:\/\/coolbluefuture.org\/map-of-the-movement\/#breadcrumb"},"inLanguage":"pl-PL","potentialAction":[{"@type":"ReadAction","target":["https:\/\/coolbluefuture.org\/map-of-the-movement\/"]}]},{"@type":"BreadcrumbList","@id":"https:\/\/coolbluefuture.org\/map-of-the-movement\/#breadcrumb","itemListElement":[{"@type":"ListItem","position":1,"name":"Home","item":"https:\/\/coolbluefuture.org\/"},{"@type":"ListItem","position":2,"name":"Map of the movement"}]},{"@type":"WebSite","@id":"https:\/\/coolbluefuture.org\/#website","url":"https:\/\/coolbluefuture.org\/","name":"Cool Blue Future","description":"A platform for blue community enterprise","potentialAction":[{"@type":"SearchAction","target":{"@type":"EntryPoint","urlTemplate":"https:\/\/coolbluefuture.org\/?s={search_term_string}"},"query-input":{"@type":"PropertyValueSpecification","valueRequired":true,"valueName":"search_term_string"}}],"inLanguage":"pl-PL"}]}},"_links":{"self":[{"href":"https:\/\/coolbluefuture.org\/pl\/wp-json\/wp\/v2\/pages\/42","targetHints":{"allow":["GET"]}}],"collection":[{"href":"https:\/\/coolbluefuture.org\/pl\/wp-json\/wp\/v2\/pages"}],"about":[{"href":"https:\/\/coolbluefuture.org\/pl\/wp-json\/wp\/v2\/types\/page"}],"author":[{"embeddable":true,"href":"https:\/\/coolbluefuture.org\/pl\/wp-json\/wp\/v2\/users\/2"}],"replies":[{"embeddable":true,"href":"https:\/\/coolbluefuture.org\/pl\/wp-json\/wp\/v2\/comments?post=42"}],"version-history":[{"count":0,"href":"https:\/\/coolbluefuture.org\/pl\/wp-json\/wp\/v2\/pages\/42\/revisions"}],"wp:attachment":[{"href":"https:\/\/coolbluefuture.org\/pl\/wp-json\/wp\/v2\/media?parent=42"}],"curies":[{"name":"wp","href":"https:\/\/api.w.org\/{rel}","templated":true}]}}