{"id":600,"date":"2024-10-03T17:23:07","date_gmt":"2024-10-03T15:23:07","guid":{"rendered":"https:\/\/coolbluefuture.org\/?page_id=600"},"modified":"2024-10-03T17:37:34","modified_gmt":"2024-10-03T15:37:34","slug":"jonas-and-anita-from-aktion-osterbotten","status":"publish","type":"page","link":"https:\/\/coolbluefuture.org\/pl\/meet-the-farmers\/jonas-and-anita-from-aktion-osterbotten\/","title":{"rendered":"Jonas and Anita from Aktion \u00d6sterbotten"},"content":{"rendered":"<h1>\n\t\tJonas i Anita z Aktion \u00d6sterbotten\n(Finlandia)\n\t<\/h1>\n\t<p>Jonas i Anita to pionierzy w uprawie ro\u015blin\nmorskich na obszarach o bardzo niskim\nzasoleniu. Obydwoje pracuj\u0105 zar\u00f3wno przy\nwydobyciu ma\u0142\u017cy s\u0142odkowodnych z morza u\nwybrze\u017cy Finlandii, jak i przy p\u0142ywaj\u0105cych\nogrodach, gdzie uprawiaj\u0105 pa\u0142k\u0119 wodn\u0105\noraz inne jadalne gatunki. Ich ambicj\u0105 jest\nopracowanie praktycznych narz\u0119dzi i\nrozwi\u0105za\u0144, kt\u00f3re mog\u0105 pom\u00f3c w\npopularyzacji regeneracyjnego rolnictwa\nmorskiego wzd\u0142u\u017c fi\u0144skiego wybrze\u017ca.<\/p>\n\t\n\n\n\n\n\n\n\n<div class=\"fl-builder-content fl-builder-content-613 fl-builder-template fl-builder-module-template fl-builder-global-templates-locked\" data-post-id=\"613\"><div class=\"fl-module fl-module-pp-video fl-node-zh78w6ybtoer\" data-node=\"zh78w6ybtoer\">\n\t<div class=\"fl-module-content fl-node-content\">\n\t\t\n<div class=\"pp-video-wrapper pp-video-source-youtube pp-aspect-ratio-169\">\n\t\t<div class=\"pp-fit-aspect-ratio\">\n\t<iframe class=\"pp-video-iframe\" allowfullscreen allow=\"autoplay\" data-src=\"https:\/\/www.youtube-nocookie.com\/embed\/pkFyZgpbdT0?feature=oembed&amp;start&amp;end&amp;wmode=opaque&amp;loop=0&amp;controls=1&amp;mute=0&amp;rel=0&amp;modestbranding=1\"><\/iframe>\t\t<div class=\"pp-video-image-overlay\" style=\"background-image: url(https:\/\/coolbluefuture.org\/wp-content\/uploads\/2024\/06\/aktion-osterbotten-cover2.jpg);\">\n\t\t\t\t\t\t\t\t\t\t<div class=\"pp-video-play-icon\" role=\"button\" tabindex=\"0\">\n\t\t\t\t\t<svg version=\"1.1\" xmlns=\"http:\/\/www.w3.org\/2000\/svg\" xmlns:xlink=\"http:\/\/www.w3.org\/1999\/xlink\" x=\"0px\" y=\"0px\"\r\n\t viewbox=\"0 0 415.346 415.346\" xml:space=\"preserve\" aria-hidden=\"true\">\r\n\t<g>\r\n\t\t<path d=\"M41.712,415.346c-11.763,0-21.3-9.537-21.3-21.3V21.299C20.412,9.536,29.949,0,41.712,0l346.122,191.697\t\t\tc0,0,15.975,15.975,0,31.951C371.859,239.622,41.712,415.346,41.712,415.346z\"\/>\r\n\t<\/g>\r\n<\/svg>\r\n\t\t\t\t\t<span class=\"pp-screen-only\">Play Video<\/span>\n\t\t\t\t<\/div>\n\t\t\t\t\t<\/div>\n\t\t<\/div>\n<\/div>\n\n\t<\/div>\n<\/div>\n<\/div>\n\n\n\n\n\t<a href=\"https:\/\/coolbluefuture.org\/pl\/meet-the-farmers\/\" target=\"_self\" role=\"button\" aria-label=\"Poznaj innych rolnik\u00f3w\" rel=\"noopener\">\n\t\t\t\t\t\tPoznaj innych rolnik\u00f3w\n\t\t\t\t\t<\/a>\n\t<p><a href=\"https:\/\/www.greenwave.org\/who-farms-matters\" target=\"_blank\" rel=\"noopener\">Poznaj wi\u0119cej rolnik\u00f3w morskich<\/a> dostarczone przez naszych przyjaci\u00f3\u0142 z GreenWave.<\/p>","protected":false},"excerpt":{"rendered":"<p>Jonas and Anita from Aktion \u00d6sterbotten (Finland) Jonas and Anita are pioneers in growing marine crops in areas with very low salinity. They work both with freshwater mussel dredging in the sea off the Finnish coast and with floating gardens where they grow cattail and other edible plants near the coast.\u00a0The ambition is to come&hellip;<\/p>","protected":false},"author":2,"featured_media":0,"parent":363,"menu_order":0,"comment_status":"closed","ping_status":"closed","template":"","meta":{"_acf_changed":false,"footnotes":""},"class_list":["post-600","page","type-page","status-publish","hentry"],"acf":[],"yoast_head":"<!-- This site is optimized with the Yoast SEO plugin v27.4 - https:\/\/yoast.com\/product\/yoast-seo-wordpress\/ -->\n<title>Jonas and Anita from Aktion \u00d6sterbotten - Cool Blue Future<\/title>\n<meta name=\"robots\" content=\"index, follow, max-snippet:-1, max-image-preview:large, max-video-preview:-1\" \/>\n<link rel=\"canonical\" href=\"https:\/\/coolbluefuture.org\/pl\/meet-the-farmers\/jonas-and-anita-from-aktion-osterbotten\/\" \/>\n<meta property=\"og:locale\" content=\"pl_PL\" \/>\n<meta property=\"og:type\" content=\"article\" \/>\n<meta property=\"og:title\" content=\"Jonas and Anita from Aktion \u00d6sterbotten - Cool Blue Future\" \/>\n<meta property=\"og:description\" content=\"Jonas and Anita from Aktion \u00d6sterbotten (Finland) Jonas and Anita are pioneers in growing marine crops in areas with very low salinity. They work both with freshwater mussel dredging in the sea off the Finnish coast and with floating gardens where they grow cattail and other edible plants near the coast.\u00a0The ambition is to come&hellip;\" \/>\n<meta property=\"og:url\" content=\"https:\/\/coolbluefuture.org\/pl\/meet-the-farmers\/jonas-and-anita-from-aktion-osterbotten\/\" \/>\n<meta property=\"og:site_name\" content=\"Cool Blue Future\" \/>\n<meta property=\"article:modified_time\" content=\"2024-10-03T15:37:34+00:00\" \/>\n<meta property=\"og:image\" content=\"https:\/\/coolbluefuture.org\/wp-content\/uploads\/2024\/06\/cbf-social-share.jpg\" \/>\n\t<meta property=\"og:image:width\" content=\"1200\" \/>\n\t<meta property=\"og:image:height\" content=\"675\" \/>\n\t<meta property=\"og:image:type\" content=\"image\/jpeg\" \/>\n<meta name=\"twitter:card\" content=\"summary_large_image\" \/>\n<meta name=\"twitter:label1\" content=\"Szacowany czas czytania\" \/>\n\t<meta name=\"twitter:data1\" content=\"1 minuta\" \/>\n<script type=\"application\/ld+json\" class=\"yoast-schema-graph\">{\"@context\":\"https:\\\/\\\/schema.org\",\"@graph\":[{\"@type\":\"WebPage\",\"@id\":\"https:\\\/\\\/coolbluefuture.org\\\/meet-the-farmers\\\/jonas-and-anita-from-aktion-osterbotten\\\/\",\"url\":\"https:\\\/\\\/coolbluefuture.org\\\/meet-the-farmers\\\/jonas-and-anita-from-aktion-osterbotten\\\/\",\"name\":\"Jonas and Anita from Aktion \u00d6sterbotten - Cool Blue Future\",\"isPartOf\":{\"@id\":\"https:\\\/\\\/coolbluefuture.org\\\/#website\"},\"datePublished\":\"2024-10-03T15:23:07+00:00\",\"dateModified\":\"2024-10-03T15:37:34+00:00\",\"breadcrumb\":{\"@id\":\"https:\\\/\\\/coolbluefuture.org\\\/meet-the-farmers\\\/jonas-and-anita-from-aktion-osterbotten\\\/#breadcrumb\"},\"inLanguage\":\"pl-PL\",\"potentialAction\":[{\"@type\":\"ReadAction\",\"target\":[\"https:\\\/\\\/coolbluefuture.org\\\/meet-the-farmers\\\/jonas-and-anita-from-aktion-osterbotten\\\/\"]}]},{\"@type\":\"BreadcrumbList\",\"@id\":\"https:\\\/\\\/coolbluefuture.org\\\/meet-the-farmers\\\/jonas-and-anita-from-aktion-osterbotten\\\/#breadcrumb\",\"itemListElement\":[{\"@type\":\"ListItem\",\"position\":1,\"name\":\"Home\",\"item\":\"https:\\\/\\\/coolbluefuture.org\\\/\"},{\"@type\":\"ListItem\",\"position\":2,\"name\":\"Meet the farmers\",\"item\":\"https:\\\/\\\/coolbluefuture.org\\\/meet-the-farmers\\\/\"},{\"@type\":\"ListItem\",\"position\":3,\"name\":\"Jonas and Anita from Aktion \u00d6sterbotten\"}]},{\"@type\":\"WebSite\",\"@id\":\"https:\\\/\\\/coolbluefuture.org\\\/#website\",\"url\":\"https:\\\/\\\/coolbluefuture.org\\\/\",\"name\":\"Cool Blue Future\",\"description\":\"A platform for blue community enterprise\",\"potentialAction\":[{\"@type\":\"SearchAction\",\"target\":{\"@type\":\"EntryPoint\",\"urlTemplate\":\"https:\\\/\\\/coolbluefuture.org\\\/?s={search_term_string}\"},\"query-input\":{\"@type\":\"PropertyValueSpecification\",\"valueRequired\":true,\"valueName\":\"search_term_string\"}}],\"inLanguage\":\"pl-PL\"}]}<\/script>\n<!-- \/ Yoast SEO plugin. -->","yoast_head_json":{"title":"Jonas and Anita from Aktion \u00d6sterbotten - Cool Blue Future","robots":{"index":"index","follow":"follow","max-snippet":"max-snippet:-1","max-image-preview":"max-image-preview:large","max-video-preview":"max-video-preview:-1"},"canonical":"https:\/\/coolbluefuture.org\/pl\/meet-the-farmers\/jonas-and-anita-from-aktion-osterbotten\/","og_locale":"pl_PL","og_type":"article","og_title":"Jonas and Anita from Aktion \u00d6sterbotten - Cool Blue Future","og_description":"Jonas and Anita from Aktion \u00d6sterbotten (Finland) Jonas and Anita are pioneers in growing marine crops in areas with very low salinity. They work both with freshwater mussel dredging in the sea off the Finnish coast and with floating gardens where they grow cattail and other edible plants near the coast.\u00a0The ambition is to come&hellip;","og_url":"https:\/\/coolbluefuture.org\/pl\/meet-the-farmers\/jonas-and-anita-from-aktion-osterbotten\/","og_site_name":"Cool Blue Future","article_modified_time":"2024-10-03T15:37:34+00:00","og_image":[{"width":1200,"height":675,"url":"https:\/\/coolbluefuture.org\/wp-content\/uploads\/2024\/06\/cbf-social-share.jpg","type":"image\/jpeg"}],"twitter_card":"summary_large_image","twitter_misc":{"Szacowany czas czytania":"1 minuta"},"schema":{"@context":"https:\/\/schema.org","@graph":[{"@type":"WebPage","@id":"https:\/\/coolbluefuture.org\/meet-the-farmers\/jonas-and-anita-from-aktion-osterbotten\/","url":"https:\/\/coolbluefuture.org\/meet-the-farmers\/jonas-and-anita-from-aktion-osterbotten\/","name":"Jonas and Anita from Aktion \u00d6sterbotten - Cool Blue Future","isPartOf":{"@id":"https:\/\/coolbluefuture.org\/#website"},"datePublished":"2024-10-03T15:23:07+00:00","dateModified":"2024-10-03T15:37:34+00:00","breadcrumb":{"@id":"https:\/\/coolbluefuture.org\/meet-the-farmers\/jonas-and-anita-from-aktion-osterbotten\/#breadcrumb"},"inLanguage":"pl-PL","potentialAction":[{"@type":"ReadAction","target":["https:\/\/coolbluefuture.org\/meet-the-farmers\/jonas-and-anita-from-aktion-osterbotten\/"]}]},{"@type":"BreadcrumbList","@id":"https:\/\/coolbluefuture.org\/meet-the-farmers\/jonas-and-anita-from-aktion-osterbotten\/#breadcrumb","itemListElement":[{"@type":"ListItem","position":1,"name":"Home","item":"https:\/\/coolbluefuture.org\/"},{"@type":"ListItem","position":2,"name":"Meet the farmers","item":"https:\/\/coolbluefuture.org\/meet-the-farmers\/"},{"@type":"ListItem","position":3,"name":"Jonas and Anita from Aktion \u00d6sterbotten"}]},{"@type":"WebSite","@id":"https:\/\/coolbluefuture.org\/#website","url":"https:\/\/coolbluefuture.org\/","name":"Cool Blue Future","description":"A platform for blue community enterprise","potentialAction":[{"@type":"SearchAction","target":{"@type":"EntryPoint","urlTemplate":"https:\/\/coolbluefuture.org\/?s={search_term_string}"},"query-input":{"@type":"PropertyValueSpecification","valueRequired":true,"valueName":"search_term_string"}}],"inLanguage":"pl-PL"}]}},"_links":{"self":[{"href":"https:\/\/coolbluefuture.org\/pl\/wp-json\/wp\/v2\/pages\/600","targetHints":{"allow":["GET"]}}],"collection":[{"href":"https:\/\/coolbluefuture.org\/pl\/wp-json\/wp\/v2\/pages"}],"about":[{"href":"https:\/\/coolbluefuture.org\/pl\/wp-json\/wp\/v2\/types\/page"}],"author":[{"embeddable":true,"href":"https:\/\/coolbluefuture.org\/pl\/wp-json\/wp\/v2\/users\/2"}],"replies":[{"embeddable":true,"href":"https:\/\/coolbluefuture.org\/pl\/wp-json\/wp\/v2\/comments?post=600"}],"version-history":[{"count":0,"href":"https:\/\/coolbluefuture.org\/pl\/wp-json\/wp\/v2\/pages\/600\/revisions"}],"up":[{"embeddable":true,"href":"https:\/\/coolbluefuture.org\/pl\/wp-json\/wp\/v2\/pages\/363"}],"wp:attachment":[{"href":"https:\/\/coolbluefuture.org\/pl\/wp-json\/wp\/v2\/media?parent=600"}],"curies":[{"name":"wp","href":"https:\/\/api.w.org\/{rel}","templated":true}]}}