{"id":125,"date":"2024-05-10T18:56:13","date_gmt":"2024-05-10T16:56:13","guid":{"rendered":"https:\/\/coolbluefuture.org\/?page_id=125"},"modified":"2024-06-06T23:09:39","modified_gmt":"2024-06-06T21:09:39","slug":"pledge","status":"publish","type":"page","link":"https:\/\/coolbluefuture.org\/sv\/pledge\/","title":{"rendered":"Pledge"},"content":{"rendered":"<h1>\n\t\tGe ett l\u00f6fte till havet\n\t<\/h1>\n\t<p class=\"translation-block\">Med <a href=\"\/\/coolbluefuture.org\/sv\/manifesto\/\u201d\/\" target=\"\u201d_self\u201d\">Manifestet f\u00f6r regenerativ havsodling<\/a> hoppas vi kunna inspirera och skapa medvetenhet kring ett regenerativt tillv\u00e4gag\u00e5ngss\u00e4tt f\u00f6r marin livsmedelsproduktion. Men manifestet \u00e4r mer av en vision \u00e4n ett formellt recept. En vision som f\u00f6retag och organisationer som \u00e4r kopplade till havet kan anv\u00e4nda f\u00f6r att spegla vad de g\u00f6r - och kanske inf\u00f6rliva n\u00e5gra av principerna i det s\u00e4tt som de direkt eller indirekt engagerar sig i havet idag.<\/p>\n<h3>\n\t\t\u00c4r din organisation redan involverad i regenerativ praxis?\n\t<\/h3>\n\t<p>Vi vill h\u00f6ra din historia, s\u00e5 ber\u00e4tta f\u00f6r oss vad du g\u00f6r! Kan principerna f\u00f6r regeneration l\u00e4ggas till i befintliga aktiviteter i din organisation? Ber\u00e4tta f\u00f6r oss hur! Skulle det vara m\u00f6jligt att inf\u00f6ra helt nya aktiviteter f\u00f6r att fr\u00e4mja mer regenerativa metoder? Dela med dig och inspirera oss!<\/p>\n<p>Ditt l\u00f6fte skickas till Cool Blue Futures facilitatororganisation i ditt land, som l\u00e4ser igenom det och godk\u00e4nner det f\u00f6r publicering p\u00e5 Cool Blue Futures webbplats.<\/p>\n\t\n\t\n\tNotice: JavaScript is required for this content.\n        <!-- That data is being printed as a workaround to page builders reordering the order of the scripts loaded-->","protected":false},"excerpt":{"rendered":"<p>Make a pledge to the ocean With the Manifesto of regenerative ocean farming, we hope to inspire and create awareness around a regenerative approach to marine food production. But the manifesto is more of a vision than a formal recipe. A vision, which businesses and organisations that are connected to the ocean, can use to&hellip;<\/p>","protected":false},"author":2,"featured_media":0,"parent":0,"menu_order":0,"comment_status":"closed","ping_status":"closed","template":"","meta":{"_acf_changed":false,"footnotes":""},"class_list":["post-125","page","type-page","status-publish","hentry"],"acf":[],"yoast_head":"<!-- This site is optimized with the Yoast SEO plugin v27.4 - https:\/\/yoast.com\/product\/yoast-seo-wordpress\/ -->\n<title>Pledge - Cool Blue Future<\/title>\n<meta name=\"robots\" content=\"index, follow, max-snippet:-1, max-image-preview:large, max-video-preview:-1\" \/>\n<link rel=\"canonical\" href=\"https:\/\/coolbluefuture.org\/sv\/pledge\/\" \/>\n<meta property=\"og:locale\" content=\"sv_SE\" \/>\n<meta property=\"og:type\" content=\"article\" \/>\n<meta property=\"og:title\" content=\"Pledge - Cool Blue Future\" \/>\n<meta property=\"og:description\" content=\"Make a pledge to the ocean With the Manifesto of regenerative ocean farming, we hope to inspire and create awareness around a regenerative approach to marine food production. But the manifesto is more of a vision than a formal recipe. A vision, which businesses and organisations that are connected to the ocean, can use to&hellip;\" \/>\n<meta property=\"og:url\" content=\"https:\/\/coolbluefuture.org\/sv\/pledge\/\" \/>\n<meta property=\"og:site_name\" content=\"Cool Blue Future\" \/>\n<meta property=\"article:modified_time\" content=\"2024-06-06T21:09:39+00:00\" \/>\n<meta property=\"og:image\" content=\"https:\/\/coolbluefuture.org\/wp-content\/uploads\/2024\/06\/cbf-social-share.jpg\" \/>\n\t<meta property=\"og:image:width\" content=\"1200\" \/>\n\t<meta property=\"og:image:height\" content=\"675\" \/>\n\t<meta property=\"og:image:type\" content=\"image\/jpeg\" \/>\n<meta name=\"twitter:card\" content=\"summary_large_image\" \/>\n<meta name=\"twitter:label1\" content=\"Ber\u00e4knad l\u00e4stid\" \/>\n\t<meta name=\"twitter:data1\" content=\"1 minut\" \/>\n<script type=\"application\/ld+json\" class=\"yoast-schema-graph\">{\"@context\":\"https:\\\/\\\/schema.org\",\"@graph\":[{\"@type\":\"WebPage\",\"@id\":\"https:\\\/\\\/coolbluefuture.org\\\/pledge\\\/\",\"url\":\"https:\\\/\\\/coolbluefuture.org\\\/pledge\\\/\",\"name\":\"Pledge - Cool Blue Future\",\"isPartOf\":{\"@id\":\"https:\\\/\\\/coolbluefuture.org\\\/#website\"},\"datePublished\":\"2024-05-10T16:56:13+00:00\",\"dateModified\":\"2024-06-06T21:09:39+00:00\",\"breadcrumb\":{\"@id\":\"https:\\\/\\\/coolbluefuture.org\\\/pledge\\\/#breadcrumb\"},\"inLanguage\":\"sv-SE\",\"potentialAction\":[{\"@type\":\"ReadAction\",\"target\":[\"https:\\\/\\\/coolbluefuture.org\\\/pledge\\\/\"]}]},{\"@type\":\"BreadcrumbList\",\"@id\":\"https:\\\/\\\/coolbluefuture.org\\\/pledge\\\/#breadcrumb\",\"itemListElement\":[{\"@type\":\"ListItem\",\"position\":1,\"name\":\"Home\",\"item\":\"https:\\\/\\\/coolbluefuture.org\\\/\"},{\"@type\":\"ListItem\",\"position\":2,\"name\":\"Pledge\"}]},{\"@type\":\"WebSite\",\"@id\":\"https:\\\/\\\/coolbluefuture.org\\\/#website\",\"url\":\"https:\\\/\\\/coolbluefuture.org\\\/\",\"name\":\"Cool Blue Future\",\"description\":\"A platform for blue community enterprise\",\"potentialAction\":[{\"@type\":\"SearchAction\",\"target\":{\"@type\":\"EntryPoint\",\"urlTemplate\":\"https:\\\/\\\/coolbluefuture.org\\\/?s={search_term_string}\"},\"query-input\":{\"@type\":\"PropertyValueSpecification\",\"valueRequired\":true,\"valueName\":\"search_term_string\"}}],\"inLanguage\":\"sv-SE\"}]}<\/script>\n<!-- \/ Yoast SEO plugin. -->","yoast_head_json":{"title":"Pledge - Cool Blue Future","robots":{"index":"index","follow":"follow","max-snippet":"max-snippet:-1","max-image-preview":"max-image-preview:large","max-video-preview":"max-video-preview:-1"},"canonical":"https:\/\/coolbluefuture.org\/sv\/pledge\/","og_locale":"sv_SE","og_type":"article","og_title":"Pledge - Cool Blue Future","og_description":"Make a pledge to the ocean With the Manifesto of regenerative ocean farming, we hope to inspire and create awareness around a regenerative approach to marine food production. But the manifesto is more of a vision than a formal recipe. A vision, which businesses and organisations that are connected to the ocean, can use to&hellip;","og_url":"https:\/\/coolbluefuture.org\/sv\/pledge\/","og_site_name":"Cool Blue Future","article_modified_time":"2024-06-06T21:09:39+00:00","og_image":[{"width":1200,"height":675,"url":"https:\/\/coolbluefuture.org\/wp-content\/uploads\/2024\/06\/cbf-social-share.jpg","type":"image\/jpeg"}],"twitter_card":"summary_large_image","twitter_misc":{"Ber\u00e4knad l\u00e4stid":"1 minut"},"schema":{"@context":"https:\/\/schema.org","@graph":[{"@type":"WebPage","@id":"https:\/\/coolbluefuture.org\/pledge\/","url":"https:\/\/coolbluefuture.org\/pledge\/","name":"Pledge - Cool Blue Future","isPartOf":{"@id":"https:\/\/coolbluefuture.org\/#website"},"datePublished":"2024-05-10T16:56:13+00:00","dateModified":"2024-06-06T21:09:39+00:00","breadcrumb":{"@id":"https:\/\/coolbluefuture.org\/pledge\/#breadcrumb"},"inLanguage":"sv-SE","potentialAction":[{"@type":"ReadAction","target":["https:\/\/coolbluefuture.org\/pledge\/"]}]},{"@type":"BreadcrumbList","@id":"https:\/\/coolbluefuture.org\/pledge\/#breadcrumb","itemListElement":[{"@type":"ListItem","position":1,"name":"Home","item":"https:\/\/coolbluefuture.org\/"},{"@type":"ListItem","position":2,"name":"Pledge"}]},{"@type":"WebSite","@id":"https:\/\/coolbluefuture.org\/#website","url":"https:\/\/coolbluefuture.org\/","name":"Cool Blue Future","description":"A platform for blue community enterprise","potentialAction":[{"@type":"SearchAction","target":{"@type":"EntryPoint","urlTemplate":"https:\/\/coolbluefuture.org\/?s={search_term_string}"},"query-input":{"@type":"PropertyValueSpecification","valueRequired":true,"valueName":"search_term_string"}}],"inLanguage":"sv-SE"}]}},"_links":{"self":[{"href":"https:\/\/coolbluefuture.org\/sv\/wp-json\/wp\/v2\/pages\/125","targetHints":{"allow":["GET"]}}],"collection":[{"href":"https:\/\/coolbluefuture.org\/sv\/wp-json\/wp\/v2\/pages"}],"about":[{"href":"https:\/\/coolbluefuture.org\/sv\/wp-json\/wp\/v2\/types\/page"}],"author":[{"embeddable":true,"href":"https:\/\/coolbluefuture.org\/sv\/wp-json\/wp\/v2\/users\/2"}],"replies":[{"embeddable":true,"href":"https:\/\/coolbluefuture.org\/sv\/wp-json\/wp\/v2\/comments?post=125"}],"version-history":[{"count":0,"href":"https:\/\/coolbluefuture.org\/sv\/wp-json\/wp\/v2\/pages\/125\/revisions"}],"wp:attachment":[{"href":"https:\/\/coolbluefuture.org\/sv\/wp-json\/wp\/v2\/media?parent=125"}],"curies":[{"name":"wp","href":"https:\/\/api.w.org\/{rel}","templated":true}]}}