{"id":363,"date":"2024-06-06T09:44:52","date_gmt":"2024-06-06T07:44:52","guid":{"rendered":"https:\/\/coolbluefuture.org\/?page_id=363"},"modified":"2025-11-05T09:39:05","modified_gmt":"2025-11-05T08:39:05","slug":"meet-the-farmers","status":"publish","type":"page","link":"https:\/\/coolbluefuture.org\/sv\/meet-the-farmers\/","title":{"rendered":"M\u00f6t havets b\u00f6nder"},"content":{"rendered":"<h1  data-animation-delay=\"0\" data-animation-duration=\"2\">\n\t\t\tM\u00f6t havets b\u00f6nder\t<\/h1>\n\t<p>You most likely won&#8217;t meet the pioneers of the regenerative movement on TV shows and news. They spend their time on the water to ensure that regenerative sea farming lives up to its promise of providing the raw materials for the future of life.<\/p>\n\t\t\t\t\t\t\t<img loading=\"lazy\" decoding=\"async\" src=\"https:\/\/coolbluefuture.org\/wp-content\/uploads\/2025\/08\/Untitled-design-4.jpg\" alt=\"Untitled design (4)\" width=\"1976\" height=\"1108\" \/>\n\t\t\t\t\t\t<h3><a href=\"https:\/\/coolbluefuture.org\/sv\/meet-the-farmers\/low-impact-fishers-mogens-lars-and-gunner\/\" target=\"_self\">Kustfiskarna Mogens, Lars och Gunner (Danmark)<\/a><\/h3>\t\t\t\t\t\n\t\t\t\t<a href=\"https:\/\/coolbluefuture.org\/sv\/meet-the-farmers\/low-impact-fishers-mogens-lars-and-gunner\/\" role=\"button\" target=\"_self\">\n\t\t\t\t\t\t\t\t\t\tM\u00f6t Mogens, Lars och Gunner\n\t\t\t\t\t\t\t\t\t<\/a>\n\t\t\t\t\t\t\t<img loading=\"lazy\" decoding=\"async\" src=\"https:\/\/coolbluefuture.org\/wp-content\/uploads\/2024\/10\/stigfjorden-cover.jpg\" alt=\"stigfjorden-cover\" width=\"988\" height=\"554\" \/>\n\t\t\t\t\t\t<h3><a href=\"https:\/\/coolbluefuture.org\/sv\/meet-the-farmers\/niklas-from-stigfjordens-andelsodlingar\/\" target=\"_self\">Niklas from Stigfjordens Andelsodling (Sweden)<\/a><\/h3>\t\t\t\t\t\n\t\t\t\t<a href=\"https:\/\/coolbluefuture.org\/sv\/meet-the-farmers\/niklas-from-stigfjordens-andelsodlingar\/\" role=\"button\" target=\"_self\">\n\t\t\t\t\t\t\t\t\t\tMeet Niklas\n\t\t\t\t\t\t\t\t\t<\/a>\n\t\t\t\t\t\t\t<img loading=\"lazy\" decoding=\"async\" src=\"https:\/\/coolbluefuture.org\/wp-content\/uploads\/2024\/06\/vejle-fjordhave-cover2.jpg\" alt=\"vejle-fjordhave-cover2\" width=\"988\" height=\"554\" \/>\n\t\t\t\t\t\t<h3><a href=\"https:\/\/coolbluefuture.org\/sv\/meet-the-farmers\/thomas-from-vejle-fjordhave\/\" target=\"_self\">Thomas fr\u00e5n Veljefjord marina odling (Danmark)<\/a><\/h3>\t\t\t\t\t\n\t\t\t\t<a href=\"https:\/\/coolbluefuture.org\/sv\/meet-the-farmers\/thomas-from-vejle-fjordhave\/\" role=\"button\" target=\"_self\">\n\t\t\t\t\t\t\t\t\t\tMeet Thomas\n\t\t\t\t\t\t\t\t\t<\/a>\n\t\t\t\t\t\t\t<img loading=\"lazy\" decoding=\"async\" src=\"https:\/\/coolbluefuture.org\/wp-content\/uploads\/2024\/06\/aktion-osterbotten-cover2.jpg\" alt=\"aktion-osterbotten-cover2\" width=\"988\" height=\"554\" \/>\n\t\t\t\t\t\t<h3><a href=\"https:\/\/coolbluefuture.org\/sv\/meet-the-farmers\/jonas-and-anita-from-aktion-osterbotten\/\" target=\"_self\">Jonas och Anita fr\u00e5n Aktion \u00d6sterbotten\n(Finland)<\/a><\/h3>\t\t\t\t\t\n\t\t\t\t<a href=\"https:\/\/coolbluefuture.org\/sv\/meet-the-farmers\/jonas-and-anita-from-aktion-osterbotten\/\" role=\"button\" target=\"_self\">\n\t\t\t\t\t\t\t\t\t\tMeet Jonas and Anita\n\t\t\t\t\t\t\t\t\t<\/a>\n\t\t\t\t\t\t\t<img loading=\"lazy\" decoding=\"async\" src=\"https:\/\/coolbluefuture.org\/wp-content\/uploads\/2024\/06\/video-cover-1.jpg\" alt=\"video-cover-1\" width=\"986\" height=\"554\" \/>\n\t\t\t\t\t\t<h3><a href=\"https:\/\/coolbluefuture.org\/sv\/meet-the-farmers\/simon-from-dansk-tang\/\" target=\"_self\">Simon fr\u00e5n Dansk Tang (Danmark)<\/a><\/h3>\t\t\t\t\t\n\t\t\t\t<a href=\"https:\/\/coolbluefuture.org\/sv\/meet-the-farmers\/simon-from-dansk-tang\/\" role=\"button\" target=\"_self\">\n\t\t\t\t\t\t\t\t\t\tTr\u00e4ffa Simon\n\t\t\t\t\t\t\t\t\t<\/a>\n\t\t\t\t\t\t\t<img loading=\"lazy\" decoding=\"async\" src=\"https:\/\/coolbluefuture.org\/wp-content\/uploads\/2024\/06\/video-cover-2.jpg\" alt=\"video-cover-2\" width=\"986\" height=\"554\" \/>\n\t\t\t\t\t\t<h3><a href=\"https:\/\/coolbluefuture.org\/sv\/meet-the-farmers\/martin-and-martin-from-ecopelag\/\" target=\"_self\">Martin och Martin fr\u00e5n Ecopelag (Sverige)<\/a><\/h3>\t\t\t\t\t\n\t\t\t\t<a href=\"https:\/\/coolbluefuture.org\/sv\/meet-the-farmers\/martin-and-martin-from-ecopelag\/\" role=\"button\" target=\"_self\">\n\t\t\t\t\t\t\t\t\t\tTr\u00e4ffa Martin och Martin\n\t\t\t\t\t\t\t\t\t<\/a>\n\t\t\t\t\t\t\t<img loading=\"lazy\" decoding=\"async\" src=\"https:\/\/coolbluefuture.org\/wp-content\/uploads\/2024\/06\/video-cover-3.jpg\" alt=\"video-cover-3\" width=\"988\" height=\"554\" \/>\n\t\t\t\t\t\t<h3><a href=\"https:\/\/coolbluefuture.org\/sv\/meet-the-farmers\/cassandra-from-ten-island-seafarm\/\" target=\"_self\">Cassandra fr\u00e5n Ten Island Seafarm (Sverige)<\/a><\/h3>\t\t\t\t\t\n\t\t\t\t<a href=\"https:\/\/coolbluefuture.org\/sv\/meet-the-farmers\/cassandra-from-ten-island-seafarm\/\" role=\"button\" target=\"_self\">\n\t\t\t\t\t\t\t\t\t\tTr\u00e4ffa Cassandra\n\t\t\t\t\t\t\t\t\t<\/a>\n\t<p><a href=\"https:\/\/www.greenwave.org\/who-farms-matters\" target=\"_blank\" rel=\"noopener\">Tr\u00e4ffa fler havsodlare<\/a> som presenteras av v\u00e5ra v\u00e4nner p\u00e5 GreenWave.<\/p>","protected":false},"excerpt":{"rendered":"<p>Meet the farmers You most likely won&#8217;t meet the pioneers of the regenerative movement on TV shows and news. They spend their time on the water to ensure that regenerative sea farming lives up to its promise of providing the raw materials for the future of life. Low impact fishers Mogens, Lars and Gunner (Denmark)&hellip;<\/p>","protected":false},"author":2,"featured_media":0,"parent":0,"menu_order":0,"comment_status":"closed","ping_status":"closed","template":"","meta":{"_acf_changed":false,"footnotes":""},"class_list":["post-363","page","type-page","status-publish","hentry"],"acf":[],"yoast_head":"<!-- This site is optimized with the Yoast SEO plugin v27.4 - https:\/\/yoast.com\/product\/yoast-seo-wordpress\/ -->\n<title>Meet the farmers - Cool Blue Future<\/title>\n<meta name=\"robots\" content=\"index, follow, max-snippet:-1, max-image-preview:large, max-video-preview:-1\" \/>\n<link rel=\"canonical\" href=\"https:\/\/coolbluefuture.org\/sv\/meet-the-farmers\/\" \/>\n<meta property=\"og:locale\" content=\"sv_SE\" \/>\n<meta property=\"og:type\" content=\"article\" \/>\n<meta property=\"og:title\" content=\"Meet the farmers - Cool Blue Future\" \/>\n<meta property=\"og:description\" content=\"Meet the farmers You most likely won&#8217;t meet the pioneers of the regenerative movement on TV shows and news. They spend their time on the water to ensure that regenerative sea farming lives up to its promise of providing the raw materials for the future of life. Low impact fishers Mogens, Lars and Gunner (Denmark)&hellip;\" \/>\n<meta property=\"og:url\" content=\"https:\/\/coolbluefuture.org\/sv\/meet-the-farmers\/\" \/>\n<meta property=\"og:site_name\" content=\"Cool Blue Future\" \/>\n<meta property=\"article:modified_time\" content=\"2025-11-05T08:39:05+00:00\" \/>\n<meta property=\"og:image\" content=\"https:\/\/coolbluefuture.org\/wp-content\/uploads\/2025\/08\/Untitled-design-4.jpg\" \/>\n<meta name=\"twitter:card\" content=\"summary_large_image\" \/>\n<script type=\"application\/ld+json\" class=\"yoast-schema-graph\">{\"@context\":\"https:\\\/\\\/schema.org\",\"@graph\":[{\"@type\":\"WebPage\",\"@id\":\"https:\\\/\\\/coolbluefuture.org\\\/meet-the-farmers\\\/\",\"url\":\"https:\\\/\\\/coolbluefuture.org\\\/meet-the-farmers\\\/\",\"name\":\"Meet the farmers - Cool Blue Future\",\"isPartOf\":{\"@id\":\"https:\\\/\\\/coolbluefuture.org\\\/#website\"},\"primaryImageOfPage\":{\"@id\":\"https:\\\/\\\/coolbluefuture.org\\\/meet-the-farmers\\\/#primaryimage\"},\"image\":{\"@id\":\"https:\\\/\\\/coolbluefuture.org\\\/meet-the-farmers\\\/#primaryimage\"},\"thumbnailUrl\":\"https:\\\/\\\/coolbluefuture.org\\\/wp-content\\\/uploads\\\/2025\\\/08\\\/Untitled-design-4.jpg\",\"datePublished\":\"2024-06-06T07:44:52+00:00\",\"dateModified\":\"2025-11-05T08:39:05+00:00\",\"breadcrumb\":{\"@id\":\"https:\\\/\\\/coolbluefuture.org\\\/meet-the-farmers\\\/#breadcrumb\"},\"inLanguage\":\"sv-SE\",\"potentialAction\":[{\"@type\":\"ReadAction\",\"target\":[\"https:\\\/\\\/coolbluefuture.org\\\/meet-the-farmers\\\/\"]}]},{\"@type\":\"ImageObject\",\"inLanguage\":\"sv-SE\",\"@id\":\"https:\\\/\\\/coolbluefuture.org\\\/meet-the-farmers\\\/#primaryimage\",\"url\":\"https:\\\/\\\/coolbluefuture.org\\\/wp-content\\\/uploads\\\/2025\\\/08\\\/Untitled-design-4.jpg\",\"contentUrl\":\"https:\\\/\\\/coolbluefuture.org\\\/wp-content\\\/uploads\\\/2025\\\/08\\\/Untitled-design-4.jpg\"},{\"@type\":\"BreadcrumbList\",\"@id\":\"https:\\\/\\\/coolbluefuture.org\\\/meet-the-farmers\\\/#breadcrumb\",\"itemListElement\":[{\"@type\":\"ListItem\",\"position\":1,\"name\":\"Home\",\"item\":\"https:\\\/\\\/coolbluefuture.org\\\/\"},{\"@type\":\"ListItem\",\"position\":2,\"name\":\"Meet the farmers\"}]},{\"@type\":\"WebSite\",\"@id\":\"https:\\\/\\\/coolbluefuture.org\\\/#website\",\"url\":\"https:\\\/\\\/coolbluefuture.org\\\/\",\"name\":\"Cool Blue Future\",\"description\":\"A platform for blue community enterprise\",\"potentialAction\":[{\"@type\":\"SearchAction\",\"target\":{\"@type\":\"EntryPoint\",\"urlTemplate\":\"https:\\\/\\\/coolbluefuture.org\\\/?s={search_term_string}\"},\"query-input\":{\"@type\":\"PropertyValueSpecification\",\"valueRequired\":true,\"valueName\":\"search_term_string\"}}],\"inLanguage\":\"sv-SE\"}]}<\/script>\n<!-- \/ Yoast SEO plugin. -->","yoast_head_json":{"title":"Meet the farmers - Cool Blue Future","robots":{"index":"index","follow":"follow","max-snippet":"max-snippet:-1","max-image-preview":"max-image-preview:large","max-video-preview":"max-video-preview:-1"},"canonical":"https:\/\/coolbluefuture.org\/sv\/meet-the-farmers\/","og_locale":"sv_SE","og_type":"article","og_title":"Meet the farmers - Cool Blue Future","og_description":"Meet the farmers You most likely won&#8217;t meet the pioneers of the regenerative movement on TV shows and news. They spend their time on the water to ensure that regenerative sea farming lives up to its promise of providing the raw materials for the future of life. Low impact fishers Mogens, Lars and Gunner (Denmark)&hellip;","og_url":"https:\/\/coolbluefuture.org\/sv\/meet-the-farmers\/","og_site_name":"Cool Blue Future","article_modified_time":"2025-11-05T08:39:05+00:00","og_image":[{"url":"https:\/\/coolbluefuture.org\/wp-content\/uploads\/2025\/08\/Untitled-design-4.jpg","type":"","width":"","height":""}],"twitter_card":"summary_large_image","schema":{"@context":"https:\/\/schema.org","@graph":[{"@type":"WebPage","@id":"https:\/\/coolbluefuture.org\/meet-the-farmers\/","url":"https:\/\/coolbluefuture.org\/meet-the-farmers\/","name":"Meet the farmers - Cool Blue Future","isPartOf":{"@id":"https:\/\/coolbluefuture.org\/#website"},"primaryImageOfPage":{"@id":"https:\/\/coolbluefuture.org\/meet-the-farmers\/#primaryimage"},"image":{"@id":"https:\/\/coolbluefuture.org\/meet-the-farmers\/#primaryimage"},"thumbnailUrl":"https:\/\/coolbluefuture.org\/wp-content\/uploads\/2025\/08\/Untitled-design-4.jpg","datePublished":"2024-06-06T07:44:52+00:00","dateModified":"2025-11-05T08:39:05+00:00","breadcrumb":{"@id":"https:\/\/coolbluefuture.org\/meet-the-farmers\/#breadcrumb"},"inLanguage":"sv-SE","potentialAction":[{"@type":"ReadAction","target":["https:\/\/coolbluefuture.org\/meet-the-farmers\/"]}]},{"@type":"ImageObject","inLanguage":"sv-SE","@id":"https:\/\/coolbluefuture.org\/meet-the-farmers\/#primaryimage","url":"https:\/\/coolbluefuture.org\/wp-content\/uploads\/2025\/08\/Untitled-design-4.jpg","contentUrl":"https:\/\/coolbluefuture.org\/wp-content\/uploads\/2025\/08\/Untitled-design-4.jpg"},{"@type":"BreadcrumbList","@id":"https:\/\/coolbluefuture.org\/meet-the-farmers\/#breadcrumb","itemListElement":[{"@type":"ListItem","position":1,"name":"Home","item":"https:\/\/coolbluefuture.org\/"},{"@type":"ListItem","position":2,"name":"Meet the farmers"}]},{"@type":"WebSite","@id":"https:\/\/coolbluefuture.org\/#website","url":"https:\/\/coolbluefuture.org\/","name":"Cool Blue Future","description":"A platform for blue community enterprise","potentialAction":[{"@type":"SearchAction","target":{"@type":"EntryPoint","urlTemplate":"https:\/\/coolbluefuture.org\/?s={search_term_string}"},"query-input":{"@type":"PropertyValueSpecification","valueRequired":true,"valueName":"search_term_string"}}],"inLanguage":"sv-SE"}]}},"_links":{"self":[{"href":"https:\/\/coolbluefuture.org\/sv\/wp-json\/wp\/v2\/pages\/363","targetHints":{"allow":["GET"]}}],"collection":[{"href":"https:\/\/coolbluefuture.org\/sv\/wp-json\/wp\/v2\/pages"}],"about":[{"href":"https:\/\/coolbluefuture.org\/sv\/wp-json\/wp\/v2\/types\/page"}],"author":[{"embeddable":true,"href":"https:\/\/coolbluefuture.org\/sv\/wp-json\/wp\/v2\/users\/2"}],"replies":[{"embeddable":true,"href":"https:\/\/coolbluefuture.org\/sv\/wp-json\/wp\/v2\/comments?post=363"}],"version-history":[{"count":0,"href":"https:\/\/coolbluefuture.org\/sv\/wp-json\/wp\/v2\/pages\/363\/revisions"}],"wp:attachment":[{"href":"https:\/\/coolbluefuture.org\/sv\/wp-json\/wp\/v2\/media?parent=363"}],"curies":[{"name":"wp","href":"https:\/\/api.w.org\/{rel}","templated":true}]}}