{"id":41,"date":"2024-03-19T09:15:27","date_gmt":"2024-03-19T08:15:27","guid":{"rendered":"https:\/\/coolbluefuture.org\/?page_id=41"},"modified":"2024-11-05T14:45:19","modified_gmt":"2024-11-05T13:45:19","slug":"manifesto","status":"publish","type":"page","link":"https:\/\/coolbluefuture.org\/sv\/manifesto\/","title":{"rendered":"Manifest"},"content":{"rendered":"<h1>\n\t\tManifest\u200b regenerativ havsbaserad odling\n\t<\/h1>\n\t\t\t\t\t\t\t<h3>1. Vi producerar mat<\/h3>\n\t\t\t\t\t\t\t<p>V\u00e5r m\u00e5ls\u00e4ttning \u00e4r att kombinera akvatisk livsmedelsproduktion med aktiv regenerering av den marina milj\u00f6n. Vi fokuserar p\u00e5 att odla produkter f\u00f6r livsmedel och andra praktiska anv\u00e4ndningsomr\u00e5den. Samtidigt genererar odlingen \u00e4ven ekosystemtj\u00e4nster s\u00e5som n\u00e4ringsupptag, \u00f6kad biologisk m\u00e5ngfald, bindning av koldioxid och begr\u00e4nsning av andra former av m\u00e4nsklig p\u00e5verkan.<\/p>\t\t\t\t\t\t\t\t\t\t\t\t\t\n\t\t\t\t\t\t\t<h3>2. We cultivate on the ecosystems&#8217; own terms<\/h3>\n\t\t\t\t\t\t\t<p>V\u00e5r odling baseras p\u00e5 de befintliga resurser som finns i v\u00e5ra odlingsomr\u00e5den. Vi anv\u00e4nder inte konstg\u00f6dsel, l\u00e4kemedel eller kemikalier. Vi tillf\u00f6r inget till den marina milj\u00f6n ut\u00f6ver den odlingsutrustning som beh\u00f6vs f\u00f6r att v\u00e5ra gr\u00f6dor ska v\u00e4xa, och vi odlar uteslutande inhemska arter f\u00f6r att st\u00f6dja den lokala genetiska m\u00e5ngfalden.<\/p>\t\t\t\t\t\t\t\t\t\t\t\t\t\n\t\t\t\t\t\t\t<h3>3. Vi bedriver multitrofisk odling<\/h3>\n\t\t\t\t\t\t\t<p>Vi str\u00e4var efter att odla ett antal olika arter samtidigt som \u00f6msesidigt gynnar varandra. Genom att anamma multitrofisk odling som ett ideal f\u00f6rs\u00f6ker vi motverka monokultur och aktivt bidra till att fr\u00e4mja ett friskt hav med rik biologisk m\u00e5ngfald. V\u00e5r strategi betonar sambandet mellan olika arter och olika trofiska niv\u00e5er f\u00f6r att skapa mer h\u00e5llbara och motst\u00e5ndskraftiga marina ekosystem.<\/p>\t\t\t\t\t\t\t\t\t\t\t\t\t\n\t\t\t\t\t\t\t<h3>4. Vi motverkar klimatf\u00f6r\u00e4ndringar<\/h3>\n\t\t\t\t\t\t\t<p>V\u00e5r odling bidrar till att minska koldioxidutsl\u00e4ppen i livsmedelssystemen genom att producera h\u00f6gkvalitativa, klimatv\u00e4nliga gr\u00f6dor tillg\u00e4ngliga f\u00f6r konsumenterna. P\u00e5 s\u00e5 s\u00e4tt ers\u00e4tter vi livsmedel med ett h\u00f6gt koldioxidavtryck med b\u00e4ttre alternativ. Vi str\u00e4var efter att producera r\u00e5varor med l\u00e5g klimatp\u00e5verkan samt s\u00e4lja s\u00e5 mycket som m\u00f6jligt genom lokala kanaler.<\/p>\t\t\t\t\t\t\t\t\t\t\t\t\t\n\t\t\t\t\t\t\t<h3>5. Vi skapar robusta aff\u00e4rsmodeller<\/h3>\n\t\t\t\t\t\t\t<p>Vi kombinerar, d\u00e4r det \u00e4r m\u00f6jligt, v\u00e5r regenerativa havsodling med andra inkomstgenererande aktiviteter som sm\u00e5skaligt fiske, f\u00f6r\u00e4dling, kunskaps\u00f6verf\u00f6ring och regenerativ turism. Detta tillv\u00e4gag\u00e5ngss\u00e4tt m\u00f6jligg\u00f6r mer robusta aff\u00e4rsmodeller, \u00f6kar det lokala v\u00e4rdeskapandet och bidrar till att s\u00e4kra lokal syssels\u00e4ttning och d\u00e4rmed framtiden f\u00f6r v\u00e5ra kustsamh\u00e4llen.<\/p>\t\t\t\t\t\t\t\t\t\t\t\t\t\n\t\t\t\t\t\t\t<h3>6. Vi \u00e4r delaktiga i v\u00e5ra lokalsamh\u00e4llen<\/h3>\n\t\t\t\t\t\t\t<p>Vi l\u00e4gger stor vikt vid att vara v\u00e4l f\u00f6rankrade i lokalsamh\u00e4llena. Vi str\u00e4var efter att skapa lokala marknader f\u00f6r v\u00e5ra produkter, \u00f6ka samarbetet och bidra till kunskapsuppbyggnad bland lokalbefolkning, f\u00f6retag, skolor och i civilsamh\u00e4llet. Vi vill \u00f6ka kunskapen runt havet och generativ havsodling.<\/p>\t\t\t\t\t\t\t\t\t\t\t\t\t\n\t\t\t\t\t\t\t<h3>7. Vi skalar ut snarare \u00e4n skalar upp<\/h3>\n\t\t\t\t\t\t\t<p>V\u00e5r ambition \u00e4r att etablera sm\u00e5 odlingsplatser i stort antal, och undvika storskaliga odlingar som \u00f6kar risken f\u00f6r negativ p\u00e5verkan p\u00e5 den marina milj\u00f6n. Med utskalning snarare \u00e4n uppskalning vill vi uppn\u00e5 samarbetsf\u00f6rdelar i v\u00e4rdekedjan f\u00f6r att s\u00e4nka kostnaderna och n\u00e5 nya marknader.<\/p>\t\t\t\t\t\t\t\t\t\t\t\t\t\n\t\t\t\t\t\t\t<h3>8. Vi f\u00f6rlitar oss p\u00e5 kunskap<\/h3>\n\t\t\t\t\t\t\t<p>V\u00e5r f\u00f6rst\u00e5else f\u00f6r havsmilj\u00f6n och dess resurser bygger p\u00e5 kunskap och vetenskapliga metoder. Vi samarbetar med kunskapsinstitutioner f\u00f6r att kontinuerligt kunna utveckla v\u00e5r verksamhet i en h\u00e5llbar riktning. Vi delar gener\u00f6st med oss av v\u00e5r kunskap s\u00e5 att regenerativ havsodling kan spridas vidare i lokalsamh\u00e4llen och ut i v\u00e4rlden, som vi \u00e4r en del av och vill vara f\u00f6rebilder f\u00f6r.<\/p>\t\t\t\t\t\t\t\t\t\t\t\t\t\n\t<a href=\"https:\/\/coolbluefuture.org\/sv\/pledge\/\" target=\"_self\" role=\"button\" aria-label=\"Ge ett l\u00f6fte till havet\" rel=\"noopener\">\n\t\t\t\t\t\tGe ett l\u00f6fte till havet\n\t\t\t\t\t<\/a>\n\t\t\t\t<img loading=\"lazy\" decoding=\"async\" src=\"https:\/\/coolbluefuture.org\/wp-content\/uploads\/2024\/02\/cool-blue-future-ocean-underwater-01.jpg\" alt=\"cool-blue-future-ocean-underwater-01\" itemprop=\"image\" height=\"1366\" width=\"2048\" title=\"cool-blue-future-ocean-underwater-01\" onerror=\"this.style.display='none'\"  \/>\n\t<a href=\"https:\/\/coolbluefuture.org\/wp-content\/uploads\/2024\/06\/Manifest_SE.pdf\" target=\"_self\" role=\"button\" download=\"Manifest_EN.pdf\" aria-label=\"Ladda ner Manifest\" rel=\"noopener\">\n\t\t\t\t\t\tLadda ner Manifest\n\t\t\t<\/a>\n<h2>\n\t\tOm manifestet\n\t<\/h2>\n<h3>\n\t\tBakgrund till manifestet\n\t<\/h3>\n\t<p>Omfattande m\u00e4nsklig p\u00e5verkan, s\u00e5som utsl\u00e4pp av n\u00e4rings\u00e4mnen, f\u00f6rst\u00f6rda livsmilj\u00f6er, havsf\u00f6rsurning och \u00f6verexploatering av vilda fiskbest\u00e5nd har p\u00e5g\u00e5tt under alltf\u00f6r l\u00e5ng tid. Framtiden kr\u00e4ver livsmedelsproduktion fr\u00e5n havet som g\u00e5r hand i hand med aktiv restaurering av f\u00f6rst\u00f6rda havsekosystem och som utg\u00e5r fr\u00e5n att m\u00e4nniskan existerar som en del av naturen i ett komplext n\u00e4tverk av relationer. Vi \u00e4r l\u00e5ngt f\u00f6rbi den punkt d\u00e4r det r\u00e4cker med att g\u00f6ra s\u00e5 lite skada som m\u00f6jligt. Sj\u00e4lva logiken i den marina livsmedelsproduktionen m\u00e5ste v\u00e4ndas upp och ner. Negativ p\u00e5verkan \u00e4r inte l\u00e4ngre acceptabel. Noll p\u00e5verkan \u00e4r inte l\u00e4ngre tillr\u00e4ckligt.<\/p>\n<h3>\n\t\tV\u00e5r vision f\u00f6r livsmedelsproduktion fr\u00e5n havet\n\t<\/h3>\n\t<p>Vi \u00e4r marina kolonilottsf\u00f6reningar, marina entrepren\u00f6rer, lokala f\u00f6retag, universitet, fiskare och intresseorganisationer med ett gemensamt v\u00e4gledande ideal och en enande vision f\u00f6r framtiden. Med v\u00e5ra havsodlingar vill vi ge mer tillbaka till havet \u00e4n vad vi tar. Med detta i \u00e5tanke har vi formulerat \u00e5tta gemensamma principer f\u00f6r den framtida regenerativa odlingen i havet och dess sk\u00f6rd. Principerna f\u00f6ljer FN:s globala milj\u00f6m\u00e5l f\u00f6r h\u00e5llbar utveckling, vilket inneb\u00e4r att alla regenerativa odlingsinitiativ m\u00e5ste balansera mellan milj\u00f6m\u00e4ssig och social h\u00e5llbarhet inom ramen f\u00f6r en sund och h\u00e4lsosam ekonomi.<\/p>\n<h3>\n\t\tV\u00e5r definition av regenerativ havsbaserad odling\n\t<\/h3>\n\t<p>Vi f\u00f6rst\u00e5r regenerativ havsodling som odling av \u00e4tliga vattenlevande arter p\u00e5 ett s\u00e5dant s\u00e4tt att odlingen har en \u00f6vergripande positiv nettop\u00e5verkan p\u00e5 de marina ekosystemen.<\/p>\n\t<a href=\"https:\/\/coolbluefuture.org\/sv\/pledge\/\" target=\"_self\" role=\"button\" aria-label=\"Ge ett l\u00f6fte till havet\" rel=\"noopener\">\n\t\t\t\t\t\tGe ett l\u00f6fte till havet\n\t\t\t\t\t<\/a>\n<h3>\n\t\tEn ramme for regenerativ havsodling\n\t<\/h3>\n\t<p>Our friends at C-Faarer have put together a coherent framework to help us all better understand what lies at the core of regenerative ocean farming. Here you will find &#8211; among other exciting stuff &#8211; an overview over the benefits of regenerative ocean farming and regenerative methods.<\/p>\n<p><a href=\"https:\/\/www.c-faarer.eu\/news-and-blog\/conceptual-framework\" target=\"_blank\" rel=\"noopener\">L\u00e4s mer och ladda ner hela dokumentet h\u00e4r<\/a><\/p>","protected":false},"excerpt":{"rendered":"<p>Manifesto of regenerative ocean farming 1. We produce food We have given ourselves the primary task of combining aquatic food production with active regeneration of the marine environment. As they grow our crops offer ecosystem services, such as nutrient absorption, increased biodiversity, binding of carbon dioxide, and other forms of mitigation against human-induced environmental harm,&hellip;<\/p>","protected":false},"author":2,"featured_media":0,"parent":0,"menu_order":0,"comment_status":"closed","ping_status":"closed","template":"","meta":{"_acf_changed":false,"footnotes":""},"class_list":["post-41","page","type-page","status-publish","hentry"],"acf":[],"yoast_head":"<!-- This site is optimized with the Yoast SEO plugin v27.4 - https:\/\/yoast.com\/product\/yoast-seo-wordpress\/ -->\n<title>Manifesto - Cool Blue Future<\/title>\n<meta name=\"robots\" content=\"index, follow, max-snippet:-1, max-image-preview:large, max-video-preview:-1\" \/>\n<link rel=\"canonical\" href=\"https:\/\/coolbluefuture.org\/sv\/manifesto\/\" \/>\n<meta property=\"og:locale\" content=\"sv_SE\" \/>\n<meta property=\"og:type\" content=\"article\" \/>\n<meta property=\"og:title\" content=\"Manifesto - Cool Blue Future\" \/>\n<meta property=\"og:description\" content=\"Manifesto of regenerative ocean farming 1. We produce food We have given ourselves the primary task of combining aquatic food production with active regeneration of the marine environment. As they grow our crops offer ecosystem services, such as nutrient absorption, increased biodiversity, binding of carbon dioxide, and other forms of mitigation against human-induced environmental harm,&hellip;\" \/>\n<meta property=\"og:url\" content=\"https:\/\/coolbluefuture.org\/sv\/manifesto\/\" \/>\n<meta property=\"og:site_name\" content=\"Cool Blue Future\" \/>\n<meta property=\"article:modified_time\" content=\"2024-11-05T13:45:19+00:00\" \/>\n<meta property=\"og:image\" content=\"https:\/\/coolbluefuture.org\/wp-content\/uploads\/2024\/02\/cool-blue-future-ocean-underwater-01.jpg\" \/>\n<meta name=\"twitter:card\" content=\"summary_large_image\" \/>\n<meta name=\"twitter:label1\" content=\"Ber\u00e4knad l\u00e4stid\" \/>\n\t<meta name=\"twitter:data1\" content=\"5 minuter\" \/>\n<script type=\"application\/ld+json\" class=\"yoast-schema-graph\">{\"@context\":\"https:\\\/\\\/schema.org\",\"@graph\":[{\"@type\":\"WebPage\",\"@id\":\"https:\\\/\\\/coolbluefuture.org\\\/manifesto\\\/\",\"url\":\"https:\\\/\\\/coolbluefuture.org\\\/manifesto\\\/\",\"name\":\"Manifesto - Cool Blue Future\",\"isPartOf\":{\"@id\":\"https:\\\/\\\/coolbluefuture.org\\\/#website\"},\"primaryImageOfPage\":{\"@id\":\"https:\\\/\\\/coolbluefuture.org\\\/manifesto\\\/#primaryimage\"},\"image\":{\"@id\":\"https:\\\/\\\/coolbluefuture.org\\\/manifesto\\\/#primaryimage\"},\"thumbnailUrl\":\"https:\\\/\\\/coolbluefuture.org\\\/wp-content\\\/uploads\\\/2024\\\/02\\\/cool-blue-future-ocean-underwater-01.jpg\",\"datePublished\":\"2024-03-19T08:15:27+00:00\",\"dateModified\":\"2024-11-05T13:45:19+00:00\",\"breadcrumb\":{\"@id\":\"https:\\\/\\\/coolbluefuture.org\\\/manifesto\\\/#breadcrumb\"},\"inLanguage\":\"sv-SE\",\"potentialAction\":[{\"@type\":\"ReadAction\",\"target\":[\"https:\\\/\\\/coolbluefuture.org\\\/manifesto\\\/\"]}]},{\"@type\":\"ImageObject\",\"inLanguage\":\"sv-SE\",\"@id\":\"https:\\\/\\\/coolbluefuture.org\\\/manifesto\\\/#primaryimage\",\"url\":\"https:\\\/\\\/coolbluefuture.org\\\/wp-content\\\/uploads\\\/2024\\\/02\\\/cool-blue-future-ocean-underwater-01.jpg\",\"contentUrl\":\"https:\\\/\\\/coolbluefuture.org\\\/wp-content\\\/uploads\\\/2024\\\/02\\\/cool-blue-future-ocean-underwater-01.jpg\"},{\"@type\":\"BreadcrumbList\",\"@id\":\"https:\\\/\\\/coolbluefuture.org\\\/manifesto\\\/#breadcrumb\",\"itemListElement\":[{\"@type\":\"ListItem\",\"position\":1,\"name\":\"Home\",\"item\":\"https:\\\/\\\/coolbluefuture.org\\\/\"},{\"@type\":\"ListItem\",\"position\":2,\"name\":\"Manifesto\"}]},{\"@type\":\"WebSite\",\"@id\":\"https:\\\/\\\/coolbluefuture.org\\\/#website\",\"url\":\"https:\\\/\\\/coolbluefuture.org\\\/\",\"name\":\"Cool Blue Future\",\"description\":\"A platform for blue community enterprise\",\"potentialAction\":[{\"@type\":\"SearchAction\",\"target\":{\"@type\":\"EntryPoint\",\"urlTemplate\":\"https:\\\/\\\/coolbluefuture.org\\\/?s={search_term_string}\"},\"query-input\":{\"@type\":\"PropertyValueSpecification\",\"valueRequired\":true,\"valueName\":\"search_term_string\"}}],\"inLanguage\":\"sv-SE\"}]}<\/script>\n<!-- \/ Yoast SEO plugin. -->","yoast_head_json":{"title":"Manifesto - Cool Blue Future","robots":{"index":"index","follow":"follow","max-snippet":"max-snippet:-1","max-image-preview":"max-image-preview:large","max-video-preview":"max-video-preview:-1"},"canonical":"https:\/\/coolbluefuture.org\/sv\/manifesto\/","og_locale":"sv_SE","og_type":"article","og_title":"Manifesto - Cool Blue Future","og_description":"Manifesto of regenerative ocean farming 1. We produce food We have given ourselves the primary task of combining aquatic food production with active regeneration of the marine environment. As they grow our crops offer ecosystem services, such as nutrient absorption, increased biodiversity, binding of carbon dioxide, and other forms of mitigation against human-induced environmental harm,&hellip;","og_url":"https:\/\/coolbluefuture.org\/sv\/manifesto\/","og_site_name":"Cool Blue Future","article_modified_time":"2024-11-05T13:45:19+00:00","og_image":[{"url":"https:\/\/coolbluefuture.org\/wp-content\/uploads\/2024\/02\/cool-blue-future-ocean-underwater-01.jpg","type":"","width":"","height":""}],"twitter_card":"summary_large_image","twitter_misc":{"Ber\u00e4knad l\u00e4stid":"5 minuter"},"schema":{"@context":"https:\/\/schema.org","@graph":[{"@type":"WebPage","@id":"https:\/\/coolbluefuture.org\/manifesto\/","url":"https:\/\/coolbluefuture.org\/manifesto\/","name":"Manifesto - Cool Blue Future","isPartOf":{"@id":"https:\/\/coolbluefuture.org\/#website"},"primaryImageOfPage":{"@id":"https:\/\/coolbluefuture.org\/manifesto\/#primaryimage"},"image":{"@id":"https:\/\/coolbluefuture.org\/manifesto\/#primaryimage"},"thumbnailUrl":"https:\/\/coolbluefuture.org\/wp-content\/uploads\/2024\/02\/cool-blue-future-ocean-underwater-01.jpg","datePublished":"2024-03-19T08:15:27+00:00","dateModified":"2024-11-05T13:45:19+00:00","breadcrumb":{"@id":"https:\/\/coolbluefuture.org\/manifesto\/#breadcrumb"},"inLanguage":"sv-SE","potentialAction":[{"@type":"ReadAction","target":["https:\/\/coolbluefuture.org\/manifesto\/"]}]},{"@type":"ImageObject","inLanguage":"sv-SE","@id":"https:\/\/coolbluefuture.org\/manifesto\/#primaryimage","url":"https:\/\/coolbluefuture.org\/wp-content\/uploads\/2024\/02\/cool-blue-future-ocean-underwater-01.jpg","contentUrl":"https:\/\/coolbluefuture.org\/wp-content\/uploads\/2024\/02\/cool-blue-future-ocean-underwater-01.jpg"},{"@type":"BreadcrumbList","@id":"https:\/\/coolbluefuture.org\/manifesto\/#breadcrumb","itemListElement":[{"@type":"ListItem","position":1,"name":"Home","item":"https:\/\/coolbluefuture.org\/"},{"@type":"ListItem","position":2,"name":"Manifesto"}]},{"@type":"WebSite","@id":"https:\/\/coolbluefuture.org\/#website","url":"https:\/\/coolbluefuture.org\/","name":"Cool Blue Future","description":"A platform for blue community enterprise","potentialAction":[{"@type":"SearchAction","target":{"@type":"EntryPoint","urlTemplate":"https:\/\/coolbluefuture.org\/?s={search_term_string}"},"query-input":{"@type":"PropertyValueSpecification","valueRequired":true,"valueName":"search_term_string"}}],"inLanguage":"sv-SE"}]}},"_links":{"self":[{"href":"https:\/\/coolbluefuture.org\/sv\/wp-json\/wp\/v2\/pages\/41","targetHints":{"allow":["GET"]}}],"collection":[{"href":"https:\/\/coolbluefuture.org\/sv\/wp-json\/wp\/v2\/pages"}],"about":[{"href":"https:\/\/coolbluefuture.org\/sv\/wp-json\/wp\/v2\/types\/page"}],"author":[{"embeddable":true,"href":"https:\/\/coolbluefuture.org\/sv\/wp-json\/wp\/v2\/users\/2"}],"replies":[{"embeddable":true,"href":"https:\/\/coolbluefuture.org\/sv\/wp-json\/wp\/v2\/comments?post=41"}],"version-history":[{"count":0,"href":"https:\/\/coolbluefuture.org\/sv\/wp-json\/wp\/v2\/pages\/41\/revisions"}],"wp:attachment":[{"href":"https:\/\/coolbluefuture.org\/sv\/wp-json\/wp\/v2\/media?parent=41"}],"curies":[{"name":"wp","href":"https:\/\/api.w.org\/{rel}","templated":true}]}}