{"id":464,"date":"2024-06-06T16:20:42","date_gmt":"2024-06-06T14:20:42","guid":{"rendered":"https:\/\/coolbluefuture.org\/?page_id=464"},"modified":"2024-08-14T10:49:41","modified_gmt":"2024-08-14T08:49:41","slug":"cassandra-from-ten-island-seafarm","status":"publish","type":"page","link":"https:\/\/coolbluefuture.org\/sv\/meet-the-farmers\/cassandra-from-ten-island-seafarm\/","title":{"rendered":"Cassandra from Ten Island Seafarm"},"content":{"rendered":"<h1>\n\t\tCassandra fr\u00e5n Ten Island Seafarm (Sverige)\n\t<\/h1>\n\t<p>Cassandra har en liten t\u00e5ngodling i sk\u00e4rg\u00e5rden norr om G\u00f6teborg, d\u00e4r hon har odlat t\u00e5ng sedan 2020. Hon anv\u00e4nder sin paddelbr\u00e4da f\u00f6r att underh\u00e5lla t\u00e5ngf\u00e4ltet och sk\u00f6rda gr\u00f6dor, och \u00e4ven om hon fortfarande har ett riktigt jobb p\u00e5 land dr\u00f6mmer hon om att en dag f\u00e5 m\u00f6jlighet att f\u00f6rverkliga n\u00e5gra av de hundratals id\u00e9er hon har f\u00f6r att anv\u00e4nda t\u00e5ng i v\u00e5r matkultur.<\/p>\n\t\n\n\n\n\n\n\n\n\n\n<div class=\"fl-builder-content fl-builder-content-431 fl-builder-template fl-builder-module-template fl-builder-global-templates-locked\" data-post-id=\"431\"><div class=\"fl-module fl-module-pp-video fl-node-gisxuaonl4yj\" data-node=\"gisxuaonl4yj\">\n\t<div class=\"fl-module-content fl-node-content\">\n\t\t\n<div class=\"pp-video-wrapper pp-video-source-youtube pp-aspect-ratio-169\">\n\t\t<div class=\"pp-fit-aspect-ratio\">\n\t<iframe class=\"pp-video-iframe\" allowfullscreen allow=\"autoplay\" data-src=\"https:\/\/www.youtube-nocookie.com\/embed\/ZHhKGceLx1Q?feature=oembed&amp;start&amp;end&amp;wmode=opaque&amp;loop=0&amp;controls=1&amp;mute=0&amp;rel=0&amp;modestbranding=1\"><\/iframe>\t\t<div class=\"pp-video-image-overlay\" style=\"background-image: url(https:\/\/coolbluefuture.org\/wp-content\/uploads\/2024\/06\/video-cover-3.jpg);\">\n\t\t\t\t\t\t\t\t\t\t<div class=\"pp-video-play-icon\" role=\"button\" tabindex=\"0\">\n\t\t\t\t\t<svg version=\"1.1\" xmlns=\"http:\/\/www.w3.org\/2000\/svg\" xmlns:xlink=\"http:\/\/www.w3.org\/1999\/xlink\" x=\"0px\" y=\"0px\"\r\n\t viewbox=\"0 0 415.346 415.346\" xml:space=\"preserve\" aria-hidden=\"true\">\r\n\t<g>\r\n\t\t<path d=\"M41.712,415.346c-11.763,0-21.3-9.537-21.3-21.3V21.299C20.412,9.536,29.949,0,41.712,0l346.122,191.697\t\t\tc0,0,15.975,15.975,0,31.951C371.859,239.622,41.712,415.346,41.712,415.346z\"\/>\r\n\t<\/g>\r\n<\/svg>\r\n\t\t\t\t\t<span class=\"pp-screen-only\">Play Video<\/span>\n\t\t\t\t<\/div>\n\t\t\t\t\t<\/div>\n\t\t<\/div>\n<\/div>\n\n\t<\/div>\n<\/div>\n<\/div>\n\n\n\t<a href=\"https:\/\/coolbluefuture.org\/sv\/meet-the-farmers\/\" target=\"_self\" role=\"button\" aria-label=\"Tr\u00e4ffa de andra havsb\u00f6nderna\" rel=\"noopener\">\n\t\t\t\t\t\tTr\u00e4ffa de andra havsb\u00f6nderna\n\t\t\t\t\t<\/a>\n\t<p><a href=\"https:\/\/www.greenwave.org\/who-farms-matters\" target=\"_blank\" rel=\"noopener\">Tr\u00e4ffa fler havsodlare<\/a> som presenteras av v\u00e5ra v\u00e4nner p\u00e5 GreenWave.<\/p>","protected":false},"excerpt":{"rendered":"<p>Cassandra from Ten Island Seafarm (Sweden) Cassandra has a small seaweed farm in the archipelago north of Gothenburg, where she has been growing seaweed since 2020. She uses her paddleboard to maintain the sea field and harvest crops, and although she still has a real job on land, she dreams of one day will have&hellip;<\/p>","protected":false},"author":2,"featured_media":0,"parent":363,"menu_order":0,"comment_status":"closed","ping_status":"closed","template":"","meta":{"_acf_changed":false,"footnotes":""},"class_list":["post-464","page","type-page","status-publish","hentry"],"acf":[],"yoast_head":"<!-- This site is optimized with the Yoast SEO plugin v27.2 - https:\/\/yoast.com\/product\/yoast-seo-wordpress\/ -->\n<title>Cassandra from Ten Island Seafarm - Cool Blue Future<\/title>\n<meta name=\"robots\" content=\"index, follow, max-snippet:-1, max-image-preview:large, max-video-preview:-1\" \/>\n<link rel=\"canonical\" href=\"https:\/\/coolbluefuture.org\/sv\/meet-the-farmers\/cassandra-from-ten-island-seafarm\/\" \/>\n<meta property=\"og:locale\" content=\"sv_SE\" \/>\n<meta property=\"og:type\" content=\"article\" \/>\n<meta property=\"og:title\" content=\"Cassandra from Ten Island Seafarm - Cool Blue Future\" \/>\n<meta property=\"og:description\" content=\"Cassandra from Ten Island Seafarm (Sweden) Cassandra has a small seaweed farm in the archipelago north of Gothenburg, where she has been growing seaweed since 2020. She uses her paddleboard to maintain the sea field and harvest crops, and although she still has a real job on land, she dreams of one day will have&hellip;\" \/>\n<meta property=\"og:url\" content=\"https:\/\/coolbluefuture.org\/sv\/meet-the-farmers\/cassandra-from-ten-island-seafarm\/\" \/>\n<meta property=\"og:site_name\" content=\"Cool Blue Future\" \/>\n<meta property=\"article:modified_time\" content=\"2024-08-14T08:49:41+00:00\" \/>\n<meta property=\"og:image\" content=\"https:\/\/coolbluefuture.org\/wp-content\/uploads\/2024\/06\/cbf-social-share.jpg\" \/>\n\t<meta property=\"og:image:width\" content=\"1200\" \/>\n\t<meta property=\"og:image:height\" content=\"675\" \/>\n\t<meta property=\"og:image:type\" content=\"image\/jpeg\" \/>\n<meta name=\"twitter:card\" content=\"summary_large_image\" \/>\n<script type=\"application\/ld+json\" class=\"yoast-schema-graph\">{\"@context\":\"https:\/\/schema.org\",\"@graph\":[{\"@type\":\"WebPage\",\"@id\":\"https:\/\/coolbluefuture.org\/meet-the-farmers\/cassandra-from-ten-island-seafarm\/\",\"url\":\"https:\/\/coolbluefuture.org\/meet-the-farmers\/cassandra-from-ten-island-seafarm\/\",\"name\":\"Cassandra from Ten Island Seafarm - Cool Blue Future\",\"isPartOf\":{\"@id\":\"https:\/\/coolbluefuture.org\/#website\"},\"datePublished\":\"2024-06-06T14:20:42+00:00\",\"dateModified\":\"2024-08-14T08:49:41+00:00\",\"breadcrumb\":{\"@id\":\"https:\/\/coolbluefuture.org\/meet-the-farmers\/cassandra-from-ten-island-seafarm\/#breadcrumb\"},\"inLanguage\":\"sv-SE\",\"potentialAction\":[{\"@type\":\"ReadAction\",\"target\":[\"https:\/\/coolbluefuture.org\/meet-the-farmers\/cassandra-from-ten-island-seafarm\/\"]}]},{\"@type\":\"BreadcrumbList\",\"@id\":\"https:\/\/coolbluefuture.org\/meet-the-farmers\/cassandra-from-ten-island-seafarm\/#breadcrumb\",\"itemListElement\":[{\"@type\":\"ListItem\",\"position\":1,\"name\":\"Home\",\"item\":\"https:\/\/coolbluefuture.org\/\"},{\"@type\":\"ListItem\",\"position\":2,\"name\":\"Meet the farmers\",\"item\":\"https:\/\/coolbluefuture.org\/meet-the-farmers\/\"},{\"@type\":\"ListItem\",\"position\":3,\"name\":\"Cassandra from Ten Island Seafarm\"}]},{\"@type\":\"WebSite\",\"@id\":\"https:\/\/coolbluefuture.org\/#website\",\"url\":\"https:\/\/coolbluefuture.org\/\",\"name\":\"Cool Blue Future\",\"description\":\"A platform for blue community enterprise\",\"potentialAction\":[{\"@type\":\"SearchAction\",\"target\":{\"@type\":\"EntryPoint\",\"urlTemplate\":\"https:\/\/coolbluefuture.org\/?s={search_term_string}\"},\"query-input\":{\"@type\":\"PropertyValueSpecification\",\"valueRequired\":true,\"valueName\":\"search_term_string\"}}],\"inLanguage\":\"sv-SE\"}]}<\/script>\n<!-- \/ Yoast SEO plugin. -->","yoast_head_json":{"title":"Cassandra from Ten Island Seafarm - Cool Blue Future","robots":{"index":"index","follow":"follow","max-snippet":"max-snippet:-1","max-image-preview":"max-image-preview:large","max-video-preview":"max-video-preview:-1"},"canonical":"https:\/\/coolbluefuture.org\/sv\/meet-the-farmers\/cassandra-from-ten-island-seafarm\/","og_locale":"sv_SE","og_type":"article","og_title":"Cassandra from Ten Island Seafarm - Cool Blue Future","og_description":"Cassandra from Ten Island Seafarm (Sweden) Cassandra has a small seaweed farm in the archipelago north of Gothenburg, where she has been growing seaweed since 2020. She uses her paddleboard to maintain the sea field and harvest crops, and although she still has a real job on land, she dreams of one day will have&hellip;","og_url":"https:\/\/coolbluefuture.org\/sv\/meet-the-farmers\/cassandra-from-ten-island-seafarm\/","og_site_name":"Cool Blue Future","article_modified_time":"2024-08-14T08:49:41+00:00","og_image":[{"width":1200,"height":675,"url":"https:\/\/coolbluefuture.org\/wp-content\/uploads\/2024\/06\/cbf-social-share.jpg","type":"image\/jpeg"}],"twitter_card":"summary_large_image","schema":{"@context":"https:\/\/schema.org","@graph":[{"@type":"WebPage","@id":"https:\/\/coolbluefuture.org\/meet-the-farmers\/cassandra-from-ten-island-seafarm\/","url":"https:\/\/coolbluefuture.org\/meet-the-farmers\/cassandra-from-ten-island-seafarm\/","name":"Cassandra from Ten Island Seafarm - Cool Blue Future","isPartOf":{"@id":"https:\/\/coolbluefuture.org\/#website"},"datePublished":"2024-06-06T14:20:42+00:00","dateModified":"2024-08-14T08:49:41+00:00","breadcrumb":{"@id":"https:\/\/coolbluefuture.org\/meet-the-farmers\/cassandra-from-ten-island-seafarm\/#breadcrumb"},"inLanguage":"sv-SE","potentialAction":[{"@type":"ReadAction","target":["https:\/\/coolbluefuture.org\/meet-the-farmers\/cassandra-from-ten-island-seafarm\/"]}]},{"@type":"BreadcrumbList","@id":"https:\/\/coolbluefuture.org\/meet-the-farmers\/cassandra-from-ten-island-seafarm\/#breadcrumb","itemListElement":[{"@type":"ListItem","position":1,"name":"Home","item":"https:\/\/coolbluefuture.org\/"},{"@type":"ListItem","position":2,"name":"Meet the farmers","item":"https:\/\/coolbluefuture.org\/meet-the-farmers\/"},{"@type":"ListItem","position":3,"name":"Cassandra from Ten Island Seafarm"}]},{"@type":"WebSite","@id":"https:\/\/coolbluefuture.org\/#website","url":"https:\/\/coolbluefuture.org\/","name":"Cool Blue Future","description":"A platform for blue community enterprise","potentialAction":[{"@type":"SearchAction","target":{"@type":"EntryPoint","urlTemplate":"https:\/\/coolbluefuture.org\/?s={search_term_string}"},"query-input":{"@type":"PropertyValueSpecification","valueRequired":true,"valueName":"search_term_string"}}],"inLanguage":"sv-SE"}]}},"_links":{"self":[{"href":"https:\/\/coolbluefuture.org\/sv\/wp-json\/wp\/v2\/pages\/464","targetHints":{"allow":["GET"]}}],"collection":[{"href":"https:\/\/coolbluefuture.org\/sv\/wp-json\/wp\/v2\/pages"}],"about":[{"href":"https:\/\/coolbluefuture.org\/sv\/wp-json\/wp\/v2\/types\/page"}],"author":[{"embeddable":true,"href":"https:\/\/coolbluefuture.org\/sv\/wp-json\/wp\/v2\/users\/2"}],"replies":[{"embeddable":true,"href":"https:\/\/coolbluefuture.org\/sv\/wp-json\/wp\/v2\/comments?post=464"}],"version-history":[{"count":0,"href":"https:\/\/coolbluefuture.org\/sv\/wp-json\/wp\/v2\/pages\/464\/revisions"}],"up":[{"embeddable":true,"href":"https:\/\/coolbluefuture.org\/sv\/wp-json\/wp\/v2\/pages\/363"}],"wp:attachment":[{"href":"https:\/\/coolbluefuture.org\/sv\/wp-json\/wp\/v2\/media?parent=464"}],"curies":[{"name":"wp","href":"https:\/\/api.w.org\/{rel}","templated":true}]}}