{"id":644,"date":"2024-11-21T17:48:54","date_gmt":"2024-11-21T16:48:54","guid":{"rendered":"https:\/\/coolbluefuture.org\/?page_id=644"},"modified":"2025-03-17T16:00:44","modified_gmt":"2025-03-17T15:00:44","slug":"niklas-from-stigfjordens-andelsodlingar","status":"publish","type":"page","link":"https:\/\/coolbluefuture.org\/sv\/meet-the-farmers\/niklas-from-stigfjordens-andelsodlingar\/","title":{"rendered":"Niklas from Stigfjordens Andelsodlingar"},"content":{"rendered":"<h1>\n\t\tNiklas from Stigfjordens Andelsodlingar (Sweden)\n\t<\/h1>\n\t<p>Niklas is the man behind Stigfjordens Andelsodling, which grows mussels in a protected cove just north of Gothenburg. In practice, the cultivation consists of two floating triangular structures from which the mussels hang &#8211; simple enough and very well-functioning. What&#8217;s unique about Niklas&#8217; approach to regenerative ocean farming is that he has used his co-operative approach to get the whole community involved in the project, which today provides fresh mussels to the co-op members, but also has a goal of one day being able to produce mussels commercially.<\/p>\n\t\n\n\n\n\n\n\n\n\n\n\n<div class=\"fl-builder-content fl-builder-content-656 fl-builder-template fl-builder-module-template fl-builder-global-templates-locked\" data-post-id=\"656\"><div class=\"fl-module fl-module-pp-video fl-node-2yowxb6mnh7l\" data-node=\"2yowxb6mnh7l\">\n\t<div class=\"fl-module-content fl-node-content\">\n\t\t\n<div class=\"pp-video-wrapper pp-video-source-youtube pp-aspect-ratio-169\">\n\t\t<div class=\"pp-fit-aspect-ratio\">\n\t<iframe class=\"pp-video-iframe\" allowfullscreen allow=\"autoplay\" data-src=\"https:\/\/www.youtube-nocookie.com\/embed\/MXST0377Bm8?feature=oembed&amp;start&amp;end&amp;wmode=opaque&amp;loop=0&amp;controls=1&amp;mute=0&amp;rel=0&amp;modestbranding=1\"><\/iframe>\t\t<div class=\"pp-video-image-overlay\" style=\"background-image: url(https:\/\/coolbluefuture.org\/wp-content\/uploads\/2024\/10\/stigfjorden-cover.jpg);\">\n\t\t\t\t\t\t\t\t\t\t<div class=\"pp-video-play-icon\" role=\"button\" tabindex=\"0\">\n\t\t\t\t\t<svg version=\"1.1\" xmlns=\"http:\/\/www.w3.org\/2000\/svg\" xmlns:xlink=\"http:\/\/www.w3.org\/1999\/xlink\" x=\"0px\" y=\"0px\"\r\n\t viewbox=\"0 0 415.346 415.346\" xml:space=\"preserve\" aria-hidden=\"true\">\r\n\t<g>\r\n\t\t<path d=\"M41.712,415.346c-11.763,0-21.3-9.537-21.3-21.3V21.299C20.412,9.536,29.949,0,41.712,0l346.122,191.697\t\t\tc0,0,15.975,15.975,0,31.951C371.859,239.622,41.712,415.346,41.712,415.346z\"\/>\r\n\t<\/g>\r\n<\/svg>\r\n\t\t\t\t\t<span class=\"pp-screen-only\">Play Video<\/span>\n\t\t\t\t<\/div>\n\t\t\t\t\t<\/div>\n\t\t<\/div>\n<\/div>\n\n\t<\/div>\n<\/div>\n<\/div>\n\n\t<p><a href=\"https:\/\/www.greenwave.org\/who-farms-matters\" target=\"_blank\" rel=\"noopener\">Tr\u00e4ffa fler havsodlare<\/a> som presenteras av v\u00e5ra v\u00e4nner p\u00e5 GreenWave.<\/p>","protected":false},"excerpt":{"rendered":"<p>Niklas from Stigfjordens Andelsodlingar (Sweden) Niklas is the man behind Stigfjordens Andelsodling, which grows mussels in a protected cove just north of Gothenburg. In practice, the cultivation consists of two floating triangular structures from which the mussels hang &#8211; simple enough and very well-functioning. What&#8217;s unique about Niklas&#8217; approach to regenerative ocean farming is that&hellip;<\/p>","protected":false},"author":2,"featured_media":0,"parent":363,"menu_order":0,"comment_status":"closed","ping_status":"closed","template":"","meta":{"_acf_changed":false,"footnotes":""},"class_list":["post-644","page","type-page","status-publish","hentry"],"acf":[],"yoast_head":"<!-- This site is optimized with the Yoast SEO plugin v27.2 - https:\/\/yoast.com\/product\/yoast-seo-wordpress\/ -->\n<title>Niklas from Stigfjordens Andelsodlingar - Cool Blue Future<\/title>\n<meta name=\"robots\" content=\"index, follow, max-snippet:-1, max-image-preview:large, max-video-preview:-1\" \/>\n<link rel=\"canonical\" href=\"https:\/\/coolbluefuture.org\/sv\/meet-the-farmers\/niklas-from-stigfjordens-andelsodlingar\/\" \/>\n<meta property=\"og:locale\" content=\"sv_SE\" \/>\n<meta property=\"og:type\" content=\"article\" \/>\n<meta property=\"og:title\" content=\"Niklas from Stigfjordens Andelsodlingar - Cool Blue Future\" \/>\n<meta property=\"og:description\" content=\"Niklas from Stigfjordens Andelsodlingar (Sweden) Niklas is the man behind Stigfjordens Andelsodling, which grows mussels in a protected cove just north of Gothenburg. In practice, the cultivation consists of two floating triangular structures from which the mussels hang &#8211; simple enough and very well-functioning. What&#8217;s unique about Niklas&#8217; approach to regenerative ocean farming is that&hellip;\" \/>\n<meta property=\"og:url\" content=\"https:\/\/coolbluefuture.org\/sv\/meet-the-farmers\/niklas-from-stigfjordens-andelsodlingar\/\" \/>\n<meta property=\"og:site_name\" content=\"Cool Blue Future\" \/>\n<meta property=\"article:modified_time\" content=\"2025-03-17T15:00:44+00:00\" \/>\n<meta property=\"og:image\" content=\"https:\/\/coolbluefuture.org\/wp-content\/uploads\/2024\/06\/cbf-social-share.jpg\" \/>\n\t<meta property=\"og:image:width\" content=\"1200\" \/>\n\t<meta property=\"og:image:height\" content=\"675\" \/>\n\t<meta property=\"og:image:type\" content=\"image\/jpeg\" \/>\n<meta name=\"twitter:card\" content=\"summary_large_image\" \/>\n<meta name=\"twitter:label1\" content=\"Ber\u00e4knad l\u00e4stid\" \/>\n\t<meta name=\"twitter:data1\" content=\"1 minut\" \/>\n<script type=\"application\/ld+json\" class=\"yoast-schema-graph\">{\"@context\":\"https:\/\/schema.org\",\"@graph\":[{\"@type\":\"WebPage\",\"@id\":\"https:\/\/coolbluefuture.org\/meet-the-farmers\/niklas-from-stigfjordens-andelsodlingar\/\",\"url\":\"https:\/\/coolbluefuture.org\/meet-the-farmers\/niklas-from-stigfjordens-andelsodlingar\/\",\"name\":\"Niklas from Stigfjordens Andelsodlingar - Cool Blue Future\",\"isPartOf\":{\"@id\":\"https:\/\/coolbluefuture.org\/#website\"},\"datePublished\":\"2024-11-21T16:48:54+00:00\",\"dateModified\":\"2025-03-17T15:00:44+00:00\",\"breadcrumb\":{\"@id\":\"https:\/\/coolbluefuture.org\/meet-the-farmers\/niklas-from-stigfjordens-andelsodlingar\/#breadcrumb\"},\"inLanguage\":\"sv-SE\",\"potentialAction\":[{\"@type\":\"ReadAction\",\"target\":[\"https:\/\/coolbluefuture.org\/meet-the-farmers\/niklas-from-stigfjordens-andelsodlingar\/\"]}]},{\"@type\":\"BreadcrumbList\",\"@id\":\"https:\/\/coolbluefuture.org\/meet-the-farmers\/niklas-from-stigfjordens-andelsodlingar\/#breadcrumb\",\"itemListElement\":[{\"@type\":\"ListItem\",\"position\":1,\"name\":\"Home\",\"item\":\"https:\/\/coolbluefuture.org\/\"},{\"@type\":\"ListItem\",\"position\":2,\"name\":\"Meet the farmers\",\"item\":\"https:\/\/coolbluefuture.org\/meet-the-farmers\/\"},{\"@type\":\"ListItem\",\"position\":3,\"name\":\"Niklas from Stigfjordens Andelsodlingar\"}]},{\"@type\":\"WebSite\",\"@id\":\"https:\/\/coolbluefuture.org\/#website\",\"url\":\"https:\/\/coolbluefuture.org\/\",\"name\":\"Cool Blue Future\",\"description\":\"A platform for blue community enterprise\",\"potentialAction\":[{\"@type\":\"SearchAction\",\"target\":{\"@type\":\"EntryPoint\",\"urlTemplate\":\"https:\/\/coolbluefuture.org\/?s={search_term_string}\"},\"query-input\":{\"@type\":\"PropertyValueSpecification\",\"valueRequired\":true,\"valueName\":\"search_term_string\"}}],\"inLanguage\":\"sv-SE\"}]}<\/script>\n<!-- \/ Yoast SEO plugin. -->","yoast_head_json":{"title":"Niklas from Stigfjordens Andelsodlingar - Cool Blue Future","robots":{"index":"index","follow":"follow","max-snippet":"max-snippet:-1","max-image-preview":"max-image-preview:large","max-video-preview":"max-video-preview:-1"},"canonical":"https:\/\/coolbluefuture.org\/sv\/meet-the-farmers\/niklas-from-stigfjordens-andelsodlingar\/","og_locale":"sv_SE","og_type":"article","og_title":"Niklas from Stigfjordens Andelsodlingar - Cool Blue Future","og_description":"Niklas from Stigfjordens Andelsodlingar (Sweden) Niklas is the man behind Stigfjordens Andelsodling, which grows mussels in a protected cove just north of Gothenburg. In practice, the cultivation consists of two floating triangular structures from which the mussels hang &#8211; simple enough and very well-functioning. What&#8217;s unique about Niklas&#8217; approach to regenerative ocean farming is that&hellip;","og_url":"https:\/\/coolbluefuture.org\/sv\/meet-the-farmers\/niklas-from-stigfjordens-andelsodlingar\/","og_site_name":"Cool Blue Future","article_modified_time":"2025-03-17T15:00:44+00:00","og_image":[{"width":1200,"height":675,"url":"https:\/\/coolbluefuture.org\/wp-content\/uploads\/2024\/06\/cbf-social-share.jpg","type":"image\/jpeg"}],"twitter_card":"summary_large_image","twitter_misc":{"Ber\u00e4knad l\u00e4stid":"1 minut"},"schema":{"@context":"https:\/\/schema.org","@graph":[{"@type":"WebPage","@id":"https:\/\/coolbluefuture.org\/meet-the-farmers\/niklas-from-stigfjordens-andelsodlingar\/","url":"https:\/\/coolbluefuture.org\/meet-the-farmers\/niklas-from-stigfjordens-andelsodlingar\/","name":"Niklas from Stigfjordens Andelsodlingar - Cool Blue Future","isPartOf":{"@id":"https:\/\/coolbluefuture.org\/#website"},"datePublished":"2024-11-21T16:48:54+00:00","dateModified":"2025-03-17T15:00:44+00:00","breadcrumb":{"@id":"https:\/\/coolbluefuture.org\/meet-the-farmers\/niklas-from-stigfjordens-andelsodlingar\/#breadcrumb"},"inLanguage":"sv-SE","potentialAction":[{"@type":"ReadAction","target":["https:\/\/coolbluefuture.org\/meet-the-farmers\/niklas-from-stigfjordens-andelsodlingar\/"]}]},{"@type":"BreadcrumbList","@id":"https:\/\/coolbluefuture.org\/meet-the-farmers\/niklas-from-stigfjordens-andelsodlingar\/#breadcrumb","itemListElement":[{"@type":"ListItem","position":1,"name":"Home","item":"https:\/\/coolbluefuture.org\/"},{"@type":"ListItem","position":2,"name":"Meet the farmers","item":"https:\/\/coolbluefuture.org\/meet-the-farmers\/"},{"@type":"ListItem","position":3,"name":"Niklas from Stigfjordens Andelsodlingar"}]},{"@type":"WebSite","@id":"https:\/\/coolbluefuture.org\/#website","url":"https:\/\/coolbluefuture.org\/","name":"Cool Blue Future","description":"A platform for blue community enterprise","potentialAction":[{"@type":"SearchAction","target":{"@type":"EntryPoint","urlTemplate":"https:\/\/coolbluefuture.org\/?s={search_term_string}"},"query-input":{"@type":"PropertyValueSpecification","valueRequired":true,"valueName":"search_term_string"}}],"inLanguage":"sv-SE"}]}},"_links":{"self":[{"href":"https:\/\/coolbluefuture.org\/sv\/wp-json\/wp\/v2\/pages\/644","targetHints":{"allow":["GET"]}}],"collection":[{"href":"https:\/\/coolbluefuture.org\/sv\/wp-json\/wp\/v2\/pages"}],"about":[{"href":"https:\/\/coolbluefuture.org\/sv\/wp-json\/wp\/v2\/types\/page"}],"author":[{"embeddable":true,"href":"https:\/\/coolbluefuture.org\/sv\/wp-json\/wp\/v2\/users\/2"}],"replies":[{"embeddable":true,"href":"https:\/\/coolbluefuture.org\/sv\/wp-json\/wp\/v2\/comments?post=644"}],"version-history":[{"count":0,"href":"https:\/\/coolbluefuture.org\/sv\/wp-json\/wp\/v2\/pages\/644\/revisions"}],"up":[{"embeddable":true,"href":"https:\/\/coolbluefuture.org\/sv\/wp-json\/wp\/v2\/pages\/363"}],"wp:attachment":[{"href":"https:\/\/coolbluefuture.org\/sv\/wp-json\/wp\/v2\/media?parent=644"}],"curies":[{"name":"wp","href":"https:\/\/api.w.org\/{rel}","templated":true}]}}